{"id":16,"date":"2021-09-27T05:23:22","date_gmt":"2021-09-27T05:23:22","guid":{"rendered":"https:\/\/lavuj.com\/?page_id=16"},"modified":"2024-04-23T11:08:44","modified_gmt":"2024-04-23T09:08:44","slug":"versandarten","status":"publish","type":"page","link":"https:\/\/lavuj.com\/cs\/versandarten\/","title":{"rendered":"Zp\u016fsoby p\u0159epravy"},"content":{"rendered":"<p><strong>P\u0158EPRAVN\u00cd PODM\u00cdNKY<\/strong><\/p>\n\n\n\n<p>Zbo\u017e\u00ed je dod\u00e1v\u00e1no po cel\u00e9 Evrop\u011b i mimo ni.<\/p>\n\n\n\n<p>Z\u00e1silky s neutr\u00e1ln\u00edmi emisemi CO2 zas\u00edl\u00e1me prost\u0159ednictv\u00edm spole\u010dnosti DHL GOGREEN.<\/p>\n\n\n\n<figure class=\"wp-block-image size-large is-resized\"><img decoding=\"async\" src=\"https:\/\/laduti.de\/wp-content\/uploads\/2021\/07\/dhl_gogreen.png\" alt=\"\" class=\"wp-image-69115\" style=\"width:124px;height:69px\"\/><\/figure>\n\n\n\n<p><\/p>\n\n\n\n<p><strong><strong>N\u00c1KLADY NA DOPRAVU<\/strong>\u00a0<\/strong>(v\u010detn\u011b z\u00e1konn\u00e9 dan\u011b z p\u0159idan\u00e9 hodnoty)<\/p>\n\n\n\n<p><strong>Dod\u00e1vky v r\u00e1mci EU: <\/strong><\/p>\n\n\n\n<p>5 \u20ac<\/p>\n\n\n\n<p><strong>Dod\u00e1vky mimo EU:<\/strong> <\/p>\n\n\n\n<p>Z\u00e1kazn\u00edk mus\u00ed s\u00e1m zaplatit clo a dovozn\u00ed da\u0148 v z\u00e1vislosti na hodnot\u011b zbo\u017e\u00ed.<\/p>\n\n\n\n<p><strong>Mimo EU<\/strong>:<\/p>\n\n\n\n<p>\u0160v\u00fdcarsko: 6 CHF<\/p>\n\n\n\n<p>Spojen\u00e9 kr\u00e1lovstv\u00ed: 5 GBP<\/p>\n\n\n\n<p>Norsko: 150 NOK<\/p>\n\n\n\n<p><br><strong>DODAC\u00cd LH\u016eTY<\/strong><\/p>\n\n\n\n<p>Pokud nen\u00ed v p\u0159\u00edslu\u0161n\u00e9 nab\u00eddce uvedena jin\u00e1 lh\u016fta, bude zbo\u017e\u00ed dod\u00e1no do 2 - 3 dn\u016f v N\u011bmecku (SRN), v p\u0159\u00edpad\u011b dod\u00e1vek do zahrani\u010d\u00ed do 3 - 5 dn\u016f po uzav\u0159en\u00ed smlouvy (v p\u0159\u00edpad\u011b sjednan\u00e9 platby p\u0159edem po okam\u017eiku va\u0161eho pokynu k platb\u011b).<br>Upozor\u0148ujeme, \u017ee v ned\u011bli a o sv\u00e1tc\u00edch se zbo\u017e\u00ed nedod\u00e1v\u00e1.<br>Pokud jste si objednali zbo\u017e\u00ed s r\u016fzn\u00fdmi dodac\u00edmi lh\u016ftami, za\u0161leme v\u00e1m zbo\u017e\u00ed v jedn\u00e9 z\u00e1silce, pokud jsme se s v\u00e1mi nedohodli jinak. V takov\u00e9m p\u0159\u00edpad\u011b se doba dod\u00e1n\u00ed \u0159\u00edd\u00ed polo\u017ekou s nejdel\u0161\u00ed dodac\u00ed lh\u016ftou, kterou jste si objednali.<\/p>","protected":false},"excerpt":{"rendered":"<p>VERSANDBEDINGUNGEN Die Lieferung der Ware erfolgt europaweit als auch ausserhalb Europas. Wir versenden&nbsp;CO2-neutral mit DHL GOGREEN. VERSANDKOSTEN\u00a0(inklusive gesetzliche Mehrwertsteuer) Lieferungen innerhalb EU: 5 \u20ac Lieferungen ausserhalb EU: Der Kunde hat [&hellip;]<\/p>","protected":false},"author":1,"featured_media":0,"parent":0,"menu_order":0,"comment_status":"closed","ping_status":"closed","template":"","meta":{"_uag_custom_page_level_css":"","advgb_blocks_editor_width":"","advgb_blocks_columns_visual_guide":"","site-sidebar-layout":"default","site-content-layout":"","ast-site-content-layout":"default","site-content-style":"default","site-sidebar-style":"default","ast-global-header-display":"","ast-banner-title-visibility":"","ast-main-header-display":"","ast-hfb-above-header-display":"","ast-hfb-below-header-display":"","ast-hfb-mobile-header-display":"","site-post-title":"","ast-breadcrumbs-content":"","ast-featured-img":"","footer-sml-layout":"","ast-disable-related-posts":"","theme-transparent-header-meta":"","adv-header-id-meta":"","stick-header-meta":"","header-above-stick-meta":"","header-main-stick-meta":"","header-below-stick-meta":"","astra-migrate-meta-layouts":"set","ast-page-background-enabled":"default","ast-page-background-meta":{"desktop":{"background-color":"","background-image":"","background-repeat":"repeat","background-position":"center center","background-size":"auto","background-attachment":"scroll","background-type":"","background-media":"","overlay-type":"","overlay-color":"","overlay-opacity":"","overlay-gradient":""},"tablet":{"background-color":"","background-image":"","background-repeat":"repeat","background-position":"center center","background-size":"auto","background-attachment":"scroll","background-type":"","background-media":"","overlay-type":"","overlay-color":"","overlay-opacity":"","overlay-gradient":""},"mobile":{"background-color":"","background-image":"","background-repeat":"repeat","background-position":"center center","background-size":"auto","background-attachment":"scroll","background-type":"","background-media":"","overlay-type":"","overlay-color":"","overlay-opacity":"","overlay-gradient":""}},"ast-content-background-meta":{"desktop":{"background-color":"var(--ast-global-color-5)","background-image":"","background-repeat":"repeat","background-position":"center center","background-size":"auto","background-attachment":"scroll","background-type":"","background-media":"","overlay-type":"","overlay-color":"","overlay-opacity":"","overlay-gradient":""},"tablet":{"background-color":"var(--ast-global-color-5)","background-image":"","background-repeat":"repeat","background-position":"center center","background-size":"auto","background-attachment":"scroll","background-type":"","background-media":"","overlay-type":"","overlay-color":"","overlay-opacity":"","overlay-gradient":""},"mobile":{"background-color":"var(--ast-global-color-5)","background-image":"","background-repeat":"repeat","background-position":"center center","background-size":"auto","background-attachment":"scroll","background-type":"","background-media":"","overlay-type":"","overlay-color":"","overlay-opacity":"","overlay-gradient":""}},"footnotes":""},"class_list":["post-16","page","type-page","status-publish","hentry"],"yoast_head":"<!-- This site is optimized with the Yoast SEO Premium plugin v23.4 (Yoast SEO v26.6) - https:\/\/yoast.com\/wordpress\/plugins\/seo\/ -->\n<title>Versandarten | Lavuj<\/title>\n<meta name=\"robots\" content=\"noindex, nofollow\" \/>\n<meta property=\"og:locale\" content=\"cs_CZ\" \/>\n<meta property=\"og:type\" content=\"article\" \/>\n<meta property=\"og:title\" content=\"Versandarten\" \/>\n<meta property=\"og:description\" content=\"VERSANDBEDINGUNGEN Die Lieferung der Ware erfolgt europaweit als auch ausserhalb Europas. Wir versenden&nbsp;CO2-neutral mit DHL GOGREEN. VERSANDKOSTEN\u00a0(inklusive gesetzliche Mehrwertsteuer) Lieferungen innerhalb EU: 5 \u20ac Lieferungen ausserhalb EU: Der Kunde hat [&hellip;]\" \/>\n<meta property=\"og:url\" content=\"https:\/\/lavuj.com\/cs\/versandarten\/\" \/>\n<meta property=\"og:site_name\" content=\"Lavuj\" \/>\n<meta property=\"article:modified_time\" content=\"2024-04-23T09:08:44+00:00\" \/>\n<meta property=\"og:image\" content=\"https:\/\/laduti.de\/wp-content\/uploads\/2021\/07\/dhl_gogreen.png\" \/>\n<meta name=\"twitter:card\" content=\"summary_large_image\" \/>\n<meta name=\"twitter:label1\" content=\"Odhadovan\u00e1 doba \u010dten\u00ed\" \/>\n\t<meta name=\"twitter:data1\" content=\"2 minuty\" \/>\n<script type=\"application\/ld+json\" class=\"yoast-schema-graph\">{\"@context\":\"https:\/\/schema.org\",\"@graph\":[{\"@type\":\"WebPage\",\"@id\":\"https:\/\/lavuj.com\/versandarten\/\",\"url\":\"https:\/\/lavuj.com\/versandarten\/\",\"name\":\"Versandarten | Lavuj\",\"isPartOf\":{\"@id\":\"https:\/\/lavuj.com\/#website\"},\"primaryImageOfPage\":{\"@id\":\"https:\/\/lavuj.com\/versandarten\/#primaryimage\"},\"image\":{\"@id\":\"https:\/\/lavuj.com\/versandarten\/#primaryimage\"},\"thumbnailUrl\":\"https:\/\/laduti.de\/wp-content\/uploads\/2021\/07\/dhl_gogreen.png\",\"datePublished\":\"2021-09-27T05:23:22+00:00\",\"dateModified\":\"2024-04-23T09:08:44+00:00\",\"breadcrumb\":{\"@id\":\"https:\/\/lavuj.com\/versandarten\/#breadcrumb\"},\"inLanguage\":\"cs\",\"potentialAction\":[{\"@type\":\"ReadAction\",\"target\":[\"https:\/\/lavuj.com\/versandarten\/\"]}]},{\"@type\":\"ImageObject\",\"inLanguage\":\"cs\",\"@id\":\"https:\/\/lavuj.com\/versandarten\/#primaryimage\",\"url\":\"https:\/\/laduti.de\/wp-content\/uploads\/2021\/07\/dhl_gogreen.png\",\"contentUrl\":\"https:\/\/laduti.de\/wp-content\/uploads\/2021\/07\/dhl_gogreen.png\"},{\"@type\":\"BreadcrumbList\",\"@id\":\"https:\/\/lavuj.com\/versandarten\/#breadcrumb\",\"itemListElement\":[{\"@type\":\"ListItem\",\"position\":1,\"name\":\"Lavuj\",\"item\":\"https:\/\/lavuj.com\/\"},{\"@type\":\"ListItem\",\"position\":2,\"name\":\"Versandarten\"}]},{\"@type\":\"WebSite\",\"@id\":\"https:\/\/lavuj.com\/#website\",\"url\":\"https:\/\/lavuj.com\/\",\"name\":\"Lavuj\",\"description\":\"Retinol Serum\",\"publisher\":{\"@id\":\"https:\/\/lavuj.com\/#organization\"},\"potentialAction\":[{\"@type\":\"SearchAction\",\"target\":{\"@type\":\"EntryPoint\",\"urlTemplate\":\"https:\/\/lavuj.com\/?s={search_term_string}\"},\"query-input\":{\"@type\":\"PropertyValueSpecification\",\"valueRequired\":true,\"valueName\":\"search_term_string\"}}],\"inLanguage\":\"cs\"},{\"@type\":\"Organization\",\"@id\":\"https:\/\/lavuj.com\/#organization\",\"name\":\"Lavuj\",\"url\":\"https:\/\/lavuj.com\/\",\"logo\":{\"@type\":\"ImageObject\",\"inLanguage\":\"cs\",\"@id\":\"https:\/\/lavuj.com\/#\/schema\/logo\/image\/\",\"url\":\"https:\/\/lavuj.com\/wp-content\/uploads\/2021\/09\/cropped-LAVUJ-LOGO.png\",\"contentUrl\":\"https:\/\/lavuj.com\/wp-content\/uploads\/2021\/09\/cropped-LAVUJ-LOGO.png\",\"width\":191,\"height\":79,\"caption\":\"Lavuj\"},\"image\":{\"@id\":\"https:\/\/lavuj.com\/#\/schema\/logo\/image\/\"}}]}<\/script>\n<!-- \/ Yoast SEO Premium plugin. -->","yoast_head_json":{"title":"Zp\u016fsoby p\u0159epravy | Lavuj","robots":{"index":"noindex","follow":"nofollow"},"og_locale":"cs_CZ","og_type":"article","og_title":"Versandarten","og_description":"VERSANDBEDINGUNGEN Die Lieferung der Ware erfolgt europaweit als auch ausserhalb Europas. Wir versenden&nbsp;CO2-neutral mit DHL GOGREEN. VERSANDKOSTEN\u00a0(inklusive gesetzliche Mehrwertsteuer) Lieferungen innerhalb EU: 5 \u20ac Lieferungen ausserhalb EU: Der Kunde hat [&hellip;]","og_url":"https:\/\/lavuj.com\/cs\/versandarten\/","og_site_name":"Lavuj","article_modified_time":"2024-04-23T09:08:44+00:00","og_image":[{"url":"https:\/\/laduti.de\/wp-content\/uploads\/2021\/07\/dhl_gogreen.png","type":"","width":"","height":""}],"twitter_card":"summary_large_image","twitter_misc":{"Odhadovan\u00e1 doba \u010dten\u00ed":"2 minuty"},"schema":{"@context":"https:\/\/schema.org","@graph":[{"@type":"WebPage","@id":"https:\/\/lavuj.com\/versandarten\/","url":"https:\/\/lavuj.com\/versandarten\/","name":"Zp\u016fsoby p\u0159epravy | Lavuj","isPartOf":{"@id":"https:\/\/lavuj.com\/#website"},"primaryImageOfPage":{"@id":"https:\/\/lavuj.com\/versandarten\/#primaryimage"},"image":{"@id":"https:\/\/lavuj.com\/versandarten\/#primaryimage"},"thumbnailUrl":"https:\/\/laduti.de\/wp-content\/uploads\/2021\/07\/dhl_gogreen.png","datePublished":"2021-09-27T05:23:22+00:00","dateModified":"2024-04-23T09:08:44+00:00","breadcrumb":{"@id":"https:\/\/lavuj.com\/versandarten\/#breadcrumb"},"inLanguage":"cs","potentialAction":[{"@type":"ReadAction","target":["https:\/\/lavuj.com\/versandarten\/"]}]},{"@type":"ImageObject","inLanguage":"cs","@id":"https:\/\/lavuj.com\/versandarten\/#primaryimage","url":"https:\/\/laduti.de\/wp-content\/uploads\/2021\/07\/dhl_gogreen.png","contentUrl":"https:\/\/laduti.de\/wp-content\/uploads\/2021\/07\/dhl_gogreen.png"},{"@type":"BreadcrumbList","@id":"https:\/\/lavuj.com\/versandarten\/#breadcrumb","itemListElement":[{"@type":"ListItem","position":1,"name":"Lavuj","item":"https:\/\/lavuj.com\/"},{"@type":"ListItem","position":2,"name":"Versandarten"}]},{"@type":"WebSite","@id":"https:\/\/lavuj.com\/#website","url":"https:\/\/lavuj.com\/","name":"Lavuj","description":"Retinol S\u00e9rum","publisher":{"@id":"https:\/\/lavuj.com\/#organization"},"potentialAction":[{"@type":"SearchAction","target":{"@type":"EntryPoint","urlTemplate":"https:\/\/lavuj.com\/?s={search_term_string}"},"query-input":{"@type":"PropertyValueSpecification","valueRequired":true,"valueName":"search_term_string"}}],"inLanguage":"cs"},{"@type":"Organization","@id":"https:\/\/lavuj.com\/#organization","name":"Lavuj","url":"https:\/\/lavuj.com\/","logo":{"@type":"ImageObject","inLanguage":"cs","@id":"https:\/\/lavuj.com\/#\/schema\/logo\/image\/","url":"https:\/\/lavuj.com\/wp-content\/uploads\/2021\/09\/cropped-LAVUJ-LOGO.png","contentUrl":"https:\/\/lavuj.com\/wp-content\/uploads\/2021\/09\/cropped-LAVUJ-LOGO.png","width":191,"height":79,"caption":"Lavuj"},"image":{"@id":"https:\/\/lavuj.com\/#\/schema\/logo\/image\/"}}]}},"uagb_featured_image_src":{"full":false,"thumbnail":false,"medium":false,"medium_large":false,"large":false,"1536x1536":false,"2048x2048":false,"trp-custom-language-flag":false,"woocommerce_thumbnail":false,"woocommerce_single":false,"woocommerce_gallery_thumbnail":false},"uagb_author_info":{"display_name":"Kerem085","author_link":"https:\/\/lavuj.com\/cs\/author\/kerem085\/"},"uagb_comment_info":0,"uagb_excerpt":"VERSANDBEDINGUNGEN Die Lieferung der Ware erfolgt europaweit als auch ausserhalb Europas. Wir versenden&nbsp;CO2-neutral mit DHL GOGREEN. VERSANDKOSTEN\u00a0(inklusive gesetzliche Mehrwertsteuer) Lieferungen innerhalb EU: 5 \u20ac Lieferungen ausserhalb EU: Der Kunde hat [&hellip;]","coauthors":[],"author_meta":{"author_link":"https:\/\/lavuj.com\/cs\/author\/kerem085\/","display_name":"Kerem085"},"relative_dates":{"created":"Posted 5 roky ago","modified":"Updated 2 roky ago"},"absolute_dates":{"created":"Posted on 27. z\u00e1\u0159\u00ed 2021","modified":"Updated on 23. dubna 2024"},"absolute_dates_time":{"created":"Posted on 27. z\u00e1\u0159\u00ed 2021 5:23","modified":"Updated on 23. dubna 2024 11:08"},"featured_img_caption":"","featured_img":false,"series_order":"","_links":{"self":[{"href":"https:\/\/lavuj.com\/cs\/wp-json\/wp\/v2\/pages\/16","targetHints":{"allow":["GET"]}}],"collection":[{"href":"https:\/\/lavuj.com\/cs\/wp-json\/wp\/v2\/pages"}],"about":[{"href":"https:\/\/lavuj.com\/cs\/wp-json\/wp\/v2\/types\/page"}],"author":[{"embeddable":true,"href":"https:\/\/lavuj.com\/cs\/wp-json\/wp\/v2\/users\/1"}],"replies":[{"embeddable":true,"href":"https:\/\/lavuj.com\/cs\/wp-json\/wp\/v2\/comments?post=16"}],"version-history":[{"count":7,"href":"https:\/\/lavuj.com\/cs\/wp-json\/wp\/v2\/pages\/16\/revisions"}],"predecessor-version":[{"id":2218,"href":"https:\/\/lavuj.com\/cs\/wp-json\/wp\/v2\/pages\/16\/revisions\/2218"}],"wp:attachment":[{"href":"https:\/\/lavuj.com\/cs\/wp-json\/wp\/v2\/media?parent=16"}],"curies":[{"name":"wp","href":"https:\/\/api.w.org\/{rel}","templated":true}]}}