{"id":59,"date":"2021-09-27T15:21:54","date_gmt":"2021-09-27T15:21:54","guid":{"rendered":"https:\/\/lavuj.com\/?page_id=59"},"modified":"2023-06-07T06:08:07","modified_gmt":"2023-06-07T06:08:07","slug":"kontakt","status":"publish","type":"page","link":"https:\/\/lavuj.com\/cs\/kontakt\/","title":{"rendered":"Komunikace"},"content":{"rendered":"<p>Zn\u00e1te ji\u017e na\u0161e nej\u010dast\u011bj\u0161\u00ed dotazy? Mo\u017en\u00e1, \u017ee po nahl\u00e9dnut\u00ed do <a href=\"https:\/\/lavuj.com\/de\/faq\">FAQ<\/a>, \u017e\u00e1dn\u00e1 dal\u0161\u00ed \u017e\u00e1dost o kontakt. <\/p>\n\n\n\n<p>Mail:<br><a href=\"mailto:info@lavuj.com\">info@lavuj.com<\/a><\/p>","protected":false},"excerpt":{"rendered":"<p>Zn\u00e1te ji\u017e na\u0161e nej\u010dast\u011bj\u0161\u00ed dotazy? Mo\u017en\u00e1, \u017ee po nahl\u00e9dnut\u00ed do \u010dasto kladen\u00fdch ot\u00e1zek ji\u017e nebudete pot\u0159ebovat \u017e\u00e1dost o kontakt. Mail:info@lavuj.com<\/p>","protected":false},"author":1,"featured_media":0,"parent":0,"menu_order":0,"comment_status":"closed","ping_status":"closed","template":"","meta":{"_uag_custom_page_level_css":"","advgb_blocks_editor_width":"","advgb_blocks_columns_visual_guide":"","site-sidebar-layout":"default","site-content-layout":"default","ast-site-content-layout":"default","site-content-style":"default","site-sidebar-style":"default","ast-global-header-display":"","ast-banner-title-visibility":"","ast-main-header-display":"","ast-hfb-above-header-display":"","ast-hfb-below-header-display":"","ast-hfb-mobile-header-display":"","site-post-title":"","ast-breadcrumbs-content":"","ast-featured-img":"","footer-sml-layout":"","ast-disable-related-posts":"","theme-transparent-header-meta":"default","adv-header-id-meta":"","stick-header-meta":"default","header-above-stick-meta":"","header-main-stick-meta":"","header-below-stick-meta":"","astra-migrate-meta-layouts":"default","ast-page-background-enabled":"default","ast-page-background-meta":{"desktop":{"background-color":"","background-image":"","background-repeat":"repeat","background-position":"center center","background-size":"auto","background-attachment":"scroll","background-type":"","background-media":"","overlay-type":"","overlay-color":"","overlay-opacity":"","overlay-gradient":""},"tablet":{"background-color":"","background-image":"","background-repeat":"repeat","background-position":"center center","background-size":"auto","background-attachment":"scroll","background-type":"","background-media":"","overlay-type":"","overlay-color":"","overlay-opacity":"","overlay-gradient":""},"mobile":{"background-color":"","background-image":"","background-repeat":"repeat","background-position":"center center","background-size":"auto","background-attachment":"scroll","background-type":"","background-media":"","overlay-type":"","overlay-color":"","overlay-opacity":"","overlay-gradient":""}},"ast-content-background-meta":{"desktop":{"background-color":"var(--ast-global-color-5)","background-image":"","background-repeat":"repeat","background-position":"center center","background-size":"auto","background-attachment":"scroll","background-type":"","background-media":"","overlay-type":"","overlay-color":"","overlay-opacity":"","overlay-gradient":""},"tablet":{"background-color":"var(--ast-global-color-5)","background-image":"","background-repeat":"repeat","background-position":"center center","background-size":"auto","background-attachment":"scroll","background-type":"","background-media":"","overlay-type":"","overlay-color":"","overlay-opacity":"","overlay-gradient":""},"mobile":{"background-color":"var(--ast-global-color-5)","background-image":"","background-repeat":"repeat","background-position":"center center","background-size":"auto","background-attachment":"scroll","background-type":"","background-media":"","overlay-type":"","overlay-color":"","overlay-opacity":"","overlay-gradient":""}},"footnotes":""},"class_list":["post-59","page","type-page","status-publish","hentry"],"yoast_head":"<!-- This site is optimized with the Yoast SEO Premium plugin v23.4 (Yoast SEO v26.6) - https:\/\/yoast.com\/wordpress\/plugins\/seo\/ -->\n<title>Kontakt | Lavuj<\/title>\n<meta name=\"robots\" content=\"index, follow, max-snippet:-1, max-image-preview:large, max-video-preview:-1\" \/>\n<link rel=\"canonical\" href=\"https:\/\/lavuj.com\/cs\/kontakt\/\" \/>\n<meta property=\"og:locale\" content=\"cs_CZ\" \/>\n<meta property=\"og:type\" content=\"article\" \/>\n<meta property=\"og:title\" content=\"Kontakt\" \/>\n<meta property=\"og:description\" content=\"Kennen Sie schon unsere am h\u00e4ufig gestellten Fragen? Vielleicht ben\u00f6tigen Sie, nach einem Blick in die FAQ, keine Kontaktanfrage mehr. Mail:info@lavuj.com\" \/>\n<meta property=\"og:url\" content=\"https:\/\/lavuj.com\/cs\/kontakt\/\" \/>\n<meta property=\"og:site_name\" content=\"Lavuj\" \/>\n<meta property=\"article:modified_time\" content=\"2023-06-07T06:08:07+00:00\" \/>\n<meta name=\"twitter:card\" content=\"summary_large_image\" \/>\n<meta name=\"twitter:label1\" content=\"Odhadovan\u00e1 doba \u010dten\u00ed\" \/>\n\t<meta name=\"twitter:data1\" content=\"1 minuta\" \/>\n<script type=\"application\/ld+json\" class=\"yoast-schema-graph\">{\"@context\":\"https:\/\/schema.org\",\"@graph\":[{\"@type\":\"WebPage\",\"@id\":\"https:\/\/lavuj.com\/kontakt\/\",\"url\":\"https:\/\/lavuj.com\/kontakt\/\",\"name\":\"Kontakt | Lavuj\",\"isPartOf\":{\"@id\":\"https:\/\/lavuj.com\/#website\"},\"datePublished\":\"2021-09-27T15:21:54+00:00\",\"dateModified\":\"2023-06-07T06:08:07+00:00\",\"breadcrumb\":{\"@id\":\"https:\/\/lavuj.com\/kontakt\/#breadcrumb\"},\"inLanguage\":\"cs\",\"potentialAction\":[{\"@type\":\"ReadAction\",\"target\":[\"https:\/\/lavuj.com\/kontakt\/\"]}]},{\"@type\":\"BreadcrumbList\",\"@id\":\"https:\/\/lavuj.com\/kontakt\/#breadcrumb\",\"itemListElement\":[{\"@type\":\"ListItem\",\"position\":1,\"name\":\"Lavuj\",\"item\":\"https:\/\/lavuj.com\/\"},{\"@type\":\"ListItem\",\"position\":2,\"name\":\"Kontakt\"}]},{\"@type\":\"WebSite\",\"@id\":\"https:\/\/lavuj.com\/#website\",\"url\":\"https:\/\/lavuj.com\/\",\"name\":\"Lavuj\",\"description\":\"Retinol Serum\",\"publisher\":{\"@id\":\"https:\/\/lavuj.com\/#organization\"},\"potentialAction\":[{\"@type\":\"SearchAction\",\"target\":{\"@type\":\"EntryPoint\",\"urlTemplate\":\"https:\/\/lavuj.com\/?s={search_term_string}\"},\"query-input\":{\"@type\":\"PropertyValueSpecification\",\"valueRequired\":true,\"valueName\":\"search_term_string\"}}],\"inLanguage\":\"cs\"},{\"@type\":\"Organization\",\"@id\":\"https:\/\/lavuj.com\/#organization\",\"name\":\"Lavuj\",\"url\":\"https:\/\/lavuj.com\/\",\"logo\":{\"@type\":\"ImageObject\",\"inLanguage\":\"cs\",\"@id\":\"https:\/\/lavuj.com\/#\/schema\/logo\/image\/\",\"url\":\"https:\/\/lavuj.com\/wp-content\/uploads\/2021\/09\/cropped-LAVUJ-LOGO.png\",\"contentUrl\":\"https:\/\/lavuj.com\/wp-content\/uploads\/2021\/09\/cropped-LAVUJ-LOGO.png\",\"width\":191,\"height\":79,\"caption\":\"Lavuj\"},\"image\":{\"@id\":\"https:\/\/lavuj.com\/#\/schema\/logo\/image\/\"}}]}<\/script>\n<!-- \/ Yoast SEO Premium plugin. -->","yoast_head_json":{"title":"Kontakt | Lavuj","robots":{"index":"index","follow":"follow","max-snippet":"max-snippet:-1","max-image-preview":"max-image-preview:large","max-video-preview":"max-video-preview:-1"},"canonical":"https:\/\/lavuj.com\/cs\/kontakt\/","og_locale":"cs_CZ","og_type":"article","og_title":"Kontakt","og_description":"Kennen Sie schon unsere am h\u00e4ufig gestellten Fragen? Vielleicht ben\u00f6tigen Sie, nach einem Blick in die FAQ, keine Kontaktanfrage mehr. Mail:info@lavuj.com","og_url":"https:\/\/lavuj.com\/cs\/kontakt\/","og_site_name":"Lavuj","article_modified_time":"2023-06-07T06:08:07+00:00","twitter_card":"summary_large_image","twitter_misc":{"Odhadovan\u00e1 doba \u010dten\u00ed":"1 minuta"},"schema":{"@context":"https:\/\/schema.org","@graph":[{"@type":"WebPage","@id":"https:\/\/lavuj.com\/kontakt\/","url":"https:\/\/lavuj.com\/kontakt\/","name":"Kontakt | Lavuj","isPartOf":{"@id":"https:\/\/lavuj.com\/#website"},"datePublished":"2021-09-27T15:21:54+00:00","dateModified":"2023-06-07T06:08:07+00:00","breadcrumb":{"@id":"https:\/\/lavuj.com\/kontakt\/#breadcrumb"},"inLanguage":"cs","potentialAction":[{"@type":"ReadAction","target":["https:\/\/lavuj.com\/kontakt\/"]}]},{"@type":"BreadcrumbList","@id":"https:\/\/lavuj.com\/kontakt\/#breadcrumb","itemListElement":[{"@type":"ListItem","position":1,"name":"Lavuj","item":"https:\/\/lavuj.com\/"},{"@type":"ListItem","position":2,"name":"Kontakt"}]},{"@type":"WebSite","@id":"https:\/\/lavuj.com\/#website","url":"https:\/\/lavuj.com\/","name":"Lavuj","description":"Retinol S\u00e9rum","publisher":{"@id":"https:\/\/lavuj.com\/#organization"},"potentialAction":[{"@type":"SearchAction","target":{"@type":"EntryPoint","urlTemplate":"https:\/\/lavuj.com\/?s={search_term_string}"},"query-input":{"@type":"PropertyValueSpecification","valueRequired":true,"valueName":"search_term_string"}}],"inLanguage":"cs"},{"@type":"Organization","@id":"https:\/\/lavuj.com\/#organization","name":"Lavuj","url":"https:\/\/lavuj.com\/","logo":{"@type":"ImageObject","inLanguage":"cs","@id":"https:\/\/lavuj.com\/#\/schema\/logo\/image\/","url":"https:\/\/lavuj.com\/wp-content\/uploads\/2021\/09\/cropped-LAVUJ-LOGO.png","contentUrl":"https:\/\/lavuj.com\/wp-content\/uploads\/2021\/09\/cropped-LAVUJ-LOGO.png","width":191,"height":79,"caption":"Lavuj"},"image":{"@id":"https:\/\/lavuj.com\/#\/schema\/logo\/image\/"}}]}},"uagb_featured_image_src":{"full":false,"thumbnail":false,"medium":false,"medium_large":false,"large":false,"1536x1536":false,"2048x2048":false,"trp-custom-language-flag":false,"woocommerce_thumbnail":false,"woocommerce_single":false,"woocommerce_gallery_thumbnail":false},"uagb_author_info":{"display_name":"Kerem085","author_link":"https:\/\/lavuj.com\/cs\/author\/kerem085\/"},"uagb_comment_info":0,"uagb_excerpt":"Kennen Sie schon unsere am h\u00e4ufig gestellten Fragen? Vielleicht ben\u00f6tigen Sie, nach einem Blick in die FAQ, keine Kontaktanfrage mehr. Mail:info@lavuj.com","coauthors":[],"author_meta":{"author_link":"https:\/\/lavuj.com\/cs\/author\/kerem085\/","display_name":"Kerem085"},"relative_dates":{"created":"Posted 5 roky ago","modified":"Updated 3 roky ago"},"absolute_dates":{"created":"Posted on 27. z\u00e1\u0159\u00ed 2021","modified":"Updated on 7. \u010dervna 2023"},"absolute_dates_time":{"created":"Posted on 27. z\u00e1\u0159\u00ed 2021 15:21","modified":"Updated on 7. \u010dervna 2023 6:08"},"featured_img_caption":"","featured_img":false,"series_order":"","_links":{"self":[{"href":"https:\/\/lavuj.com\/cs\/wp-json\/wp\/v2\/pages\/59","targetHints":{"allow":["GET"]}}],"collection":[{"href":"https:\/\/lavuj.com\/cs\/wp-json\/wp\/v2\/pages"}],"about":[{"href":"https:\/\/lavuj.com\/cs\/wp-json\/wp\/v2\/types\/page"}],"author":[{"embeddable":true,"href":"https:\/\/lavuj.com\/cs\/wp-json\/wp\/v2\/users\/1"}],"replies":[{"embeddable":true,"href":"https:\/\/lavuj.com\/cs\/wp-json\/wp\/v2\/comments?post=59"}],"version-history":[{"count":2,"href":"https:\/\/lavuj.com\/cs\/wp-json\/wp\/v2\/pages\/59\/revisions"}],"predecessor-version":[{"id":540,"href":"https:\/\/lavuj.com\/cs\/wp-json\/wp\/v2\/pages\/59\/revisions\/540"}],"wp:attachment":[{"href":"https:\/\/lavuj.com\/cs\/wp-json\/wp\/v2\/media?parent=59"}],"curies":[{"name":"wp","href":"https:\/\/api.w.org\/{rel}","templated":true}]}}