{"id":438,"date":"2023-06-06T13:10:03","date_gmt":"2023-06-06T13:10:03","guid":{"rendered":"https:\/\/lavuj.com\/?post_type=product&#038;p=438"},"modified":"2025-12-31T15:55:20","modified_gmt":"2025-12-31T14:55:20","slug":"lavuj-retinol-serum-2","status":"publish","type":"product","link":"https:\/\/lavuj.com\/cs\/produkt\/lavuj-retinol-serum-2\/","title":{"rendered":"Lavuj Retinol S\u00e9rum, balen\u00ed 2 kus\u016f"},"content":{"rendered":"<h2>Pou\u017eit\u00ed:<\/h2>\n<p><span style=\"font-weight: 400;\">Aplikujte denn\u011b ve\u010der asi 1-2 kapky nebo v\u00edce podle pot\u0159eby na vy\u010di\u0161t\u011bnou ple\u0165. Jemn\u011b vmas\u00edrujte do poko\u017eky obli\u010deje a krku a nechte ji zcela vst\u0159ebat. Za\u010d\u00e1te\u010dn\u00edk\u016fm s retinolem doporu\u010dujeme aplikovat 2-3kr\u00e1t t\u00fddn\u011b a postupn\u011b frekvenci zvy\u0161ovat.<\/span><\/p>\n<h2><span style=\"color: #8a949c;\">Lavuj Retinol S\u00e9rum: Transformativn\u00ed p\u00e9\u010de o ple\u0165<br \/>\ns lipozom\u00e1ln\u00ed a fermentovanou formul\u00ed<\/span><\/h2>\n<p><img loading=\"lazy\" decoding=\"async\" class=\"wp-image-297 size-full\" style=\"font-weight: inherit;\" src=\"https:\/\/lavuj.com\/wp-content\/uploads\/2023\/05\/Retinol-Serum-1.jpg\" alt=\"Retinolov\u00e9 s\u00e9rum\" width=\"2000\" height=\"1080\" srcset=\"https:\/\/lavuj.com\/wp-content\/uploads\/2023\/05\/Retinol-Serum-1.jpg 2000w, https:\/\/lavuj.com\/wp-content\/uploads\/2023\/05\/Retinol-Serum-1-600x324.jpg 600w, https:\/\/lavuj.com\/wp-content\/uploads\/2023\/05\/Retinol-Serum-1-300x162.jpg 300w, https:\/\/lavuj.com\/wp-content\/uploads\/2023\/05\/Retinol-Serum-1-1024x553.jpg 1024w, https:\/\/lavuj.com\/wp-content\/uploads\/2023\/05\/Retinol-Serum-1-768x415.jpg 768w, https:\/\/lavuj.com\/wp-content\/uploads\/2023\/05\/Retinol-Serum-1-1536x829.jpg 1536w\" sizes=\"auto, (max-width: 2000px) 100vw, 2000px\" \/><\/p>\n<p>Objevte tajemstv\u00ed mladistv\u00e9 pleti Lavuj Retinol S\u00e9rum. Na\u0161e S\u00e9rum kombinuje pe\u010dliv\u011b vybran\u00e9 slo\u017eky, kter\u00e9 v\u00e1m poskytnou komplexn\u00ed p\u00e9\u010di o ple\u0165.<\/p>\n<p>Slo\u017een\u00ed je zalo\u017eeno na v\u011bdeck\u00fdch d\u016fkazech a klinick\u00fdch studi\u00edch, kter\u00e9 potvrzuj\u00ed \u00fa\u010dinnost retinolu p\u0159i omlazov\u00e1n\u00ed pleti. D\u00edky \u00fa\u010dinn\u00e9 koncentraci retinolu jsou vr\u00e1sky a jemn\u00e9 linky viditeln\u011b redukov\u00e1ny. Lavuj Retinol S\u00e9rum je v\u0161ak v\u00edce ne\u017e jen retinol.<\/p>\n<p>Pou\u017e\u00edv\u00e1me lipozom\u00e1ln\u00ed v\u00fdrobn\u00ed technologii, kter\u00e1 umo\u017e\u0148uje \u0159\u00edzen\u00e9 uvol\u0148ov\u00e1n\u00ed slo\u017eek. D\u00edky tomu se retinol do poko\u017eky uvol\u0148uje postupn\u011b, \u010d\u00edm\u017e se minimalizuje riziko podr\u00e1\u017ed\u011bn\u00ed. Tato inovativn\u00ed metoda zaji\u0161\u0165uje, \u017ee va\u0161e poko\u017eka poc\u00edt\u00ed maxim\u00e1ln\u00ed \u00fa\u010dinnost retinolu.<\/p>\n<p>Krom\u011b toho jsme do p\u0159\u00edpravku za\u010dlenili fermentovan\u00e9 slo\u017eky, kter\u00e9 zlep\u0161uj\u00ed vst\u0159eb\u00e1v\u00e1n\u00ed \u00fa\u010dinn\u00fdch l\u00e1tek a z\u00e1rove\u0148 zvy\u0161uj\u00ed jejich sn\u00e1\u0161enlivost. D\u00edky fermentaci se zvy\u0161uje \u00fa\u010dinnost slo\u017eek a Lavuj Retinol S\u00e9rum je obzvl\u00e1\u0161t\u011b dob\u0159e sn\u00e1\u0161eno, a to i citlivou poko\u017ekou.<\/p>\n<p>Na\u0161e s\u00e9rum obsahuje tak\u00e9 dra\u010d\u00ed krev, cenn\u00fd extrakt ze stromu dra\u010d\u00ed krve. Je bohat\u00e1 na fenolov\u00e9 slou\u010deniny, kter\u00e9 jsou zn\u00e1m\u00e9 jako siln\u00e9 antioxidanty. Tyto antioxidanty chr\u00e1n\u00ed ko\u017en\u00ed bu\u0148ky p\u0159ed \u0161kodliv\u00fdmi \u00fa\u010dinky oxida\u010dn\u00edho stresu a podporuj\u00ed regeneraci poko\u017eky. Zlep\u0161uj\u00ed tak\u00e9 interakci ko\u017en\u00edch bun\u011bk s okoln\u00edm prost\u0159ed\u00edm a podporuj\u00ed tvorbu kolagenu pro pevn\u011bj\u0161\u00ed ple\u0165.<\/p>\n<p>Kombinace kyseliny hyaluronov\u00e9, peptid\u016f a niacinamidu dopl\u0148uje na\u0161e jedine\u010dn\u00e9 slo\u017een\u00ed. Vysoce kvalitn\u00ed n\u00edzkomolekul\u00e1rn\u00ed kyselina hyaluronov\u00e1 pronik\u00e1 hluboko do poko\u017eky, kterou intenzivn\u011b hydratuje a vyp\u00edn\u00e1. Peptidy stimuluj\u00ed tvorbu kolagenu a pom\u00e1haj\u00ed ple\u0165 zpevnit. Niacinamid (vitamin B3) p\u016fsob\u00ed protiz\u00e1n\u011btliv\u011b a zlep\u0161uje vzhled pleti.<\/p>\n<p>Pono\u0159te se do sv\u011bta pokro\u010dil\u00e9 p\u00e9\u010de o ple\u0165 s Lavuj Retinol S\u00e9rum. Poci\u0165te prom\u011bnu sv\u00e9 pleti a dodejte j\u00ed mladistv\u00fd lesk.<\/p>\n<h3><span style=\"color: #8a949c;\">Clean Beauty<\/span><\/h3>\n<p>Lavuj se zam\u011b\u0159uje na \u010distou kr\u00e1su: 100% bez formaldehydu, ftal\u00e1t\u016f, sulf\u00e1t\u016f, paraben\u016f, silikon\u016f, miner\u00e1ln\u00edch olej\u016f a PEG. Nav\u00edc je Lavuj vegansk\u00fd a nebyl testov\u00e1n na zv\u00ed\u0159atech.<\/p>","protected":false},"excerpt":{"rendered":"<p class=\"p1\"><span class=\"s1\">Retinol S\u00e9rum proti vr\u00e1sk\u00e1m. Poznejte rozd\u00edl s Lavuj \u2013 S\u00e9rum Anti Aging, kter\u00e9 p\u0159in\u00e1\u0161\u00ed revoluci v oblasti retinol.<br \/>\n<span style=\"color: #5bc98b;\"><strong>Novinka: Liposom\u00e1ln\u00ed formulace!<\/strong><\/span><\/span><\/p>\n<ul>\n<li>Retinol<\/li>\n<li>Lipozom\u00e1ln\u00ed<\/li>\n<li>Kva\u0161en\u00e9<\/li>\n<li>Bez hormon\u016f<\/li>\n<li>Dermatologicky testov\u00e1no<\/li>\n<\/ul>\n<p><img loading=\"lazy\" decoding=\"async\" class=\"alignnone wp-image-42\" src=\"https:\/\/lavuj.com\/wp-content\/uploads\/2021\/09\/Lo-2.jpg\" alt=\"\" width=\"339\" height=\"30\" srcset=\"https:\/\/lavuj.com\/wp-content\/uploads\/2021\/09\/Lo-2.jpg 941w, https:\/\/lavuj.com\/wp-content\/uploads\/2021\/09\/Lo-2-600x53.jpg 600w, https:\/\/lavuj.com\/wp-content\/uploads\/2021\/09\/Lo-2-300x26.jpg 300w, https:\/\/lavuj.com\/wp-content\/uploads\/2021\/09\/Lo-2-768x68.jpg 768w\" sizes=\"auto, (max-width: 339px) 100vw, 339px\" \/><\/p>\n<p><img loading=\"lazy\" decoding=\"async\" class=\"wp-image-947\" src=\"https:\/\/lavuj.com\/wp-content\/uploads\/2023\/10\/Testsieger.jpg\" alt=\"Lavuj-Test\" width=\"152\" height=\"91\" srcset=\"https:\/\/lavuj.com\/wp-content\/uploads\/2023\/10\/Testsieger.jpg 1249w, https:\/\/lavuj.com\/wp-content\/uploads\/2023\/10\/Testsieger-300x179.jpg 300w, https:\/\/lavuj.com\/wp-content\/uploads\/2023\/10\/Testsieger-1024x610.jpg 1024w, https:\/\/lavuj.com\/wp-content\/uploads\/2023\/10\/Testsieger-768x457.jpg 768w, https:\/\/lavuj.com\/wp-content\/uploads\/2023\/10\/Testsieger-18x12.jpg 18w, https:\/\/lavuj.com\/wp-content\/uploads\/2023\/10\/Testsieger-600x357.jpg 600w\" sizes=\"auto, (max-width: 152px) 100vw, 152px\" \/><\/p>","protected":false},"author":1,"featured_media":447,"template":"","meta":{"_uag_custom_page_level_css":"","advgb_blocks_editor_width":"","advgb_blocks_columns_visual_guide":"","site-sidebar-layout":"default","site-content-layout":"default","ast-site-content-layout":"default","site-content-style":"default","site-sidebar-style":"default","ast-global-header-display":"","ast-banner-title-visibility":"","ast-main-header-display":"","ast-hfb-above-header-display":"","ast-hfb-below-header-display":"","ast-hfb-mobile-header-display":"","site-post-title":"","ast-breadcrumbs-content":"","ast-featured-img":"","footer-sml-layout":"","ast-disable-related-posts":"","theme-transparent-header-meta":"default","adv-header-id-meta":"","stick-header-meta":"default","header-above-stick-meta":"","header-main-stick-meta":"","header-below-stick-meta":"","astra-migrate-meta-layouts":"set","ast-page-background-enabled":"default","ast-page-background-meta":{"desktop":{"background-color":"","background-image":"","background-repeat":"repeat","background-position":"center center","background-size":"auto","background-attachment":"scroll","background-type":"","background-media":"","overlay-type":"","overlay-color":"","overlay-opacity":"","overlay-gradient":""},"tablet":{"background-color":"","background-image":"","background-repeat":"repeat","background-position":"center center","background-size":"auto","background-attachment":"scroll","background-type":"","background-media":"","overlay-type":"","overlay-color":"","overlay-opacity":"","overlay-gradient":""},"mobile":{"background-color":"","background-image":"","background-repeat":"repeat","background-position":"center center","background-size":"auto","background-attachment":"scroll","background-type":"","background-media":"","overlay-type":"","overlay-color":"","overlay-opacity":"","overlay-gradient":""}},"ast-content-background-meta":{"desktop":{"background-color":"var(--ast-global-color-5)","background-image":"","background-repeat":"repeat","background-position":"center center","background-size":"auto","background-attachment":"scroll","background-type":"","background-media":"","overlay-type":"","overlay-color":"","overlay-opacity":"","overlay-gradient":""},"tablet":{"background-color":"var(--ast-global-color-5)","background-image":"","background-repeat":"repeat","background-position":"center center","background-size":"auto","background-attachment":"scroll","background-type":"","background-media":"","overlay-type":"","overlay-color":"","overlay-opacity":"","overlay-gradient":""},"mobile":{"background-color":"var(--ast-global-color-5)","background-image":"","background-repeat":"repeat","background-position":"center center","background-size":"auto","background-attachment":"scroll","background-type":"","background-media":"","overlay-type":"","overlay-color":"","overlay-opacity":"","overlay-gradient":""}}},"product_brand":[],"product_cat":[39],"product_tag":[],"class_list":{"0":"post-438","1":"product","2":"type-product","3":"status-publish","4":"has-post-thumbnail","6":"product_cat-anti-aging","7":"desktop-align-left","8":"tablet-align-left","9":"mobile-align-left","10":"ast-product-gallery-layout-horizontal","11":"ast-magnify-disabled","12":"ast-product-tabs-layout-horizontal","13":"ast-qv-on-image","15":"first","16":"instock","17":"sale","18":"taxable","19":"shipping-taxable","20":"purchasable","21":"product-type-simple"},"yoast_head":"<!-- This site is optimized with the Yoast SEO Premium plugin v23.4 (Yoast SEO v26.6) - https:\/\/yoast.com\/wordpress\/plugins\/seo\/ -->\n<title>Lavuj Retinol Serum 2er Pack | Lavuj<\/title>\n<meta name=\"robots\" content=\"index, follow, max-snippet:-1, max-image-preview:large, max-video-preview:-1\" \/>\n<link rel=\"canonical\" href=\"https:\/\/lavuj.com\/cs\/produkt\/lavuj-retinol-serum-2\/\" \/>\n<meta property=\"og:locale\" content=\"cs_CZ\" \/>\n<meta property=\"og:type\" content=\"article\" \/>\n<meta property=\"og:title\" content=\"Lavuj Retinol Serum 2er Pack\" \/>\n<meta property=\"og:description\" content=\"Retinol Serum gegen Falten. Erleben Sie den Unterschied mit Lavuj - Das Anti-Aging-Serum, das Retinol revolutioniert. Neu: Liposomale Formulierung!    Retinol  Liposomal  Fermentiert  Ohne Hormone  Dermatologisch getestet\" \/>\n<meta property=\"og:url\" content=\"https:\/\/lavuj.com\/cs\/produkt\/lavuj-retinol-serum-2\/\" \/>\n<meta property=\"og:site_name\" content=\"Lavuj\" \/>\n<meta property=\"article:modified_time\" content=\"2025-12-31T14:55:20+00:00\" \/>\n<meta property=\"og:image\" content=\"https:\/\/lavuj.com\/wp-content\/uploads\/2023\/06\/LAV00002.jpg\" \/>\n\t<meta property=\"og:image:width\" content=\"1000\" \/>\n\t<meta property=\"og:image:height\" content=\"1000\" \/>\n\t<meta property=\"og:image:type\" content=\"image\/jpeg\" \/>\n<meta name=\"twitter:card\" content=\"summary_large_image\" \/>\n<meta name=\"twitter:label1\" content=\"Odhadovan\u00e1 doba \u010dten\u00ed\" \/>\n\t<meta name=\"twitter:data1\" content=\"3 minuty\" \/>\n<script type=\"application\/ld+json\" class=\"yoast-schema-graph\">{\"@context\":\"https:\/\/schema.org\",\"@graph\":[{\"@type\":\"WebPage\",\"@id\":\"https:\/\/lavuj.com\/produkt\/lavuj-retinol-serum-2\/\",\"url\":\"https:\/\/lavuj.com\/produkt\/lavuj-retinol-serum-2\/\",\"name\":\"Lavuj Retinol Serum 2er Pack | Lavuj\",\"isPartOf\":{\"@id\":\"https:\/\/lavuj.com\/#website\"},\"primaryImageOfPage\":{\"@id\":\"https:\/\/lavuj.com\/produkt\/lavuj-retinol-serum-2\/#primaryimage\"},\"image\":{\"@id\":\"https:\/\/lavuj.com\/produkt\/lavuj-retinol-serum-2\/#primaryimage\"},\"thumbnailUrl\":\"https:\/\/lavuj.com\/wp-content\/uploads\/2023\/06\/LAV00002.jpg\",\"datePublished\":\"2023-06-06T13:10:03+00:00\",\"dateModified\":\"2025-12-31T14:55:20+00:00\",\"breadcrumb\":{\"@id\":\"https:\/\/lavuj.com\/produkt\/lavuj-retinol-serum-2\/#breadcrumb\"},\"inLanguage\":\"cs\",\"potentialAction\":[{\"@type\":\"ReadAction\",\"target\":[\"https:\/\/lavuj.com\/produkt\/lavuj-retinol-serum-2\/\"]}]},{\"@type\":\"ImageObject\",\"inLanguage\":\"cs\",\"@id\":\"https:\/\/lavuj.com\/produkt\/lavuj-retinol-serum-2\/#primaryimage\",\"url\":\"https:\/\/lavuj.com\/wp-content\/uploads\/2023\/06\/LAV00002.jpg\",\"contentUrl\":\"https:\/\/lavuj.com\/wp-content\/uploads\/2023\/06\/LAV00002.jpg\",\"width\":1000,\"height\":1000,\"caption\":\"Lavuj-2-Pack\"},{\"@type\":\"BreadcrumbList\",\"@id\":\"https:\/\/lavuj.com\/produkt\/lavuj-retinol-serum-2\/#breadcrumb\",\"itemListElement\":[{\"@type\":\"ListItem\",\"position\":1,\"name\":\"Lavuj\",\"item\":\"https:\/\/lavuj.com\/\"},{\"@type\":\"ListItem\",\"position\":2,\"name\":\"Shop\",\"item\":\"https:\/\/lavuj.com\/shop\/\"},{\"@type\":\"ListItem\",\"position\":3,\"name\":\"Lavuj Retinol Serum 2er Pack\"}]},{\"@type\":\"WebSite\",\"@id\":\"https:\/\/lavuj.com\/#website\",\"url\":\"https:\/\/lavuj.com\/\",\"name\":\"Lavuj\",\"description\":\"Retinol Serum\",\"publisher\":{\"@id\":\"https:\/\/lavuj.com\/#organization\"},\"potentialAction\":[{\"@type\":\"SearchAction\",\"target\":{\"@type\":\"EntryPoint\",\"urlTemplate\":\"https:\/\/lavuj.com\/?s={search_term_string}\"},\"query-input\":{\"@type\":\"PropertyValueSpecification\",\"valueRequired\":true,\"valueName\":\"search_term_string\"}}],\"inLanguage\":\"cs\"},{\"@type\":\"Organization\",\"@id\":\"https:\/\/lavuj.com\/#organization\",\"name\":\"Lavuj\",\"url\":\"https:\/\/lavuj.com\/\",\"logo\":{\"@type\":\"ImageObject\",\"inLanguage\":\"cs\",\"@id\":\"https:\/\/lavuj.com\/#\/schema\/logo\/image\/\",\"url\":\"https:\/\/lavuj.com\/wp-content\/uploads\/2021\/09\/cropped-LAVUJ-LOGO.png\",\"contentUrl\":\"https:\/\/lavuj.com\/wp-content\/uploads\/2021\/09\/cropped-LAVUJ-LOGO.png\",\"width\":191,\"height\":79,\"caption\":\"Lavuj\"},\"image\":{\"@id\":\"https:\/\/lavuj.com\/#\/schema\/logo\/image\/\"}}]}<\/script>\n<!-- \/ Yoast SEO Premium plugin. -->","yoast_head_json":{"title":"Lavuj Retinol S\u00e9rum, balen\u00ed 2 kus\u016f","robots":{"index":"index","follow":"follow","max-snippet":"max-snippet:-1","max-image-preview":"max-image-preview:large","max-video-preview":"max-video-preview:-1"},"canonical":"https:\/\/lavuj.com\/cs\/produkt\/lavuj-retinol-serum-2\/","og_locale":"cs_CZ","og_type":"article","og_title":"Lavuj Retinol Serum 2er Pack","og_description":"Retinol Serum gegen Falten. Erleben Sie den Unterschied mit Lavuj - Das Anti-Aging-Serum, das Retinol revolutioniert. Neu: Liposomale Formulierung!    Retinol  Liposomal  Fermentiert  Ohne Hormone  Dermatologisch getestet","og_url":"https:\/\/lavuj.com\/cs\/produkt\/lavuj-retinol-serum-2\/","og_site_name":"Lavuj","article_modified_time":"2025-12-31T14:55:20+00:00","og_image":[{"width":1000,"height":1000,"url":"https:\/\/lavuj.com\/wp-content\/uploads\/2023\/06\/LAV00002.jpg","type":"image\/jpeg"}],"twitter_card":"summary_large_image","twitter_misc":{"Odhadovan\u00e1 doba \u010dten\u00ed":"3 minuty"},"schema":{"@context":"https:\/\/schema.org","@graph":[{"@type":"WebPage","@id":"https:\/\/lavuj.com\/produkt\/lavuj-retinol-serum-2\/","url":"https:\/\/lavuj.com\/produkt\/lavuj-retinol-serum-2\/","name":"Lavuj Retinol S\u00e9rum, balen\u00ed 2 kus\u016f","isPartOf":{"@id":"https:\/\/lavuj.com\/#website"},"primaryImageOfPage":{"@id":"https:\/\/lavuj.com\/produkt\/lavuj-retinol-serum-2\/#primaryimage"},"image":{"@id":"https:\/\/lavuj.com\/produkt\/lavuj-retinol-serum-2\/#primaryimage"},"thumbnailUrl":"https:\/\/lavuj.com\/wp-content\/uploads\/2023\/06\/LAV00002.jpg","datePublished":"2023-06-06T13:10:03+00:00","dateModified":"2025-12-31T14:55:20+00:00","breadcrumb":{"@id":"https:\/\/lavuj.com\/produkt\/lavuj-retinol-serum-2\/#breadcrumb"},"inLanguage":"cs","potentialAction":[{"@type":"ReadAction","target":["https:\/\/lavuj.com\/produkt\/lavuj-retinol-serum-2\/"]}]},{"@type":"ImageObject","inLanguage":"cs","@id":"https:\/\/lavuj.com\/produkt\/lavuj-retinol-serum-2\/#primaryimage","url":"https:\/\/lavuj.com\/wp-content\/uploads\/2023\/06\/LAV00002.jpg","contentUrl":"https:\/\/lavuj.com\/wp-content\/uploads\/2023\/06\/LAV00002.jpg","width":1000,"height":1000,"caption":"Lavuj-2-Pack"},{"@type":"BreadcrumbList","@id":"https:\/\/lavuj.com\/produkt\/lavuj-retinol-serum-2\/#breadcrumb","itemListElement":[{"@type":"ListItem","position":1,"name":"Lavuj","item":"https:\/\/lavuj.com\/"},{"@type":"ListItem","position":2,"name":"Shop","item":"https:\/\/lavuj.com\/shop\/"},{"@type":"ListItem","position":3,"name":"Lavuj Retinol Serum 2er Pack"}]},{"@type":"WebSite","@id":"https:\/\/lavuj.com\/#website","url":"https:\/\/lavuj.com\/","name":"Lavuj","description":"Retinol S\u00e9rum","publisher":{"@id":"https:\/\/lavuj.com\/#organization"},"potentialAction":[{"@type":"SearchAction","target":{"@type":"EntryPoint","urlTemplate":"https:\/\/lavuj.com\/?s={search_term_string}"},"query-input":{"@type":"PropertyValueSpecification","valueRequired":true,"valueName":"search_term_string"}}],"inLanguage":"cs"},{"@type":"Organization","@id":"https:\/\/lavuj.com\/#organization","name":"Lavuj","url":"https:\/\/lavuj.com\/","logo":{"@type":"ImageObject","inLanguage":"cs","@id":"https:\/\/lavuj.com\/#\/schema\/logo\/image\/","url":"https:\/\/lavuj.com\/wp-content\/uploads\/2021\/09\/cropped-LAVUJ-LOGO.png","contentUrl":"https:\/\/lavuj.com\/wp-content\/uploads\/2021\/09\/cropped-LAVUJ-LOGO.png","width":191,"height":79,"caption":"Lavuj"},"image":{"@id":"https:\/\/lavuj.com\/#\/schema\/logo\/image\/"}}]}},"uagb_featured_image_src":{"full":["https:\/\/lavuj.com\/wp-content\/uploads\/2023\/06\/LAV00002.jpg",1000,1000,false],"thumbnail":["https:\/\/lavuj.com\/wp-content\/uploads\/2023\/06\/LAV00002-150x150.jpg",150,150,true],"medium":["https:\/\/lavuj.com\/wp-content\/uploads\/2023\/06\/LAV00002-300x300.jpg",300,300,true],"medium_large":["https:\/\/lavuj.com\/wp-content\/uploads\/2023\/06\/LAV00002-768x768.jpg",768,768,true],"large":["https:\/\/lavuj.com\/wp-content\/uploads\/2023\/06\/LAV00002.jpg",1000,1000,false],"1536x1536":["https:\/\/lavuj.com\/wp-content\/uploads\/2023\/06\/LAV00002.jpg",1000,1000,false],"2048x2048":["https:\/\/lavuj.com\/wp-content\/uploads\/2023\/06\/LAV00002.jpg",1000,1000,false],"trp-custom-language-flag":["https:\/\/lavuj.com\/wp-content\/uploads\/2023\/06\/LAV00002.jpg",12,12,false],"woocommerce_thumbnail":["https:\/\/lavuj.com\/wp-content\/uploads\/2023\/06\/LAV00002-300x300.jpg",300,300,true],"woocommerce_single":["https:\/\/lavuj.com\/wp-content\/uploads\/2023\/06\/LAV00002-600x600.jpg",600,600,true],"woocommerce_gallery_thumbnail":["https:\/\/lavuj.com\/wp-content\/uploads\/2023\/06\/LAV00002-100x100.jpg",100,100,true]},"uagb_author_info":{"display_name":"Kerem085","author_link":"https:\/\/lavuj.com\/cs\/author\/kerem085\/"},"uagb_comment_info":0,"uagb_excerpt":"Retinol Serum gegen Falten. Erleben Sie den Unterschied mit Lavuj - Das Anti-Aging-Serum, das Retinol revolutioniert. Neu: Liposomale Formulierung! Retinol Liposomal Fermentiert Ohne Hormone Dermatologisch getestet","featured_img":"https:\/\/lavuj.com\/wp-content\/uploads\/2023\/06\/LAV00002.jpg","coauthors":[],"author_meta":{"author_link":"https:\/\/lavuj.com\/cs\/author\/kerem085\/","display_name":"Kerem085"},"relative_dates":{"created":"Posted 3 roky ago","modified":"Updated 4 m\u011bs\u00edce ago"},"absolute_dates":{"created":"Posted on 6. \u010dervna 2023","modified":"Updated on 31. prosince 2025"},"absolute_dates_time":{"created":"Posted on 6. \u010dervna 2023 13:10","modified":"Updated on 31. prosince 2025 15:55"},"featured_img_caption":"Lavuj-2-Pack","tax_additional":{"product_brand":{"linked":[],"unlinked":[],"slug":"product_brand","name":"Zna\u010dky"},"product_type":{"linked":["<a href=\"https:\/\/lavuj.com\/cs\/?taxonomy=product_type&#038;term=simple\" class=\"advgb-post-tax-term\">simple<\/a>"],"unlinked":["<span class=\"advgb-post-tax-term\">simple<\/span>"],"slug":"product_type","name":"Typ produktu"},"product_visibility":{"linked":[],"unlinked":[],"slug":"product_visibility","name":"Viditelnost produktu"},"product_cat":{"linked":["<a href=\"https:\/\/lavuj.com\/cs\/kategorie-produktu\/anti-aging\/\" class=\"advgb-post-tax-term\">Anti Aging<\/a>"],"unlinked":["<span class=\"advgb-post-tax-term\">Anti Aging<\/span>"],"slug":"product_cat","name":"Kategorie produktu"},"product_tag":{"linked":[],"unlinked":[],"slug":"product_tag","name":"\u0160t\u00edtky produktu"},"product_shipping_class":{"linked":[],"unlinked":[],"slug":"product_shipping_class","name":"T\u0159\u00eddy dopravy produktu"},"pa_brand":{"linked":[],"unlinked":[],"slug":"pa_brand","name":"Vlastnost produktu: Marke"}},"series_order":"","_links":{"self":[{"href":"https:\/\/lavuj.com\/cs\/wp-json\/wp\/v2\/product\/438","targetHints":{"allow":["GET"]}}],"collection":[{"href":"https:\/\/lavuj.com\/cs\/wp-json\/wp\/v2\/product"}],"about":[{"href":"https:\/\/lavuj.com\/cs\/wp-json\/wp\/v2\/types\/product"}],"wp:featuredmedia":[{"embeddable":true,"href":"https:\/\/lavuj.com\/cs\/wp-json\/wp\/v2\/media\/447"}],"wp:attachment":[{"href":"https:\/\/lavuj.com\/cs\/wp-json\/wp\/v2\/media?parent=438"}],"wp:term":[{"taxonomy":"product_brand","embeddable":true,"href":"https:\/\/lavuj.com\/cs\/wp-json\/wp\/v2\/product_brand?post=438"},{"taxonomy":"product_cat","embeddable":true,"href":"https:\/\/lavuj.com\/cs\/wp-json\/wp\/v2\/product_cat?post=438"},{"taxonomy":"product_tag","embeddable":true,"href":"https:\/\/lavuj.com\/cs\/wp-json\/wp\/v2\/product_tag?post=438"}],"curies":[{"name":"wp","href":"https:\/\/api.w.org\/{rel}","templated":true}]}}