{"id":15,"date":"2021-09-27T05:23:22","date_gmt":"2021-09-27T05:23:22","guid":{"rendered":"https:\/\/lavuj.com\/?page_id=15"},"modified":"2023-12-06T15:40:49","modified_gmt":"2023-12-06T14:40:49","slug":"ret-til-tilbagekaldelse","status":"publish","type":"page","link":"https:\/\/lavuj.com\/da\/ret-til-tilbagekaldelse\/","title":{"rendered":"Fortrydelsesret"},"content":{"rendered":"<p><strong>Fortrydelsesret for forbrugere<\/strong><\/p>\n\n\n\n<p>En forbruger er enhver fysisk person, der indg\u00e5r en juridisk transaktion med form\u00e5l, der overvejende hverken kan henf\u00f8res til hans eller hendes kommercielle eller uafh\u00e6ngige professionelle aktivitet.<\/p>\n\n\n\n<p><strong>Afbestillingsregler Lavuj<\/strong><\/p>\n\n\n\n<p><strong>Fortrydelsesret<\/strong><\/p>\n\n\n\n<p>Du har ret til at annullere denne kontrakt inden for fjorten dage. <strong>Fortrydelsesretten er udelukket for brugte hygiejneartikler.<\/strong> Fortrydelsesfristen er fjorten dage fra den dag, hvor du eller en af dig udpeget tredjemand, som ikke er transport\u00f8ren, har f\u00e5et eller f\u00e5r varerne i h\u00e6nde, forudsat at du har bestilt en eller flere varer som en del af en enkelt ordre, og disse er eller vil blive leveret ensartet.<\/p>\n\n\n\n<p>For at ud\u00f8ve din fortrydelsesret skal du informere os om din beslutning om at fortryde denne kontrakt ved hj\u00e6lp af en klar erkl\u00e6ring (f.eks. et brev sendt pr. post, fax eller e-mail). Du kan bruge den vedlagte model for fortrydelsesformular til dette form\u00e5l, hvilket dog ikke er obligatorisk.<\/p>\n\n\n\n<p>For at overholde fortrydelsesfristen er det tilstr\u00e6kkeligt, at du sender meddelelsen om ud\u00f8velse af fortrydelsesretten inden fortrydelsesfristens udl\u00f8b.<\/p>\n\n\n\n<p>Tilbagekaldelsen skal stiles til<\/p>\n\n\n\n<p><\/p>\n\n\n\n<figure class=\"wp-block-image size-full is-resized\"><img loading=\"lazy\" decoding=\"async\" width=\"650\" height=\"685\" src=\"https:\/\/lavuj.com\/wp-content\/uploads\/2023\/05\/imp-03.jpg\" alt=\"\" class=\"wp-image-316\" style=\"object-fit:cover;width:237px;height:250px\" srcset=\"https:\/\/lavuj.com\/wp-content\/uploads\/2023\/05\/imp-03.jpg 650w, https:\/\/lavuj.com\/wp-content\/uploads\/2023\/05\/imp-03-600x632.jpg 600w, https:\/\/lavuj.com\/wp-content\/uploads\/2023\/05\/imp-03-285x300.jpg 285w\" sizes=\"auto, (max-width: 650px) 100vw, 650px\" \/><\/figure>\n\n\n\n<p><\/p>\n\n\n\n<p><strong>Leveringsadresse nedenfor.<\/strong><\/p>\n\n\n\n<p><strong>Konsekvenser af tilbagekaldelse<\/strong><\/p>\n\n\n\n<p>Hvis du fortryder denne aftale, skal vi straks og senest 14 dage fra den dag, hvor vi har modtaget meddelelse om din beslutning om at fortryde denne aftale, tilbagebetale dig alle de betalinger, som vi har modtaget fra dig, herunder leveringsomkostninger (med undtagelse af ekstra omkostninger som f\u00f8lge af, at du har valgt en anden leveringsform end den billigste standardlevering, som vi tilbyder). Ved denne tilbagebetaling anvender vi samme betalingsmiddel, som du benyttede ved den oprindelige transaktion, medmindre andet udtrykkeligt er aftalt med dig; du vil under ingen omst\u00e6ndigheder blive opkr\u00e6vet betaling for denne tilbagebetaling.<\/p>\n\n\n\n<p>Vi kan n\u00e6gte tilbagebetaling, indtil vi har modtaget varerne tilbage, eller indtil du har fremlagt bevis for, at du har returneret varerne, alt efter hvad der sker f\u00f8rst.<\/p>\n\n\n\n<p><strong>Afkast<\/strong><\/p>\n\n\n\n<p>Du skal returnere eller overdrage varerne til os uden forsinkelse og under alle omst\u00e6ndigheder senest fjorten dage fra den dag, hvor du meddeler os om annullering af denne kontrakt. Fristen er overholdt, hvis du sender varerne inden udl\u00f8bet af perioden p\u00e5 fjorten dage.<\/p>\n\n\n\n<p>Du skal b\u00e6re de direkte omkostninger ved returnering af varerne.<\/p>\n\n\n\n<p>Du skal kun betale for eventuel forringelse af varens v\u00e6rdi, hvis denne forringelse skyldes h\u00e5ndtering af varen, som ikke er n\u00f8dvendig for at afpr\u00f8ve varens kvalitet, egenskaber og den m\u00e5de, den fungerer p\u00e5.<\/p>\n\n\n\n<p><strong>\u00c5rsager til udelukkelse eller udl\u00f8b<\/strong><\/p>\n\n\n\n<p><strong>Udelukkelse af fortrydelsesretten<\/strong>:<\/p>\n\n\n\n<p>Ingen fortrydelsesret for varer, der er letford\u00e6rvelige, eller hvis udl\u00f8bsdato hurtigt ville blive overskredet. For tidlig udl\u00f8b i tilf\u00e6lde af levering af forseglede varer, som ikke er egnede til returnering af hensyn til sundhedsbeskyttelse eller hygiejne, hvis deres forsegling er blevet fjernet efter levering; (1) Der er ingen fortrydelsesret for Lavuj i overensstemmelse med \u00a7 312g (2) nr. 2 i den tyske civillovbog, hvis forseglingen er blevet fjernet fra emballagen. Dette skyldes, at Lavuj er en vare i henhold til \u00a7 312g, stk. 2, nr. 2 i BGB, som hurtigt ville blive \u00f8delagt, efter at forseglingen er blevet brudt, eller hvis udl\u00f8bsdato hurtigt ville blive overskredet fra dette tidspunkt (2 m\u00e5neder efter, at Lavuj er blevet \u00e5bnet). (2) S\u00e5ledes eksisterer fortrydelsesretten ikke i henhold til \u00a7 312g stk. 2 nr. 2 BGB, hvis forseglingen af Lavuj blev fjernet efter levering, fordi der er risiko for, at det returnerede produkt ville ankomme til forhandleren med en betydeligt kortere holdbarhed.<\/p>\n\n\n\n<p>Fortrydelsesretten er udelukket p\u00e5 denne baggrund, fordi det serum, der skal returneres med brudt forsegling, ville v\u00e6re vanskeligt eller umuligt for Lavuj at videres\u00e6lge, n\u00e5r man tager returtiden i betragtning.<\/p>\n\n\n\n<p><strong>Fortrydelsesretten er udelukket for brugte hygiejneartikler<\/strong>.<\/p>\n\n\n\n<hr class=\"wp-block-separator has-css-opacity\"\/>\n\n\n\n<p>Fortrydelsesretten eksisterer <strong>ikke<\/strong> for kontrakter<\/p>\n\n\n\n<ul class=\"wp-block-list\">\n<li>til levering af varer, som ikke er pr\u00e6fabrikerede, og for hvis produktion forbrugerens individuelle valg eller bestemmelse er afg\u00f8rende, eller som er klart skr\u00e6ddersyet til forbrugerens personlige behov;<\/li>\n\n\n\n<li>til levering af varer, der hurtigt kan \u00f8del\u00e6gges, eller hvis udl\u00f8bsdato hurtigt ville blive overskredet;<\/li>\n\n\n\n<li>Abonnementskontrakter.<\/li>\n<\/ul>\n\n\n\n<p>&#8212;&#8212;&#8211;<\/p>\n\n\n\n<p><strong>Fortrydelsesretten udl\u00f8ber f\u00f8r tid i tilf\u00e6lde af kontrakter<\/strong><\/p>\n\n\n\n<ul class=\"wp-block-list\">\n<li>ved levering af forseglede varer, som af sundhedsbeskyttelses- eller hygiejnem\u00e6ssige \u00e5rsager ikke er egnet til returnering, hvis forseglingen er fjernet efter levering;<\/li>\n\n\n\n<li>for levering af varer, hvis disse er blevet uadskilleligt blandet med andre varer efter levering p\u00e5 grund af deres art;<\/li>\n<\/ul>\n\n\n\n<p>_______<\/p>\n\n\n\n<p><strong>Eksempel p\u00e5 afbestillingsformular<\/strong><\/p>\n\n\n\n<p>Hvis du \u00f8nsker at annullere kontrakten, bedes du udfylde og returnere denne formular.<br><strong>Fortrydelsesretten er udelukket for brugte hygiejneartikler.<\/strong><\/p>\n\n\n\n<p>1. Vend tilbage til:<\/p>\n\n\n\n<p>VDS - Shipping and Data Service <br>c\/o Alaiko GmbH <br>Siemensstra\u00dfe 14<br>D-37412 Herzberg am Harz<br>Germany<br><br>E-mail: info@lavuj.com<\/p>\n\n\n\n<p>2. Jeg\/vi tilbagekalder hermed den af mig\/os indg\u00e5ede kontrakt om k\u00f8b af f\u00f8lgende varer \/ levering af f\u00f8lgende tjenesteydelser<br>Service (vedl\u00e6g kopi af faktura, hvis n\u00f8dvendigt)<br>Bestillingsnummer: ..........................................<br>M\u00e6ngde\/navn p\u00e5 varer: ...........................<br>K\u00f8bspris: ...................................................<br>Allerede brugt? Fortrydelsesretten er udelukket for brugte hygiejneartikler.<\/p>\n\n\n\n<p>3. Bestilt p\u00e5: ........................<\/p>\n\n\n\n<p>4. \u00c5rsag: .............................................<\/p>\n\n\n\n<p>5. Modtaget p\u00e5: ........................<\/p>\n\n\n\n<p>6. Forbrugerens navn og adresse: ......<br>Kundenummer: ........................................<br>For- og efternavn: .................................<br>Gade: .......................................................<br>Postnummer og by: ..................................................<\/p>\n\n\n\n<p>7. Sted, dato og underskrift kunde:<br>&#8230;&#8230;&#8230;&#8230;&#8230;&#8230;&#8230;&#8230;&#8230;&#8230;&#8230;&#8230;&#8230;&#8230;&#8230;&#8230;&#8230;.<\/p>","protected":false},"excerpt":{"rendered":"<p>Widerrufsrecht f\u00fcr Verbraucher Verbraucher ist jede nat\u00fcrliche Person, die ein Rechtsgesch\u00e4ft zu Zwecken abschlie\u00dft, die \u00fcberwiegend weder ihrer gewerblichen noch ihrer selbstst\u00e4ndigen beruflichen T\u00e4tigkeit zugerechnet werden kann. Widerrufsbelehrung Lavuj Widerrufsrecht [&hellip;]<\/p>","protected":false},"author":1,"featured_media":0,"parent":0,"menu_order":0,"comment_status":"closed","ping_status":"closed","template":"","meta":{"_uag_custom_page_level_css":"","advgb_blocks_editor_width":"","advgb_blocks_columns_visual_guide":"","site-sidebar-layout":"default","site-content-layout":"default","ast-site-content-layout":"default","site-content-style":"default","site-sidebar-style":"default","ast-global-header-display":"","ast-banner-title-visibility":"","ast-main-header-display":"","ast-hfb-above-header-display":"","ast-hfb-below-header-display":"","ast-hfb-mobile-header-display":"","site-post-title":"","ast-breadcrumbs-content":"","ast-featured-img":"","footer-sml-layout":"","ast-disable-related-posts":"","theme-transparent-header-meta":"default","adv-header-id-meta":"","stick-header-meta":"default","header-above-stick-meta":"","header-main-stick-meta":"","header-below-stick-meta":"","astra-migrate-meta-layouts":"set","ast-page-background-enabled":"default","ast-page-background-meta":{"desktop":{"background-color":"","background-image":"","background-repeat":"repeat","background-position":"center center","background-size":"auto","background-attachment":"scroll","background-type":"","background-media":"","overlay-type":"","overlay-color":"","overlay-opacity":"","overlay-gradient":""},"tablet":{"background-color":"","background-image":"","background-repeat":"repeat","background-position":"center center","background-size":"auto","background-attachment":"scroll","background-type":"","background-media":"","overlay-type":"","overlay-color":"","overlay-opacity":"","overlay-gradient":""},"mobile":{"background-color":"","background-image":"","background-repeat":"repeat","background-position":"center center","background-size":"auto","background-attachment":"scroll","background-type":"","background-media":"","overlay-type":"","overlay-color":"","overlay-opacity":"","overlay-gradient":""}},"ast-content-background-meta":{"desktop":{"background-color":"var(--ast-global-color-5)","background-image":"","background-repeat":"repeat","background-position":"center center","background-size":"auto","background-attachment":"scroll","background-type":"","background-media":"","overlay-type":"","overlay-color":"","overlay-opacity":"","overlay-gradient":""},"tablet":{"background-color":"var(--ast-global-color-5)","background-image":"","background-repeat":"repeat","background-position":"center center","background-size":"auto","background-attachment":"scroll","background-type":"","background-media":"","overlay-type":"","overlay-color":"","overlay-opacity":"","overlay-gradient":""},"mobile":{"background-color":"var(--ast-global-color-5)","background-image":"","background-repeat":"repeat","background-position":"center center","background-size":"auto","background-attachment":"scroll","background-type":"","background-media":"","overlay-type":"","overlay-color":"","overlay-opacity":"","overlay-gradient":""}},"footnotes":""},"class_list":["post-15","page","type-page","status-publish","hentry"],"yoast_head":"<!-- This site is optimized with the Yoast SEO Premium plugin v23.4 (Yoast SEO v26.6) - https:\/\/yoast.com\/wordpress\/plugins\/seo\/ -->\n<title>Widerrufsrecht | Lavuj<\/title>\n<meta name=\"robots\" content=\"noindex, nofollow\" \/>\n<meta property=\"og:locale\" content=\"da_DK\" \/>\n<meta property=\"og:type\" content=\"article\" \/>\n<meta property=\"og:title\" content=\"Widerrufsrecht\" \/>\n<meta property=\"og:description\" content=\"Widerrufsrecht f\u00fcr Verbraucher Verbraucher ist jede nat\u00fcrliche Person, die ein Rechtsgesch\u00e4ft zu Zwecken abschlie\u00dft, die \u00fcberwiegend weder ihrer gewerblichen noch ihrer selbstst\u00e4ndigen beruflichen T\u00e4tigkeit zugerechnet werden kann. Widerrufsbelehrung Lavuj Widerrufsrecht [&hellip;]\" \/>\n<meta property=\"og:url\" content=\"https:\/\/lavuj.com\/da\/ret-til-tilbagekaldelse\/\" \/>\n<meta property=\"og:site_name\" content=\"Lavuj\" \/>\n<meta property=\"article:modified_time\" content=\"2023-12-06T14:40:49+00:00\" \/>\n<meta property=\"og:image\" content=\"https:\/\/lavuj.com\/wp-content\/uploads\/2023\/05\/imp-03.jpg\" \/>\n<meta name=\"twitter:card\" content=\"summary_large_image\" \/>\n<meta name=\"twitter:label1\" content=\"Estimeret l\u00e6setid\" \/>\n\t<meta name=\"twitter:data1\" content=\"5 minutter\" \/>\n<script type=\"application\/ld+json\" class=\"yoast-schema-graph\">{\"@context\":\"https:\/\/schema.org\",\"@graph\":[{\"@type\":\"WebPage\",\"@id\":\"https:\/\/lavuj.com\/widerrufsrecht\/\",\"url\":\"https:\/\/lavuj.com\/widerrufsrecht\/\",\"name\":\"Widerrufsrecht | Lavuj\",\"isPartOf\":{\"@id\":\"https:\/\/lavuj.com\/#website\"},\"primaryImageOfPage\":{\"@id\":\"https:\/\/lavuj.com\/widerrufsrecht\/#primaryimage\"},\"image\":{\"@id\":\"https:\/\/lavuj.com\/widerrufsrecht\/#primaryimage\"},\"thumbnailUrl\":\"https:\/\/lavuj.com\/wp-content\/uploads\/2023\/05\/imp-03.jpg\",\"datePublished\":\"2021-09-27T05:23:22+00:00\",\"dateModified\":\"2023-12-06T14:40:49+00:00\",\"breadcrumb\":{\"@id\":\"https:\/\/lavuj.com\/widerrufsrecht\/#breadcrumb\"},\"inLanguage\":\"da-DK\",\"potentialAction\":[{\"@type\":\"ReadAction\",\"target\":[\"https:\/\/lavuj.com\/widerrufsrecht\/\"]}]},{\"@type\":\"ImageObject\",\"inLanguage\":\"da-DK\",\"@id\":\"https:\/\/lavuj.com\/widerrufsrecht\/#primaryimage\",\"url\":\"https:\/\/lavuj.com\/wp-content\/uploads\/2023\/05\/imp-03.jpg\",\"contentUrl\":\"https:\/\/lavuj.com\/wp-content\/uploads\/2023\/05\/imp-03.jpg\"},{\"@type\":\"BreadcrumbList\",\"@id\":\"https:\/\/lavuj.com\/widerrufsrecht\/#breadcrumb\",\"itemListElement\":[{\"@type\":\"ListItem\",\"position\":1,\"name\":\"Lavuj\",\"item\":\"https:\/\/lavuj.com\/\"},{\"@type\":\"ListItem\",\"position\":2,\"name\":\"Widerrufsrecht\"}]},{\"@type\":\"WebSite\",\"@id\":\"https:\/\/lavuj.com\/#website\",\"url\":\"https:\/\/lavuj.com\/\",\"name\":\"Lavuj\",\"description\":\"Retinol Serum\",\"publisher\":{\"@id\":\"https:\/\/lavuj.com\/#organization\"},\"potentialAction\":[{\"@type\":\"SearchAction\",\"target\":{\"@type\":\"EntryPoint\",\"urlTemplate\":\"https:\/\/lavuj.com\/?s={search_term_string}\"},\"query-input\":{\"@type\":\"PropertyValueSpecification\",\"valueRequired\":true,\"valueName\":\"search_term_string\"}}],\"inLanguage\":\"da-DK\"},{\"@type\":\"Organization\",\"@id\":\"https:\/\/lavuj.com\/#organization\",\"name\":\"Lavuj\",\"url\":\"https:\/\/lavuj.com\/\",\"logo\":{\"@type\":\"ImageObject\",\"inLanguage\":\"da-DK\",\"@id\":\"https:\/\/lavuj.com\/#\/schema\/logo\/image\/\",\"url\":\"https:\/\/lavuj.com\/wp-content\/uploads\/2021\/09\/cropped-LAVUJ-LOGO.png\",\"contentUrl\":\"https:\/\/lavuj.com\/wp-content\/uploads\/2021\/09\/cropped-LAVUJ-LOGO.png\",\"width\":191,\"height\":79,\"caption\":\"Lavuj\"},\"image\":{\"@id\":\"https:\/\/lavuj.com\/#\/schema\/logo\/image\/\"}}]}<\/script>\n<!-- \/ Yoast SEO Premium plugin. -->","yoast_head_json":{"title":"Fortrydelsesret | Lavuj","robots":{"index":"noindex","follow":"nofollow"},"og_locale":"da_DK","og_type":"article","og_title":"Widerrufsrecht","og_description":"Widerrufsrecht f\u00fcr Verbraucher Verbraucher ist jede nat\u00fcrliche Person, die ein Rechtsgesch\u00e4ft zu Zwecken abschlie\u00dft, die \u00fcberwiegend weder ihrer gewerblichen noch ihrer selbstst\u00e4ndigen beruflichen T\u00e4tigkeit zugerechnet werden kann. Widerrufsbelehrung Lavuj Widerrufsrecht [&hellip;]","og_url":"https:\/\/lavuj.com\/da\/ret-til-tilbagekaldelse\/","og_site_name":"Lavuj","article_modified_time":"2023-12-06T14:40:49+00:00","og_image":[{"url":"https:\/\/lavuj.com\/wp-content\/uploads\/2023\/05\/imp-03.jpg","type":"","width":"","height":""}],"twitter_card":"summary_large_image","twitter_misc":{"Estimeret l\u00e6setid":"5 minutter"},"schema":{"@context":"https:\/\/schema.org","@graph":[{"@type":"WebPage","@id":"https:\/\/lavuj.com\/widerrufsrecht\/","url":"https:\/\/lavuj.com\/widerrufsrecht\/","name":"Fortrydelsesret | Lavuj","isPartOf":{"@id":"https:\/\/lavuj.com\/#website"},"primaryImageOfPage":{"@id":"https:\/\/lavuj.com\/widerrufsrecht\/#primaryimage"},"image":{"@id":"https:\/\/lavuj.com\/widerrufsrecht\/#primaryimage"},"thumbnailUrl":"https:\/\/lavuj.com\/wp-content\/uploads\/2023\/05\/imp-03.jpg","datePublished":"2021-09-27T05:23:22+00:00","dateModified":"2023-12-06T14:40:49+00:00","breadcrumb":{"@id":"https:\/\/lavuj.com\/widerrufsrecht\/#breadcrumb"},"inLanguage":"da-DK","potentialAction":[{"@type":"ReadAction","target":["https:\/\/lavuj.com\/widerrufsrecht\/"]}]},{"@type":"ImageObject","inLanguage":"da-DK","@id":"https:\/\/lavuj.com\/widerrufsrecht\/#primaryimage","url":"https:\/\/lavuj.com\/wp-content\/uploads\/2023\/05\/imp-03.jpg","contentUrl":"https:\/\/lavuj.com\/wp-content\/uploads\/2023\/05\/imp-03.jpg"},{"@type":"BreadcrumbList","@id":"https:\/\/lavuj.com\/widerrufsrecht\/#breadcrumb","itemListElement":[{"@type":"ListItem","position":1,"name":"Lavuj","item":"https:\/\/lavuj.com\/"},{"@type":"ListItem","position":2,"name":"Widerrufsrecht"}]},{"@type":"WebSite","@id":"https:\/\/lavuj.com\/#website","url":"https:\/\/lavuj.com\/","name":"Lavuj","description":"Retinol Serum","publisher":{"@id":"https:\/\/lavuj.com\/#organization"},"potentialAction":[{"@type":"SearchAction","target":{"@type":"EntryPoint","urlTemplate":"https:\/\/lavuj.com\/?s={search_term_string}"},"query-input":{"@type":"PropertyValueSpecification","valueRequired":true,"valueName":"search_term_string"}}],"inLanguage":"da-DK"},{"@type":"Organization","@id":"https:\/\/lavuj.com\/#organization","name":"Lavuj","url":"https:\/\/lavuj.com\/","logo":{"@type":"ImageObject","inLanguage":"da-DK","@id":"https:\/\/lavuj.com\/#\/schema\/logo\/image\/","url":"https:\/\/lavuj.com\/wp-content\/uploads\/2021\/09\/cropped-LAVUJ-LOGO.png","contentUrl":"https:\/\/lavuj.com\/wp-content\/uploads\/2021\/09\/cropped-LAVUJ-LOGO.png","width":191,"height":79,"caption":"Lavuj"},"image":{"@id":"https:\/\/lavuj.com\/#\/schema\/logo\/image\/"}}]}},"uagb_featured_image_src":{"full":false,"thumbnail":false,"medium":false,"medium_large":false,"large":false,"1536x1536":false,"2048x2048":false,"trp-custom-language-flag":false,"woocommerce_thumbnail":false,"woocommerce_single":false,"woocommerce_gallery_thumbnail":false},"uagb_author_info":{"display_name":"Kerem085","author_link":"https:\/\/lavuj.com\/da\/author\/kerem085\/"},"uagb_comment_info":0,"uagb_excerpt":"Widerrufsrecht f\u00fcr Verbraucher Verbraucher ist jede nat\u00fcrliche Person, die ein Rechtsgesch\u00e4ft zu Zwecken abschlie\u00dft, die \u00fcberwiegend weder ihrer gewerblichen noch ihrer selbstst\u00e4ndigen beruflichen T\u00e4tigkeit zugerechnet werden kann. Widerrufsbelehrung Lavuj Widerrufsrecht [&hellip;]","coauthors":[],"author_meta":{"author_link":"https:\/\/lavuj.com\/da\/author\/kerem085\/","display_name":"Kerem085"},"relative_dates":{"created":"Udgivet 5 \u00e5r siden","modified":"Opdateret 2 \u00e5r siden"},"absolute_dates":{"created":"Udgivet 27. september 2021","modified":"Opdateret 6. december 2023"},"absolute_dates_time":{"created":"Udgivet 27. september 2021 5:23","modified":"Opdateret 6. december 2023 15:40"},"featured_img_caption":"","featured_img":false,"series_order":"","_links":{"self":[{"href":"https:\/\/lavuj.com\/da\/wp-json\/wp\/v2\/pages\/15","targetHints":{"allow":["GET"]}}],"collection":[{"href":"https:\/\/lavuj.com\/da\/wp-json\/wp\/v2\/pages"}],"about":[{"href":"https:\/\/lavuj.com\/da\/wp-json\/wp\/v2\/types\/page"}],"author":[{"embeddable":true,"href":"https:\/\/lavuj.com\/da\/wp-json\/wp\/v2\/users\/1"}],"replies":[{"embeddable":true,"href":"https:\/\/lavuj.com\/da\/wp-json\/wp\/v2\/comments?post=15"}],"version-history":[{"count":7,"href":"https:\/\/lavuj.com\/da\/wp-json\/wp\/v2\/pages\/15\/revisions"}],"predecessor-version":[{"id":1040,"href":"https:\/\/lavuj.com\/da\/wp-json\/wp\/v2\/pages\/15\/revisions\/1040"}],"wp:attachment":[{"href":"https:\/\/lavuj.com\/da\/wp-json\/wp\/v2\/media?parent=15"}],"curies":[{"name":"wp","href":"https:\/\/api.w.org\/{rel}","templated":true}]}}