{"id":434,"date":"2023-06-06T12:49:28","date_gmt":"2023-06-06T12:49:28","guid":{"rendered":"https:\/\/lavuj.com\/?post_type=product&#038;p=434"},"modified":"2025-12-31T15:55:40","modified_gmt":"2025-12-31T14:55:40","slug":"lavuj-retinol-serum","status":"publish","type":"product","link":"https:\/\/lavuj.com\/da\/produkt\/lavuj-retinol-serum\/","title":{"rendered":"Lavuj Retinol Serum"},"content":{"rendered":"<h2>Ans\u00f8gning:<\/h2>\n<p><span style=\"font-weight: 400;\">P\u00e5f\u00f8r 1-2 dr\u00e5ber dagligt om aftenen eller mere efter behov p\u00e5 afrenset hud. Mass\u00e9r forsigtigt ind i ansigtet og p\u00e5 halsen, og lad det absorbere helt. For retinol-begyndere anbefaler vi at p\u00e5f\u00f8re 2-3 gange om ugen og gradvist \u00f8ge hyppigheden.<\/span><\/p>\n<h2><span style=\"color: #8a949c;\">Lavuj Retinol Serum: Transformativ hudpleje<br \/>\nmed liposomal og fermenteret formel<\/span><\/h2>\n<p><img loading=\"lazy\" decoding=\"async\" class=\"wp-image-297 size-full\" style=\"font-weight: inherit;\" src=\"https:\/\/lavuj.com\/wp-content\/uploads\/2023\/05\/Retinol-Serum-1.jpg\" alt=\"Retinol-serum\" width=\"2000\" height=\"1080\" srcset=\"https:\/\/lavuj.com\/wp-content\/uploads\/2023\/05\/Retinol-Serum-1.jpg 2000w, https:\/\/lavuj.com\/wp-content\/uploads\/2023\/05\/Retinol-Serum-1-600x324.jpg 600w, https:\/\/lavuj.com\/wp-content\/uploads\/2023\/05\/Retinol-Serum-1-300x162.jpg 300w, https:\/\/lavuj.com\/wp-content\/uploads\/2023\/05\/Retinol-Serum-1-1024x553.jpg 1024w, https:\/\/lavuj.com\/wp-content\/uploads\/2023\/05\/Retinol-Serum-1-768x415.jpg 768w, https:\/\/lavuj.com\/wp-content\/uploads\/2023\/05\/Retinol-Serum-1-1536x829.jpg 1536w\" sizes=\"auto, (max-width: 2000px) 100vw, 2000px\" \/><\/p>\n<p>Opdag hemmeligheden bag en ungdommelig hud med Lavuj Retinol Serum. Vores Serum kombinerer n\u00f8je udvalgte ingredienser for at give dig omfattende hudpleje.<\/p>\n<p>Formlen er baseret p\u00e5 videnskabelige beviser og kliniske studier, der bekr\u00e6fter retinols effektivitet i hudforyngelse. Med en effektiv koncentration af retinol reduceres rynker og fine linjer synligt. Men Lavuj Retinol Serum er mere end bare retinol.<\/p>\n<p>Vi bruger en liposomal fremstillingsteknologi, der giver mulighed for en kontrolleret frigivelse af ingredienserne. Det betyder, at retinolen frigives gradvist i huden, hvilket minimerer risikoen for irritation. Denne innovative metode sikrer, at din hud oplever den maksimale effektivitet af retinolen.<\/p>\n<p>Derudover har vi integreret fermenterede ingredienser, der forbedrer optagelsen af de aktive ingredienser og samtidig \u00f8ger tolerancen. Fermenteringen \u00f8ger effektiviteten af ingredienserne og g\u00f8r Lavuj Retinol Serum s\u00e6rligt veltolereret, selv for f\u00f8lsom hud.<\/p>\n<p>Vores Serum indeholder ogs\u00e5 drageblod, et v\u00e6rdifuldt ekstrakt fra drageblodstr\u00e6et. Det er rigt p\u00e5 fenolforbindelser, der er kendt for at v\u00e6re kraftige antioxidanter. Disse antioxidanter kan hj\u00e6lpe med at beskytte hudcellerne mod de skadelige virkninger af oxidativt stress og st\u00f8tte hudens regenerering. De forbedrer ogs\u00e5 hudcellernes interaktion med omgivelserne og fremmer dannelsen af kollagen, s\u00e5 huden bliver fastere.<\/p>\n<p>Kombinationen af hyaluronsyre, peptider og niacinamid fuldender vores unikke formel. Lavmolekyl\u00e6r hyaluronsyre af h\u00f8j kvalitet tr\u00e6nger dybt ind i huden for at fugte den intensivt og give den fylde. Peptider stimulerer kollagenproduktionen og hj\u00e6lper med at opstramme huden. Niacinamid (B3-vitamin) har en antiinflammatorisk virkning og forbedrer hudens udseende.<\/p>\n<p>Dyk ned i en verden af avanceret hudpleje med Lavuj Retinol Serum. M\u00e6rk, hvordan din hud forvandles og f\u00e5r en ungdommelig gl\u00f8d.<\/p>\n<h3><span style=\"color: #8a949c;\">Clean Beauty<\/span><\/h3>\n<p>Lavuj satser p\u00e5 ren sk\u00f8nhed: 100% fri for formaldehyd, ftalater, sulfater, parabener, silikoner, mineralolier og PEG'er. Derudover er Lavuj vegansk og ikke testet p\u00e5 dyr.<\/p>","protected":false},"excerpt":{"rendered":"<p class=\"p1\"><span class=\"s1\">Retinol Serum mod rynker. Oplev forskellen med Lavuj \u2013 Anti-Aging Serum, der revolutionerer retinol.<br \/>\n<span style=\"color: #5bc98b;\"><strong>Nyhed: Liposomal formulering!<\/strong><\/span><\/span><\/p>\n<ul>\n<li>Retinol<\/li>\n<li>Liposomal<\/li>\n<li>Fermenteret<\/li>\n<li>Uden hormoner<\/li>\n<li>Dermatologisk testet<\/li>\n<\/ul>\n<p><img loading=\"lazy\" decoding=\"async\" class=\"alignnone wp-image-42\" src=\"https:\/\/lavuj.com\/wp-content\/uploads\/2021\/09\/Lo-2.jpg\" alt=\"\" width=\"339\" height=\"30\" srcset=\"https:\/\/lavuj.com\/wp-content\/uploads\/2021\/09\/Lo-2.jpg 941w, https:\/\/lavuj.com\/wp-content\/uploads\/2021\/09\/Lo-2-600x53.jpg 600w, https:\/\/lavuj.com\/wp-content\/uploads\/2021\/09\/Lo-2-300x26.jpg 300w, https:\/\/lavuj.com\/wp-content\/uploads\/2021\/09\/Lo-2-768x68.jpg 768w\" sizes=\"auto, (max-width: 339px) 100vw, 339px\" \/><\/p>\n<p><img loading=\"lazy\" decoding=\"async\" class=\"wp-image-947\" src=\"https:\/\/lavuj.com\/wp-content\/uploads\/2023\/10\/Testsieger.jpg\" alt=\"Lavuj-Test\" width=\"151\" height=\"90\" srcset=\"https:\/\/lavuj.com\/wp-content\/uploads\/2023\/10\/Testsieger.jpg 1249w, https:\/\/lavuj.com\/wp-content\/uploads\/2023\/10\/Testsieger-300x179.jpg 300w, https:\/\/lavuj.com\/wp-content\/uploads\/2023\/10\/Testsieger-1024x610.jpg 1024w, https:\/\/lavuj.com\/wp-content\/uploads\/2023\/10\/Testsieger-768x457.jpg 768w, https:\/\/lavuj.com\/wp-content\/uploads\/2023\/10\/Testsieger-18x12.jpg 18w, https:\/\/lavuj.com\/wp-content\/uploads\/2023\/10\/Testsieger-600x357.jpg 600w\" sizes=\"auto, (max-width: 151px) 100vw, 151px\" \/><\/p>","protected":false},"author":1,"featured_media":436,"template":"","meta":{"_uag_custom_page_level_css":"","advgb_blocks_editor_width":"","advgb_blocks_columns_visual_guide":"","site-sidebar-layout":"default","site-content-layout":"default","ast-site-content-layout":"default","site-content-style":"default","site-sidebar-style":"default","ast-global-header-display":"","ast-banner-title-visibility":"","ast-main-header-display":"","ast-hfb-above-header-display":"","ast-hfb-below-header-display":"","ast-hfb-mobile-header-display":"","site-post-title":"","ast-breadcrumbs-content":"","ast-featured-img":"","footer-sml-layout":"","ast-disable-related-posts":"","theme-transparent-header-meta":"default","adv-header-id-meta":"","stick-header-meta":"default","header-above-stick-meta":"","header-main-stick-meta":"","header-below-stick-meta":"","astra-migrate-meta-layouts":"set","ast-page-background-enabled":"default","ast-page-background-meta":{"desktop":{"background-color":"","background-image":"","background-repeat":"repeat","background-position":"center center","background-size":"auto","background-attachment":"scroll","background-type":"","background-media":"","overlay-type":"","overlay-color":"","overlay-opacity":"","overlay-gradient":""},"tablet":{"background-color":"","background-image":"","background-repeat":"repeat","background-position":"center center","background-size":"auto","background-attachment":"scroll","background-type":"","background-media":"","overlay-type":"","overlay-color":"","overlay-opacity":"","overlay-gradient":""},"mobile":{"background-color":"","background-image":"","background-repeat":"repeat","background-position":"center center","background-size":"auto","background-attachment":"scroll","background-type":"","background-media":"","overlay-type":"","overlay-color":"","overlay-opacity":"","overlay-gradient":""}},"ast-content-background-meta":{"desktop":{"background-color":"var(--ast-global-color-5)","background-image":"","background-repeat":"repeat","background-position":"center center","background-size":"auto","background-attachment":"scroll","background-type":"","background-media":"","overlay-type":"","overlay-color":"","overlay-opacity":"","overlay-gradient":""},"tablet":{"background-color":"var(--ast-global-color-5)","background-image":"","background-repeat":"repeat","background-position":"center center","background-size":"auto","background-attachment":"scroll","background-type":"","background-media":"","overlay-type":"","overlay-color":"","overlay-opacity":"","overlay-gradient":""},"mobile":{"background-color":"var(--ast-global-color-5)","background-image":"","background-repeat":"repeat","background-position":"center center","background-size":"auto","background-attachment":"scroll","background-type":"","background-media":"","overlay-type":"","overlay-color":"","overlay-opacity":"","overlay-gradient":""}}},"product_brand":[],"product_cat":[39],"product_tag":[],"class_list":{"0":"post-434","1":"product","2":"type-product","3":"status-publish","4":"has-post-thumbnail","6":"product_cat-anti-aging","7":"desktop-align-left","8":"tablet-align-left","9":"mobile-align-left","10":"ast-product-gallery-layout-horizontal","11":"ast-magnify-disabled","12":"ast-product-tabs-layout-horizontal","13":"ast-qv-on-image","15":"first","16":"instock","17":"taxable","18":"shipping-taxable","19":"purchasable","20":"product-type-simple"},"yoast_head":"<!-- This site is optimized with the Yoast SEO Premium plugin v23.4 (Yoast SEO v26.6) - https:\/\/yoast.com\/wordpress\/plugins\/seo\/ -->\n<title>Lavuj Retinol Serum: Hier bestellen! Das Serum gegen Falten<\/title>\n<meta name=\"description\" content=\"Lavuj Retinol Serum: Professionelle Hautpflege f\u00fcr nachhaltige Ergebnisse und Verj\u00fcngung. Neue st\u00e4rkere Formel hier bestellen!\" \/>\n<meta name=\"robots\" content=\"index, follow, max-snippet:-1, max-image-preview:large, max-video-preview:-1\" \/>\n<link rel=\"canonical\" href=\"https:\/\/lavuj.com\/da\/produkt\/lavuj-retinol-serum\/\" \/>\n<meta property=\"og:locale\" content=\"da_DK\" \/>\n<meta property=\"og:type\" content=\"article\" \/>\n<meta property=\"og:title\" content=\"Lavuj Retinol Serum\" \/>\n<meta property=\"og:description\" content=\"Lavuj Retinol Serum: Professionelle Hautpflege f\u00fcr nachhaltige Ergebnisse und Verj\u00fcngung. Neue st\u00e4rkere Formel hier bestellen!\" \/>\n<meta property=\"og:url\" content=\"https:\/\/lavuj.com\/da\/produkt\/lavuj-retinol-serum\/\" \/>\n<meta property=\"og:site_name\" content=\"Lavuj\" \/>\n<meta property=\"article:modified_time\" content=\"2025-12-31T14:55:40+00:00\" \/>\n<meta property=\"og:image\" content=\"https:\/\/lavuj.com\/wp-content\/uploads\/2023\/06\/LAV01-Lavuj.jpg\" \/>\n\t<meta property=\"og:image:width\" content=\"1000\" \/>\n\t<meta property=\"og:image:height\" content=\"1000\" \/>\n\t<meta property=\"og:image:type\" content=\"image\/jpeg\" \/>\n<meta name=\"twitter:card\" content=\"summary_large_image\" \/>\n<meta name=\"twitter:label1\" content=\"Estimeret l\u00e6setid\" \/>\n\t<meta name=\"twitter:data1\" content=\"3 minutter\" \/>\n<script type=\"application\/ld+json\" class=\"yoast-schema-graph\">{\"@context\":\"https:\/\/schema.org\",\"@graph\":[{\"@type\":\"WebPage\",\"@id\":\"https:\/\/lavuj.com\/produkt\/lavuj-retinol-serum\/\",\"url\":\"https:\/\/lavuj.com\/produkt\/lavuj-retinol-serum\/\",\"name\":\"Lavuj Retinol Serum: Hier bestellen! Das Serum gegen Falten\",\"isPartOf\":{\"@id\":\"https:\/\/lavuj.com\/#website\"},\"primaryImageOfPage\":{\"@id\":\"https:\/\/lavuj.com\/produkt\/lavuj-retinol-serum\/#primaryimage\"},\"image\":{\"@id\":\"https:\/\/lavuj.com\/produkt\/lavuj-retinol-serum\/#primaryimage\"},\"thumbnailUrl\":\"https:\/\/lavuj.com\/wp-content\/uploads\/2023\/06\/LAV01-Lavuj.jpg\",\"datePublished\":\"2023-06-06T12:49:28+00:00\",\"dateModified\":\"2025-12-31T14:55:40+00:00\",\"description\":\"Lavuj Retinol Serum: Professionelle Hautpflege f\u00fcr nachhaltige Ergebnisse und Verj\u00fcngung. Neue st\u00e4rkere Formel hier bestellen!\",\"breadcrumb\":{\"@id\":\"https:\/\/lavuj.com\/produkt\/lavuj-retinol-serum\/#breadcrumb\"},\"inLanguage\":\"da-DK\",\"potentialAction\":[{\"@type\":\"ReadAction\",\"target\":[\"https:\/\/lavuj.com\/produkt\/lavuj-retinol-serum\/\"]}]},{\"@type\":\"ImageObject\",\"inLanguage\":\"da-DK\",\"@id\":\"https:\/\/lavuj.com\/produkt\/lavuj-retinol-serum\/#primaryimage\",\"url\":\"https:\/\/lavuj.com\/wp-content\/uploads\/2023\/06\/LAV01-Lavuj.jpg\",\"contentUrl\":\"https:\/\/lavuj.com\/wp-content\/uploads\/2023\/06\/LAV01-Lavuj.jpg\",\"width\":1000,\"height\":1000,\"caption\":\"Lavuj\"},{\"@type\":\"BreadcrumbList\",\"@id\":\"https:\/\/lavuj.com\/produkt\/lavuj-retinol-serum\/#breadcrumb\",\"itemListElement\":[{\"@type\":\"ListItem\",\"position\":1,\"name\":\"Lavuj\",\"item\":\"https:\/\/lavuj.com\/\"},{\"@type\":\"ListItem\",\"position\":2,\"name\":\"Shop\",\"item\":\"https:\/\/lavuj.com\/shop\/\"},{\"@type\":\"ListItem\",\"position\":3,\"name\":\"Lavuj Retinol Serum\"}]},{\"@type\":\"WebSite\",\"@id\":\"https:\/\/lavuj.com\/#website\",\"url\":\"https:\/\/lavuj.com\/\",\"name\":\"Lavuj\",\"description\":\"Retinol Serum\",\"publisher\":{\"@id\":\"https:\/\/lavuj.com\/#organization\"},\"potentialAction\":[{\"@type\":\"SearchAction\",\"target\":{\"@type\":\"EntryPoint\",\"urlTemplate\":\"https:\/\/lavuj.com\/?s={search_term_string}\"},\"query-input\":{\"@type\":\"PropertyValueSpecification\",\"valueRequired\":true,\"valueName\":\"search_term_string\"}}],\"inLanguage\":\"da-DK\"},{\"@type\":\"Organization\",\"@id\":\"https:\/\/lavuj.com\/#organization\",\"name\":\"Lavuj\",\"url\":\"https:\/\/lavuj.com\/\",\"logo\":{\"@type\":\"ImageObject\",\"inLanguage\":\"da-DK\",\"@id\":\"https:\/\/lavuj.com\/#\/schema\/logo\/image\/\",\"url\":\"https:\/\/lavuj.com\/wp-content\/uploads\/2021\/09\/cropped-LAVUJ-LOGO.png\",\"contentUrl\":\"https:\/\/lavuj.com\/wp-content\/uploads\/2021\/09\/cropped-LAVUJ-LOGO.png\",\"width\":191,\"height\":79,\"caption\":\"Lavuj\"},\"image\":{\"@id\":\"https:\/\/lavuj.com\/#\/schema\/logo\/image\/\"}}]}<\/script>\n<!-- \/ Yoast SEO Premium plugin. -->","yoast_head_json":{"title":"Lavuj Retinol Serum: Bestil her! Serummet mod rynker","description":"Lavuj Retinol Serum: Professionel hudpleje for varige resultater og foryngelse. Bestil den nye st\u00e6rkere formel her!","robots":{"index":"index","follow":"follow","max-snippet":"max-snippet:-1","max-image-preview":"max-image-preview:large","max-video-preview":"max-video-preview:-1"},"canonical":"https:\/\/lavuj.com\/da\/produkt\/lavuj-retinol-serum\/","og_locale":"da_DK","og_type":"article","og_title":"Lavuj Retinol Serum","og_description":"Lavuj Retinol Serum: Professionelle Hautpflege f\u00fcr nachhaltige Ergebnisse und Verj\u00fcngung. Neue st\u00e4rkere Formel hier bestellen!","og_url":"https:\/\/lavuj.com\/da\/produkt\/lavuj-retinol-serum\/","og_site_name":"Lavuj","article_modified_time":"2025-12-31T14:55:40+00:00","og_image":[{"width":1000,"height":1000,"url":"https:\/\/lavuj.com\/wp-content\/uploads\/2023\/06\/LAV01-Lavuj.jpg","type":"image\/jpeg"}],"twitter_card":"summary_large_image","twitter_misc":{"Estimeret l\u00e6setid":"3 minutter"},"schema":{"@context":"https:\/\/schema.org","@graph":[{"@type":"WebPage","@id":"https:\/\/lavuj.com\/produkt\/lavuj-retinol-serum\/","url":"https:\/\/lavuj.com\/produkt\/lavuj-retinol-serum\/","name":"Lavuj Retinol Serum: Bestil her! Serummet mod rynker","isPartOf":{"@id":"https:\/\/lavuj.com\/#website"},"primaryImageOfPage":{"@id":"https:\/\/lavuj.com\/produkt\/lavuj-retinol-serum\/#primaryimage"},"image":{"@id":"https:\/\/lavuj.com\/produkt\/lavuj-retinol-serum\/#primaryimage"},"thumbnailUrl":"https:\/\/lavuj.com\/wp-content\/uploads\/2023\/06\/LAV01-Lavuj.jpg","datePublished":"2023-06-06T12:49:28+00:00","dateModified":"2025-12-31T14:55:40+00:00","description":"Lavuj Retinol Serum: Professionel hudpleje for varige resultater og foryngelse. Bestil den nye st\u00e6rkere formel her!","breadcrumb":{"@id":"https:\/\/lavuj.com\/produkt\/lavuj-retinol-serum\/#breadcrumb"},"inLanguage":"da-DK","potentialAction":[{"@type":"ReadAction","target":["https:\/\/lavuj.com\/produkt\/lavuj-retinol-serum\/"]}]},{"@type":"ImageObject","inLanguage":"da-DK","@id":"https:\/\/lavuj.com\/produkt\/lavuj-retinol-serum\/#primaryimage","url":"https:\/\/lavuj.com\/wp-content\/uploads\/2023\/06\/LAV01-Lavuj.jpg","contentUrl":"https:\/\/lavuj.com\/wp-content\/uploads\/2023\/06\/LAV01-Lavuj.jpg","width":1000,"height":1000,"caption":"Lavuj"},{"@type":"BreadcrumbList","@id":"https:\/\/lavuj.com\/produkt\/lavuj-retinol-serum\/#breadcrumb","itemListElement":[{"@type":"ListItem","position":1,"name":"Lavuj","item":"https:\/\/lavuj.com\/"},{"@type":"ListItem","position":2,"name":"Shop","item":"https:\/\/lavuj.com\/shop\/"},{"@type":"ListItem","position":3,"name":"Lavuj Retinol Serum"}]},{"@type":"WebSite","@id":"https:\/\/lavuj.com\/#website","url":"https:\/\/lavuj.com\/","name":"Lavuj","description":"Retinol Serum","publisher":{"@id":"https:\/\/lavuj.com\/#organization"},"potentialAction":[{"@type":"SearchAction","target":{"@type":"EntryPoint","urlTemplate":"https:\/\/lavuj.com\/?s={search_term_string}"},"query-input":{"@type":"PropertyValueSpecification","valueRequired":true,"valueName":"search_term_string"}}],"inLanguage":"da-DK"},{"@type":"Organization","@id":"https:\/\/lavuj.com\/#organization","name":"Lavuj","url":"https:\/\/lavuj.com\/","logo":{"@type":"ImageObject","inLanguage":"da-DK","@id":"https:\/\/lavuj.com\/#\/schema\/logo\/image\/","url":"https:\/\/lavuj.com\/wp-content\/uploads\/2021\/09\/cropped-LAVUJ-LOGO.png","contentUrl":"https:\/\/lavuj.com\/wp-content\/uploads\/2021\/09\/cropped-LAVUJ-LOGO.png","width":191,"height":79,"caption":"Lavuj"},"image":{"@id":"https:\/\/lavuj.com\/#\/schema\/logo\/image\/"}}]}},"uagb_featured_image_src":{"full":["https:\/\/lavuj.com\/wp-content\/uploads\/2023\/06\/LAV01-Lavuj.jpg",1000,1000,false],"thumbnail":["https:\/\/lavuj.com\/wp-content\/uploads\/2023\/06\/LAV01-Lavuj-150x150.jpg",150,150,true],"medium":["https:\/\/lavuj.com\/wp-content\/uploads\/2023\/06\/LAV01-Lavuj-300x300.jpg",300,300,true],"medium_large":["https:\/\/lavuj.com\/wp-content\/uploads\/2023\/06\/LAV01-Lavuj-768x768.jpg",768,768,true],"large":["https:\/\/lavuj.com\/wp-content\/uploads\/2023\/06\/LAV01-Lavuj.jpg",1000,1000,false],"1536x1536":["https:\/\/lavuj.com\/wp-content\/uploads\/2023\/06\/LAV01-Lavuj.jpg",1000,1000,false],"2048x2048":["https:\/\/lavuj.com\/wp-content\/uploads\/2023\/06\/LAV01-Lavuj.jpg",1000,1000,false],"trp-custom-language-flag":["https:\/\/lavuj.com\/wp-content\/uploads\/2023\/06\/LAV01-Lavuj.jpg",12,12,false],"woocommerce_thumbnail":["https:\/\/lavuj.com\/wp-content\/uploads\/2023\/06\/LAV01-Lavuj-300x300.jpg",300,300,true],"woocommerce_single":["https:\/\/lavuj.com\/wp-content\/uploads\/2023\/06\/LAV01-Lavuj-600x600.jpg",600,600,true],"woocommerce_gallery_thumbnail":["https:\/\/lavuj.com\/wp-content\/uploads\/2023\/06\/LAV01-Lavuj-100x100.jpg",100,100,true]},"uagb_author_info":{"display_name":"Kerem085","author_link":"https:\/\/lavuj.com\/da\/author\/kerem085\/"},"uagb_comment_info":0,"uagb_excerpt":"Retinol Serum gegen Falten. Erleben Sie den Unterschied mit Lavuj - Das Anti-Aging-Serum, das Retinol revolutioniert. Neu: Liposomale Formulierung! Retinol Liposomal Fermentiert Ohne Hormone Dermatologisch getestet","featured_img":"https:\/\/lavuj.com\/wp-content\/uploads\/2023\/06\/LAV01-Lavuj.jpg","coauthors":[],"author_meta":{"author_link":"https:\/\/lavuj.com\/da\/author\/kerem085\/","display_name":"Kerem085"},"relative_dates":{"created":"Udgivet 3 \u00e5r siden","modified":"Opdateret 4 m\u00e5neder siden"},"absolute_dates":{"created":"Udgivet 6. juni 2023","modified":"Opdateret 31. december 2025"},"absolute_dates_time":{"created":"Udgivet 6. juni 2023 12:49","modified":"Opdateret 31. december 2025 15:55"},"featured_img_caption":"Lavuj","tax_additional":{"product_brand":{"linked":[],"unlinked":[],"slug":"product_brand","name":"Varem\u00e6rker"},"product_type":{"linked":["<a href=\"https:\/\/lavuj.com\/da\/?taxonomy=product_type&#038;term=simple\" class=\"advgb-post-tax-term\">simple<\/a>"],"unlinked":["<span class=\"advgb-post-tax-term\">simple<\/span>"],"slug":"product_type","name":"Varetype"},"product_visibility":{"linked":[],"unlinked":[],"slug":"product_visibility","name":"Varesynlighed"},"product_cat":{"linked":["<a href=\"https:\/\/lavuj.com\/da\/vare-kategori\/anti-aging\/\" class=\"advgb-post-tax-term\">Anti Aging<\/a>"],"unlinked":["<span class=\"advgb-post-tax-term\">Anti Aging<\/span>"],"slug":"product_cat","name":"Varekategorier"},"product_tag":{"linked":[],"unlinked":[],"slug":"product_tag","name":"Varen\u00f8gleord"},"product_shipping_class":{"linked":[],"unlinked":[],"slug":"product_shipping_class","name":"Vareforsendelsesklasser"},"pa_brand":{"linked":[],"unlinked":[],"slug":"pa_brand","name":"Vare Marke"}},"series_order":"","_links":{"self":[{"href":"https:\/\/lavuj.com\/da\/wp-json\/wp\/v2\/product\/434","targetHints":{"allow":["GET"]}}],"collection":[{"href":"https:\/\/lavuj.com\/da\/wp-json\/wp\/v2\/product"}],"about":[{"href":"https:\/\/lavuj.com\/da\/wp-json\/wp\/v2\/types\/product"}],"wp:featuredmedia":[{"embeddable":true,"href":"https:\/\/lavuj.com\/da\/wp-json\/wp\/v2\/media\/436"}],"wp:attachment":[{"href":"https:\/\/lavuj.com\/da\/wp-json\/wp\/v2\/media?parent=434"}],"wp:term":[{"taxonomy":"product_brand","embeddable":true,"href":"https:\/\/lavuj.com\/da\/wp-json\/wp\/v2\/product_brand?post=434"},{"taxonomy":"product_cat","embeddable":true,"href":"https:\/\/lavuj.com\/da\/wp-json\/wp\/v2\/product_cat?post=434"},{"taxonomy":"product_tag","embeddable":true,"href":"https:\/\/lavuj.com\/da\/wp-json\/wp\/v2\/product_tag?post=434"}],"curies":[{"name":"wp","href":"https:\/\/api.w.org\/{rel}","templated":true}]}}