{"id":14,"date":"2021-09-27T05:23:22","date_gmt":"2021-09-27T05:23:22","guid":{"rendered":"https:\/\/lavuj.com\/?page_id=14"},"modified":"2023-06-21T09:57:39","modified_gmt":"2023-06-21T09:57:39","slug":"agb","status":"publish","type":"page","link":"https:\/\/lavuj.com\/es\/agb\/","title":{"rendered":"GT&amp;C"},"content":{"rendered":"<p><strong>Condiciones generales e informaci\u00f3n al cliente<\/strong><\/p>\n\n\n\n<p>I. Condiciones generales<\/p>\n\n\n\n<p>\u00a7 1 Disposiciones b\u00e1sicas<\/p>\n\n\n\n<p>(1) Las siguientes condiciones se aplican a todos los contratos que celebre con nosotros como proveedor (Lavuj) a trav\u00e9s del sitio web www.lavuj.com. A menos que se acuerde lo contrario, nos oponemos a la inclusi\u00f3n de t\u00e9rminos y condiciones propios que usted pueda utilizar.<\/p>\n\n\n\n<p>(2) Un consumidor en el sentido de las disposiciones siguientes es toda persona f\u00edsica que celebra un negocio jur\u00eddico con fines que no pueden atribuirse predominantemente ni a su actividad comercial ni a su actividad profesional independiente. Un empresario es toda persona f\u00edsica o jur\u00eddica o una sociedad con capacidad jur\u00eddica que, al celebrar un negocio jur\u00eddico, act\u00faa en el ejercicio de su actividad profesional o comercial independiente.<\/p>\n\n\n\n<p>\u00a7 2 Celebraci\u00f3n del contrato<\/p>\n\n\n\n<p>(1) El objeto del contrato es la venta de bienes.<\/p>\n\n\n\n<p>(2) Al colocar el producto correspondiente en nuestro sitio web, le presentamos una oferta vinculante para celebrar un contrato en las condiciones indicadas en la descripci\u00f3n del art\u00edculo.<\/p>\n\n\n\n<p>(3) El contrato se celebra a trav\u00e9s del sistema de cesta de la compra en l\u00ednea de la siguiente manera:<br>Los productos destinados a la compra se colocan en la \"cesta de la compra\". Puede acceder a la \"cesta de la compra\" a trav\u00e9s del bot\u00f3n correspondiente de la barra de navegaci\u00f3n y realizar cambios en cualquier momento.<br>Tras acceder a la p\u00e1gina \"Realizar pedido\" e introducir los datos personales, as\u00ed como las condiciones de pago y env\u00edo, todos los datos del pedido se muestran finalmente de nuevo en la p\u00e1gina de resumen del pedido.<br>Si utiliza un sistema de pago instant\u00e1neo (por ejemplo, PayPal \/ PayPal Express \/ PayPal Plus, Amazon Payments, Postpay, Sofort\u00fcberweisung) como m\u00e9todo de pago, se le dirigir\u00e1 a la p\u00e1gina de resumen del pedido en nuestra tienda en l\u00ednea o se le redirigir\u00e1 primero al sitio web del proveedor del sistema de pago instant\u00e1neo.<br>Si se le redirige al sistema de pago instant\u00e1neo correspondiente, haga la selecci\u00f3n correspondiente o introduzca all\u00ed sus datos. Finalmente, ser\u00e1 redirigido de nuevo a nuestra tienda online a la p\u00e1gina de resumen del pedido.<br>Antes de enviar el pedido, tiene la posibilidad de volver a comprobar todos los datos, modificarlos (tambi\u00e9n a trav\u00e9s de la funci\u00f3n \"atr\u00e1s\" del navegador de Internet) o cancelar la compra.<br>Al enviar el pedido mediante el bot\u00f3n \"comprar ahora\", usted declara la aceptaci\u00f3n jur\u00eddicamente vinculante de la oferta, por lo que se perfecciona el contrato.<\/p>\n\n\n\n<p>(4) Sus solicitudes de preparaci\u00f3n de una oferta no son vinculantes para usted. Le presentaremos una oferta vinculante en forma de texto (por ejemplo, por correo electr\u00f3nico), que podr\u00e1 aceptar en un plazo de 5 d\u00edas.<\/p>\n\n\n\n<p>(5) La tramitaci\u00f3n del pedido y la transmisi\u00f3n de toda la informaci\u00f3n necesaria en relaci\u00f3n con la celebraci\u00f3n del contrato se realiza por correo electr\u00f3nico, en parte de forma autom\u00e1tica. Por lo tanto, debe asegurarse de que la direcci\u00f3n de correo electr\u00f3nico que nos ha facilitado es correcta, de que la recepci\u00f3n de los correos electr\u00f3nicos est\u00e1 t\u00e9cnicamente garantizada y, en particular, de que no lo impiden los filtros de SPAM.<\/p>\n\n\n\n<p>\u00a7 3 Duraci\u00f3n del contrato \/ Rescisi\u00f3n<\/p>\n\n\n\n<p>Si el contrato se refiere a servicios recurrentes\/permanentes (suscripci\u00f3n), el contrato se celebra por tiempo indefinido. Cada una de las partes del contrato tiene derecho a rescindirlo sin previo aviso hasta la siguiente fecha de entrega, sin indicar los motivos. El derecho de rescisi\u00f3n extraordinaria por causa justificada, en particular el incumplimiento reiterado de las principales obligaciones contractuales, no se ver\u00e1 afectado.<\/p>\n\n\n\n<p>La cancelaci\u00f3n puede realizarse en la cuenta del cliente a trav\u00e9s de la opci\u00f3n de men\u00fa \"Suscripci\u00f3n\" y all\u00ed mediante el \"Formulario de cancelaci\u00f3n\" o en forma de texto (por correo postal o electr\u00f3nico).<\/p>\n\n\n\n<p>\u00a7 4 Derecho de retenci\u00f3n, reserva de propiedad<\/p>\n\n\n\n<p>(1) S\u00f3lo podr\u00e1 ejercer un derecho de retenci\u00f3n en la medida en que se refiera a reclamaciones de la misma relaci\u00f3n contractual.<\/p>\n\n\n\n<p>(2) La mercanc\u00eda sigue siendo de nuestra propiedad hasta el pago \u00edntegro del precio de compra.<\/p>\n\n\n\n<p>\u00a7 5 Responsabilidad<\/p>\n\n\n\n<p>(1) Seremos responsables en cada caso, sin limitaci\u00f3n, de los da\u00f1os derivados de lesiones a la vida, la integridad f\u00edsica o la salud. Adem\u00e1s, seremos responsables sin limitaci\u00f3n en todos los casos de dolo y negligencia grave, en caso de ocultaci\u00f3n fraudulenta de un defecto, en caso de asunci\u00f3n de una garant\u00eda por la calidad del objeto de compra y en todos los dem\u00e1s casos regulados por la ley.<\/p>\n\n\n\n<p>(2) La responsabilidad por defectos en el \u00e1mbito de la garant\u00eda legal se regir\u00e1 por la disposici\u00f3n correspondiente de nuestra informaci\u00f3n al cliente (Parte II).<\/p>\n\n\n\n<p>(3) En la medida en que se vean afectadas obligaciones contractuales esenciales, nuestra responsabilidad por negligencia leve se limitar\u00e1 a los da\u00f1os previsibles t\u00edpicos del contrato. Las obligaciones contractuales esenciales son obligaciones materiales que se derivan de la naturaleza del contrato y cuyo incumplimiento pondr\u00eda en peligro la consecuci\u00f3n de la finalidad del contrato, as\u00ed como las obligaciones que el contrato nos impone seg\u00fan su contenido para la consecuci\u00f3n de la finalidad del contrato, cuyo cumplimiento hace posible en primer lugar la correcta ejecuci\u00f3n del contrato y en cuyo cumplimiento usted puede confiar regularmente.<\/p>\n\n\n\n<p>(4) En caso de incumplimiento de obligaciones contractuales inmateriales, queda excluida la responsabilidad en caso de incumplimiento de obligaciones por negligencia leve.<\/p>\n\n\n\n<p>(5) No se puede garantizar que la comunicaci\u00f3n de datos a trav\u00e9s de Internet est\u00e9 libre de errores y\/o disponible en todo momento seg\u00fan el estado actual de la t\u00e9cnica. En este sentido, no nos hacemos responsables de la disponibilidad constante o ininterrumpida del sitio web y del servicio que en \u00e9l se ofrece.<\/p>\n\n\n\n<p>\u00a7 6 Elecci\u00f3n de la ley aplicable, lugar de ejecuci\u00f3n, fuero competente<\/p>\n\n\n\n<p>(1) Se aplicar\u00e1 la legislaci\u00f3n alemana. En el caso de los consumidores, esta elecci\u00f3n de ley s\u00f3lo se aplicar\u00e1 en la medida en que la protecci\u00f3n concedida por las disposiciones imperativas de la ley del estado de la residencia habitual del consumidor no se retire como resultado (principio de favorabilidad).<\/p>\n\n\n\n<p>(2) El lugar de cumplimiento para todas las prestaciones derivadas de las relaciones comerciales existentes con nosotros, as\u00ed como el lugar de jurisdicci\u00f3n es nuestro domicilio social, siempre que usted no sea un consumidor sino un comerciante, una persona jur\u00eddica de derecho p\u00fablico o un patrimonio especial de derecho p\u00fablico. Lo mismo se aplica si usted no tiene un fuero general en Alemania o en la UE o si se desconoce su lugar de residencia o domicilio habitual en el momento de interponer la demanda. El derecho a interponer tambi\u00e9n una demanda ante el tribunal de otro fuero legal no se ve afectado por ello.<\/p>\n\n\n\n<p>(3) No se aplicar\u00e1n expresamente las disposiciones de la Convenci\u00f3n de las Naciones Unidas sobre los Contratos de Compraventa Internacional de Mercader\u00edas.<\/p>\n\n\n\n<p>_______<\/p>\n\n\n\n<p>II. Informaci\u00f3n al cliente<\/p>\n\n\n\n<p>1. Identidad del vendedor<\/p>\n\n\n\n<figure class=\"wp-block-image size-full is-resized\"><img loading=\"lazy\" decoding=\"async\" src=\"https:\/\/lavuj.com\/wp-content\/uploads\/2023\/06\/Press.png\" alt=\"\" class=\"wp-image-603\" width=\"229\" height=\"163\" srcset=\"https:\/\/lavuj.com\/wp-content\/uploads\/2023\/06\/Press.png 549w, https:\/\/lavuj.com\/wp-content\/uploads\/2023\/06\/Press-300x213.png 300w, https:\/\/lavuj.com\/wp-content\/uploads\/2023\/06\/Press-18x12.png 18w\" sizes=\"auto, (max-width: 229px) 100vw, 229px\" \/><\/figure>\n\n\n\n<p>La Comisi\u00f3n Europea ofrece una plataforma para la resoluci\u00f3n extrajudicial de litigios en l\u00ednea (plataforma RLL), a la que se puede acceder en&nbsp;<a href=\"http:\/\/ec.europa.eu\/odr\" target=\"_blank\" rel=\"noreferrer noopener\">http:\/\/ec.europa.eu\/odr<\/a>.<\/p>\n\n\n\n<p>2. Informaci\u00f3n sobre la celebraci\u00f3n del contrato<\/p>\n\n\n\n<p>Los pasos t\u00e9cnicos para la celebraci\u00f3n del contrato, la celebraci\u00f3n del contrato en s\u00ed y las opciones de correcci\u00f3n se llevan a cabo de conformidad con el \u00a7 2 de nuestras Condiciones Generales (Parte I.).<\/p>\n\n\n\n<p>3. Lenguaje contractual, almacenamiento de texto contractual<\/p>\n\n\n\n<p>3.1. La lengua contractual es el ingl\u00e9s.<\/p>\n\n\n\n<p>3.2 No almacenaremos el texto \u00edntegro del contrato. Antes de enviar el pedido a trav\u00e9s del sistema de cesta de la compra en l\u00ednea, los datos del contrato pueden imprimirse o guardarse electr\u00f3nicamente mediante la funci\u00f3n de impresi\u00f3n del navegador. Tras la recepci\u00f3n del pedido por nuestra parte, se le enviar\u00e1n de nuevo por correo electr\u00f3nico los datos del pedido, la informaci\u00f3n exigida legalmente para los contratos a distancia y las Condiciones Generales.<\/p>\n\n\n\n<p>3.3 En el caso de solicitudes de oferta fuera del sistema de cesta de la compra en l\u00ednea, recibir\u00e1 todos los datos contractuales como parte de una oferta vinculante en forma de texto, por ejemplo, por correo electr\u00f3nico, que podr\u00e1 imprimir o guardar electr\u00f3nicamente.<\/p>\n\n\n\n<p>4. Caracter\u00edsticas esenciales de los bienes o servicios<\/p>\n\n\n\n<p>Las caracter\u00edsticas esenciales de los bienes y\/o servicios pueden consultarse en la oferta correspondiente.<\/p>\n\n\n\n<p>5. Precios y modalidades de pago<\/p>\n\n\n\n<p>5.1 Los precios indicados en las respectivas ofertas, as\u00ed como los gastos de env\u00edo, representan precios totales. Incluyen todos los componentes del precio, incluidos todos los impuestos aplicables.<\/p>\n\n\n\n<p>5.2 Los gastos de env\u00edo no est\u00e1n incluidos en el precio de compra. Pueden consultarse a trav\u00e9s de un bot\u00f3n designado a tal efecto en nuestro sitio web o en la oferta correspondiente, se muestran por separado en el transcurso del proceso de pedido y correr\u00e1n a su cargo de forma adicional, a menos que se haya prometido un env\u00edo gratuito.<\/p>\n\n\n\n<p>5.3 Los m\u00e9todos de pago a su disposici\u00f3n se muestran en un bot\u00f3n designado a tal efecto en nuestro sitio web o en la oferta respectiva.<\/p>\n\n\n\n<p>5.4 Salvo que se indique lo contrario en las distintas modalidades de pago, las reclamaciones de pago derivadas del contrato celebrado son exigibles inmediatamente.<\/p>\n\n\n\n<p>6. Condiciones de entrega<\/p>\n\n\n\n<p>6.1 Las condiciones de entrega, la fecha de entrega y cualquier restricci\u00f3n de entrega existente pueden consultarse en el bot\u00f3n correspondiente de nuestra p\u00e1gina web o en la oferta correspondiente.<\/p>\n\n\n\n<p>6.2 Si usted es un consumidor, est\u00e1 regulado por ley que el riesgo de p\u00e9rdida accidental y deterioro accidental del art\u00edculo vendido durante el env\u00edo s\u00f3lo se le transfiere a usted en el momento de la entrega de la mercanc\u00eda, independientemente de si el env\u00edo est\u00e1 asegurado o no. Esto no se aplica si usted ha encargado de forma independiente a una empresa de transporte no nombrada por el empresario o a una persona designada de otro modo para realizar el env\u00edo.<\/p>\n\n\n\n<p>7. Responsabilidad legal por defectos<\/p>\n\n\n\n<p>7.1 Se aplicar\u00e1n los derechos legales de responsabilidad por defectos.<\/p>\n\n\n\n<p>7.2 En su calidad de consumidor, le rogamos que compruebe la integridad, los defectos evidentes y los da\u00f1os de transporte de la mercanc\u00eda inmediatamente despu\u00e9s de la entrega y que nos notifique cualquier reclamaci\u00f3n a nosotros y al transportista lo antes posible. El incumplimiento de esta obligaci\u00f3n no afectar\u00e1 a sus derechos de garant\u00eda.<\/p>","protected":false},"excerpt":{"rendered":"<p>Allgemeine Gesch\u00e4ftsbedingungen und Kundeninformationen I. Allgemeine Gesch\u00e4ftsbedingungen \u00a7 1 Grundlegende Bestimmungen (1) Die nachstehenden Gesch\u00e4ftsbedingungen gelten f\u00fcr alle Vertr\u00e4ge, die Sie mit uns als Anbieter (Lavuj) \u00fcber die Internetseite www.lavuj.com [&hellip;]<\/p>","protected":false},"author":1,"featured_media":0,"parent":0,"menu_order":0,"comment_status":"closed","ping_status":"closed","template":"","meta":{"_uag_custom_page_level_css":"","advgb_blocks_editor_width":"","advgb_blocks_columns_visual_guide":"","site-sidebar-layout":"default","site-content-layout":"default","ast-site-content-layout":"default","site-content-style":"default","site-sidebar-style":"default","ast-global-header-display":"","ast-banner-title-visibility":"","ast-main-header-display":"","ast-hfb-above-header-display":"","ast-hfb-below-header-display":"","ast-hfb-mobile-header-display":"","site-post-title":"","ast-breadcrumbs-content":"","ast-featured-img":"","footer-sml-layout":"","ast-disable-related-posts":"","theme-transparent-header-meta":"default","adv-header-id-meta":"","stick-header-meta":"default","header-above-stick-meta":"","header-main-stick-meta":"","header-below-stick-meta":"","astra-migrate-meta-layouts":"default","ast-page-background-enabled":"default","ast-page-background-meta":{"desktop":{"background-color":"","background-image":"","background-repeat":"repeat","background-position":"center center","background-size":"auto","background-attachment":"scroll","background-type":"","background-media":"","overlay-type":"","overlay-color":"","overlay-opacity":"","overlay-gradient":""},"tablet":{"background-color":"","background-image":"","background-repeat":"repeat","background-position":"center center","background-size":"auto","background-attachment":"scroll","background-type":"","background-media":"","overlay-type":"","overlay-color":"","overlay-opacity":"","overlay-gradient":""},"mobile":{"background-color":"","background-image":"","background-repeat":"repeat","background-position":"center center","background-size":"auto","background-attachment":"scroll","background-type":"","background-media":"","overlay-type":"","overlay-color":"","overlay-opacity":"","overlay-gradient":""}},"ast-content-background-meta":{"desktop":{"background-color":"var(--ast-global-color-5)","background-image":"","background-repeat":"repeat","background-position":"center center","background-size":"auto","background-attachment":"scroll","background-type":"","background-media":"","overlay-type":"","overlay-color":"","overlay-opacity":"","overlay-gradient":""},"tablet":{"background-color":"var(--ast-global-color-5)","background-image":"","background-repeat":"repeat","background-position":"center center","background-size":"auto","background-attachment":"scroll","background-type":"","background-media":"","overlay-type":"","overlay-color":"","overlay-opacity":"","overlay-gradient":""},"mobile":{"background-color":"var(--ast-global-color-5)","background-image":"","background-repeat":"repeat","background-position":"center center","background-size":"auto","background-attachment":"scroll","background-type":"","background-media":"","overlay-type":"","overlay-color":"","overlay-opacity":"","overlay-gradient":""}},"footnotes":""},"class_list":["post-14","page","type-page","status-publish","hentry"],"yoast_head":"<!-- This site is optimized with the Yoast SEO Premium plugin v23.4 (Yoast SEO v26.6) - https:\/\/yoast.com\/wordpress\/plugins\/seo\/ -->\n<title>AGB | Lavuj<\/title>\n<meta name=\"robots\" content=\"noindex, nofollow\" \/>\n<meta property=\"og:locale\" content=\"es_ES\" \/>\n<meta property=\"og:type\" content=\"article\" \/>\n<meta property=\"og:title\" content=\"AGB\" \/>\n<meta property=\"og:description\" content=\"Allgemeine Gesch\u00e4ftsbedingungen und Kundeninformationen I. Allgemeine Gesch\u00e4ftsbedingungen \u00a7 1 Grundlegende Bestimmungen (1) Die nachstehenden Gesch\u00e4ftsbedingungen gelten f\u00fcr alle Vertr\u00e4ge, die Sie mit uns als Anbieter (Lavuj) \u00fcber die Internetseite www.lavuj.com [&hellip;]\" \/>\n<meta property=\"og:url\" content=\"https:\/\/lavuj.com\/es\/agb\/\" \/>\n<meta property=\"og:site_name\" content=\"Lavuj\" \/>\n<meta property=\"article:modified_time\" content=\"2023-06-21T09:57:39+00:00\" \/>\n<meta property=\"og:image\" content=\"https:\/\/lavuj.com\/wp-content\/uploads\/2023\/06\/Press.png\" \/>\n<meta name=\"twitter:card\" content=\"summary_large_image\" \/>\n<meta name=\"twitter:label1\" content=\"Tiempo de lectura\" \/>\n\t<meta name=\"twitter:data1\" content=\"8 minutos\" \/>\n<script type=\"application\/ld+json\" class=\"yoast-schema-graph\">{\"@context\":\"https:\/\/schema.org\",\"@graph\":[{\"@type\":\"WebPage\",\"@id\":\"https:\/\/lavuj.com\/agb\/\",\"url\":\"https:\/\/lavuj.com\/agb\/\",\"name\":\"AGB | Lavuj\",\"isPartOf\":{\"@id\":\"https:\/\/lavuj.com\/#website\"},\"primaryImageOfPage\":{\"@id\":\"https:\/\/lavuj.com\/agb\/#primaryimage\"},\"image\":{\"@id\":\"https:\/\/lavuj.com\/agb\/#primaryimage\"},\"thumbnailUrl\":\"https:\/\/lavuj.com\/wp-content\/uploads\/2023\/06\/Press.png\",\"datePublished\":\"2021-09-27T05:23:22+00:00\",\"dateModified\":\"2023-06-21T09:57:39+00:00\",\"breadcrumb\":{\"@id\":\"https:\/\/lavuj.com\/agb\/#breadcrumb\"},\"inLanguage\":\"es\",\"potentialAction\":[{\"@type\":\"ReadAction\",\"target\":[\"https:\/\/lavuj.com\/agb\/\"]}]},{\"@type\":\"ImageObject\",\"inLanguage\":\"es\",\"@id\":\"https:\/\/lavuj.com\/agb\/#primaryimage\",\"url\":\"https:\/\/lavuj.com\/wp-content\/uploads\/2023\/06\/Press.png\",\"contentUrl\":\"https:\/\/lavuj.com\/wp-content\/uploads\/2023\/06\/Press.png\"},{\"@type\":\"BreadcrumbList\",\"@id\":\"https:\/\/lavuj.com\/agb\/#breadcrumb\",\"itemListElement\":[{\"@type\":\"ListItem\",\"position\":1,\"name\":\"Lavuj\",\"item\":\"https:\/\/lavuj.com\/\"},{\"@type\":\"ListItem\",\"position\":2,\"name\":\"AGB\"}]},{\"@type\":\"WebSite\",\"@id\":\"https:\/\/lavuj.com\/#website\",\"url\":\"https:\/\/lavuj.com\/\",\"name\":\"Lavuj\",\"description\":\"Retinol Serum\",\"publisher\":{\"@id\":\"https:\/\/lavuj.com\/#organization\"},\"potentialAction\":[{\"@type\":\"SearchAction\",\"target\":{\"@type\":\"EntryPoint\",\"urlTemplate\":\"https:\/\/lavuj.com\/?s={search_term_string}\"},\"query-input\":{\"@type\":\"PropertyValueSpecification\",\"valueRequired\":true,\"valueName\":\"search_term_string\"}}],\"inLanguage\":\"es\"},{\"@type\":\"Organization\",\"@id\":\"https:\/\/lavuj.com\/#organization\",\"name\":\"Lavuj\",\"url\":\"https:\/\/lavuj.com\/\",\"logo\":{\"@type\":\"ImageObject\",\"inLanguage\":\"es\",\"@id\":\"https:\/\/lavuj.com\/#\/schema\/logo\/image\/\",\"url\":\"https:\/\/lavuj.com\/wp-content\/uploads\/2021\/09\/cropped-LAVUJ-LOGO.png\",\"contentUrl\":\"https:\/\/lavuj.com\/wp-content\/uploads\/2021\/09\/cropped-LAVUJ-LOGO.png\",\"width\":191,\"height\":79,\"caption\":\"Lavuj\"},\"image\":{\"@id\":\"https:\/\/lavuj.com\/#\/schema\/logo\/image\/\"}}]}<\/script>\n<!-- \/ Yoast SEO Premium plugin. -->","yoast_head_json":{"title":"AGB | Lavuj","robots":{"index":"noindex","follow":"nofollow"},"og_locale":"es_ES","og_type":"article","og_title":"AGB","og_description":"Allgemeine Gesch\u00e4ftsbedingungen und Kundeninformationen I. Allgemeine Gesch\u00e4ftsbedingungen \u00a7 1 Grundlegende Bestimmungen (1) Die nachstehenden Gesch\u00e4ftsbedingungen gelten f\u00fcr alle Vertr\u00e4ge, die Sie mit uns als Anbieter (Lavuj) \u00fcber die Internetseite www.lavuj.com [&hellip;]","og_url":"https:\/\/lavuj.com\/es\/agb\/","og_site_name":"Lavuj","article_modified_time":"2023-06-21T09:57:39+00:00","og_image":[{"url":"https:\/\/lavuj.com\/wp-content\/uploads\/2023\/06\/Press.png","type":"","width":"","height":""}],"twitter_card":"summary_large_image","twitter_misc":{"Tiempo de lectura":"8 minutos"},"schema":{"@context":"https:\/\/schema.org","@graph":[{"@type":"WebPage","@id":"https:\/\/lavuj.com\/agb\/","url":"https:\/\/lavuj.com\/agb\/","name":"AGB | Lavuj","isPartOf":{"@id":"https:\/\/lavuj.com\/#website"},"primaryImageOfPage":{"@id":"https:\/\/lavuj.com\/agb\/#primaryimage"},"image":{"@id":"https:\/\/lavuj.com\/agb\/#primaryimage"},"thumbnailUrl":"https:\/\/lavuj.com\/wp-content\/uploads\/2023\/06\/Press.png","datePublished":"2021-09-27T05:23:22+00:00","dateModified":"2023-06-21T09:57:39+00:00","breadcrumb":{"@id":"https:\/\/lavuj.com\/agb\/#breadcrumb"},"inLanguage":"es","potentialAction":[{"@type":"ReadAction","target":["https:\/\/lavuj.com\/agb\/"]}]},{"@type":"ImageObject","inLanguage":"es","@id":"https:\/\/lavuj.com\/agb\/#primaryimage","url":"https:\/\/lavuj.com\/wp-content\/uploads\/2023\/06\/Press.png","contentUrl":"https:\/\/lavuj.com\/wp-content\/uploads\/2023\/06\/Press.png"},{"@type":"BreadcrumbList","@id":"https:\/\/lavuj.com\/agb\/#breadcrumb","itemListElement":[{"@type":"ListItem","position":1,"name":"Lavuj","item":"https:\/\/lavuj.com\/"},{"@type":"ListItem","position":2,"name":"AGB"}]},{"@type":"WebSite","@id":"https:\/\/lavuj.com\/#website","url":"https:\/\/lavuj.com\/","name":"Lavuj","description":"Retinol Serum","publisher":{"@id":"https:\/\/lavuj.com\/#organization"},"potentialAction":[{"@type":"SearchAction","target":{"@type":"EntryPoint","urlTemplate":"https:\/\/lavuj.com\/?s={search_term_string}"},"query-input":{"@type":"PropertyValueSpecification","valueRequired":true,"valueName":"search_term_string"}}],"inLanguage":"es"},{"@type":"Organization","@id":"https:\/\/lavuj.com\/#organization","name":"Lavuj","url":"https:\/\/lavuj.com\/","logo":{"@type":"ImageObject","inLanguage":"es","@id":"https:\/\/lavuj.com\/#\/schema\/logo\/image\/","url":"https:\/\/lavuj.com\/wp-content\/uploads\/2021\/09\/cropped-LAVUJ-LOGO.png","contentUrl":"https:\/\/lavuj.com\/wp-content\/uploads\/2021\/09\/cropped-LAVUJ-LOGO.png","width":191,"height":79,"caption":"Lavuj"},"image":{"@id":"https:\/\/lavuj.com\/#\/schema\/logo\/image\/"}}]}},"uagb_featured_image_src":{"full":false,"thumbnail":false,"medium":false,"medium_large":false,"large":false,"1536x1536":false,"2048x2048":false,"trp-custom-language-flag":false,"woocommerce_thumbnail":false,"woocommerce_single":false,"woocommerce_gallery_thumbnail":false},"uagb_author_info":{"display_name":"Kerem085","author_link":"https:\/\/lavuj.com\/es\/author\/kerem085\/"},"uagb_comment_info":0,"uagb_excerpt":"Allgemeine Gesch\u00e4ftsbedingungen und Kundeninformationen I. Allgemeine Gesch\u00e4ftsbedingungen \u00a7 1 Grundlegende Bestimmungen (1) Die nachstehenden Gesch\u00e4ftsbedingungen gelten f\u00fcr alle Vertr\u00e4ge, die Sie mit uns als Anbieter (Lavuj) \u00fcber die Internetseite www.lavuj.com [&hellip;]","coauthors":[],"author_meta":{"author_link":"https:\/\/lavuj.com\/es\/author\/kerem085\/","display_name":"Kerem085"},"relative_dates":{"created":"Publicado 5 a\u00f1os hace","modified":"Actualizado 3 a\u00f1os hace"},"absolute_dates":{"created":"Publicado el 27. septiembre 2021","modified":"Actualizado el 21. junio 2023"},"absolute_dates_time":{"created":"Publicado el 27. septiembre 2021 5:23","modified":"Actualizado el 21. junio 2023 9:57"},"featured_img_caption":"","featured_img":false,"series_order":"","_links":{"self":[{"href":"https:\/\/lavuj.com\/es\/wp-json\/wp\/v2\/pages\/14","targetHints":{"allow":["GET"]}}],"collection":[{"href":"https:\/\/lavuj.com\/es\/wp-json\/wp\/v2\/pages"}],"about":[{"href":"https:\/\/lavuj.com\/es\/wp-json\/wp\/v2\/types\/page"}],"author":[{"embeddable":true,"href":"https:\/\/lavuj.com\/es\/wp-json\/wp\/v2\/users\/1"}],"replies":[{"embeddable":true,"href":"https:\/\/lavuj.com\/es\/wp-json\/wp\/v2\/comments?post=14"}],"version-history":[{"count":4,"href":"https:\/\/lavuj.com\/es\/wp-json\/wp\/v2\/pages\/14\/revisions"}],"predecessor-version":[{"id":604,"href":"https:\/\/lavuj.com\/es\/wp-json\/wp\/v2\/pages\/14\/revisions\/604"}],"wp:attachment":[{"href":"https:\/\/lavuj.com\/es\/wp-json\/wp\/v2\/media?parent=14"}],"curies":[{"name":"wp","href":"https:\/\/api.w.org\/{rel}","templated":true}]}}