{"id":13,"date":"2021-09-27T05:23:22","date_gmt":"2021-09-27T05:23:22","guid":{"rendered":"https:\/\/lavuj.com\/?page_id=13"},"modified":"2023-07-14T11:03:21","modified_gmt":"2023-07-14T11:03:21","slug":"jaeljend","status":"publish","type":"page","link":"https:\/\/lavuj.com\/et\/jaeljend\/","title":{"rendered":"J\u00e4lg"},"content":{"rendered":"<p><strong>Vastutusn\u00f5ue<br><\/strong>K\u00e4esoleva veebisaidi sisu on koostatud v\u00f5imalikult hoolikalt. Laduti ei v\u00f5ta siiski vastutust esitatud sisu t\u00e4psuse, t\u00e4ielikkuse ja ajakohasuse eest. Veebisaidi sisu kasutamine toimub kasutaja enda vastutusel.<\/p>\n\n\n\n<p>1. V\u00e4lised lingid:<br>V\u00e4lislinkide puhul, mis viivad kolmandate isikute veebisaitidele (\"v\u00e4lised lingid\"), vastutavad nende veebisaitide operaatorid. V\u00e4lislinkide esmakordsel loomisel kontrollis teenusepakkuja v\u00e4list sisu \u00f5igusrikkumiste suhtes. Sel ajal ei ilmnenud \u00fchtegi \u00f5igusrikkumist. Teenusepakkujal ei ole mingit m\u00f5ju lingitud lehek\u00fclgede praegusele ja tulevasele kujundusele ja sisule. V\u00e4lislinkide lisamine ei t\u00e4henda, et teenusepakkuja v\u00f5tab viite v\u00f5i lingi taga oleva sisu enda omaks. Teenusepakkuja ei ole m\u00f5istlik pidevalt j\u00e4lgida v\u00e4liseid linke, ilma et oleks konkreetseid viiteid \u00f5igusrikkumistele. Kui aga \u00f5igusrikkumised saavad teatavaks, kustutatakse sellised v\u00e4lised lingid viivitamata.<\/p>\n\n\n\n<p>2. Autori\u00f5igus ja autori\u00f5igusega kaasnevad \u00f5igused | \u00a9 copyright:<br>Sellel veebisaidil avaldatud sisu suhtes kohaldatakse Saksamaa autori\u00f5igust ja autori\u00f5iguse k\u00f5rval\u00f5igusi k\u00e4sitlevaid seadusi. Igasugune kasutamine, mis ei ole lubatud Saksa autori\u00f5iguse ja autori\u00f5iguse lisaseadusega, n\u00f5uab teenusepakkuja v\u00f5i vastava \u00f5iguste omaniku eelnevat kirjalikku n\u00f5usolekut. See kehtib eelk\u00f5ige sisu kopeerimise, redigeerimise, t\u00f5lkimise, salvestamise, t\u00f6\u00f6tlemise v\u00f5i reprodutseerimise kohta andmebaasides v\u00f5i muudes elektroonilistes andmekandjates ja s\u00fcsteemides. \u00dcksikute sisu v\u00f5i terviklike lehek\u00fclgede loata reprodutseerimine v\u00f5i edastamine on keelatud ja karistatav. Lubatud on ainult koopiate valmistamine ja allalaadimine isiklikuks, isiklikuks ja mittekaubanduslikuks kasutamiseks. K\u00e4esoleva veebilehe kuvamine v\u00e4lisraamides on lubatud ainult kirjaliku loaga.<\/p>\n\n\n\n<p>3. Andmekaitse<br>Teenusepakkuja veebisaidi k\u00fclastamisel v\u00f5idakse salvestada teavet k\u00fclastuse kohta (kuup\u00e4ev, kellaaeg, vaadatud lehek\u00fclg). Need andmed ei kuulu isikuandmete hulka, vaid on anon\u00fc\u00fcmsed. Neid hinnatakse ainult statistilistel eesm\u00e4rkidel. Neid ei edastata kolmandatele isikutele \u00e4rilistel v\u00f5i mittekaubanduslikel eesm\u00e4rkidel. Teenusepakkuja juhib selges\u00f5naliselt t\u00e4helepanu sellele, et andmete edastamine Internetis (nt side e-posti teel) allub turvaaukudele ja seda ei saa t\u00e4ielikult kaitsta kolmandate isikute juurdep\u00e4\u00e4su eest.<\/p>\n\n\n\n<p>J\u00e4ljendi kontaktandmete kasutamine kommertsreklaamiks on s\u00f5naselgelt keelatud, v\u00e4lja arvatud juhul, kui teenusepakkuja on andnud eelneva kirjaliku n\u00f5usoleku v\u00f5i kui \u00e4risuhe on juba olemas. Teenusepakkuja ja k\u00f5ik sellel veebisaidil nimetatud isikud on k\u00e4esolevaga vastu nende andmete \u00e4rilisele kasutamisele ja avalikustamisele.<\/p>\n\n\n\n<p>4. Erilised kasutustingimused<br>Kui k\u00e4esoleva veebisaidi \u00fcksikute kasutusviiside eritingimused erinevad eelnimetatud numbritest 1-4, m\u00e4rgitakse see selges\u00f5naliselt asjakohases kohas. Sellisel juhul kehtivad vastaval \u00fcksikjuhul erilised kasutustingimused.<\/p>\n\n\n\n<p>Lavuj on kaubam\u00e4rk:<\/p>\n\n\n\n<figure class=\"wp-block-image size-full is-resized\"><img loading=\"lazy\" decoding=\"async\" src=\"https:\/\/lavuj.com\/wp-content\/uploads\/2023\/05\/imp-03.jpg\" alt=\"\" class=\"wp-image-316\" width=\"251\" height=\"264\" srcset=\"https:\/\/lavuj.com\/wp-content\/uploads\/2023\/05\/imp-03.jpg 650w, https:\/\/lavuj.com\/wp-content\/uploads\/2023\/05\/imp-03-600x632.jpg 600w, https:\/\/lavuj.com\/wp-content\/uploads\/2023\/05\/imp-03-285x300.jpg 285w\" sizes=\"auto, (max-width: 251px) 100vw, 251px\" \/><\/figure>\n\n\n\n<p><strong>Alternatiivne vaidluste lahendamine:<\/strong><\/p>\n\n\n\n<p>Euroopa Komisjon pakub platvormi vaidluste kohtuv\u00e4liseks veebip\u00f5hiseks lahendamiseks (ODR platvorm), mis on k\u00e4ttesaadav aadressil&nbsp;<a href=\"https:\/\/ec.europa.eu\/odr\" target=\"_blank\" rel=\"noreferrer noopener\">https:\/\/ec.europa.eu\/odr<\/a>.<\/p>","protected":false},"excerpt":{"rendered":"<p>HaftungsausschlussDie Inhalte dieser Website werden mit gr\u00f6\u00dftm\u00f6glicher Sorgfalt erstellt. Laduti \u00fcbernimmt jedoch keine Gew\u00e4hr f\u00fcr die Richtigkeit, Vollst\u00e4ndigkeit und Aktualit\u00e4t der bereitgestellten Inhalte. Die Nutzung der Inhalte der Website erfolgt [&hellip;]<\/p>","protected":false},"author":1,"featured_media":0,"parent":0,"menu_order":0,"comment_status":"closed","ping_status":"closed","template":"","meta":{"_uag_custom_page_level_css":"","advgb_blocks_editor_width":"","advgb_blocks_columns_visual_guide":"","site-sidebar-layout":"default","site-content-layout":"default","ast-site-content-layout":"default","site-content-style":"default","site-sidebar-style":"default","ast-global-header-display":"","ast-banner-title-visibility":"","ast-main-header-display":"","ast-hfb-above-header-display":"","ast-hfb-below-header-display":"","ast-hfb-mobile-header-display":"","site-post-title":"","ast-breadcrumbs-content":"","ast-featured-img":"","footer-sml-layout":"","ast-disable-related-posts":"","theme-transparent-header-meta":"default","adv-header-id-meta":"","stick-header-meta":"default","header-above-stick-meta":"","header-main-stick-meta":"","header-below-stick-meta":"","astra-migrate-meta-layouts":"default","ast-page-background-enabled":"default","ast-page-background-meta":{"desktop":{"background-color":"","background-image":"","background-repeat":"repeat","background-position":"center center","background-size":"auto","background-attachment":"scroll","background-type":"","background-media":"","overlay-type":"","overlay-color":"","overlay-opacity":"","overlay-gradient":""},"tablet":{"background-color":"","background-image":"","background-repeat":"repeat","background-position":"center center","background-size":"auto","background-attachment":"scroll","background-type":"","background-media":"","overlay-type":"","overlay-color":"","overlay-opacity":"","overlay-gradient":""},"mobile":{"background-color":"","background-image":"","background-repeat":"repeat","background-position":"center center","background-size":"auto","background-attachment":"scroll","background-type":"","background-media":"","overlay-type":"","overlay-color":"","overlay-opacity":"","overlay-gradient":""}},"ast-content-background-meta":{"desktop":{"background-color":"var(--ast-global-color-5)","background-image":"","background-repeat":"repeat","background-position":"center center","background-size":"auto","background-attachment":"scroll","background-type":"","background-media":"","overlay-type":"","overlay-color":"","overlay-opacity":"","overlay-gradient":""},"tablet":{"background-color":"var(--ast-global-color-5)","background-image":"","background-repeat":"repeat","background-position":"center center","background-size":"auto","background-attachment":"scroll","background-type":"","background-media":"","overlay-type":"","overlay-color":"","overlay-opacity":"","overlay-gradient":""},"mobile":{"background-color":"var(--ast-global-color-5)","background-image":"","background-repeat":"repeat","background-position":"center center","background-size":"auto","background-attachment":"scroll","background-type":"","background-media":"","overlay-type":"","overlay-color":"","overlay-opacity":"","overlay-gradient":""}},"footnotes":""},"class_list":["post-13","page","type-page","status-publish","hentry"],"yoast_head":"<!-- This site is optimized with the Yoast SEO Premium plugin v23.4 (Yoast SEO v26.6) - https:\/\/yoast.com\/wordpress\/plugins\/seo\/ -->\n<title>Impressum | Lavuj<\/title>\n<meta name=\"robots\" content=\"noindex, nofollow\" \/>\n<meta property=\"og:locale\" content=\"et_EE\" \/>\n<meta property=\"og:type\" content=\"article\" \/>\n<meta property=\"og:title\" content=\"Impressum\" \/>\n<meta property=\"og:description\" content=\"HaftungsausschlussDie Inhalte dieser Website werden mit gr\u00f6\u00dftm\u00f6glicher Sorgfalt erstellt. Laduti \u00fcbernimmt jedoch keine Gew\u00e4hr f\u00fcr die Richtigkeit, Vollst\u00e4ndigkeit und Aktualit\u00e4t der bereitgestellten Inhalte. Die Nutzung der Inhalte der Website erfolgt [&hellip;]\" \/>\n<meta property=\"og:url\" content=\"https:\/\/lavuj.com\/et\/jaeljend\/\" \/>\n<meta property=\"og:site_name\" content=\"Lavuj\" \/>\n<meta property=\"article:modified_time\" content=\"2023-07-14T11:03:21+00:00\" \/>\n<meta property=\"og:image\" content=\"https:\/\/lavuj.com\/wp-content\/uploads\/2023\/05\/imp-03.jpg\" \/>\n<meta name=\"twitter:card\" content=\"summary_large_image\" \/>\n<meta name=\"twitter:label1\" content=\"Est. reading time\" \/>\n\t<meta name=\"twitter:data1\" content=\"3 minutit\" \/>\n<script type=\"application\/ld+json\" class=\"yoast-schema-graph\">{\"@context\":\"https:\/\/schema.org\",\"@graph\":[{\"@type\":\"WebPage\",\"@id\":\"https:\/\/lavuj.com\/impressum\/\",\"url\":\"https:\/\/lavuj.com\/impressum\/\",\"name\":\"Impressum | Lavuj\",\"isPartOf\":{\"@id\":\"https:\/\/lavuj.com\/#website\"},\"primaryImageOfPage\":{\"@id\":\"https:\/\/lavuj.com\/impressum\/#primaryimage\"},\"image\":{\"@id\":\"https:\/\/lavuj.com\/impressum\/#primaryimage\"},\"thumbnailUrl\":\"https:\/\/lavuj.com\/wp-content\/uploads\/2023\/05\/imp-03.jpg\",\"datePublished\":\"2021-09-27T05:23:22+00:00\",\"dateModified\":\"2023-07-14T11:03:21+00:00\",\"breadcrumb\":{\"@id\":\"https:\/\/lavuj.com\/impressum\/#breadcrumb\"},\"inLanguage\":\"et\",\"potentialAction\":[{\"@type\":\"ReadAction\",\"target\":[\"https:\/\/lavuj.com\/impressum\/\"]}]},{\"@type\":\"ImageObject\",\"inLanguage\":\"et\",\"@id\":\"https:\/\/lavuj.com\/impressum\/#primaryimage\",\"url\":\"https:\/\/lavuj.com\/wp-content\/uploads\/2023\/05\/imp-03.jpg\",\"contentUrl\":\"https:\/\/lavuj.com\/wp-content\/uploads\/2023\/05\/imp-03.jpg\"},{\"@type\":\"BreadcrumbList\",\"@id\":\"https:\/\/lavuj.com\/impressum\/#breadcrumb\",\"itemListElement\":[{\"@type\":\"ListItem\",\"position\":1,\"name\":\"Lavuj\",\"item\":\"https:\/\/lavuj.com\/\"},{\"@type\":\"ListItem\",\"position\":2,\"name\":\"Impressum\"}]},{\"@type\":\"WebSite\",\"@id\":\"https:\/\/lavuj.com\/#website\",\"url\":\"https:\/\/lavuj.com\/\",\"name\":\"Lavuj\",\"description\":\"Retinol Serum\",\"publisher\":{\"@id\":\"https:\/\/lavuj.com\/#organization\"},\"potentialAction\":[{\"@type\":\"SearchAction\",\"target\":{\"@type\":\"EntryPoint\",\"urlTemplate\":\"https:\/\/lavuj.com\/?s={search_term_string}\"},\"query-input\":{\"@type\":\"PropertyValueSpecification\",\"valueRequired\":true,\"valueName\":\"search_term_string\"}}],\"inLanguage\":\"et\"},{\"@type\":\"Organization\",\"@id\":\"https:\/\/lavuj.com\/#organization\",\"name\":\"Lavuj\",\"url\":\"https:\/\/lavuj.com\/\",\"logo\":{\"@type\":\"ImageObject\",\"inLanguage\":\"et\",\"@id\":\"https:\/\/lavuj.com\/#\/schema\/logo\/image\/\",\"url\":\"https:\/\/lavuj.com\/wp-content\/uploads\/2021\/09\/cropped-LAVUJ-LOGO.png\",\"contentUrl\":\"https:\/\/lavuj.com\/wp-content\/uploads\/2021\/09\/cropped-LAVUJ-LOGO.png\",\"width\":191,\"height\":79,\"caption\":\"Lavuj\"},\"image\":{\"@id\":\"https:\/\/lavuj.com\/#\/schema\/logo\/image\/\"}}]}<\/script>\n<!-- \/ Yoast SEO Premium plugin. -->","yoast_head_json":{"title":"J\u00e4lg | Lavuj","robots":{"index":"noindex","follow":"nofollow"},"og_locale":"et_EE","og_type":"article","og_title":"Impressum","og_description":"HaftungsausschlussDie Inhalte dieser Website werden mit gr\u00f6\u00dftm\u00f6glicher Sorgfalt erstellt. Laduti \u00fcbernimmt jedoch keine Gew\u00e4hr f\u00fcr die Richtigkeit, Vollst\u00e4ndigkeit und Aktualit\u00e4t der bereitgestellten Inhalte. Die Nutzung der Inhalte der Website erfolgt [&hellip;]","og_url":"https:\/\/lavuj.com\/et\/jaeljend\/","og_site_name":"Lavuj","article_modified_time":"2023-07-14T11:03:21+00:00","og_image":[{"url":"https:\/\/lavuj.com\/wp-content\/uploads\/2023\/05\/imp-03.jpg","type":"","width":"","height":""}],"twitter_card":"summary_large_image","twitter_misc":{"Est. reading time":"3 minutit"},"schema":{"@context":"https:\/\/schema.org","@graph":[{"@type":"WebPage","@id":"https:\/\/lavuj.com\/impressum\/","url":"https:\/\/lavuj.com\/impressum\/","name":"J\u00e4lg | Lavuj","isPartOf":{"@id":"https:\/\/lavuj.com\/#website"},"primaryImageOfPage":{"@id":"https:\/\/lavuj.com\/impressum\/#primaryimage"},"image":{"@id":"https:\/\/lavuj.com\/impressum\/#primaryimage"},"thumbnailUrl":"https:\/\/lavuj.com\/wp-content\/uploads\/2023\/05\/imp-03.jpg","datePublished":"2021-09-27T05:23:22+00:00","dateModified":"2023-07-14T11:03:21+00:00","breadcrumb":{"@id":"https:\/\/lavuj.com\/impressum\/#breadcrumb"},"inLanguage":"et","potentialAction":[{"@type":"ReadAction","target":["https:\/\/lavuj.com\/impressum\/"]}]},{"@type":"ImageObject","inLanguage":"et","@id":"https:\/\/lavuj.com\/impressum\/#primaryimage","url":"https:\/\/lavuj.com\/wp-content\/uploads\/2023\/05\/imp-03.jpg","contentUrl":"https:\/\/lavuj.com\/wp-content\/uploads\/2023\/05\/imp-03.jpg"},{"@type":"BreadcrumbList","@id":"https:\/\/lavuj.com\/impressum\/#breadcrumb","itemListElement":[{"@type":"ListItem","position":1,"name":"Lavuj","item":"https:\/\/lavuj.com\/"},{"@type":"ListItem","position":2,"name":"Impressum"}]},{"@type":"WebSite","@id":"https:\/\/lavuj.com\/#website","url":"https:\/\/lavuj.com\/","name":"Lavuj","description":"Retinooli seerum","publisher":{"@id":"https:\/\/lavuj.com\/#organization"},"potentialAction":[{"@type":"SearchAction","target":{"@type":"EntryPoint","urlTemplate":"https:\/\/lavuj.com\/?s={search_term_string}"},"query-input":{"@type":"PropertyValueSpecification","valueRequired":true,"valueName":"search_term_string"}}],"inLanguage":"et"},{"@type":"Organization","@id":"https:\/\/lavuj.com\/#organization","name":"Lavuj","url":"https:\/\/lavuj.com\/","logo":{"@type":"ImageObject","inLanguage":"et","@id":"https:\/\/lavuj.com\/#\/schema\/logo\/image\/","url":"https:\/\/lavuj.com\/wp-content\/uploads\/2021\/09\/cropped-LAVUJ-LOGO.png","contentUrl":"https:\/\/lavuj.com\/wp-content\/uploads\/2021\/09\/cropped-LAVUJ-LOGO.png","width":191,"height":79,"caption":"Lavuj"},"image":{"@id":"https:\/\/lavuj.com\/#\/schema\/logo\/image\/"}}]}},"uagb_featured_image_src":{"full":false,"thumbnail":false,"medium":false,"medium_large":false,"large":false,"1536x1536":false,"2048x2048":false,"trp-custom-language-flag":false,"woocommerce_thumbnail":false,"woocommerce_single":false,"woocommerce_gallery_thumbnail":false},"uagb_author_info":{"display_name":"Kerem085","author_link":"https:\/\/lavuj.com\/et\/author\/kerem085\/"},"uagb_comment_info":0,"uagb_excerpt":"HaftungsausschlussDie Inhalte dieser Website werden mit gr\u00f6\u00dftm\u00f6glicher Sorgfalt erstellt. Laduti \u00fcbernimmt jedoch keine Gew\u00e4hr f\u00fcr die Richtigkeit, Vollst\u00e4ndigkeit und Aktualit\u00e4t der bereitgestellten Inhalte. Die Nutzung der Inhalte der Website erfolgt [&hellip;]","coauthors":[],"author_meta":{"author_link":"https:\/\/lavuj.com\/et\/author\/kerem085\/","display_name":"Kerem085"},"relative_dates":{"created":"Posted 5 aastat ago","modified":"Updated 3 aastat ago"},"absolute_dates":{"created":"Posted on 27. september 2021","modified":"Updated on 14. juuli 2023"},"absolute_dates_time":{"created":"Posted on 27. september 2021 5:23","modified":"Updated on 14. juuli 2023 11:03"},"featured_img_caption":"","featured_img":false,"series_order":"","_links":{"self":[{"href":"https:\/\/lavuj.com\/et\/wp-json\/wp\/v2\/pages\/13","targetHints":{"allow":["GET"]}}],"collection":[{"href":"https:\/\/lavuj.com\/et\/wp-json\/wp\/v2\/pages"}],"about":[{"href":"https:\/\/lavuj.com\/et\/wp-json\/wp\/v2\/types\/page"}],"author":[{"embeddable":true,"href":"https:\/\/lavuj.com\/et\/wp-json\/wp\/v2\/users\/1"}],"replies":[{"embeddable":true,"href":"https:\/\/lavuj.com\/et\/wp-json\/wp\/v2\/comments?post=13"}],"version-history":[{"count":9,"href":"https:\/\/lavuj.com\/et\/wp-json\/wp\/v2\/pages\/13\/revisions"}],"predecessor-version":[{"id":619,"href":"https:\/\/lavuj.com\/et\/wp-json\/wp\/v2\/pages\/13\/revisions\/619"}],"wp:attachment":[{"href":"https:\/\/lavuj.com\/et\/wp-json\/wp\/v2\/media?parent=13"}],"curies":[{"name":"wp","href":"https:\/\/api.w.org\/{rel}","templated":true}]}}