{"id":434,"date":"2023-06-06T12:49:28","date_gmt":"2023-06-06T12:49:28","guid":{"rendered":"https:\/\/lavuj.com\/?post_type=product&#038;p=434"},"modified":"2025-12-31T15:55:40","modified_gmt":"2025-12-31T14:55:40","slug":"lavuj-retinooli-seerum","status":"publish","type":"product","link":"https:\/\/lavuj.com\/et\/produkt\/lavuj-retinooli-seerum\/","title":{"rendered":"Lavuj Retinooli Seerum"},"content":{"rendered":"<h2>Taotlus:<\/h2>\n<p><span style=\"font-weight: 400;\">Kandke iga p\u00e4ev \u00f5htuti umbes 1-2 tilka v\u00f5i vajadusel rohkem puhastatavale nahale. Masseerige \u00f5rnalt n\u00e4ole ja kaelale ning laske t\u00e4ielikult imenduda. Retinooliga algajatele soovitame kasutada 2-3 korda n\u00e4dalas ja j\u00e4rk-j\u00e4rgult suurendada sagedust.<\/span><\/p>\n<h2><span style=\"color: #8a949c;\">Lavuj Retinooli seerum: Transformatiivne nahahooldus<br \/>\nkoos liposomaalse ja fermenteeritud valemiga<\/span><\/h2>\n<p><img loading=\"lazy\" decoding=\"async\" class=\"wp-image-297 size-full\" style=\"font-weight: inherit;\" src=\"https:\/\/lavuj.com\/wp-content\/uploads\/2023\/05\/Retinol-Serum-1.jpg\" alt=\"Retinooli seerum\" width=\"2000\" height=\"1080\" srcset=\"https:\/\/lavuj.com\/wp-content\/uploads\/2023\/05\/Retinol-Serum-1.jpg 2000w, https:\/\/lavuj.com\/wp-content\/uploads\/2023\/05\/Retinol-Serum-1-600x324.jpg 600w, https:\/\/lavuj.com\/wp-content\/uploads\/2023\/05\/Retinol-Serum-1-300x162.jpg 300w, https:\/\/lavuj.com\/wp-content\/uploads\/2023\/05\/Retinol-Serum-1-1024x553.jpg 1024w, https:\/\/lavuj.com\/wp-content\/uploads\/2023\/05\/Retinol-Serum-1-768x415.jpg 768w, https:\/\/lavuj.com\/wp-content\/uploads\/2023\/05\/Retinol-Serum-1-1536x829.jpg 1536w\" sizes=\"auto, (max-width: 2000px) 100vw, 2000px\" \/><\/p>\n<p>Avastage noorusliku naha saladus Lavuj Retinol seerumi abil. Meie seerum \u00fchendab hoolikalt valitud koostisained, et pakkuda teile igak\u00fclgset nahahooldust.<\/p>\n<p>\u0424\u043e\u0440\u043c\u0443\u043b\u0430\u0442\u0430 \u0441\u0435 \u043e\u0441\u043d\u043e\u0432\u0430\u0432\u0430 \u043d\u0430 \u043d\u0430\u0443\u0447\u043d\u0438 \u0434\u043e\u043a\u0430\u0437\u0430\u0442\u0435\u043b\u0441\u0442\u0432\u0430 \u0438 \u043a\u043b\u0438\u043d\u0438\u0447\u043d\u0438 \u043f\u0440\u043e\u0443\u0447\u0432\u0430\u043d\u0438\u044f, \u043a\u043e\u0438\u0442\u043e \u043f\u043e\u0442\u0432\u044a\u0440\u0436\u0434\u0430\u0432\u0430\u0442 \u0435\u0444\u0435\u043a\u0442\u0438\u0432\u043d\u043e\u0441\u0442\u0442\u0430 \u043d\u0430 \u0440\u0435\u0442\u0438\u043d\u043e\u043b\u0430 \u0437\u0430 \u043f\u043e\u0434\u043c\u043b\u0430\u0434\u044f\u0432\u0430\u043d\u0435 \u043d\u0430 \u043a\u043e\u0436\u0430\u0442\u0430. \u0421 \u0435\u0444\u0435\u043a\u0442\u0438\u0432\u043d\u0430\u0442\u0430 \u043a\u043e\u043d\u0446\u0435\u043d\u0442\u0440\u0430\u0446\u0438\u044f \u043d\u0430 \u0440\u0435\u0442\u0438\u043d\u043e\u043b \u0431\u0440\u044a\u0447\u043a\u0438\u0442\u0435 \u0438 \u0444\u0438\u043d\u0438\u0442\u0435 \u043b\u0438\u043d\u0438\u0438 \u0432\u0438\u0434\u0438\u043c\u043e \u043d\u0430\u043c\u0430\u043b\u044f\u0432\u0430\u0442. \u041d\u043e Lavuj Retinol Serum \u0435 \u043d\u0435\u0449\u043e \u043f\u043e\u0432\u0435\u0447\u0435 \u043e\u0442 \u0440\u0435\u0442\u0438\u043d\u043e\u043b.<\/p>\n<p>Kasutame liposomaalset tootmistehnoloogiat, mis v\u00f5imaldab koostisosade kontrollitud vabanemist. See v\u00f5imaldab retinooli j\u00e4rk-j\u00e4rgult nahasse eralduda, minimeerides \u00e4rrituse riski. See uuenduslik meetod tagab, et teie nahk kogeb retinooli maksimaalset t\u00f5husust.<\/p>\n<p>Lisaks oleme lisanud fermenteeritud koostisosi, mis parandavad toimeainete imendumist ja suurendavad samal ajal nende taluvust. Fermentatsioon suurendab koostisainete t\u00f5husust ja muudab Lavuj Retinol Serum'i eriti h\u00e4sti talutavaks ka tundlikule nahale.<\/p>\n<p>Meie seerum sisaldab ka draakoni verd, mis on v\u00e4\u00e4rtuslik ekstrakt draakoni verest. See on rikas fenoolsete \u00fchendite poolest, mis on tuntud kui v\u00f5imsad antioks\u00fcdandid. Need antioks\u00fcdandid v\u00f5ivad aidata kaitsta naharakke oks\u00fcdatiivse stressi kahjustava m\u00f5ju eest ja toetada naha taastumist. Samuti parandavad nad naharakkude ja keskkonna vastastikm\u00f5ju ja soodustavad kollageeni moodustumist, et nahk oleks tugevam.<\/p>\n<p>Meie ainulaadset valemit t\u00e4iendab h\u00fcaluroonhappe, peptiidide ja niatsiinamiidi kombinatsioon. Kvaliteetne, madalmolekulaarne h\u00fcaluroonhape tungib s\u00fcgavale nahka, et seda intensiivselt niisutada ja pehmendada. Peptiidid stimuleerivad kollageeni tootmist ja aitavad nahka pinguldada. Niatsiinamiidil (vitamiin B3) on p\u00f5letikuvastane toime ja parandab naha v\u00e4limust.<\/p>\n<p>Sukeldu Lavuj Retinooli seerumi abil t\u00e4iustatud nahahoolduse maailma. Tunnete, kuidas teie nahk muutub ja saab noorusliku s\u00e4ra.<\/p>\n<h3><span style=\"color: #8a949c;\">Clean Beauty<\/span><\/h3>\n<p>Lavuj panustab puhtale ilule: 100% vaba formaldeh\u00fc\u00fcdist, ftalaatidest, sulfaatidest, parabeenidest, silikoonidest, mineraal\u00f5lidest ja PEG-idest. Lisaks on Lavuj vegan ja loomkatseteta.<\/p>","protected":false},"excerpt":{"rendered":"<p class=\"p1\"><span class=\"s1\">Retinooli seerum kortsude vastu. Kogege erinevust Lavuj \u2013 vananemisvastase seerumiga, mis teeb revolutsiooni retinooliga.<br \/>\n<span style=\"color: #5bc98b;\"><strong>Uus: Liposomaalne preparaat!<\/strong><\/span><\/span><\/p>\n<ul>\n<li>Retinool<\/li>\n<li>Liposomaalne<\/li>\n<li>K\u00e4\u00e4ritatud<\/li>\n<li>Ilma hormoonideta<\/li>\n<li>Dermatoloogiliselt testitud<\/li>\n<\/ul>\n<p><img loading=\"lazy\" decoding=\"async\" class=\"alignnone wp-image-42\" src=\"https:\/\/lavuj.com\/wp-content\/uploads\/2021\/09\/Lo-2.jpg\" alt=\"\" width=\"339\" height=\"30\" srcset=\"https:\/\/lavuj.com\/wp-content\/uploads\/2021\/09\/Lo-2.jpg 941w, https:\/\/lavuj.com\/wp-content\/uploads\/2021\/09\/Lo-2-600x53.jpg 600w, https:\/\/lavuj.com\/wp-content\/uploads\/2021\/09\/Lo-2-300x26.jpg 300w, https:\/\/lavuj.com\/wp-content\/uploads\/2021\/09\/Lo-2-768x68.jpg 768w\" sizes=\"auto, (max-width: 339px) 100vw, 339px\" \/><\/p>\n<p><img loading=\"lazy\" decoding=\"async\" class=\"wp-image-947\" src=\"https:\/\/lavuj.com\/wp-content\/uploads\/2023\/10\/Testsieger.jpg\" alt=\"Lavuj-Test\" width=\"151\" height=\"90\" srcset=\"https:\/\/lavuj.com\/wp-content\/uploads\/2023\/10\/Testsieger.jpg 1249w, https:\/\/lavuj.com\/wp-content\/uploads\/2023\/10\/Testsieger-300x179.jpg 300w, https:\/\/lavuj.com\/wp-content\/uploads\/2023\/10\/Testsieger-1024x610.jpg 1024w, https:\/\/lavuj.com\/wp-content\/uploads\/2023\/10\/Testsieger-768x457.jpg 768w, https:\/\/lavuj.com\/wp-content\/uploads\/2023\/10\/Testsieger-18x12.jpg 18w, https:\/\/lavuj.com\/wp-content\/uploads\/2023\/10\/Testsieger-600x357.jpg 600w\" sizes=\"auto, (max-width: 151px) 100vw, 151px\" \/><\/p>","protected":false},"author":1,"featured_media":436,"template":"","meta":{"_uag_custom_page_level_css":"","advgb_blocks_editor_width":"","advgb_blocks_columns_visual_guide":"","site-sidebar-layout":"default","site-content-layout":"default","ast-site-content-layout":"default","site-content-style":"default","site-sidebar-style":"default","ast-global-header-display":"","ast-banner-title-visibility":"","ast-main-header-display":"","ast-hfb-above-header-display":"","ast-hfb-below-header-display":"","ast-hfb-mobile-header-display":"","site-post-title":"","ast-breadcrumbs-content":"","ast-featured-img":"","footer-sml-layout":"","ast-disable-related-posts":"","theme-transparent-header-meta":"default","adv-header-id-meta":"","stick-header-meta":"default","header-above-stick-meta":"","header-main-stick-meta":"","header-below-stick-meta":"","astra-migrate-meta-layouts":"set","ast-page-background-enabled":"default","ast-page-background-meta":{"desktop":{"background-color":"","background-image":"","background-repeat":"repeat","background-position":"center center","background-size":"auto","background-attachment":"scroll","background-type":"","background-media":"","overlay-type":"","overlay-color":"","overlay-opacity":"","overlay-gradient":""},"tablet":{"background-color":"","background-image":"","background-repeat":"repeat","background-position":"center center","background-size":"auto","background-attachment":"scroll","background-type":"","background-media":"","overlay-type":"","overlay-color":"","overlay-opacity":"","overlay-gradient":""},"mobile":{"background-color":"","background-image":"","background-repeat":"repeat","background-position":"center center","background-size":"auto","background-attachment":"scroll","background-type":"","background-media":"","overlay-type":"","overlay-color":"","overlay-opacity":"","overlay-gradient":""}},"ast-content-background-meta":{"desktop":{"background-color":"var(--ast-global-color-5)","background-image":"","background-repeat":"repeat","background-position":"center center","background-size":"auto","background-attachment":"scroll","background-type":"","background-media":"","overlay-type":"","overlay-color":"","overlay-opacity":"","overlay-gradient":""},"tablet":{"background-color":"var(--ast-global-color-5)","background-image":"","background-repeat":"repeat","background-position":"center center","background-size":"auto","background-attachment":"scroll","background-type":"","background-media":"","overlay-type":"","overlay-color":"","overlay-opacity":"","overlay-gradient":""},"mobile":{"background-color":"var(--ast-global-color-5)","background-image":"","background-repeat":"repeat","background-position":"center center","background-size":"auto","background-attachment":"scroll","background-type":"","background-media":"","overlay-type":"","overlay-color":"","overlay-opacity":"","overlay-gradient":""}}},"product_brand":[],"product_cat":[39],"product_tag":[],"class_list":{"0":"post-434","1":"product","2":"type-product","3":"status-publish","4":"has-post-thumbnail","6":"product_cat-anti-aging","7":"desktop-align-left","8":"tablet-align-left","9":"mobile-align-left","10":"ast-product-gallery-layout-horizontal","11":"ast-magnify-disabled","12":"ast-product-tabs-layout-horizontal","13":"ast-qv-on-image","15":"first","16":"instock","17":"taxable","18":"shipping-taxable","19":"purchasable","20":"product-type-simple"},"yoast_head":"<!-- This site is optimized with the Yoast SEO Premium plugin v23.4 (Yoast SEO v26.6) - https:\/\/yoast.com\/wordpress\/plugins\/seo\/ -->\n<title>Lavuj Retinol Serum: Hier bestellen! Das Serum gegen Falten<\/title>\n<meta name=\"description\" content=\"Lavuj Retinol Serum: Professionelle Hautpflege f\u00fcr nachhaltige Ergebnisse und Verj\u00fcngung. Neue st\u00e4rkere Formel hier bestellen!\" \/>\n<meta name=\"robots\" content=\"index, follow, max-snippet:-1, max-image-preview:large, max-video-preview:-1\" \/>\n<link rel=\"canonical\" href=\"https:\/\/lavuj.com\/et\/produkt\/lavuj-retinooli-seerum\/\" \/>\n<meta property=\"og:locale\" content=\"et_EE\" \/>\n<meta property=\"og:type\" content=\"article\" \/>\n<meta property=\"og:title\" content=\"Lavuj Retinol Serum\" \/>\n<meta property=\"og:description\" content=\"Lavuj Retinol Serum: Professionelle Hautpflege f\u00fcr nachhaltige Ergebnisse und Verj\u00fcngung. Neue st\u00e4rkere Formel hier bestellen!\" \/>\n<meta property=\"og:url\" content=\"https:\/\/lavuj.com\/et\/produkt\/lavuj-retinooli-seerum\/\" \/>\n<meta property=\"og:site_name\" content=\"Lavuj\" \/>\n<meta property=\"article:modified_time\" content=\"2025-12-31T14:55:40+00:00\" \/>\n<meta property=\"og:image\" content=\"https:\/\/lavuj.com\/wp-content\/uploads\/2023\/06\/LAV01-Lavuj.jpg\" \/>\n\t<meta property=\"og:image:width\" content=\"1000\" \/>\n\t<meta property=\"og:image:height\" content=\"1000\" \/>\n\t<meta property=\"og:image:type\" content=\"image\/jpeg\" \/>\n<meta name=\"twitter:card\" content=\"summary_large_image\" \/>\n<meta name=\"twitter:label1\" content=\"Est. reading time\" \/>\n\t<meta name=\"twitter:data1\" content=\"3 minutit\" \/>\n<script type=\"application\/ld+json\" class=\"yoast-schema-graph\">{\"@context\":\"https:\/\/schema.org\",\"@graph\":[{\"@type\":\"WebPage\",\"@id\":\"https:\/\/lavuj.com\/produkt\/lavuj-retinol-serum\/\",\"url\":\"https:\/\/lavuj.com\/produkt\/lavuj-retinol-serum\/\",\"name\":\"Lavuj Retinol Serum: Hier bestellen! Das Serum gegen Falten\",\"isPartOf\":{\"@id\":\"https:\/\/lavuj.com\/#website\"},\"primaryImageOfPage\":{\"@id\":\"https:\/\/lavuj.com\/produkt\/lavuj-retinol-serum\/#primaryimage\"},\"image\":{\"@id\":\"https:\/\/lavuj.com\/produkt\/lavuj-retinol-serum\/#primaryimage\"},\"thumbnailUrl\":\"https:\/\/lavuj.com\/wp-content\/uploads\/2023\/06\/LAV01-Lavuj.jpg\",\"datePublished\":\"2023-06-06T12:49:28+00:00\",\"dateModified\":\"2025-12-31T14:55:40+00:00\",\"description\":\"Lavuj Retinol Serum: Professionelle Hautpflege f\u00fcr nachhaltige Ergebnisse und Verj\u00fcngung. Neue st\u00e4rkere Formel hier bestellen!\",\"breadcrumb\":{\"@id\":\"https:\/\/lavuj.com\/produkt\/lavuj-retinol-serum\/#breadcrumb\"},\"inLanguage\":\"et\",\"potentialAction\":[{\"@type\":\"ReadAction\",\"target\":[\"https:\/\/lavuj.com\/produkt\/lavuj-retinol-serum\/\"]}]},{\"@type\":\"ImageObject\",\"inLanguage\":\"et\",\"@id\":\"https:\/\/lavuj.com\/produkt\/lavuj-retinol-serum\/#primaryimage\",\"url\":\"https:\/\/lavuj.com\/wp-content\/uploads\/2023\/06\/LAV01-Lavuj.jpg\",\"contentUrl\":\"https:\/\/lavuj.com\/wp-content\/uploads\/2023\/06\/LAV01-Lavuj.jpg\",\"width\":1000,\"height\":1000,\"caption\":\"Lavuj\"},{\"@type\":\"BreadcrumbList\",\"@id\":\"https:\/\/lavuj.com\/produkt\/lavuj-retinol-serum\/#breadcrumb\",\"itemListElement\":[{\"@type\":\"ListItem\",\"position\":1,\"name\":\"Lavuj\",\"item\":\"https:\/\/lavuj.com\/\"},{\"@type\":\"ListItem\",\"position\":2,\"name\":\"Shop\",\"item\":\"https:\/\/lavuj.com\/shop\/\"},{\"@type\":\"ListItem\",\"position\":3,\"name\":\"Lavuj Retinol Serum\"}]},{\"@type\":\"WebSite\",\"@id\":\"https:\/\/lavuj.com\/#website\",\"url\":\"https:\/\/lavuj.com\/\",\"name\":\"Lavuj\",\"description\":\"Retinol Serum\",\"publisher\":{\"@id\":\"https:\/\/lavuj.com\/#organization\"},\"potentialAction\":[{\"@type\":\"SearchAction\",\"target\":{\"@type\":\"EntryPoint\",\"urlTemplate\":\"https:\/\/lavuj.com\/?s={search_term_string}\"},\"query-input\":{\"@type\":\"PropertyValueSpecification\",\"valueRequired\":true,\"valueName\":\"search_term_string\"}}],\"inLanguage\":\"et\"},{\"@type\":\"Organization\",\"@id\":\"https:\/\/lavuj.com\/#organization\",\"name\":\"Lavuj\",\"url\":\"https:\/\/lavuj.com\/\",\"logo\":{\"@type\":\"ImageObject\",\"inLanguage\":\"et\",\"@id\":\"https:\/\/lavuj.com\/#\/schema\/logo\/image\/\",\"url\":\"https:\/\/lavuj.com\/wp-content\/uploads\/2021\/09\/cropped-LAVUJ-LOGO.png\",\"contentUrl\":\"https:\/\/lavuj.com\/wp-content\/uploads\/2021\/09\/cropped-LAVUJ-LOGO.png\",\"width\":191,\"height\":79,\"caption\":\"Lavuj\"},\"image\":{\"@id\":\"https:\/\/lavuj.com\/#\/schema\/logo\/image\/\"}}]}<\/script>\n<!-- \/ Yoast SEO Premium plugin. -->","yoast_head_json":{"title":"Lavuj Retinooli seerum: Telli siit! Seerum kortsude vastu","description":"Lavuj Retinooli seerum: Professionaalne nahahooldus p\u00fcsivate tulemuste saavutamiseks ja noorendamiseks. Telli uus tugevam koostis siin!","robots":{"index":"index","follow":"follow","max-snippet":"max-snippet:-1","max-image-preview":"max-image-preview:large","max-video-preview":"max-video-preview:-1"},"canonical":"https:\/\/lavuj.com\/et\/produkt\/lavuj-retinooli-seerum\/","og_locale":"et_EE","og_type":"article","og_title":"Lavuj Retinol Serum","og_description":"Lavuj Retinol Serum: Professionelle Hautpflege f\u00fcr nachhaltige Ergebnisse und Verj\u00fcngung. Neue st\u00e4rkere Formel hier bestellen!","og_url":"https:\/\/lavuj.com\/et\/produkt\/lavuj-retinooli-seerum\/","og_site_name":"Lavuj","article_modified_time":"2025-12-31T14:55:40+00:00","og_image":[{"width":1000,"height":1000,"url":"https:\/\/lavuj.com\/wp-content\/uploads\/2023\/06\/LAV01-Lavuj.jpg","type":"image\/jpeg"}],"twitter_card":"summary_large_image","twitter_misc":{"Est. reading time":"3 minutit"},"schema":{"@context":"https:\/\/schema.org","@graph":[{"@type":"WebPage","@id":"https:\/\/lavuj.com\/produkt\/lavuj-retinol-serum\/","url":"https:\/\/lavuj.com\/produkt\/lavuj-retinol-serum\/","name":"Lavuj Retinooli seerum: Telli siit! Seerum kortsude vastu","isPartOf":{"@id":"https:\/\/lavuj.com\/#website"},"primaryImageOfPage":{"@id":"https:\/\/lavuj.com\/produkt\/lavuj-retinol-serum\/#primaryimage"},"image":{"@id":"https:\/\/lavuj.com\/produkt\/lavuj-retinol-serum\/#primaryimage"},"thumbnailUrl":"https:\/\/lavuj.com\/wp-content\/uploads\/2023\/06\/LAV01-Lavuj.jpg","datePublished":"2023-06-06T12:49:28+00:00","dateModified":"2025-12-31T14:55:40+00:00","description":"Lavuj Retinooli seerum: Professionaalne nahahooldus p\u00fcsivate tulemuste saavutamiseks ja noorendamiseks. Telli uus tugevam koostis siin!","breadcrumb":{"@id":"https:\/\/lavuj.com\/produkt\/lavuj-retinol-serum\/#breadcrumb"},"inLanguage":"et","potentialAction":[{"@type":"ReadAction","target":["https:\/\/lavuj.com\/produkt\/lavuj-retinol-serum\/"]}]},{"@type":"ImageObject","inLanguage":"et","@id":"https:\/\/lavuj.com\/produkt\/lavuj-retinol-serum\/#primaryimage","url":"https:\/\/lavuj.com\/wp-content\/uploads\/2023\/06\/LAV01-Lavuj.jpg","contentUrl":"https:\/\/lavuj.com\/wp-content\/uploads\/2023\/06\/LAV01-Lavuj.jpg","width":1000,"height":1000,"caption":"Lavuj"},{"@type":"BreadcrumbList","@id":"https:\/\/lavuj.com\/produkt\/lavuj-retinol-serum\/#breadcrumb","itemListElement":[{"@type":"ListItem","position":1,"name":"Lavuj","item":"https:\/\/lavuj.com\/"},{"@type":"ListItem","position":2,"name":"Shop","item":"https:\/\/lavuj.com\/shop\/"},{"@type":"ListItem","position":3,"name":"Lavuj Retinol Serum"}]},{"@type":"WebSite","@id":"https:\/\/lavuj.com\/#website","url":"https:\/\/lavuj.com\/","name":"Lavuj","description":"Retinooli seerum","publisher":{"@id":"https:\/\/lavuj.com\/#organization"},"potentialAction":[{"@type":"SearchAction","target":{"@type":"EntryPoint","urlTemplate":"https:\/\/lavuj.com\/?s={search_term_string}"},"query-input":{"@type":"PropertyValueSpecification","valueRequired":true,"valueName":"search_term_string"}}],"inLanguage":"et"},{"@type":"Organization","@id":"https:\/\/lavuj.com\/#organization","name":"Lavuj","url":"https:\/\/lavuj.com\/","logo":{"@type":"ImageObject","inLanguage":"et","@id":"https:\/\/lavuj.com\/#\/schema\/logo\/image\/","url":"https:\/\/lavuj.com\/wp-content\/uploads\/2021\/09\/cropped-LAVUJ-LOGO.png","contentUrl":"https:\/\/lavuj.com\/wp-content\/uploads\/2021\/09\/cropped-LAVUJ-LOGO.png","width":191,"height":79,"caption":"Lavuj"},"image":{"@id":"https:\/\/lavuj.com\/#\/schema\/logo\/image\/"}}]}},"uagb_featured_image_src":{"full":["https:\/\/lavuj.com\/wp-content\/uploads\/2023\/06\/LAV01-Lavuj.jpg",1000,1000,false],"thumbnail":["https:\/\/lavuj.com\/wp-content\/uploads\/2023\/06\/LAV01-Lavuj-150x150.jpg",150,150,true],"medium":["https:\/\/lavuj.com\/wp-content\/uploads\/2023\/06\/LAV01-Lavuj-300x300.jpg",300,300,true],"medium_large":["https:\/\/lavuj.com\/wp-content\/uploads\/2023\/06\/LAV01-Lavuj-768x768.jpg",768,768,true],"large":["https:\/\/lavuj.com\/wp-content\/uploads\/2023\/06\/LAV01-Lavuj.jpg",1000,1000,false],"1536x1536":["https:\/\/lavuj.com\/wp-content\/uploads\/2023\/06\/LAV01-Lavuj.jpg",1000,1000,false],"2048x2048":["https:\/\/lavuj.com\/wp-content\/uploads\/2023\/06\/LAV01-Lavuj.jpg",1000,1000,false],"trp-custom-language-flag":["https:\/\/lavuj.com\/wp-content\/uploads\/2023\/06\/LAV01-Lavuj.jpg",12,12,false],"woocommerce_thumbnail":["https:\/\/lavuj.com\/wp-content\/uploads\/2023\/06\/LAV01-Lavuj-300x300.jpg",300,300,true],"woocommerce_single":["https:\/\/lavuj.com\/wp-content\/uploads\/2023\/06\/LAV01-Lavuj-600x600.jpg",600,600,true],"woocommerce_gallery_thumbnail":["https:\/\/lavuj.com\/wp-content\/uploads\/2023\/06\/LAV01-Lavuj-100x100.jpg",100,100,true]},"uagb_author_info":{"display_name":"Kerem085","author_link":"https:\/\/lavuj.com\/et\/author\/kerem085\/"},"uagb_comment_info":0,"uagb_excerpt":"Retinol Serum gegen Falten. Erleben Sie den Unterschied mit Lavuj - Das Anti-Aging-Serum, das Retinol revolutioniert. Neu: Liposomale Formulierung! Retinol Liposomal Fermentiert Ohne Hormone Dermatologisch getestet","featured_img":"https:\/\/lavuj.com\/wp-content\/uploads\/2023\/06\/LAV01-Lavuj.jpg","coauthors":[],"author_meta":{"author_link":"https:\/\/lavuj.com\/et\/author\/kerem085\/","display_name":"Kerem085"},"relative_dates":{"created":"Posted 3 aastat ago","modified":"Updated 3 kuud ago"},"absolute_dates":{"created":"Posted on 6. juuni 2023","modified":"Updated on 31. detsember 2025"},"absolute_dates_time":{"created":"Posted on 6. juuni 2023 12:49","modified":"Updated on 31. detsember 2025 15:55"},"featured_img_caption":"Lavuj","tax_additional":{"product_brand":{"linked":[],"unlinked":[],"slug":"product_brand","name":"Br\u00e4ndid"},"product_type":{"linked":["<a href=\"https:\/\/lavuj.com\/et\/?taxonomy=product_type&#038;term=simple\" class=\"advgb-post-tax-term\">simple<\/a>"],"unlinked":["<span class=\"advgb-post-tax-term\">simple<\/span>"],"slug":"product_type","name":"Product type"},"product_visibility":{"linked":[],"unlinked":[],"slug":"product_visibility","name":"Product visibility"},"product_cat":{"linked":["<a href=\"https:\/\/lavuj.com\/et\/tootekategooria\/anti-aging\/\" class=\"advgb-post-tax-term\">Anti Aging<\/a>"],"unlinked":["<span class=\"advgb-post-tax-term\">Anti Aging<\/span>"],"slug":"product_cat","name":"Tootekategooriad"},"product_tag":{"linked":[],"unlinked":[],"slug":"product_tag","name":"Tootesildid"},"product_shipping_class":{"linked":[],"unlinked":[],"slug":"product_shipping_class","name":"Toote tarneklassid"},"pa_brand":{"linked":[],"unlinked":[],"slug":"pa_brand","name":"Toote Marke"}},"series_order":"","_links":{"self":[{"href":"https:\/\/lavuj.com\/et\/wp-json\/wp\/v2\/product\/434","targetHints":{"allow":["GET"]}}],"collection":[{"href":"https:\/\/lavuj.com\/et\/wp-json\/wp\/v2\/product"}],"about":[{"href":"https:\/\/lavuj.com\/et\/wp-json\/wp\/v2\/types\/product"}],"wp:featuredmedia":[{"embeddable":true,"href":"https:\/\/lavuj.com\/et\/wp-json\/wp\/v2\/media\/436"}],"wp:attachment":[{"href":"https:\/\/lavuj.com\/et\/wp-json\/wp\/v2\/media?parent=434"}],"wp:term":[{"taxonomy":"product_brand","embeddable":true,"href":"https:\/\/lavuj.com\/et\/wp-json\/wp\/v2\/product_brand?post=434"},{"taxonomy":"product_cat","embeddable":true,"href":"https:\/\/lavuj.com\/et\/wp-json\/wp\/v2\/product_cat?post=434"},{"taxonomy":"product_tag","embeddable":true,"href":"https:\/\/lavuj.com\/et\/wp-json\/wp\/v2\/product_tag?post=434"}],"curies":[{"name":"wp","href":"https:\/\/api.w.org\/{rel}","templated":true}]}}