{"id":438,"date":"2023-06-06T13:10:03","date_gmt":"2023-06-06T13:10:03","guid":{"rendered":"https:\/\/lavuj.com\/?post_type=product&#038;p=438"},"modified":"2025-12-31T15:55:20","modified_gmt":"2025-12-31T14:55:20","slug":"lavuj-retinol-serum-2","status":"publish","type":"product","link":"https:\/\/lavuj.com\/fi\/produkt\/lavuj-retinol-serum-2\/","title":{"rendered":"Lavuj Retinoli Seerumi, pakkaus 2"},"content":{"rendered":"<h2>Sovellus:<\/h2>\n<p><span style=\"font-weight: 400;\">Levit\u00e4 p\u00e4ivitt\u00e4in iltaisin 1-2 tippaa tai tarvittaessa enemm\u00e4n puhdistetulle iholle. Hiero kevyesti kasvoille ja kaulalle ja anna imeyty\u00e4 kokonaan. Retinolia aloitteleville suosittelemme levitt\u00e4mist\u00e4 2-3 kertaa viikossa ja v\u00e4hitellen tiheyden lis\u00e4\u00e4mist\u00e4.<\/span><\/p>\n<h2><span style=\"color: #8a949c;\">Lavuj Retinoli Seerumi: Transformatiivinen ihonhoito<br \/>\nliposomaalisen ja fermentoidun kaavan kanssa<\/span><\/h2>\n<p><img loading=\"lazy\" decoding=\"async\" class=\"wp-image-297 size-full\" style=\"font-weight: inherit;\" src=\"https:\/\/lavuj.com\/wp-content\/uploads\/2023\/05\/Retinol-Serum-1.jpg\" alt=\"Retinol-seerumi\" width=\"2000\" height=\"1080\" srcset=\"https:\/\/lavuj.com\/wp-content\/uploads\/2023\/05\/Retinol-Serum-1.jpg 2000w, https:\/\/lavuj.com\/wp-content\/uploads\/2023\/05\/Retinol-Serum-1-600x324.jpg 600w, https:\/\/lavuj.com\/wp-content\/uploads\/2023\/05\/Retinol-Serum-1-300x162.jpg 300w, https:\/\/lavuj.com\/wp-content\/uploads\/2023\/05\/Retinol-Serum-1-1024x553.jpg 1024w, https:\/\/lavuj.com\/wp-content\/uploads\/2023\/05\/Retinol-Serum-1-768x415.jpg 768w, https:\/\/lavuj.com\/wp-content\/uploads\/2023\/05\/Retinol-Serum-1-1536x829.jpg 1536w\" sizes=\"auto, (max-width: 2000px) 100vw, 2000px\" \/><\/p>\n<p>L\u00f6yd\u00e4 nuorekkaan ihon salaisuus Lavuj Retinoli Seerumi avulla. Seerumissamme yhdistyv\u00e4t huolellisesti valitut ainesosat, jotka tarjoavat sinulle kokonaisvaltaista ihonhoitoa.<\/p>\n<p>Kaava perustuu tieteelliseen n\u00e4ytt\u00f6\u00f6n ja kliinisiin tutkimuksiin, jotka vahvistavat retinolin tehokkuuden ihon nuorentamisessa. Tehokkaan retinolipitoisuuden ansiosta rypyt ja juonteet v\u00e4henev\u00e4t n\u00e4kyv\u00e4sti. Mutta Lavuj Retinoli Seerumi on enemm\u00e4n kuin pelkk\u00e4\u00e4 retinolia.<\/p>\n<p>K\u00e4yt\u00e4mme liposomaalista valmistustekniikkaa, joka mahdollistaa ainesosien hallitun vapautumisen. N\u00e4in retinoli vapautuu v\u00e4hitellen ihoon, mik\u00e4 minimoi \u00e4rsytysriskin. T\u00e4m\u00e4 innovatiivinen menetelm\u00e4 varmistaa, ett\u00e4 ihosi saa retinolin maksimaalisen tehon.<\/p>\n<p>Lis\u00e4ksi olemme integroineet fermentoituja ainesosia, jotka parantavat vaikuttavien aineiden imeytymist\u00e4 ja lis\u00e4\u00e4v\u00e4t samalla siedett\u00e4vyytt\u00e4. Fermentointi tehostaa ainesosien tehoa ja tekee Lavuj Retinoli Seerumi erityisen hyvin siedetyn my\u00f6s herk\u00e4lle iholle.<\/p>\n<p>Seerumimme sis\u00e4lt\u00e4\u00e4 my\u00f6s lohik\u00e4\u00e4rmeen verta, joka on arvokas lohik\u00e4\u00e4rmeenveripuun uute. Se sis\u00e4lt\u00e4\u00e4 runsaasti fenolisia yhdisteit\u00e4, jotka tunnetaan tehokkaina antioksidantteina. N\u00e4m\u00e4 antioksidantit suojaavat ihosoluja hapetusstressin haitallisilta vaikutuksilta ja tukevat ihon uudistumista. Ne my\u00f6s parantavat ihosolujen vuorovaikutusta ymp\u00e4rist\u00f6ns\u00e4 kanssa ja edist\u00e4v\u00e4t kollageenin muodostumista kiinte\u00e4mm\u00e4n ihon aikaansaamiseksi.<\/p>\n<p>Hyaluronihapon, peptidien ja niasiiniamidin yhdistelm\u00e4 t\u00e4ydent\u00e4\u00e4 ainutlaatuisen koostumuksemme. Korkealaatuinen, pienimolekyylinen hyaluronihappo tunkeutuu syv\u00e4lle ihoon kosteuttaen ja pehment\u00e4en sit\u00e4 intensiivisesti. Peptidit stimuloivat kollageenin tuotantoa ja auttavat kiinteytt\u00e4m\u00e4\u00e4n ihoa. Niasiiniamidilla (B3-vitamiini) on tulehdusta ehk\u00e4isev\u00e4 vaikutus ja se parantaa ihon ulkon\u00e4k\u00f6\u00e4.<\/p>\n<p>Sukella kehittyneen ihonhoidon maailmaan Lavuj Retinoli Seerumi avulla. Tunne, kuinka ihosi muuttuu ja saa nuorekkaan hehkun.<\/p>\n<h3><span style=\"color: #8a949c;\">Clean Beauty<\/span><\/h3>\n<p>Lavuj panostaa puhtaaseen kauneuteen: 100% vapaa formaldehydist\u00e4, ftalaateista, sulfaateista, parabeeneista, silikoneista, mineraali\u00f6ljyist\u00e4 ja PEG-yhdisteist\u00e4. Lis\u00e4ksi Lavuj on vegaaninen ja el\u00e4inkokeeton.<\/p>","protected":false},"excerpt":{"rendered":"<p class=\"p1\"><span class=\"s1\">Retinoli Seerumi ryppyj\u00e4 vastaan. Koe ero Lavuj \u2013 Anti Aging Seerumi avulla, joka mullistaa retinolin.<br \/>\n<span style=\"color: #5bc98b;\"><strong>Uusi: Liposomaalinen formulaatio!<\/strong><\/span><\/span><\/p>\n<ul>\n<li>Retinoli<\/li>\n<li>Liposomaalinen<\/li>\n<li>Fermentoitu<\/li>\n<li>Ilman hormoneja<\/li>\n<li>Dermatologisesti testattu<\/li>\n<\/ul>\n<p><img loading=\"lazy\" decoding=\"async\" class=\"alignnone wp-image-42\" src=\"https:\/\/lavuj.com\/wp-content\/uploads\/2021\/09\/Lo-2.jpg\" alt=\"\" width=\"339\" height=\"30\" srcset=\"https:\/\/lavuj.com\/wp-content\/uploads\/2021\/09\/Lo-2.jpg 941w, https:\/\/lavuj.com\/wp-content\/uploads\/2021\/09\/Lo-2-600x53.jpg 600w, https:\/\/lavuj.com\/wp-content\/uploads\/2021\/09\/Lo-2-300x26.jpg 300w, https:\/\/lavuj.com\/wp-content\/uploads\/2021\/09\/Lo-2-768x68.jpg 768w\" sizes=\"auto, (max-width: 339px) 100vw, 339px\" \/><\/p>\n<p><img loading=\"lazy\" decoding=\"async\" class=\"wp-image-947\" src=\"https:\/\/lavuj.com\/wp-content\/uploads\/2023\/10\/Testsieger.jpg\" alt=\"Lavuj-Test\" width=\"152\" height=\"91\" srcset=\"https:\/\/lavuj.com\/wp-content\/uploads\/2023\/10\/Testsieger.jpg 1249w, https:\/\/lavuj.com\/wp-content\/uploads\/2023\/10\/Testsieger-300x179.jpg 300w, https:\/\/lavuj.com\/wp-content\/uploads\/2023\/10\/Testsieger-1024x610.jpg 1024w, https:\/\/lavuj.com\/wp-content\/uploads\/2023\/10\/Testsieger-768x457.jpg 768w, https:\/\/lavuj.com\/wp-content\/uploads\/2023\/10\/Testsieger-18x12.jpg 18w, https:\/\/lavuj.com\/wp-content\/uploads\/2023\/10\/Testsieger-600x357.jpg 600w\" sizes=\"auto, (max-width: 152px) 100vw, 152px\" \/><\/p>","protected":false},"author":1,"featured_media":447,"template":"","meta":{"_uag_custom_page_level_css":"","advgb_blocks_editor_width":"","advgb_blocks_columns_visual_guide":"","site-sidebar-layout":"default","site-content-layout":"default","ast-site-content-layout":"default","site-content-style":"default","site-sidebar-style":"default","ast-global-header-display":"","ast-banner-title-visibility":"","ast-main-header-display":"","ast-hfb-above-header-display":"","ast-hfb-below-header-display":"","ast-hfb-mobile-header-display":"","site-post-title":"","ast-breadcrumbs-content":"","ast-featured-img":"","footer-sml-layout":"","ast-disable-related-posts":"","theme-transparent-header-meta":"default","adv-header-id-meta":"","stick-header-meta":"default","header-above-stick-meta":"","header-main-stick-meta":"","header-below-stick-meta":"","astra-migrate-meta-layouts":"set","ast-page-background-enabled":"default","ast-page-background-meta":{"desktop":{"background-color":"","background-image":"","background-repeat":"repeat","background-position":"center center","background-size":"auto","background-attachment":"scroll","background-type":"","background-media":"","overlay-type":"","overlay-color":"","overlay-opacity":"","overlay-gradient":""},"tablet":{"background-color":"","background-image":"","background-repeat":"repeat","background-position":"center center","background-size":"auto","background-attachment":"scroll","background-type":"","background-media":"","overlay-type":"","overlay-color":"","overlay-opacity":"","overlay-gradient":""},"mobile":{"background-color":"","background-image":"","background-repeat":"repeat","background-position":"center center","background-size":"auto","background-attachment":"scroll","background-type":"","background-media":"","overlay-type":"","overlay-color":"","overlay-opacity":"","overlay-gradient":""}},"ast-content-background-meta":{"desktop":{"background-color":"var(--ast-global-color-5)","background-image":"","background-repeat":"repeat","background-position":"center center","background-size":"auto","background-attachment":"scroll","background-type":"","background-media":"","overlay-type":"","overlay-color":"","overlay-opacity":"","overlay-gradient":""},"tablet":{"background-color":"var(--ast-global-color-5)","background-image":"","background-repeat":"repeat","background-position":"center center","background-size":"auto","background-attachment":"scroll","background-type":"","background-media":"","overlay-type":"","overlay-color":"","overlay-opacity":"","overlay-gradient":""},"mobile":{"background-color":"var(--ast-global-color-5)","background-image":"","background-repeat":"repeat","background-position":"center center","background-size":"auto","background-attachment":"scroll","background-type":"","background-media":"","overlay-type":"","overlay-color":"","overlay-opacity":"","overlay-gradient":""}}},"product_brand":[],"product_cat":[39],"product_tag":[],"class_list":{"0":"post-438","1":"product","2":"type-product","3":"status-publish","4":"has-post-thumbnail","6":"product_cat-anti-aging","7":"desktop-align-left","8":"tablet-align-left","9":"mobile-align-left","10":"ast-product-gallery-layout-horizontal","11":"ast-magnify-disabled","12":"ast-product-tabs-layout-horizontal","13":"ast-qv-on-image","15":"first","16":"instock","17":"sale","18":"taxable","19":"shipping-taxable","20":"purchasable","21":"product-type-simple"},"yoast_head":"<!-- This site is optimized with the Yoast SEO Premium plugin v23.4 (Yoast SEO v26.6) - https:\/\/yoast.com\/wordpress\/plugins\/seo\/ -->\n<title>Lavuj Retinol Serum 2er Pack | Lavuj<\/title>\n<meta name=\"robots\" content=\"index, follow, max-snippet:-1, max-image-preview:large, max-video-preview:-1\" \/>\n<link rel=\"canonical\" href=\"https:\/\/lavuj.com\/fi\/produkt\/lavuj-retinol-serum-2\/\" \/>\n<meta property=\"og:locale\" content=\"fi_FI\" \/>\n<meta property=\"og:type\" content=\"article\" \/>\n<meta property=\"og:title\" content=\"Lavuj Retinol Serum 2er Pack\" \/>\n<meta property=\"og:description\" content=\"Retinol Serum gegen Falten. Erleben Sie den Unterschied mit Lavuj - Das Anti-Aging-Serum, das Retinol revolutioniert. Neu: Liposomale Formulierung!    Retinol  Liposomal  Fermentiert  Ohne Hormone  Dermatologisch getestet\" \/>\n<meta property=\"og:url\" content=\"https:\/\/lavuj.com\/fi\/produkt\/lavuj-retinol-serum-2\/\" \/>\n<meta property=\"og:site_name\" content=\"Lavuj\" \/>\n<meta property=\"article:modified_time\" content=\"2025-12-31T14:55:20+00:00\" \/>\n<meta property=\"og:image\" content=\"https:\/\/lavuj.com\/wp-content\/uploads\/2023\/06\/LAV00002.jpg\" \/>\n\t<meta property=\"og:image:width\" content=\"1000\" \/>\n\t<meta property=\"og:image:height\" content=\"1000\" \/>\n\t<meta property=\"og:image:type\" content=\"image\/jpeg\" \/>\n<meta name=\"twitter:card\" content=\"summary_large_image\" \/>\n<meta name=\"twitter:label1\" content=\"Arvioitu lukuaika\" \/>\n\t<meta name=\"twitter:data1\" content=\"3 minuuttia\" \/>\n<script type=\"application\/ld+json\" class=\"yoast-schema-graph\">{\"@context\":\"https:\/\/schema.org\",\"@graph\":[{\"@type\":\"WebPage\",\"@id\":\"https:\/\/lavuj.com\/produkt\/lavuj-retinol-serum-2\/\",\"url\":\"https:\/\/lavuj.com\/produkt\/lavuj-retinol-serum-2\/\",\"name\":\"Lavuj Retinol Serum 2er Pack | Lavuj\",\"isPartOf\":{\"@id\":\"https:\/\/lavuj.com\/#website\"},\"primaryImageOfPage\":{\"@id\":\"https:\/\/lavuj.com\/produkt\/lavuj-retinol-serum-2\/#primaryimage\"},\"image\":{\"@id\":\"https:\/\/lavuj.com\/produkt\/lavuj-retinol-serum-2\/#primaryimage\"},\"thumbnailUrl\":\"https:\/\/lavuj.com\/wp-content\/uploads\/2023\/06\/LAV00002.jpg\",\"datePublished\":\"2023-06-06T13:10:03+00:00\",\"dateModified\":\"2025-12-31T14:55:20+00:00\",\"breadcrumb\":{\"@id\":\"https:\/\/lavuj.com\/produkt\/lavuj-retinol-serum-2\/#breadcrumb\"},\"inLanguage\":\"fi\",\"potentialAction\":[{\"@type\":\"ReadAction\",\"target\":[\"https:\/\/lavuj.com\/produkt\/lavuj-retinol-serum-2\/\"]}]},{\"@type\":\"ImageObject\",\"inLanguage\":\"fi\",\"@id\":\"https:\/\/lavuj.com\/produkt\/lavuj-retinol-serum-2\/#primaryimage\",\"url\":\"https:\/\/lavuj.com\/wp-content\/uploads\/2023\/06\/LAV00002.jpg\",\"contentUrl\":\"https:\/\/lavuj.com\/wp-content\/uploads\/2023\/06\/LAV00002.jpg\",\"width\":1000,\"height\":1000,\"caption\":\"Lavuj-2-Pack\"},{\"@type\":\"BreadcrumbList\",\"@id\":\"https:\/\/lavuj.com\/produkt\/lavuj-retinol-serum-2\/#breadcrumb\",\"itemListElement\":[{\"@type\":\"ListItem\",\"position\":1,\"name\":\"Lavuj\",\"item\":\"https:\/\/lavuj.com\/\"},{\"@type\":\"ListItem\",\"position\":2,\"name\":\"Shop\",\"item\":\"https:\/\/lavuj.com\/shop\/\"},{\"@type\":\"ListItem\",\"position\":3,\"name\":\"Lavuj Retinol Serum 2er Pack\"}]},{\"@type\":\"WebSite\",\"@id\":\"https:\/\/lavuj.com\/#website\",\"url\":\"https:\/\/lavuj.com\/\",\"name\":\"Lavuj\",\"description\":\"Retinol Serum\",\"publisher\":{\"@id\":\"https:\/\/lavuj.com\/#organization\"},\"potentialAction\":[{\"@type\":\"SearchAction\",\"target\":{\"@type\":\"EntryPoint\",\"urlTemplate\":\"https:\/\/lavuj.com\/?s={search_term_string}\"},\"query-input\":{\"@type\":\"PropertyValueSpecification\",\"valueRequired\":true,\"valueName\":\"search_term_string\"}}],\"inLanguage\":\"fi\"},{\"@type\":\"Organization\",\"@id\":\"https:\/\/lavuj.com\/#organization\",\"name\":\"Lavuj\",\"url\":\"https:\/\/lavuj.com\/\",\"logo\":{\"@type\":\"ImageObject\",\"inLanguage\":\"fi\",\"@id\":\"https:\/\/lavuj.com\/#\/schema\/logo\/image\/\",\"url\":\"https:\/\/lavuj.com\/wp-content\/uploads\/2021\/09\/cropped-LAVUJ-LOGO.png\",\"contentUrl\":\"https:\/\/lavuj.com\/wp-content\/uploads\/2021\/09\/cropped-LAVUJ-LOGO.png\",\"width\":191,\"height\":79,\"caption\":\"Lavuj\"},\"image\":{\"@id\":\"https:\/\/lavuj.com\/#\/schema\/logo\/image\/\"}}]}<\/script>\n<!-- \/ Yoast SEO Premium plugin. -->","yoast_head_json":{"title":"Lavuj Retinoli Seerumi, pakkaus 2","robots":{"index":"index","follow":"follow","max-snippet":"max-snippet:-1","max-image-preview":"max-image-preview:large","max-video-preview":"max-video-preview:-1"},"canonical":"https:\/\/lavuj.com\/fi\/produkt\/lavuj-retinol-serum-2\/","og_locale":"fi_FI","og_type":"article","og_title":"Lavuj Retinol Serum 2er Pack","og_description":"Retinol Serum gegen Falten. Erleben Sie den Unterschied mit Lavuj - Das Anti-Aging-Serum, das Retinol revolutioniert. Neu: Liposomale Formulierung!    Retinol  Liposomal  Fermentiert  Ohne Hormone  Dermatologisch getestet","og_url":"https:\/\/lavuj.com\/fi\/produkt\/lavuj-retinol-serum-2\/","og_site_name":"Lavuj","article_modified_time":"2025-12-31T14:55:20+00:00","og_image":[{"width":1000,"height":1000,"url":"https:\/\/lavuj.com\/wp-content\/uploads\/2023\/06\/LAV00002.jpg","type":"image\/jpeg"}],"twitter_card":"summary_large_image","twitter_misc":{"Arvioitu lukuaika":"3 minuuttia"},"schema":{"@context":"https:\/\/schema.org","@graph":[{"@type":"WebPage","@id":"https:\/\/lavuj.com\/produkt\/lavuj-retinol-serum-2\/","url":"https:\/\/lavuj.com\/produkt\/lavuj-retinol-serum-2\/","name":"Lavuj Retinoli Seerumi, pakkaus 2","isPartOf":{"@id":"https:\/\/lavuj.com\/#website"},"primaryImageOfPage":{"@id":"https:\/\/lavuj.com\/produkt\/lavuj-retinol-serum-2\/#primaryimage"},"image":{"@id":"https:\/\/lavuj.com\/produkt\/lavuj-retinol-serum-2\/#primaryimage"},"thumbnailUrl":"https:\/\/lavuj.com\/wp-content\/uploads\/2023\/06\/LAV00002.jpg","datePublished":"2023-06-06T13:10:03+00:00","dateModified":"2025-12-31T14:55:20+00:00","breadcrumb":{"@id":"https:\/\/lavuj.com\/produkt\/lavuj-retinol-serum-2\/#breadcrumb"},"inLanguage":"fi","potentialAction":[{"@type":"ReadAction","target":["https:\/\/lavuj.com\/produkt\/lavuj-retinol-serum-2\/"]}]},{"@type":"ImageObject","inLanguage":"fi","@id":"https:\/\/lavuj.com\/produkt\/lavuj-retinol-serum-2\/#primaryimage","url":"https:\/\/lavuj.com\/wp-content\/uploads\/2023\/06\/LAV00002.jpg","contentUrl":"https:\/\/lavuj.com\/wp-content\/uploads\/2023\/06\/LAV00002.jpg","width":1000,"height":1000,"caption":"Lavuj-2-Pack"},{"@type":"BreadcrumbList","@id":"https:\/\/lavuj.com\/produkt\/lavuj-retinol-serum-2\/#breadcrumb","itemListElement":[{"@type":"ListItem","position":1,"name":"Lavuj","item":"https:\/\/lavuj.com\/"},{"@type":"ListItem","position":2,"name":"Shop","item":"https:\/\/lavuj.com\/shop\/"},{"@type":"ListItem","position":3,"name":"Lavuj Retinol Serum 2er Pack"}]},{"@type":"WebSite","@id":"https:\/\/lavuj.com\/#website","url":"https:\/\/lavuj.com\/","name":"Lavuj","description":"Retinoli Seerumi","publisher":{"@id":"https:\/\/lavuj.com\/#organization"},"potentialAction":[{"@type":"SearchAction","target":{"@type":"EntryPoint","urlTemplate":"https:\/\/lavuj.com\/?s={search_term_string}"},"query-input":{"@type":"PropertyValueSpecification","valueRequired":true,"valueName":"search_term_string"}}],"inLanguage":"fi"},{"@type":"Organization","@id":"https:\/\/lavuj.com\/#organization","name":"Lavuj","url":"https:\/\/lavuj.com\/","logo":{"@type":"ImageObject","inLanguage":"fi","@id":"https:\/\/lavuj.com\/#\/schema\/logo\/image\/","url":"https:\/\/lavuj.com\/wp-content\/uploads\/2021\/09\/cropped-LAVUJ-LOGO.png","contentUrl":"https:\/\/lavuj.com\/wp-content\/uploads\/2021\/09\/cropped-LAVUJ-LOGO.png","width":191,"height":79,"caption":"Lavuj"},"image":{"@id":"https:\/\/lavuj.com\/#\/schema\/logo\/image\/"}}]}},"uagb_featured_image_src":{"full":["https:\/\/lavuj.com\/wp-content\/uploads\/2023\/06\/LAV00002.jpg",1000,1000,false],"thumbnail":["https:\/\/lavuj.com\/wp-content\/uploads\/2023\/06\/LAV00002-150x150.jpg",150,150,true],"medium":["https:\/\/lavuj.com\/wp-content\/uploads\/2023\/06\/LAV00002-300x300.jpg",300,300,true],"medium_large":["https:\/\/lavuj.com\/wp-content\/uploads\/2023\/06\/LAV00002-768x768.jpg",768,768,true],"large":["https:\/\/lavuj.com\/wp-content\/uploads\/2023\/06\/LAV00002.jpg",1000,1000,false],"1536x1536":["https:\/\/lavuj.com\/wp-content\/uploads\/2023\/06\/LAV00002.jpg",1000,1000,false],"2048x2048":["https:\/\/lavuj.com\/wp-content\/uploads\/2023\/06\/LAV00002.jpg",1000,1000,false],"trp-custom-language-flag":["https:\/\/lavuj.com\/wp-content\/uploads\/2023\/06\/LAV00002.jpg",12,12,false],"woocommerce_thumbnail":["https:\/\/lavuj.com\/wp-content\/uploads\/2023\/06\/LAV00002-300x300.jpg",300,300,true],"woocommerce_single":["https:\/\/lavuj.com\/wp-content\/uploads\/2023\/06\/LAV00002-600x600.jpg",600,600,true],"woocommerce_gallery_thumbnail":["https:\/\/lavuj.com\/wp-content\/uploads\/2023\/06\/LAV00002-100x100.jpg",100,100,true]},"uagb_author_info":{"display_name":"Kerem085","author_link":"https:\/\/lavuj.com\/fi\/author\/kerem085\/"},"uagb_comment_info":0,"uagb_excerpt":"Retinol Serum gegen Falten. Erleben Sie den Unterschied mit Lavuj - Das Anti-Aging-Serum, das Retinol revolutioniert. Neu: Liposomale Formulierung! Retinol Liposomal Fermentiert Ohne Hormone Dermatologisch getestet","featured_img":"https:\/\/lavuj.com\/wp-content\/uploads\/2023\/06\/LAV00002.jpg","coauthors":[],"author_meta":{"author_link":"https:\/\/lavuj.com\/fi\/author\/kerem085\/","display_name":"Kerem085"},"relative_dates":{"created":"Posted 3 vuotta ago","modified":"Updated 4 kuukautta ago"},"absolute_dates":{"created":"Posted on 6. kes\u00e4kuun 2023","modified":"Updated on 31. joulukuun 2025"},"absolute_dates_time":{"created":"Posted on 6. kes\u00e4kuun 2023 13:10","modified":"Updated on 31. joulukuun 2025 15:55"},"featured_img_caption":"Lavuj-2-Pack","tax_additional":{"product_brand":{"linked":[],"unlinked":[],"slug":"product_brand","name":"Br\u00e4ndit"},"product_type":{"linked":["<a href=\"https:\/\/lavuj.com\/fi\/?taxonomy=product_type&#038;term=simple\" class=\"advgb-post-tax-term\">simple<\/a>"],"unlinked":["<span class=\"advgb-post-tax-term\">simple<\/span>"],"slug":"product_type","name":"Tuotetyyppi"},"product_visibility":{"linked":[],"unlinked":[],"slug":"product_visibility","name":"Tuotteen n\u00e4kyvyys"},"product_cat":{"linked":["<a href=\"https:\/\/lavuj.com\/fi\/tuote-osasto\/anti-aging\/\" class=\"advgb-post-tax-term\">Anti Aging<\/a>"],"unlinked":["<span class=\"advgb-post-tax-term\">Anti Aging<\/span>"],"slug":"product_cat","name":"Osastot"},"product_tag":{"linked":[],"unlinked":[],"slug":"product_tag","name":"Avainsanat tuotteelle"},"product_shipping_class":{"linked":[],"unlinked":[],"slug":"product_shipping_class","name":"Tuotteen toimitusluokat"},"pa_brand":{"linked":[],"unlinked":[],"slug":"pa_brand","name":"Tuote Marke"}},"series_order":"","_links":{"self":[{"href":"https:\/\/lavuj.com\/fi\/wp-json\/wp\/v2\/product\/438","targetHints":{"allow":["GET"]}}],"collection":[{"href":"https:\/\/lavuj.com\/fi\/wp-json\/wp\/v2\/product"}],"about":[{"href":"https:\/\/lavuj.com\/fi\/wp-json\/wp\/v2\/types\/product"}],"wp:featuredmedia":[{"embeddable":true,"href":"https:\/\/lavuj.com\/fi\/wp-json\/wp\/v2\/media\/447"}],"wp:attachment":[{"href":"https:\/\/lavuj.com\/fi\/wp-json\/wp\/v2\/media?parent=438"}],"wp:term":[{"taxonomy":"product_brand","embeddable":true,"href":"https:\/\/lavuj.com\/fi\/wp-json\/wp\/v2\/product_brand?post=438"},{"taxonomy":"product_cat","embeddable":true,"href":"https:\/\/lavuj.com\/fi\/wp-json\/wp\/v2\/product_cat?post=438"},{"taxonomy":"product_tag","embeddable":true,"href":"https:\/\/lavuj.com\/fi\/wp-json\/wp\/v2\/product_tag?post=438"}],"curies":[{"name":"wp","href":"https:\/\/api.w.org\/{rel}","templated":true}]}}