{"id":15,"date":"2021-09-27T05:23:22","date_gmt":"2021-09-27T05:23:22","guid":{"rendered":"https:\/\/lavuj.com\/?page_id=15"},"modified":"2023-12-06T15:40:49","modified_gmt":"2023-12-06T14:40:49","slug":"droit-de-retractation","status":"publish","type":"page","link":"https:\/\/lavuj.com\/fr\/droit-de-retractation\/","title":{"rendered":"Droit de retrait"},"content":{"rendered":"<p><strong>Droit de r\u00e9tractation pour les consommateurs<\/strong><\/p>\n\n\n\n<p>Le consommateur est toute personne physique qui conclut un acte juridique \u00e0 des fins qui, pour l'essentiel, ne peuvent \u00eatre attribu\u00e9es ni \u00e0 son activit\u00e9 commerciale ni \u00e0 son activit\u00e9 professionnelle ind\u00e9pendante.<\/p>\n\n\n\n<p><strong>Droit de r\u00e9tractation Lavuj<\/strong><\/p>\n\n\n\n<p><strong>Droit de retrait<\/strong><\/p>\n\n\n\n<p>Vous avez le droit de vous r\u00e9tracter du pr\u00e9sent contrat dans un d\u00e9lai de quatorze jours. <strong>Le droit de r\u00e9tractation est exclu pour les articles d'hygi\u00e8ne utilis\u00e9s.<\/strong> Le d\u00e9lai de r\u00e9tractation est de quatorze jours \u00e0 compter du jour o\u00f9 vous-m\u00eame ou un tiers d\u00e9sign\u00e9 par vous, qui n'est pas le transporteur, avez pris possession des marchandises, dans la mesure o\u00f9 vous avez command\u00e9 une ou plusieurs marchandises dans le cadre d'une commande unique et o\u00f9 celles-ci sont livr\u00e9es de mani\u00e8re unique.<\/p>\n\n\n\n<p>Pour exercer votre droit de r\u00e9tractation, vous devez nous notifier votre d\u00e9cision de vous r\u00e9tracter du pr\u00e9sent contrat au moyen d'une d\u00e9claration d\u00e9nu\u00e9e d'ambigu\u00eft\u00e9 (par exemple, lettre envoy\u00e9e par la poste, t\u00e9l\u00e9copie ou courrier \u00e9lectronique). Pour ce faire, vous pouvez utiliser le mod\u00e8le de formulaire de r\u00e9tractation ci-joint, qui n'est toutefois pas obligatoire.<\/p>\n\n\n\n<p>Pour que le d\u00e9lai de r\u00e9tractation soit respect\u00e9, il suffit que vous envoyiez la communication relative \u00e0 l'exercice du droit de r\u00e9tractation avant l'expiration du d\u00e9lai de r\u00e9tractation.<\/p>\n\n\n\n<p>La r\u00e9vocation doit \u00eatre adress\u00e9e \u00e0<\/p>\n\n\n\n<p><\/p>\n\n\n\n<figure class=\"wp-block-image size-full is-resized\"><img loading=\"lazy\" decoding=\"async\" width=\"650\" height=\"685\" src=\"https:\/\/lavuj.com\/wp-content\/uploads\/2023\/05\/imp-03.jpg\" alt=\"\" class=\"wp-image-316\" style=\"object-fit:cover;width:237px;height:250px\" srcset=\"https:\/\/lavuj.com\/wp-content\/uploads\/2023\/05\/imp-03.jpg 650w, https:\/\/lavuj.com\/wp-content\/uploads\/2023\/05\/imp-03-600x632.jpg 600w, https:\/\/lavuj.com\/wp-content\/uploads\/2023\/05\/imp-03-285x300.jpg 285w\" sizes=\"auto, (max-width: 650px) 100vw, 650px\" \/><\/figure>\n\n\n\n<p><\/p>\n\n\n\n<p><strong>Adresse de livraison ci-dessous.<\/strong><\/p>\n\n\n\n<p><strong>Cons\u00e9quences de la r\u00e9vocation<\/strong><\/p>\n\n\n\n<p>En cas de r\u00e9tractation du pr\u00e9sent contrat, nous vous rembourserons tous les paiements re\u00e7us de vous, y compris les frais de livraison (\u00e0 l'exception des frais suppl\u00e9mentaires d\u00e9coulant du fait que vous avez choisi un mode de livraison autre que le mode moins co\u00fbteux de livraison standard propos\u00e9 par nous), sans retard excessif et au plus tard quatorze jours \u00e0 compter de la date \u00e0 laquelle nous aurons \u00e9t\u00e9 inform\u00e9s de votre d\u00e9cision de r\u00e9tractation du pr\u00e9sent contrat. Pour ce remboursement, nous utilisons le m\u00eame moyen de paiement que celui que vous avez utilis\u00e9 pour la transaction initiale, \u00e0 moins qu'il n'en ait \u00e9t\u00e9 express\u00e9ment convenu autrement avec vous ; en aucun cas, des frais ne vous seront factur\u00e9s pour ce remboursement.<\/p>\n\n\n\n<p>Nous pouvons refuser le remboursement jusqu'\u00e0 ce que nous ayons r\u00e9cup\u00e9r\u00e9 les marchandises ou jusqu'\u00e0 ce que vous ayez fourni la preuve que vous avez renvoy\u00e9 les marchandises, la date retenue \u00e9tant celle du premier de ces faits.<\/p>\n\n\n\n<p><strong>Retours de marchandises<\/strong><\/p>\n\n\n\n<p>Vous devez nous renvoyer ou nous remettre les biens sans retard excessif et, en tout \u00e9tat de cause, au plus tard quatorze jours \u00e0 compter du jour o\u00f9 vous nous informez de votre d\u00e9cision de r\u00e9tractation du pr\u00e9sent contrat. Le d\u00e9lai est respect\u00e9 si vous renvoyez les marchandises avant l'expiration du d\u00e9lai de quatorze jours.<\/p>\n\n\n\n<p>Les frais directs de renvoi des marchandises sont \u00e0 votre charge.<\/p>\n\n\n\n<p>Vous n'\u00eates tenu d'assumer la responsabilit\u00e9 d'une \u00e9ventuelle d\u00e9pr\u00e9ciation des biens que si cette d\u00e9pr\u00e9ciation est due \u00e0 une manipulation des biens qui n'est pas n\u00e9cessaire pour en v\u00e9rifier la nature, les caract\u00e9ristiques et le fonctionnement.<\/p>\n\n\n\n<p><strong>Motifs d'exclusion ou d'extinction<\/strong><\/p>\n\n\n\n<p><strong>Exclusion du droit de r\u00e9tractation<\/strong>:<\/p>\n\n\n\n<p>Pas de droit de r\u00e9tractation pour les biens rapidement p\u00e9rissables ou dont la date de p\u00e9remption serait rapidement d\u00e9pass\u00e9e. Extinction anticip\u00e9e en cas de livraison de marchandises scell\u00e9es qui, pour des raisons de protection de la sant\u00e9 ou d'hygi\u00e8ne, ne peuvent \u00eatre retourn\u00e9es si leur sceau a \u00e9t\u00e9 retir\u00e9 apr\u00e8s la livraison ; (1) Conform\u00e9ment au \u00a7 312g alin\u00e9a 2 n\u00b0 2 du BGB, il n'existe aucun droit de r\u00e9tractation pour le Lavuj si le sceau a \u00e9t\u00e9 retir\u00e9 de l'emballage. En effet, le Lavuj est une marchandise au sens de l'article 312g, alin\u00e9a 2, n\u00b0 2 du BGB (Code civil allemand) qui se d\u00e9t\u00e9riorerait rapidement si le sceau \u00e9tait bris\u00e9 ou dont la date de p\u00e9remption serait rapidement d\u00e9pass\u00e9e \u00e0 partir de ce moment-l\u00e0 (2 mois apr\u00e8s l'ouverture du Lavuj). (2) Le droit de r\u00e9tractation n'existe donc pas, conform\u00e9ment au \u00a7 312g alin\u00e9a 2 n\u00b0 2 du BGB, si le sceau du Lavuj a \u00e9t\u00e9 retir\u00e9 apr\u00e8s la livraison, parce qu'il y a un risque que le produit retourn\u00e9 arrive chez le r\u00e9-acheteur avec une dur\u00e9e de conservation nettement plus courte.<\/p>\n\n\n\n<p>Le droit de r\u00e9tractation est exclu dans ce contexte, car le s\u00e9rum avec sceau bris\u00e9 \u00e0 reprendre serait difficile, voire impossible \u00e0 revendre pour Lavuj, compte tenu de la dur\u00e9e du retour.<\/p>\n\n\n\n<p><strong>Le droit de r\u00e9tractation est exclu pour les articles d'hygi\u00e8ne utilis\u00e9s<\/strong>.<\/p>\n\n\n\n<hr class=\"wp-block-separator has-css-opacity\"\/>\n\n\n\n<p>Le droit de r\u00e9tractation existe <strong>pas<\/strong> pour les contrats<\/p>\n\n\n\n<ul class=\"wp-block-list\">\n<li>pour la livraison de marchandises qui ne sont pas pr\u00e9fabriqu\u00e9es et pour la fabrication desquelles le choix ou la d\u00e9termination individuels du consommateur sont d\u00e9terminants ou qui sont clairement adapt\u00e9es aux besoins personnels du consommateur ;<\/li>\n\n\n\n<li>pour la livraison de marchandises susceptibles de se d\u00e9t\u00e9riorer rapidement ou dont la date de p\u00e9remption serait rapidement d\u00e9pass\u00e9e ;<\/li>\n\n\n\n<li>contrats d'abonnement.<\/li>\n<\/ul>\n\n\n\n<p>&#8212;&#8212;&#8211;<\/p>\n\n\n\n<p><strong>Le droit de r\u00e9tractation expire de mani\u00e8re anticip\u00e9e pour les contrats<\/strong><\/p>\n\n\n\n<ul class=\"wp-block-list\">\n<li>pour la livraison de marchandises scell\u00e9es qui ne peuvent \u00eatre retourn\u00e9es pour des raisons de protection de la sant\u00e9 ou d'hygi\u00e8ne, si leur sceau a \u00e9t\u00e9 retir\u00e9 apr\u00e8s la livraison ;<\/li>\n\n\n\n<li>\u00e0 la livraison de marchandises si, apr\u00e8s la livraison, celles-ci ont \u00e9t\u00e9 m\u00e9lang\u00e9es de mani\u00e8re indissociable avec d'autres marchandises en raison de leur nature ;<\/li>\n<\/ul>\n\n\n\n<p>_______<\/p>\n\n\n\n<p><strong>Mod\u00e8le de formulaire de r\u00e9tractation<\/strong><\/p>\n\n\n\n<p>Si vous souhaitez annuler le contrat, veuillez remplir ce formulaire et le renvoyer.<br><strong>Le droit de r\u00e9tractation est exclu pour les articles d'hygi\u00e8ne utilis\u00e9s.<\/strong><\/p>\n\n\n\n<p>1. Retour \u00e0 :<\/p>\n\n\n\n<p>VDS - Shipping and Data Service <br>c\/o Alaiko GmbH <br>Siemensstra\u00dfe 14<br>D-37412 Herzberg am Harz<br>Germany<br><br>Courrier \u00e9lectronique : info@lavuj.com<\/p>\n\n\n\n<p>2. Je\/nous r\u00e9voque(ons) par la pr\u00e9sente le contrat que j'ai\/nous avons conclu pour l'achat des marchandises suivantes\/la prestation des services suivants<br>Service (joindre une copie de la facture, le cas \u00e9ch\u00e9ant)<br>Num\u00e9ro de commande : ..........................................<br>Nombre \/ nom de la marchandise : ...........................<br>Prix d'achat : ...................................................<br>D\u00e9j\u00e0 utilis\u00e9 ? Le droit de r\u00e9tractation est exclu pour les articles d'hygi\u00e8ne utilis\u00e9s.<\/p>\n\n\n\n<p>3. Command\u00e9 le : ........................<\/p>\n\n\n\n<p>4. Raison : .............................................<\/p>\n\n\n\n<p>5. Re\u00e7u le : ........................<\/p>\n\n\n\n<p>6. Nom, adresse du consommateur : ......<br>Num\u00e9ro de client : ........................................<br>Pr\u00e9nom et nom de famille : .................................<br>Rue : .......................................................<br>Code postal et lieu : ..................................................<\/p>\n\n\n\n<p>7. Lieu, date &amp; signature du client :<br>&#8230;&#8230;&#8230;&#8230;&#8230;&#8230;&#8230;&#8230;&#8230;&#8230;&#8230;&#8230;&#8230;&#8230;&#8230;&#8230;&#8230;.<\/p>","protected":false},"excerpt":{"rendered":"<p>Widerrufsrecht f\u00fcr Verbraucher Verbraucher ist jede nat\u00fcrliche Person, die ein Rechtsgesch\u00e4ft zu Zwecken abschlie\u00dft, die \u00fcberwiegend weder ihrer gewerblichen noch ihrer selbstst\u00e4ndigen beruflichen T\u00e4tigkeit zugerechnet werden kann. Widerrufsbelehrung Lavuj Widerrufsrecht [&hellip;]<\/p>","protected":false},"author":1,"featured_media":0,"parent":0,"menu_order":0,"comment_status":"closed","ping_status":"closed","template":"","meta":{"_uag_custom_page_level_css":"","advgb_blocks_editor_width":"","advgb_blocks_columns_visual_guide":"","site-sidebar-layout":"default","site-content-layout":"default","ast-site-content-layout":"default","site-content-style":"default","site-sidebar-style":"default","ast-global-header-display":"","ast-banner-title-visibility":"","ast-main-header-display":"","ast-hfb-above-header-display":"","ast-hfb-below-header-display":"","ast-hfb-mobile-header-display":"","site-post-title":"","ast-breadcrumbs-content":"","ast-featured-img":"","footer-sml-layout":"","ast-disable-related-posts":"","theme-transparent-header-meta":"default","adv-header-id-meta":"","stick-header-meta":"default","header-above-stick-meta":"","header-main-stick-meta":"","header-below-stick-meta":"","astra-migrate-meta-layouts":"set","ast-page-background-enabled":"default","ast-page-background-meta":{"desktop":{"background-color":"","background-image":"","background-repeat":"repeat","background-position":"center center","background-size":"auto","background-attachment":"scroll","background-type":"","background-media":"","overlay-type":"","overlay-color":"","overlay-opacity":"","overlay-gradient":""},"tablet":{"background-color":"","background-image":"","background-repeat":"repeat","background-position":"center center","background-size":"auto","background-attachment":"scroll","background-type":"","background-media":"","overlay-type":"","overlay-color":"","overlay-opacity":"","overlay-gradient":""},"mobile":{"background-color":"","background-image":"","background-repeat":"repeat","background-position":"center center","background-size":"auto","background-attachment":"scroll","background-type":"","background-media":"","overlay-type":"","overlay-color":"","overlay-opacity":"","overlay-gradient":""}},"ast-content-background-meta":{"desktop":{"background-color":"var(--ast-global-color-5)","background-image":"","background-repeat":"repeat","background-position":"center center","background-size":"auto","background-attachment":"scroll","background-type":"","background-media":"","overlay-type":"","overlay-color":"","overlay-opacity":"","overlay-gradient":""},"tablet":{"background-color":"var(--ast-global-color-5)","background-image":"","background-repeat":"repeat","background-position":"center center","background-size":"auto","background-attachment":"scroll","background-type":"","background-media":"","overlay-type":"","overlay-color":"","overlay-opacity":"","overlay-gradient":""},"mobile":{"background-color":"var(--ast-global-color-5)","background-image":"","background-repeat":"repeat","background-position":"center center","background-size":"auto","background-attachment":"scroll","background-type":"","background-media":"","overlay-type":"","overlay-color":"","overlay-opacity":"","overlay-gradient":""}},"footnotes":""},"class_list":["post-15","page","type-page","status-publish","hentry"],"yoast_head":"<!-- This site is optimized with the Yoast SEO Premium plugin v23.4 (Yoast SEO v26.6) - https:\/\/yoast.com\/wordpress\/plugins\/seo\/ -->\n<title>Widerrufsrecht | Lavuj<\/title>\n<meta name=\"robots\" content=\"noindex, nofollow\" \/>\n<meta property=\"og:locale\" content=\"fr_FR\" \/>\n<meta property=\"og:type\" content=\"article\" \/>\n<meta property=\"og:title\" content=\"Widerrufsrecht\" \/>\n<meta property=\"og:description\" content=\"Widerrufsrecht f\u00fcr Verbraucher Verbraucher ist jede nat\u00fcrliche Person, die ein Rechtsgesch\u00e4ft zu Zwecken abschlie\u00dft, die \u00fcberwiegend weder ihrer gewerblichen noch ihrer selbstst\u00e4ndigen beruflichen T\u00e4tigkeit zugerechnet werden kann. Widerrufsbelehrung Lavuj Widerrufsrecht [&hellip;]\" \/>\n<meta property=\"og:url\" content=\"https:\/\/lavuj.com\/fr\/droit-de-retractation\/\" \/>\n<meta property=\"og:site_name\" content=\"Lavuj\" \/>\n<meta property=\"article:modified_time\" content=\"2023-12-06T14:40:49+00:00\" \/>\n<meta property=\"og:image\" content=\"https:\/\/lavuj.com\/wp-content\/uploads\/2023\/05\/imp-03.jpg\" \/>\n<meta name=\"twitter:card\" content=\"summary_large_image\" \/>\n<meta name=\"twitter:label1\" content=\"Dur\u00e9e de lecture estim\u00e9e\" \/>\n\t<meta name=\"twitter:data1\" content=\"5 minutes\" \/>\n<script type=\"application\/ld+json\" class=\"yoast-schema-graph\">{\"@context\":\"https:\/\/schema.org\",\"@graph\":[{\"@type\":\"WebPage\",\"@id\":\"https:\/\/lavuj.com\/widerrufsrecht\/\",\"url\":\"https:\/\/lavuj.com\/widerrufsrecht\/\",\"name\":\"Widerrufsrecht | Lavuj\",\"isPartOf\":{\"@id\":\"https:\/\/lavuj.com\/#website\"},\"primaryImageOfPage\":{\"@id\":\"https:\/\/lavuj.com\/widerrufsrecht\/#primaryimage\"},\"image\":{\"@id\":\"https:\/\/lavuj.com\/widerrufsrecht\/#primaryimage\"},\"thumbnailUrl\":\"https:\/\/lavuj.com\/wp-content\/uploads\/2023\/05\/imp-03.jpg\",\"datePublished\":\"2021-09-27T05:23:22+00:00\",\"dateModified\":\"2023-12-06T14:40:49+00:00\",\"breadcrumb\":{\"@id\":\"https:\/\/lavuj.com\/widerrufsrecht\/#breadcrumb\"},\"inLanguage\":\"fr-FR\",\"potentialAction\":[{\"@type\":\"ReadAction\",\"target\":[\"https:\/\/lavuj.com\/widerrufsrecht\/\"]}]},{\"@type\":\"ImageObject\",\"inLanguage\":\"fr-FR\",\"@id\":\"https:\/\/lavuj.com\/widerrufsrecht\/#primaryimage\",\"url\":\"https:\/\/lavuj.com\/wp-content\/uploads\/2023\/05\/imp-03.jpg\",\"contentUrl\":\"https:\/\/lavuj.com\/wp-content\/uploads\/2023\/05\/imp-03.jpg\"},{\"@type\":\"BreadcrumbList\",\"@id\":\"https:\/\/lavuj.com\/widerrufsrecht\/#breadcrumb\",\"itemListElement\":[{\"@type\":\"ListItem\",\"position\":1,\"name\":\"Lavuj\",\"item\":\"https:\/\/lavuj.com\/\"},{\"@type\":\"ListItem\",\"position\":2,\"name\":\"Widerrufsrecht\"}]},{\"@type\":\"WebSite\",\"@id\":\"https:\/\/lavuj.com\/#website\",\"url\":\"https:\/\/lavuj.com\/\",\"name\":\"Lavuj\",\"description\":\"Retinol Serum\",\"publisher\":{\"@id\":\"https:\/\/lavuj.com\/#organization\"},\"potentialAction\":[{\"@type\":\"SearchAction\",\"target\":{\"@type\":\"EntryPoint\",\"urlTemplate\":\"https:\/\/lavuj.com\/?s={search_term_string}\"},\"query-input\":{\"@type\":\"PropertyValueSpecification\",\"valueRequired\":true,\"valueName\":\"search_term_string\"}}],\"inLanguage\":\"fr-FR\"},{\"@type\":\"Organization\",\"@id\":\"https:\/\/lavuj.com\/#organization\",\"name\":\"Lavuj\",\"url\":\"https:\/\/lavuj.com\/\",\"logo\":{\"@type\":\"ImageObject\",\"inLanguage\":\"fr-FR\",\"@id\":\"https:\/\/lavuj.com\/#\/schema\/logo\/image\/\",\"url\":\"https:\/\/lavuj.com\/wp-content\/uploads\/2021\/09\/cropped-LAVUJ-LOGO.png\",\"contentUrl\":\"https:\/\/lavuj.com\/wp-content\/uploads\/2021\/09\/cropped-LAVUJ-LOGO.png\",\"width\":191,\"height\":79,\"caption\":\"Lavuj\"},\"image\":{\"@id\":\"https:\/\/lavuj.com\/#\/schema\/logo\/image\/\"}}]}<\/script>\n<!-- \/ Yoast SEO Premium plugin. -->","yoast_head_json":{"title":"Droit de r\u00e9tractation | Lavuj","robots":{"index":"noindex","follow":"nofollow"},"og_locale":"fr_FR","og_type":"article","og_title":"Widerrufsrecht","og_description":"Widerrufsrecht f\u00fcr Verbraucher Verbraucher ist jede nat\u00fcrliche Person, die ein Rechtsgesch\u00e4ft zu Zwecken abschlie\u00dft, die \u00fcberwiegend weder ihrer gewerblichen noch ihrer selbstst\u00e4ndigen beruflichen T\u00e4tigkeit zugerechnet werden kann. Widerrufsbelehrung Lavuj Widerrufsrecht [&hellip;]","og_url":"https:\/\/lavuj.com\/fr\/droit-de-retractation\/","og_site_name":"Lavuj","article_modified_time":"2023-12-06T14:40:49+00:00","og_image":[{"url":"https:\/\/lavuj.com\/wp-content\/uploads\/2023\/05\/imp-03.jpg","type":"","width":"","height":""}],"twitter_card":"summary_large_image","twitter_misc":{"Dur\u00e9e de lecture estim\u00e9e":"5 minutes"},"schema":{"@context":"https:\/\/schema.org","@graph":[{"@type":"WebPage","@id":"https:\/\/lavuj.com\/widerrufsrecht\/","url":"https:\/\/lavuj.com\/widerrufsrecht\/","name":"Droit de r\u00e9tractation | Lavuj","isPartOf":{"@id":"https:\/\/lavuj.com\/#website"},"primaryImageOfPage":{"@id":"https:\/\/lavuj.com\/widerrufsrecht\/#primaryimage"},"image":{"@id":"https:\/\/lavuj.com\/widerrufsrecht\/#primaryimage"},"thumbnailUrl":"https:\/\/lavuj.com\/wp-content\/uploads\/2023\/05\/imp-03.jpg","datePublished":"2021-09-27T05:23:22+00:00","dateModified":"2023-12-06T14:40:49+00:00","breadcrumb":{"@id":"https:\/\/lavuj.com\/widerrufsrecht\/#breadcrumb"},"inLanguage":"fr-FR","potentialAction":[{"@type":"ReadAction","target":["https:\/\/lavuj.com\/widerrufsrecht\/"]}]},{"@type":"ImageObject","inLanguage":"fr-FR","@id":"https:\/\/lavuj.com\/widerrufsrecht\/#primaryimage","url":"https:\/\/lavuj.com\/wp-content\/uploads\/2023\/05\/imp-03.jpg","contentUrl":"https:\/\/lavuj.com\/wp-content\/uploads\/2023\/05\/imp-03.jpg"},{"@type":"BreadcrumbList","@id":"https:\/\/lavuj.com\/widerrufsrecht\/#breadcrumb","itemListElement":[{"@type":"ListItem","position":1,"name":"Lavuj","item":"https:\/\/lavuj.com\/"},{"@type":"ListItem","position":2,"name":"Widerrufsrecht"}]},{"@type":"WebSite","@id":"https:\/\/lavuj.com\/#website","url":"https:\/\/lavuj.com\/","name":"Lavuj","description":"Retinol Serum","publisher":{"@id":"https:\/\/lavuj.com\/#organization"},"potentialAction":[{"@type":"SearchAction","target":{"@type":"EntryPoint","urlTemplate":"https:\/\/lavuj.com\/?s={search_term_string}"},"query-input":{"@type":"PropertyValueSpecification","valueRequired":true,"valueName":"search_term_string"}}],"inLanguage":"fr-FR"},{"@type":"Organization","@id":"https:\/\/lavuj.com\/#organization","name":"Lavuj","url":"https:\/\/lavuj.com\/","logo":{"@type":"ImageObject","inLanguage":"fr-FR","@id":"https:\/\/lavuj.com\/#\/schema\/logo\/image\/","url":"https:\/\/lavuj.com\/wp-content\/uploads\/2021\/09\/cropped-LAVUJ-LOGO.png","contentUrl":"https:\/\/lavuj.com\/wp-content\/uploads\/2021\/09\/cropped-LAVUJ-LOGO.png","width":191,"height":79,"caption":"Lavuj"},"image":{"@id":"https:\/\/lavuj.com\/#\/schema\/logo\/image\/"}}]}},"uagb_featured_image_src":{"full":false,"thumbnail":false,"medium":false,"medium_large":false,"large":false,"1536x1536":false,"2048x2048":false,"trp-custom-language-flag":false,"woocommerce_thumbnail":false,"woocommerce_single":false,"woocommerce_gallery_thumbnail":false},"uagb_author_info":{"display_name":"Kerem085","author_link":"https:\/\/lavuj.com\/fr\/author\/kerem085\/"},"uagb_comment_info":0,"uagb_excerpt":"Widerrufsrecht f\u00fcr Verbraucher Verbraucher ist jede nat\u00fcrliche Person, die ein Rechtsgesch\u00e4ft zu Zwecken abschlie\u00dft, die \u00fcberwiegend weder ihrer gewerblichen noch ihrer selbstst\u00e4ndigen beruflichen T\u00e4tigkeit zugerechnet werden kann. Widerrufsbelehrung Lavuj Widerrufsrecht [&hellip;]","coauthors":[],"author_meta":{"author_link":"https:\/\/lavuj.com\/fr\/author\/kerem085\/","display_name":"Kerem085"},"relative_dates":{"created":"Publi\u00e9 5 ans il y a","modified":"Mis \u00e0 jour 2 ans il y a"},"absolute_dates":{"created":"Publi\u00e9 le 27. septembre 2021","modified":"Mise \u00e0 jour le 6. d\u00e9cembre 2023"},"absolute_dates_time":{"created":"Publi\u00e9 le 27. septembre 2021 5:23","modified":"Mise \u00e0 jour le 6. d\u00e9cembre 2023 15:40"},"featured_img_caption":"","featured_img":false,"series_order":"","_links":{"self":[{"href":"https:\/\/lavuj.com\/fr\/wp-json\/wp\/v2\/pages\/15","targetHints":{"allow":["GET"]}}],"collection":[{"href":"https:\/\/lavuj.com\/fr\/wp-json\/wp\/v2\/pages"}],"about":[{"href":"https:\/\/lavuj.com\/fr\/wp-json\/wp\/v2\/types\/page"}],"author":[{"embeddable":true,"href":"https:\/\/lavuj.com\/fr\/wp-json\/wp\/v2\/users\/1"}],"replies":[{"embeddable":true,"href":"https:\/\/lavuj.com\/fr\/wp-json\/wp\/v2\/comments?post=15"}],"version-history":[{"count":7,"href":"https:\/\/lavuj.com\/fr\/wp-json\/wp\/v2\/pages\/15\/revisions"}],"predecessor-version":[{"id":1040,"href":"https:\/\/lavuj.com\/fr\/wp-json\/wp\/v2\/pages\/15\/revisions\/1040"}],"wp:attachment":[{"href":"https:\/\/lavuj.com\/fr\/wp-json\/wp\/v2\/media?parent=15"}],"curies":[{"name":"wp","href":"https:\/\/api.w.org\/{rel}","templated":true}]}}