{"id":438,"date":"2023-06-06T13:10:03","date_gmt":"2023-06-06T13:10:03","guid":{"rendered":"https:\/\/lavuj.com\/?post_type=product&#038;p=438"},"modified":"2025-12-31T15:55:20","modified_gmt":"2025-12-31T14:55:20","slug":"lavuj-retinol-serum-2","status":"publish","type":"product","link":"https:\/\/lavuj.com\/hr\/proizvod\/lavuj-retinol-serum-2\/","title":{"rendered":"Lavuj Retinol Serum, 2 pakiranja"},"content":{"rendered":"<h2>Primjena:<\/h2>\n<p><span style=\"font-weight: 400;\">Nanesite oko 1-2 kapi dnevno nave\u010der ili vi\u0161e po potrebi na o\u010di\u0161\u0107enu ko\u017eu. Nje\u017eno umasirajte u lice i vrat i ostavite da se potpuno upije. Po\u010detnicima preporu\u010dujemo kori\u0161tenje retinola 2-3 puta tjedno i postupno pove\u0107avati u\u010destalost.<\/span><\/p>\n<h2><span style=\"color: #8a949c;\">Lavuj Retinol Serum: Transformativna njega ko\u017ee<br \/>\ns liposomskom i fermentiranom formulom<\/span><\/h2>\n<p><img loading=\"lazy\" decoding=\"async\" class=\"wp-image-297 size-full\" style=\"font-weight: inherit;\" src=\"https:\/\/lavuj.com\/wp-content\/uploads\/2023\/05\/Retinol-Serum-1.jpg\" alt=\"Retinol serum\" width=\"2000\" height=\"1080\" srcset=\"https:\/\/lavuj.com\/wp-content\/uploads\/2023\/05\/Retinol-Serum-1.jpg 2000w, https:\/\/lavuj.com\/wp-content\/uploads\/2023\/05\/Retinol-Serum-1-600x324.jpg 600w, https:\/\/lavuj.com\/wp-content\/uploads\/2023\/05\/Retinol-Serum-1-300x162.jpg 300w, https:\/\/lavuj.com\/wp-content\/uploads\/2023\/05\/Retinol-Serum-1-1024x553.jpg 1024w, https:\/\/lavuj.com\/wp-content\/uploads\/2023\/05\/Retinol-Serum-1-768x415.jpg 768w, https:\/\/lavuj.com\/wp-content\/uploads\/2023\/05\/Retinol-Serum-1-1536x829.jpg 1536w\" sizes=\"auto, (max-width: 2000px) 100vw, 2000px\" \/><\/p>\n<p>Otkrijte tajnu mladena\u010dke ko\u017ee uz Lavuj Retinol Serum. Na\u0161 serum kombinira pa\u017eljivo odabrane sastojke kako bi vam ponudio sveobuhvatnu njegu ko\u017ee.<\/p>\n<p>Formula se temelji na znanstvenim dokazima i klini\u010dkim studijama koje potvr\u0111uju u\u010dinkovitost retinola u pomla\u0111ivanju ko\u017ee. Uz u\u010dinkovitu koncentraciju retinola, bore i bore su vidljivo smanjene. Ali Lavuj retinol serum je vi\u0161e od samog retinola.<\/p>\n<p>Koristimo liposomsku tehnologiju proizvodnje kako bismo omogu\u0107ili kontrolirano otpu\u0161tanje sastojaka. Time se retinol postupno osloba\u0111a u ko\u017eu, smanjuju\u0107i rizik od iritacije. Ova inovativna metoda osigurava da va\u0161a ko\u017ea do\u017eivi maksimalnu u\u010dinkovitost retinola.<\/p>\n<p>Integrirali smo i fermentirane sastojke koji pobolj\u0161avaju apsorpciju aktivnih sastojaka i istovremeno pove\u0107avaju podno\u0161ljivost. Fermentacija pove\u0107ava u\u010dinkovitost sastojaka i \u010dini da Lavuj retinol serum posebno dobro podnosi \u010dak i osjetljiva ko\u017ea.<\/p>\n<p>Na\u0161 serum tako\u0111er sadr\u017ei Dragon&#039;s Blood, vrijedan ekstrakt stabla zmajeve krvi. Bogat je fenolnim spojevima koji su poznati kao sna\u017eni antioksidansi. Ovi antioksidansi \u0161tite stanice ko\u017ee od \u0161tetnih u\u010dinaka oksidativnog stresa i podupiru regeneraciju ko\u017ee. Tako\u0111er pobolj\u0161avaju interakciju stanica ko\u017ee s okolinom i poti\u010du stvaranje kolagena za \u010dvr\u0161\u0107u ko\u017eu.<\/p>\n<p>Kombinacija hijaluronske kiseline, peptida i niacinamida upotpunjuje na\u0161u jedinstvenu formulu. Visokokvalitetna niskomolekularna hijaluronska kiselina prodire duboko u ko\u017eu kako bi je intenzivno hidratizirala i zategla. Peptidi poti\u010du proizvodnju kolagena i podupiru zatezanje ko\u017ee. Niacinamid (vitamin B3) djeluje protuupalno i pobolj\u0161ava izgled ko\u017ee.<\/p>\n<p>Uronite u svijet napredne njege ko\u017ee uz Lavuj Retinol Serum. Osjetite kako se va\u0161a ko\u017ea transformira i dobiva mladena\u010dki sjaj.<\/p>\n<h3><span style=\"color: #8a949c;\">\u010cista ljepota<\/span><\/h3>\n<p>Lavuj se oslanja na Clean Beauty: 100% bez formaldehida, ftalata, sulfata, parabena, silikona, mineralnih ulja i PEG-a. Lavuj je tako\u0111er veganski i bez okrutnosti.<\/p>","protected":false},"excerpt":{"rendered":"<p class=\"p1\"><span class=\"s1\">Retinol Serum protiv bora. Do\u017eivite razliku uz Lavuj \u2013 Serum za mladu ko\u017eu i protiv bora revolucionira retinol.<br \/>\n<span style=\"color: #5bc98b;\"><strong>Novo: Liposomska formula!<\/strong><\/span><\/span><\/p>\n<ul>\n<li>Retinol<\/li>\n<li>Liposomski<\/li>\n<li>Fermentiran<\/li>\n<li>Bez hormona<\/li>\n<li>Dermatolo\u0161ki ispitano<\/li>\n<\/ul>\n<p><img loading=\"lazy\" decoding=\"async\" class=\"alignnone wp-image-42\" src=\"https:\/\/lavuj.com\/wp-content\/uploads\/2021\/09\/Lo-2.jpg\" alt=\"\" width=\"339\" height=\"30\" srcset=\"https:\/\/lavuj.com\/wp-content\/uploads\/2021\/09\/Lo-2.jpg 941w, https:\/\/lavuj.com\/wp-content\/uploads\/2021\/09\/Lo-2-600x53.jpg 600w, https:\/\/lavuj.com\/wp-content\/uploads\/2021\/09\/Lo-2-300x26.jpg 300w, https:\/\/lavuj.com\/wp-content\/uploads\/2021\/09\/Lo-2-768x68.jpg 768w\" sizes=\"auto, (max-width: 339px) 100vw, 339px\" \/><\/p>\n<p><img loading=\"lazy\" decoding=\"async\" class=\"wp-image-947\" src=\"https:\/\/lavuj.com\/wp-content\/uploads\/2023\/10\/Testsieger-De-1024x610.jpg\" alt=\"Lavuj test\" width=\"152\" height=\"91\" srcset=\"https:\/\/lavuj.com\/wp-content\/uploads\/2023\/10\/Testsieger-De-1024x610.jpg 1024w, https:\/\/lavuj.com\/wp-content\/uploads\/2023\/10\/Testsieger-De-300x179.jpg 300w, https:\/\/lavuj.com\/wp-content\/uploads\/2023\/10\/Testsieger-De-768x457.jpg 768w, https:\/\/lavuj.com\/wp-content\/uploads\/2023\/10\/Testsieger-De-18x12.jpg 18w, https:\/\/lavuj.com\/wp-content\/uploads\/2023\/10\/Testsieger-De-600x357.jpg 600w, https:\/\/lavuj.com\/wp-content\/uploads\/2023\/10\/Testsieger-De.jpg 1249w\" sizes=\"auto, (max-width: 152px) 100vw, 152px\" \/><\/p>","protected":false},"author":1,"featured_media":447,"template":"","meta":{"_uag_custom_page_level_css":"","advgb_blocks_editor_width":"","advgb_blocks_columns_visual_guide":"","site-sidebar-layout":"default","site-content-layout":"default","ast-site-content-layout":"default","site-content-style":"default","site-sidebar-style":"default","ast-global-header-display":"","ast-banner-title-visibility":"","ast-main-header-display":"","ast-hfb-above-header-display":"","ast-hfb-below-header-display":"","ast-hfb-mobile-header-display":"","site-post-title":"","ast-breadcrumbs-content":"","ast-featured-img":"","footer-sml-layout":"","ast-disable-related-posts":"","theme-transparent-header-meta":"default","adv-header-id-meta":"","stick-header-meta":"default","header-above-stick-meta":"","header-main-stick-meta":"","header-below-stick-meta":"","astra-migrate-meta-layouts":"set","ast-page-background-enabled":"default","ast-page-background-meta":{"desktop":{"background-color":"","background-image":"","background-repeat":"repeat","background-position":"center center","background-size":"auto","background-attachment":"scroll","background-type":"","background-media":"","overlay-type":"","overlay-color":"","overlay-opacity":"","overlay-gradient":""},"tablet":{"background-color":"","background-image":"","background-repeat":"repeat","background-position":"center center","background-size":"auto","background-attachment":"scroll","background-type":"","background-media":"","overlay-type":"","overlay-color":"","overlay-opacity":"","overlay-gradient":""},"mobile":{"background-color":"","background-image":"","background-repeat":"repeat","background-position":"center center","background-size":"auto","background-attachment":"scroll","background-type":"","background-media":"","overlay-type":"","overlay-color":"","overlay-opacity":"","overlay-gradient":""}},"ast-content-background-meta":{"desktop":{"background-color":"var(--ast-global-color-5)","background-image":"","background-repeat":"repeat","background-position":"center center","background-size":"auto","background-attachment":"scroll","background-type":"","background-media":"","overlay-type":"","overlay-color":"","overlay-opacity":"","overlay-gradient":""},"tablet":{"background-color":"var(--ast-global-color-5)","background-image":"","background-repeat":"repeat","background-position":"center center","background-size":"auto","background-attachment":"scroll","background-type":"","background-media":"","overlay-type":"","overlay-color":"","overlay-opacity":"","overlay-gradient":""},"mobile":{"background-color":"var(--ast-global-color-5)","background-image":"","background-repeat":"repeat","background-position":"center center","background-size":"auto","background-attachment":"scroll","background-type":"","background-media":"","overlay-type":"","overlay-color":"","overlay-opacity":"","overlay-gradient":""}}},"product_brand":[],"product_cat":[39],"product_tag":[],"class_list":{"0":"post-438","1":"product","2":"type-product","3":"status-publish","4":"has-post-thumbnail","6":"product_cat-anti-aging","7":"desktop-align-left","8":"tablet-align-left","9":"mobile-align-left","10":"ast-product-gallery-layout-horizontal","11":"ast-magnify-disabled","12":"ast-product-tabs-layout-horizontal","13":"ast-qv-on-image","15":"first","16":"instock","17":"sale","18":"taxable","19":"shipping-taxable","20":"purchasable","21":"product-type-simple"},"yoast_head":"<!-- This site is optimized with the Yoast SEO Premium plugin v23.4 (Yoast SEO v26.6) - https:\/\/yoast.com\/wordpress\/plugins\/seo\/ -->\n<title>Lavuj Retinol Serum 2er Pack | Lavuj<\/title>\n<meta name=\"robots\" content=\"index, follow, max-snippet:-1, max-image-preview:large, max-video-preview:-1\" \/>\n<link rel=\"canonical\" href=\"https:\/\/lavuj.com\/hr\/proizvod\/lavuj-retinol-serum-2\/\" \/>\n<meta property=\"og:locale\" content=\"hr_HR\" \/>\n<meta property=\"og:type\" content=\"article\" \/>\n<meta property=\"og:title\" content=\"Lavuj Retinol Serum 2er Pack\" \/>\n<meta property=\"og:description\" content=\"Retinol Serum gegen Falten. Erleben Sie den Unterschied mit Lavuj - Das Anti-Aging-Serum, das Retinol revolutioniert. Neu: Liposomale Formulierung!    Retinol  Liposomal  Fermentiert  Ohne Hormone  Dermatologisch getestet\" \/>\n<meta property=\"og:url\" content=\"https:\/\/lavuj.com\/hr\/proizvod\/lavuj-retinol-serum-2\/\" \/>\n<meta property=\"og:site_name\" content=\"Lavuj\" \/>\n<meta property=\"article:modified_time\" content=\"2025-12-31T14:55:20+00:00\" \/>\n<meta property=\"og:image\" content=\"https:\/\/lavuj.com\/wp-content\/uploads\/2023\/06\/LAV00002.jpg\" \/>\n\t<meta property=\"og:image:width\" content=\"1000\" \/>\n\t<meta property=\"og:image:height\" content=\"1000\" \/>\n\t<meta property=\"og:image:type\" content=\"image\/jpeg\" \/>\n<meta name=\"twitter:card\" content=\"summary_large_image\" \/>\n<meta name=\"twitter:label1\" content=\"Procijenjeno vrijeme \u010ditanja\" \/>\n\t<meta name=\"twitter:data1\" content=\"3 minute\" \/>\n<script type=\"application\/ld+json\" class=\"yoast-schema-graph\">{\"@context\":\"https:\/\/schema.org\",\"@graph\":[{\"@type\":\"WebPage\",\"@id\":\"https:\/\/lavuj.com\/produkt\/lavuj-retinol-serum-2\/\",\"url\":\"https:\/\/lavuj.com\/produkt\/lavuj-retinol-serum-2\/\",\"name\":\"Lavuj Retinol Serum 2er Pack | Lavuj\",\"isPartOf\":{\"@id\":\"https:\/\/lavuj.com\/#website\"},\"primaryImageOfPage\":{\"@id\":\"https:\/\/lavuj.com\/produkt\/lavuj-retinol-serum-2\/#primaryimage\"},\"image\":{\"@id\":\"https:\/\/lavuj.com\/produkt\/lavuj-retinol-serum-2\/#primaryimage\"},\"thumbnailUrl\":\"https:\/\/lavuj.com\/wp-content\/uploads\/2023\/06\/LAV00002.jpg\",\"datePublished\":\"2023-06-06T13:10:03+00:00\",\"dateModified\":\"2025-12-31T14:55:20+00:00\",\"breadcrumb\":{\"@id\":\"https:\/\/lavuj.com\/produkt\/lavuj-retinol-serum-2\/#breadcrumb\"},\"inLanguage\":\"hr\",\"potentialAction\":[{\"@type\":\"ReadAction\",\"target\":[\"https:\/\/lavuj.com\/produkt\/lavuj-retinol-serum-2\/\"]}]},{\"@type\":\"ImageObject\",\"inLanguage\":\"hr\",\"@id\":\"https:\/\/lavuj.com\/produkt\/lavuj-retinol-serum-2\/#primaryimage\",\"url\":\"https:\/\/lavuj.com\/wp-content\/uploads\/2023\/06\/LAV00002.jpg\",\"contentUrl\":\"https:\/\/lavuj.com\/wp-content\/uploads\/2023\/06\/LAV00002.jpg\",\"width\":1000,\"height\":1000,\"caption\":\"Lavuj-2-Pack\"},{\"@type\":\"BreadcrumbList\",\"@id\":\"https:\/\/lavuj.com\/produkt\/lavuj-retinol-serum-2\/#breadcrumb\",\"itemListElement\":[{\"@type\":\"ListItem\",\"position\":1,\"name\":\"Lavuj\",\"item\":\"https:\/\/lavuj.com\/\"},{\"@type\":\"ListItem\",\"position\":2,\"name\":\"Shop\",\"item\":\"https:\/\/lavuj.com\/shop\/\"},{\"@type\":\"ListItem\",\"position\":3,\"name\":\"Lavuj Retinol Serum 2er Pack\"}]},{\"@type\":\"WebSite\",\"@id\":\"https:\/\/lavuj.com\/#website\",\"url\":\"https:\/\/lavuj.com\/\",\"name\":\"Lavuj\",\"description\":\"Retinol Serum\",\"publisher\":{\"@id\":\"https:\/\/lavuj.com\/#organization\"},\"potentialAction\":[{\"@type\":\"SearchAction\",\"target\":{\"@type\":\"EntryPoint\",\"urlTemplate\":\"https:\/\/lavuj.com\/?s={search_term_string}\"},\"query-input\":{\"@type\":\"PropertyValueSpecification\",\"valueRequired\":true,\"valueName\":\"search_term_string\"}}],\"inLanguage\":\"hr\"},{\"@type\":\"Organization\",\"@id\":\"https:\/\/lavuj.com\/#organization\",\"name\":\"Lavuj\",\"url\":\"https:\/\/lavuj.com\/\",\"logo\":{\"@type\":\"ImageObject\",\"inLanguage\":\"hr\",\"@id\":\"https:\/\/lavuj.com\/#\/schema\/logo\/image\/\",\"url\":\"https:\/\/lavuj.com\/wp-content\/uploads\/2021\/09\/cropped-LAVUJ-LOGO.png\",\"contentUrl\":\"https:\/\/lavuj.com\/wp-content\/uploads\/2021\/09\/cropped-LAVUJ-LOGO.png\",\"width\":191,\"height\":79,\"caption\":\"Lavuj\"},\"image\":{\"@id\":\"https:\/\/lavuj.com\/#\/schema\/logo\/image\/\"}}]}<\/script>\n<!-- \/ Yoast SEO Premium plugin. -->","yoast_head_json":{"title":"Lavuj Retinol Serum, 2 pakiranja","robots":{"index":"index","follow":"follow","max-snippet":"max-snippet:-1","max-image-preview":"max-image-preview:large","max-video-preview":"max-video-preview:-1"},"canonical":"https:\/\/lavuj.com\/hr\/proizvod\/lavuj-retinol-serum-2\/","og_locale":"hr_HR","og_type":"article","og_title":"Lavuj Retinol Serum 2er Pack","og_description":"Retinol Serum gegen Falten. Erleben Sie den Unterschied mit Lavuj - Das Anti-Aging-Serum, das Retinol revolutioniert. Neu: Liposomale Formulierung!    Retinol  Liposomal  Fermentiert  Ohne Hormone  Dermatologisch getestet","og_url":"https:\/\/lavuj.com\/hr\/proizvod\/lavuj-retinol-serum-2\/","og_site_name":"Lavuj","article_modified_time":"2025-12-31T14:55:20+00:00","og_image":[{"width":1000,"height":1000,"url":"https:\/\/lavuj.com\/wp-content\/uploads\/2023\/06\/LAV00002.jpg","type":"image\/jpeg"}],"twitter_card":"summary_large_image","twitter_misc":{"Procijenjeno vrijeme \u010ditanja":"3 minute"},"schema":{"@context":"https:\/\/schema.org","@graph":[{"@type":"WebPage","@id":"https:\/\/lavuj.com\/produkt\/lavuj-retinol-serum-2\/","url":"https:\/\/lavuj.com\/produkt\/lavuj-retinol-serum-2\/","name":"Lavuj Retinol Serum, 2 pakiranja","isPartOf":{"@id":"https:\/\/lavuj.com\/#website"},"primaryImageOfPage":{"@id":"https:\/\/lavuj.com\/produkt\/lavuj-retinol-serum-2\/#primaryimage"},"image":{"@id":"https:\/\/lavuj.com\/produkt\/lavuj-retinol-serum-2\/#primaryimage"},"thumbnailUrl":"https:\/\/lavuj.com\/wp-content\/uploads\/2023\/06\/LAV00002.jpg","datePublished":"2023-06-06T13:10:03+00:00","dateModified":"2025-12-31T14:55:20+00:00","breadcrumb":{"@id":"https:\/\/lavuj.com\/produkt\/lavuj-retinol-serum-2\/#breadcrumb"},"inLanguage":"hr","potentialAction":[{"@type":"ReadAction","target":["https:\/\/lavuj.com\/produkt\/lavuj-retinol-serum-2\/"]}]},{"@type":"ImageObject","inLanguage":"hr","@id":"https:\/\/lavuj.com\/produkt\/lavuj-retinol-serum-2\/#primaryimage","url":"https:\/\/lavuj.com\/wp-content\/uploads\/2023\/06\/LAV00002.jpg","contentUrl":"https:\/\/lavuj.com\/wp-content\/uploads\/2023\/06\/LAV00002.jpg","width":1000,"height":1000,"caption":"Lavuj-2-Pack"},{"@type":"BreadcrumbList","@id":"https:\/\/lavuj.com\/produkt\/lavuj-retinol-serum-2\/#breadcrumb","itemListElement":[{"@type":"ListItem","position":1,"name":"Lavuj","item":"https:\/\/lavuj.com\/"},{"@type":"ListItem","position":2,"name":"Shop","item":"https:\/\/lavuj.com\/shop\/"},{"@type":"ListItem","position":3,"name":"Lavuj Retinol Serum 2er Pack"}]},{"@type":"WebSite","@id":"https:\/\/lavuj.com\/#website","url":"https:\/\/lavuj.com\/","name":"Lavuj","description":"Retinol Serum","publisher":{"@id":"https:\/\/lavuj.com\/#organization"},"potentialAction":[{"@type":"SearchAction","target":{"@type":"EntryPoint","urlTemplate":"https:\/\/lavuj.com\/?s={search_term_string}"},"query-input":{"@type":"PropertyValueSpecification","valueRequired":true,"valueName":"search_term_string"}}],"inLanguage":"hr"},{"@type":"Organization","@id":"https:\/\/lavuj.com\/#organization","name":"Lavuj","url":"https:\/\/lavuj.com\/","logo":{"@type":"ImageObject","inLanguage":"hr","@id":"https:\/\/lavuj.com\/#\/schema\/logo\/image\/","url":"https:\/\/lavuj.com\/wp-content\/uploads\/2021\/09\/cropped-LAVUJ-LOGO.png","contentUrl":"https:\/\/lavuj.com\/wp-content\/uploads\/2021\/09\/cropped-LAVUJ-LOGO.png","width":191,"height":79,"caption":"Lavuj"},"image":{"@id":"https:\/\/lavuj.com\/#\/schema\/logo\/image\/"}}]}},"uagb_featured_image_src":{"full":["https:\/\/lavuj.com\/wp-content\/uploads\/2023\/06\/LAV00002.jpg",1000,1000,false],"thumbnail":["https:\/\/lavuj.com\/wp-content\/uploads\/2023\/06\/LAV00002-150x150.jpg",150,150,true],"medium":["https:\/\/lavuj.com\/wp-content\/uploads\/2023\/06\/LAV00002-300x300.jpg",300,300,true],"medium_large":["https:\/\/lavuj.com\/wp-content\/uploads\/2023\/06\/LAV00002-768x768.jpg",768,768,true],"large":["https:\/\/lavuj.com\/wp-content\/uploads\/2023\/06\/LAV00002.jpg",1000,1000,false],"1536x1536":["https:\/\/lavuj.com\/wp-content\/uploads\/2023\/06\/LAV00002.jpg",1000,1000,false],"2048x2048":["https:\/\/lavuj.com\/wp-content\/uploads\/2023\/06\/LAV00002.jpg",1000,1000,false],"trp-custom-language-flag":["https:\/\/lavuj.com\/wp-content\/uploads\/2023\/06\/LAV00002.jpg",12,12,false],"woocommerce_thumbnail":["https:\/\/lavuj.com\/wp-content\/uploads\/2023\/06\/LAV00002-300x300.jpg",300,300,true],"woocommerce_single":["https:\/\/lavuj.com\/wp-content\/uploads\/2023\/06\/LAV00002-600x600.jpg",600,600,true],"woocommerce_gallery_thumbnail":["https:\/\/lavuj.com\/wp-content\/uploads\/2023\/06\/LAV00002-100x100.jpg",100,100,true]},"uagb_author_info":{"display_name":"Kerem085","author_link":"https:\/\/lavuj.com\/hr\/author\/kerem085\/"},"uagb_comment_info":0,"uagb_excerpt":"Retinol Serum gegen Falten. Erleben Sie den Unterschied mit Lavuj - Das Anti-Aging-Serum, das Retinol revolutioniert. Neu: Liposomale Formulierung! Retinol Liposomal Fermentiert Ohne Hormone Dermatologisch getestet","featured_img":"https:\/\/lavuj.com\/wp-content\/uploads\/2023\/06\/LAV00002.jpg","coauthors":[],"author_meta":{"author_link":"https:\/\/lavuj.com\/hr\/author\/kerem085\/","display_name":"Kerem085"},"relative_dates":{"created":"Posted 3 godine ago","modified":"Updated 4 mjeseca ago"},"absolute_dates":{"created":"Posted on 6. lipnja 2023","modified":"Updated on 31. prosinca 2025"},"absolute_dates_time":{"created":"Posted on 6. lipnja 2023 13:10","modified":"Updated on 31. prosinca 2025 15:55"},"featured_img_caption":"Lavuj-2-Pack","tax_additional":{"product_brand":{"linked":[],"unlinked":[],"slug":"product_brand","name":"Brendovi"},"product_type":{"linked":["<a href=\"https:\/\/lavuj.com\/hr\/?taxonomy=product_type&#038;term=simple\" class=\"advgb-post-tax-term\">simple<\/a>"],"unlinked":["<span class=\"advgb-post-tax-term\">simple<\/span>"],"slug":"product_type","name":"Vrsta proizvoda"},"product_visibility":{"linked":[],"unlinked":[],"slug":"product_visibility","name":"Vidljivost proizvoda"},"product_cat":{"linked":["<a href=\"https:\/\/lavuj.com\/hr\/kategorija-proizvoda\/anti-aging\/\" class=\"advgb-post-tax-term\">Anti Aging<\/a>"],"unlinked":["<span class=\"advgb-post-tax-term\">Anti Aging<\/span>"],"slug":"product_cat","name":"Kategorije proizvoda"},"product_tag":{"linked":[],"unlinked":[],"slug":"product_tag","name":"Oznake proizvoda"},"product_shipping_class":{"linked":[],"unlinked":[],"slug":"product_shipping_class","name":"Klasa dostave proizvoda"},"pa_brand":{"linked":[],"unlinked":[],"slug":"pa_brand","name":"Proizvod Marke"}},"series_order":"","_links":{"self":[{"href":"https:\/\/lavuj.com\/hr\/wp-json\/wp\/v2\/product\/438","targetHints":{"allow":["GET"]}}],"collection":[{"href":"https:\/\/lavuj.com\/hr\/wp-json\/wp\/v2\/product"}],"about":[{"href":"https:\/\/lavuj.com\/hr\/wp-json\/wp\/v2\/types\/product"}],"wp:featuredmedia":[{"embeddable":true,"href":"https:\/\/lavuj.com\/hr\/wp-json\/wp\/v2\/media\/447"}],"wp:attachment":[{"href":"https:\/\/lavuj.com\/hr\/wp-json\/wp\/v2\/media?parent=438"}],"wp:term":[{"taxonomy":"product_brand","embeddable":true,"href":"https:\/\/lavuj.com\/hr\/wp-json\/wp\/v2\/product_brand?post=438"},{"taxonomy":"product_cat","embeddable":true,"href":"https:\/\/lavuj.com\/hr\/wp-json\/wp\/v2\/product_cat?post=438"},{"taxonomy":"product_tag","embeddable":true,"href":"https:\/\/lavuj.com\/hr\/wp-json\/wp\/v2\/product_tag?post=438"}],"curies":[{"name":"wp","href":"https:\/\/api.w.org\/{rel}","templated":true}]}}