{"id":53,"date":"2021-09-27T08:18:52","date_gmt":"2021-09-27T08:18:52","guid":{"rendered":"https:\/\/lavuj.com\/?page_id=53"},"modified":"2021-09-27T08:18:52","modified_gmt":"2021-09-27T08:18:52","slug":"blog-sitemap","status":"publish","type":"page","link":"https:\/\/lavuj.com\/hu\/blog-sitemap\/","title":{"rendered":"Blog oldalt\u00e9rk\u00e9p"},"content":{"rendered":"<p>Itt megtal\u00e1lja az \u00f6sszes cikket az Anti Aging t\u00e9m\u00e1ban, amit a blogunkban \u00edrtunk. Sz\u00e1nj id\u0151t arra, hogy k\u00f6r\u00fcln\u00e9zz, biztosan lesz valami izgalmas sz\u00e1modra is.<\/p>\n\n\n<div class=\"wsp-container\"><h2 class=\"wsp-posts-title\">Posts by category<\/h2>\n<ul class=\"wsp-posts-list\">\n\t<li><strong class=\"wsp-category-title\">Category: <a href=\"https:\/\/lavuj.com\/hu\/category\/behandlung\/\">Kezel\u00e9s<\/a><\/strong>\n<ul class=\"wsp-posts-list\">\t\t<li class=\"wsp-post\"><a href=\"https:\/\/lavuj.com\/hu\/hyaluron-arc\/\">Mit tesz a hialuron az arcoddal<\/a><\/li>\n\t\t<li class=\"wsp-post\"><a href=\"https:\/\/lavuj.com\/hu\/retinol\/\">Hogyan tartja a Retinol fiatalon a b\u0151rt<\/a><\/li>\n\t\t<li class=\"wsp-post\"><a href=\"https:\/\/lavuj.com\/hu\/hyaluron\/\">Mi\u00e9rt olyan fontos a hialuron!<\/a><\/li>\n\t\t<li class=\"wsp-post\"><a href=\"https:\/\/lavuj.com\/hu\/ranctalanito\/\">Hogyan el\u0151zhetem meg a r\u00e1ncokat?<\/a><\/li>\n\t\t<li class=\"wsp-post\"><a href=\"https:\/\/lavuj.com\/hu\/mi-segit-a-szaj-koerueli-rancok-ellen\/\">Mi seg\u00edt a sz\u00e1j k\u00f6r\u00fcli r\u00e1ncok ellen?<\/a><\/li>\n<\/ul><\/li>\n\t<li><strong class=\"wsp-category-title\">Category: <a href=\"https:\/\/lavuj.com\/hu\/category\/gesundheit\/\">Eg\u00e9szs\u00e9g<\/a><\/strong>\n<ul class=\"wsp-posts-list\">\t\t<li class=\"wsp-post\"><a href=\"https:\/\/lavuj.com\/hu\/taplalkozas-fiatal-maradni\/\">A t\u00e1pl\u00e1lkoz\u00e1ssal tov\u00e1bb maradhatunk fiatalok<\/a><\/li>\n\t\t<li class=\"wsp-post\"><a href=\"https:\/\/lavuj.com\/hu\/anti-aging-tippek\/\">Anti Aging tippek: Mit tehetsz!<\/a><\/li>\n\t\t<li class=\"wsp-post\"><a href=\"https:\/\/lavuj.com\/hu\/retinol-rancok-ellen\/\">Seg\u00edt a Retinol a r\u00e1ncok ellen?<\/a><\/li>\n\t\t<li class=\"wsp-post\"><a href=\"https:\/\/lavuj.com\/hu\/niacinamid-hatas\/\">A Niacinamidok rendelkeznek ezzel az Anti Aging hat\u00e1ssal!<\/a><\/li>\n\t\t<li class=\"wsp-post\"><a href=\"https:\/\/lavuj.com\/hu\/what-is-anti-aging\/\">Mi az Anti Aging?<\/a><\/li>\n\t\t<li class=\"wsp-post\"><a href=\"https:\/\/lavuj.com\/hu\/arc-rancok-hogyan-indulnak-es-mi-segit\/\">Arcr\u00e1ncok: Hogyan alakulnak ki \u00e9s mi seg\u00edt<\/a><\/li>\n<\/ul><\/li>\n<\/ul>\n<\/div>","protected":false},"excerpt":{"rendered":"<p>Hier finden Sie alle Beitr\u00e4ge rund um das Thema Anti Aging, die wir in unserem Blog geschrieben haben. Schauen Sie sich in Ruhe um, es wird auch f\u00fcr Sie etwas [&hellip;]<\/p>","protected":false},"author":1,"featured_media":0,"parent":0,"menu_order":0,"comment_status":"closed","ping_status":"closed","template":"","meta":{"_uag_custom_page_level_css":"","advgb_blocks_editor_width":"","advgb_blocks_columns_visual_guide":"","site-sidebar-layout":"default","site-content-layout":"default","ast-site-content-layout":"default","site-content-style":"default","site-sidebar-style":"default","ast-global-header-display":"","ast-banner-title-visibility":"","ast-main-header-display":"","ast-hfb-above-header-display":"","ast-hfb-below-header-display":"","ast-hfb-mobile-header-display":"","site-post-title":"","ast-breadcrumbs-content":"","ast-featured-img":"","footer-sml-layout":"","ast-disable-related-posts":"","theme-transparent-header-meta":"default","adv-header-id-meta":"","stick-header-meta":"default","header-above-stick-meta":"","header-main-stick-meta":"","header-below-stick-meta":"","astra-migrate-meta-layouts":"default","ast-page-background-enabled":"default","ast-page-background-meta":{"desktop":{"background-color":"","background-image":"","background-repeat":"repeat","background-position":"center center","background-size":"auto","background-attachment":"scroll","background-type":"","background-media":"","overlay-type":"","overlay-color":"","overlay-opacity":"","overlay-gradient":""},"tablet":{"background-color":"","background-image":"","background-repeat":"repeat","background-position":"center center","background-size":"auto","background-attachment":"scroll","background-type":"","background-media":"","overlay-type":"","overlay-color":"","overlay-opacity":"","overlay-gradient":""},"mobile":{"background-color":"","background-image":"","background-repeat":"repeat","background-position":"center center","background-size":"auto","background-attachment":"scroll","background-type":"","background-media":"","overlay-type":"","overlay-color":"","overlay-opacity":"","overlay-gradient":""}},"ast-content-background-meta":{"desktop":{"background-color":"var(--ast-global-color-5)","background-image":"","background-repeat":"repeat","background-position":"center center","background-size":"auto","background-attachment":"scroll","background-type":"","background-media":"","overlay-type":"","overlay-color":"","overlay-opacity":"","overlay-gradient":""},"tablet":{"background-color":"var(--ast-global-color-5)","background-image":"","background-repeat":"repeat","background-position":"center center","background-size":"auto","background-attachment":"scroll","background-type":"","background-media":"","overlay-type":"","overlay-color":"","overlay-opacity":"","overlay-gradient":""},"mobile":{"background-color":"var(--ast-global-color-5)","background-image":"","background-repeat":"repeat","background-position":"center center","background-size":"auto","background-attachment":"scroll","background-type":"","background-media":"","overlay-type":"","overlay-color":"","overlay-opacity":"","overlay-gradient":""}},"footnotes":""},"class_list":["post-53","page","type-page","status-publish","hentry"],"yoast_head":"<!-- This site is optimized with the Yoast SEO Premium plugin v23.4 (Yoast SEO v26.6) - https:\/\/yoast.com\/wordpress\/plugins\/seo\/ -->\n<title>Blog-Sitemap | Lavuj<\/title>\n<meta name=\"robots\" content=\"index, follow, max-snippet:-1, max-image-preview:large, max-video-preview:-1\" \/>\n<link rel=\"canonical\" href=\"https:\/\/lavuj.com\/hu\/blog-sitemap\/\" \/>\n<meta property=\"og:locale\" content=\"hu_HU\" \/>\n<meta property=\"og:type\" content=\"article\" \/>\n<meta property=\"og:title\" content=\"Blog-Sitemap\" \/>\n<meta property=\"og:description\" content=\"Hier finden Sie alle Beitr\u00e4ge rund um das Thema Anti Aging, die wir in unserem Blog geschrieben haben. Schauen Sie sich in Ruhe um, es wird auch f\u00fcr Sie etwas [&hellip;]\" \/>\n<meta property=\"og:url\" content=\"https:\/\/lavuj.com\/hu\/blog-sitemap\/\" \/>\n<meta property=\"og:site_name\" content=\"Lavuj\" \/>\n<meta name=\"twitter:card\" content=\"summary_large_image\" \/>\n<script type=\"application\/ld+json\" class=\"yoast-schema-graph\">{\"@context\":\"https:\/\/schema.org\",\"@graph\":[{\"@type\":\"WebPage\",\"@id\":\"https:\/\/lavuj.com\/blog-sitemap\/\",\"url\":\"https:\/\/lavuj.com\/blog-sitemap\/\",\"name\":\"Blog-Sitemap | Lavuj\",\"isPartOf\":{\"@id\":\"https:\/\/lavuj.com\/#website\"},\"datePublished\":\"2021-09-27T08:18:52+00:00\",\"breadcrumb\":{\"@id\":\"https:\/\/lavuj.com\/blog-sitemap\/#breadcrumb\"},\"inLanguage\":\"hu\",\"potentialAction\":[{\"@type\":\"ReadAction\",\"target\":[\"https:\/\/lavuj.com\/blog-sitemap\/\"]}]},{\"@type\":\"BreadcrumbList\",\"@id\":\"https:\/\/lavuj.com\/blog-sitemap\/#breadcrumb\",\"itemListElement\":[{\"@type\":\"ListItem\",\"position\":1,\"name\":\"Lavuj\",\"item\":\"https:\/\/lavuj.com\/\"},{\"@type\":\"ListItem\",\"position\":2,\"name\":\"Blog-Sitemap\"}]},{\"@type\":\"WebSite\",\"@id\":\"https:\/\/lavuj.com\/#website\",\"url\":\"https:\/\/lavuj.com\/\",\"name\":\"Lavuj\",\"description\":\"Retinol Serum\",\"publisher\":{\"@id\":\"https:\/\/lavuj.com\/#organization\"},\"potentialAction\":[{\"@type\":\"SearchAction\",\"target\":{\"@type\":\"EntryPoint\",\"urlTemplate\":\"https:\/\/lavuj.com\/?s={search_term_string}\"},\"query-input\":{\"@type\":\"PropertyValueSpecification\",\"valueRequired\":true,\"valueName\":\"search_term_string\"}}],\"inLanguage\":\"hu\"},{\"@type\":\"Organization\",\"@id\":\"https:\/\/lavuj.com\/#organization\",\"name\":\"Lavuj\",\"url\":\"https:\/\/lavuj.com\/\",\"logo\":{\"@type\":\"ImageObject\",\"inLanguage\":\"hu\",\"@id\":\"https:\/\/lavuj.com\/#\/schema\/logo\/image\/\",\"url\":\"https:\/\/lavuj.com\/wp-content\/uploads\/2021\/09\/cropped-LAVUJ-LOGO.png\",\"contentUrl\":\"https:\/\/lavuj.com\/wp-content\/uploads\/2021\/09\/cropped-LAVUJ-LOGO.png\",\"width\":191,\"height\":79,\"caption\":\"Lavuj\"},\"image\":{\"@id\":\"https:\/\/lavuj.com\/#\/schema\/logo\/image\/\"}}]}<\/script>\n<!-- \/ Yoast SEO Premium plugin. -->","yoast_head_json":{"title":"Blog-Sitemap | Lavuj","robots":{"index":"index","follow":"follow","max-snippet":"max-snippet:-1","max-image-preview":"max-image-preview:large","max-video-preview":"max-video-preview:-1"},"canonical":"https:\/\/lavuj.com\/hu\/blog-sitemap\/","og_locale":"hu_HU","og_type":"article","og_title":"Blog-Sitemap","og_description":"Hier finden Sie alle Beitr\u00e4ge rund um das Thema Anti Aging, die wir in unserem Blog geschrieben haben. Schauen Sie sich in Ruhe um, es wird auch f\u00fcr Sie etwas [&hellip;]","og_url":"https:\/\/lavuj.com\/hu\/blog-sitemap\/","og_site_name":"Lavuj","twitter_card":"summary_large_image","schema":{"@context":"https:\/\/schema.org","@graph":[{"@type":"WebPage","@id":"https:\/\/lavuj.com\/blog-sitemap\/","url":"https:\/\/lavuj.com\/blog-sitemap\/","name":"Blog-Sitemap | Lavuj","isPartOf":{"@id":"https:\/\/lavuj.com\/#website"},"datePublished":"2021-09-27T08:18:52+00:00","breadcrumb":{"@id":"https:\/\/lavuj.com\/blog-sitemap\/#breadcrumb"},"inLanguage":"hu","potentialAction":[{"@type":"ReadAction","target":["https:\/\/lavuj.com\/blog-sitemap\/"]}]},{"@type":"BreadcrumbList","@id":"https:\/\/lavuj.com\/blog-sitemap\/#breadcrumb","itemListElement":[{"@type":"ListItem","position":1,"name":"Lavuj","item":"https:\/\/lavuj.com\/"},{"@type":"ListItem","position":2,"name":"Blog-Sitemap"}]},{"@type":"WebSite","@id":"https:\/\/lavuj.com\/#website","url":"https:\/\/lavuj.com\/","name":"Lavuj","description":"Retinol Sz\u00e9rum","publisher":{"@id":"https:\/\/lavuj.com\/#organization"},"potentialAction":[{"@type":"SearchAction","target":{"@type":"EntryPoint","urlTemplate":"https:\/\/lavuj.com\/?s={search_term_string}"},"query-input":{"@type":"PropertyValueSpecification","valueRequired":true,"valueName":"search_term_string"}}],"inLanguage":"hu"},{"@type":"Organization","@id":"https:\/\/lavuj.com\/#organization","name":"Lavuj","url":"https:\/\/lavuj.com\/","logo":{"@type":"ImageObject","inLanguage":"hu","@id":"https:\/\/lavuj.com\/#\/schema\/logo\/image\/","url":"https:\/\/lavuj.com\/wp-content\/uploads\/2021\/09\/cropped-LAVUJ-LOGO.png","contentUrl":"https:\/\/lavuj.com\/wp-content\/uploads\/2021\/09\/cropped-LAVUJ-LOGO.png","width":191,"height":79,"caption":"Lavuj"},"image":{"@id":"https:\/\/lavuj.com\/#\/schema\/logo\/image\/"}}]}},"uagb_featured_image_src":{"full":false,"thumbnail":false,"medium":false,"medium_large":false,"large":false,"1536x1536":false,"2048x2048":false,"trp-custom-language-flag":false,"woocommerce_thumbnail":false,"woocommerce_single":false,"woocommerce_gallery_thumbnail":false},"uagb_author_info":{"display_name":"Kerem085","author_link":"https:\/\/lavuj.com\/hu\/author\/kerem085\/"},"uagb_comment_info":0,"uagb_excerpt":"Hier finden Sie alle Beitr\u00e4ge rund um das Thema Anti Aging, die wir in unserem Blog geschrieben haben. Schauen Sie sich in Ruhe um, es wird auch f\u00fcr Sie etwas [&hellip;]","coauthors":[],"author_meta":{"author_link":"https:\/\/lavuj.com\/hu\/author\/kerem085\/","display_name":"Kerem085"},"relative_dates":{"created":"Posted 5 \u00e9v ago","modified":"Updated 5 \u00e9v ago"},"absolute_dates":{"created":"Posted on 27. szeptember 2021","modified":"Updated on 27. szeptember 2021"},"absolute_dates_time":{"created":"Posted on 27. szeptember 2021 8:18","modified":"Updated on 27. szeptember 2021 8:18"},"featured_img_caption":"","featured_img":false,"series_order":"","_links":{"self":[{"href":"https:\/\/lavuj.com\/hu\/wp-json\/wp\/v2\/pages\/53","targetHints":{"allow":["GET"]}}],"collection":[{"href":"https:\/\/lavuj.com\/hu\/wp-json\/wp\/v2\/pages"}],"about":[{"href":"https:\/\/lavuj.com\/hu\/wp-json\/wp\/v2\/types\/page"}],"author":[{"embeddable":true,"href":"https:\/\/lavuj.com\/hu\/wp-json\/wp\/v2\/users\/1"}],"replies":[{"embeddable":true,"href":"https:\/\/lavuj.com\/hu\/wp-json\/wp\/v2\/comments?post=53"}],"version-history":[{"count":1,"href":"https:\/\/lavuj.com\/hu\/wp-json\/wp\/v2\/pages\/53\/revisions"}],"predecessor-version":[{"id":54,"href":"https:\/\/lavuj.com\/hu\/wp-json\/wp\/v2\/pages\/53\/revisions\/54"}],"wp:attachment":[{"href":"https:\/\/lavuj.com\/hu\/wp-json\/wp\/v2\/media?parent=53"}],"curies":[{"name":"wp","href":"https:\/\/api.w.org\/{rel}","templated":true}]}}