{"id":438,"date":"2023-06-06T13:10:03","date_gmt":"2023-06-06T13:10:03","guid":{"rendered":"https:\/\/lavuj.com\/?post_type=product&#038;p=438"},"modified":"2025-12-31T15:55:20","modified_gmt":"2025-12-31T14:55:20","slug":"lavuj-retinol-serum-2","status":"publish","type":"product","link":"https:\/\/lavuj.com\/hu\/produkt\/lavuj-retinol-serum-2\/","title":{"rendered":"Lavuj Retinol Sz\u00e9rum, 2 darabos csomag"},"content":{"rendered":"<h2>Alkalmaz\u00e1s:<\/h2>\n<p><span style=\"font-weight: 400;\">Alkalmazzon naponta este 1-2 cseppet vagy sz\u00fcks\u00e9g szerint t\u00f6bbet a megtiszt\u00edtott b\u0151rre. Gyeng\u00e9den massz\u00edrozza be az arcra \u00e9s a nyakra, \u00e9s hagyja, hogy teljesen felsz\u00edv\u00f3djon. A retinolos kezd\u0151knek javasoljuk a heti 2-3-szori haszn\u00e1latot, \u00e9s a gyakoris\u00e1g fokozatos n\u00f6vel\u00e9s\u00e9t.<\/span><\/p>\n<h2><span style=\"color: #8a949c;\">Lavuj Retinol Sz\u00e9rum: \u00c1talak\u00edt\u00f3 b\u0151r\u00e1pol\u00e1s<br \/>\nliposz\u00f3m\u00e1s \u00e9s ferment\u00e1lt formul\u00e1val<\/span><\/h2>\n<p><img loading=\"lazy\" decoding=\"async\" class=\"wp-image-297 size-full\" style=\"font-weight: inherit;\" src=\"https:\/\/lavuj.com\/wp-content\/uploads\/2023\/05\/Retinol-Serum-1.jpg\" alt=\"Retinol sz\u00e9rum\" width=\"2000\" height=\"1080\" srcset=\"https:\/\/lavuj.com\/wp-content\/uploads\/2023\/05\/Retinol-Serum-1.jpg 2000w, https:\/\/lavuj.com\/wp-content\/uploads\/2023\/05\/Retinol-Serum-1-600x324.jpg 600w, https:\/\/lavuj.com\/wp-content\/uploads\/2023\/05\/Retinol-Serum-1-300x162.jpg 300w, https:\/\/lavuj.com\/wp-content\/uploads\/2023\/05\/Retinol-Serum-1-1024x553.jpg 1024w, https:\/\/lavuj.com\/wp-content\/uploads\/2023\/05\/Retinol-Serum-1-768x415.jpg 768w, https:\/\/lavuj.com\/wp-content\/uploads\/2023\/05\/Retinol-Serum-1-1536x829.jpg 1536w\" sizes=\"auto, (max-width: 2000px) 100vw, 2000px\" \/><\/p>\n<p>Fedezze fel a fiatalos b\u0151r titk\u00e1t a Lavuj Retinol Sz\u00e9rum. Sz\u00e9rumunk gondosan v\u00e1logatott \u00f6sszetev\u0151ket kombin\u00e1l, hogy \u00e1tfog\u00f3 b\u0151r\u00e1pol\u00e1sban r\u00e9szes\u00fclj\u00f6n.<\/p>\n<p>A formula tudom\u00e1nyos bizony\u00edt\u00e9kokon \u00e9s klinikai vizsg\u00e1latokon alapul, amelyek meger\u0151s\u00edtik a retinol hat\u00e9konys\u00e1g\u00e1t a b\u0151rfiatal\u00edt\u00e1sban. A retinol hat\u00e9kony koncentr\u00e1ci\u00f3j\u00e1val a r\u00e1ncok \u00e9s a finom vonalak l\u00e1that\u00f3an cs\u00f6kkennek. A Lavuj Retinol Sz\u00e9rum azonban t\u00f6bb mint egyszer\u0171 retinol.<\/p>\n<p>Liposz\u00f3m\u00e1lis gy\u00e1rt\u00e1si technol\u00f3gi\u00e1t alkalmazunk, amely lehet\u0151v\u00e9 teszi az \u00f6sszetev\u0151k ellen\u0151rz\u00f6tt felszabadul\u00e1s\u00e1t. Ez lehet\u0151v\u00e9 teszi a retinol fokozatos felszabadul\u00e1s\u00e1t a b\u0151rbe, minimaliz\u00e1lva az irrit\u00e1ci\u00f3 kock\u00e1zat\u00e1t. Ez az innovat\u00edv m\u00f3dszer biztos\u00edtja, hogy b\u0151re a retinol maxim\u00e1lis hat\u00e9konys\u00e1g\u00e1t tapasztalja.<\/p>\n<p>Ezenk\u00edv\u00fcl olyan erjesztett \u00f6sszetev\u0151ket \u00e9p\u00edtett\u00fcnk be, amelyek jav\u00edtj\u00e1k a hat\u00f3anyagok felsz\u00edv\u00f3d\u00e1s\u00e1t, \u00e9s egy\u00fattal n\u00f6velik a toleranci\u00e1t. Az erjeszt\u00e9s fokozza az \u00f6sszetev\u0151k hat\u00e9konys\u00e1g\u00e1t, \u00e9s k\u00fcl\u00f6n\u00f6sen j\u00f3l toler\u00e1lhat\u00f3v\u00e1 teszi a Lavuj Retinol Sz\u00e9rum, m\u00e9g az \u00e9rz\u00e9keny b\u0151r sz\u00e1m\u00e1ra is.<\/p>\n<p>Sz\u00e9rumunk s\u00e1rk\u00e1nyv\u00e9rt is tartalmaz, a s\u00e1rk\u00e1nyv\u00e9rfa \u00e9rt\u00e9kes kivonat\u00e1t. Gazdag fenolos vegy\u00fcletekben, amelyekr\u0151l k\u00f6ztudott, hogy er\u0151s antioxid\u00e1nsok. Ezek az antioxid\u00e1nsok v\u00e9dik a b\u0151rsejteket az oxidat\u00edv stressz k\u00e1ros hat\u00e1sait\u00f3l, \u00e9s t\u00e1mogatj\u00e1k a b\u0151r regener\u00e1l\u00f3d\u00e1s\u00e1t. Emellett jav\u00edtj\u00e1k a b\u0151rsejtek k\u00f6lcs\u00f6nhat\u00e1s\u00e1t a k\u00f6rnyezet\u00fckkel, \u00e9s el\u0151seg\u00edtik a kollag\u00e9nk\u00e9pz\u0151d\u00e9st a feszesebb b\u0151r \u00e9rdek\u00e9ben.<\/p>\n<p>A hialuronsav, a peptidek \u00e9s a niacinamid kombin\u00e1ci\u00f3ja teszi teljess\u00e9 egyed\u00fcl\u00e1ll\u00f3 formul\u00e1nkat. A kiv\u00e1l\u00f3 min\u0151s\u00e9g\u0171, alacsony molekul\u00e1j\u00fa hialuronsav m\u00e9lyen behatol a b\u0151rbe, hogy intenz\u00edven hidrat\u00e1lja \u00e9s felt\u00f6ltse azt. A peptidek serkentik a kollag\u00e9ntermel\u00e9st \u00e9s seg\u00edtik a b\u0151r feszess\u00e9g\u00e9t. A niacinamid (B3-vitamin) gyullad\u00e1scs\u00f6kkent\u0151 hat\u00e1s\u00fa \u00e9s jav\u00edtja a b\u0151r megjelen\u00e9s\u00e9t.<\/p>\n<p>Mer\u00fclj\u00f6n el a fejlett b\u0151r\u00e1pol\u00e1s vil\u00e1g\u00e1ban a Lavuj Retinol Sz\u00e9rum. \u00c9rezze, hogy b\u0151re \u00e1talakul \u00e9s fiatalos ragyog\u00e1st kap.<\/p>\n<h3><span style=\"color: #8a949c;\">Clean Beauty<\/span><\/h3>\n<p>A Lavuj az eg\u00e9szs\u00e9ges sz\u00e9ps\u00e9get k\u00e9pviseli: 100% mentes formaldehidt\u0151l, ftal\u00e1tokt\u00f3l, szulf\u00e1tokt\u00f3l, parab\u00e9nekt\u0151l, szilikonokt\u00f3l, \u00e1sv\u00e1nyi olajokt\u00f3l \u00e9s PEG-ekt\u0151l. Emellett a Lavuj veg\u00e1n \u00e9s nem tesztelt\u00e9k \u00e1llatokon.<\/p>","protected":false},"excerpt":{"rendered":"<p class=\"p1\"><span class=\"s1\">Retinol Sz\u00e9rum a r\u00e1ncok ellen. Tapasztalja meg a k\u00fcl\u00f6nbs\u00e9get a Lavuj \u2013 Az Sz\u00e9rum Anti Aging, amely forradalmas\u00edtja a retinolt.<br \/>\n<span style=\"color: #5bc98b;\"><strong>\u00dajdons\u00e1g: Liposz\u00f3m\u00e1lis k\u00e9sz\u00edtm\u00e9ny!<\/strong><\/span><\/span><\/p>\n<ul>\n<li>Retinol<\/li>\n<li>Liposz\u00f3m\u00e1lis<\/li>\n<li>Erjesztett<\/li>\n<li>Hormonok n\u00e9lk\u00fcl<\/li>\n<li>B\u0151rgy\u00f3gy\u00e1szatilag tesztelt<\/li>\n<\/ul>\n<p><img loading=\"lazy\" decoding=\"async\" class=\"alignnone wp-image-42\" src=\"https:\/\/lavuj.com\/wp-content\/uploads\/2021\/09\/Lo-2.jpg\" alt=\"\" width=\"339\" height=\"30\" srcset=\"https:\/\/lavuj.com\/wp-content\/uploads\/2021\/09\/Lo-2.jpg 941w, https:\/\/lavuj.com\/wp-content\/uploads\/2021\/09\/Lo-2-600x53.jpg 600w, https:\/\/lavuj.com\/wp-content\/uploads\/2021\/09\/Lo-2-300x26.jpg 300w, https:\/\/lavuj.com\/wp-content\/uploads\/2021\/09\/Lo-2-768x68.jpg 768w\" sizes=\"auto, (max-width: 339px) 100vw, 339px\" \/><\/p>\n<p><img loading=\"lazy\" decoding=\"async\" class=\"wp-image-947\" src=\"https:\/\/lavuj.com\/wp-content\/uploads\/2023\/10\/Testsieger.jpg\" alt=\"Lavuj-Test\" width=\"152\" height=\"91\" srcset=\"https:\/\/lavuj.com\/wp-content\/uploads\/2023\/10\/Testsieger.jpg 1249w, https:\/\/lavuj.com\/wp-content\/uploads\/2023\/10\/Testsieger-300x179.jpg 300w, https:\/\/lavuj.com\/wp-content\/uploads\/2023\/10\/Testsieger-1024x610.jpg 1024w, https:\/\/lavuj.com\/wp-content\/uploads\/2023\/10\/Testsieger-768x457.jpg 768w, https:\/\/lavuj.com\/wp-content\/uploads\/2023\/10\/Testsieger-18x12.jpg 18w, https:\/\/lavuj.com\/wp-content\/uploads\/2023\/10\/Testsieger-600x357.jpg 600w\" sizes=\"auto, (max-width: 152px) 100vw, 152px\" \/><\/p>","protected":false},"author":1,"featured_media":447,"template":"","meta":{"_uag_custom_page_level_css":"","advgb_blocks_editor_width":"","advgb_blocks_columns_visual_guide":"","site-sidebar-layout":"default","site-content-layout":"default","ast-site-content-layout":"default","site-content-style":"default","site-sidebar-style":"default","ast-global-header-display":"","ast-banner-title-visibility":"","ast-main-header-display":"","ast-hfb-above-header-display":"","ast-hfb-below-header-display":"","ast-hfb-mobile-header-display":"","site-post-title":"","ast-breadcrumbs-content":"","ast-featured-img":"","footer-sml-layout":"","ast-disable-related-posts":"","theme-transparent-header-meta":"default","adv-header-id-meta":"","stick-header-meta":"default","header-above-stick-meta":"","header-main-stick-meta":"","header-below-stick-meta":"","astra-migrate-meta-layouts":"set","ast-page-background-enabled":"default","ast-page-background-meta":{"desktop":{"background-color":"","background-image":"","background-repeat":"repeat","background-position":"center center","background-size":"auto","background-attachment":"scroll","background-type":"","background-media":"","overlay-type":"","overlay-color":"","overlay-opacity":"","overlay-gradient":""},"tablet":{"background-color":"","background-image":"","background-repeat":"repeat","background-position":"center center","background-size":"auto","background-attachment":"scroll","background-type":"","background-media":"","overlay-type":"","overlay-color":"","overlay-opacity":"","overlay-gradient":""},"mobile":{"background-color":"","background-image":"","background-repeat":"repeat","background-position":"center center","background-size":"auto","background-attachment":"scroll","background-type":"","background-media":"","overlay-type":"","overlay-color":"","overlay-opacity":"","overlay-gradient":""}},"ast-content-background-meta":{"desktop":{"background-color":"var(--ast-global-color-5)","background-image":"","background-repeat":"repeat","background-position":"center center","background-size":"auto","background-attachment":"scroll","background-type":"","background-media":"","overlay-type":"","overlay-color":"","overlay-opacity":"","overlay-gradient":""},"tablet":{"background-color":"var(--ast-global-color-5)","background-image":"","background-repeat":"repeat","background-position":"center center","background-size":"auto","background-attachment":"scroll","background-type":"","background-media":"","overlay-type":"","overlay-color":"","overlay-opacity":"","overlay-gradient":""},"mobile":{"background-color":"var(--ast-global-color-5)","background-image":"","background-repeat":"repeat","background-position":"center center","background-size":"auto","background-attachment":"scroll","background-type":"","background-media":"","overlay-type":"","overlay-color":"","overlay-opacity":"","overlay-gradient":""}}},"product_brand":[],"product_cat":[39],"product_tag":[],"class_list":{"0":"post-438","1":"product","2":"type-product","3":"status-publish","4":"has-post-thumbnail","6":"product_cat-anti-aging","7":"desktop-align-left","8":"tablet-align-left","9":"mobile-align-left","10":"ast-product-gallery-layout-horizontal","11":"ast-magnify-disabled","12":"ast-product-tabs-layout-horizontal","13":"ast-qv-on-image","15":"first","16":"instock","17":"sale","18":"taxable","19":"shipping-taxable","20":"purchasable","21":"product-type-simple"},"yoast_head":"<!-- This site is optimized with the Yoast SEO Premium plugin v23.4 (Yoast SEO v26.6) - https:\/\/yoast.com\/wordpress\/plugins\/seo\/ -->\n<title>Lavuj Retinol Serum 2er Pack | Lavuj<\/title>\n<meta name=\"robots\" content=\"index, follow, max-snippet:-1, max-image-preview:large, max-video-preview:-1\" \/>\n<link rel=\"canonical\" href=\"https:\/\/lavuj.com\/hu\/produkt\/lavuj-retinol-serum-2\/\" \/>\n<meta property=\"og:locale\" content=\"hu_HU\" \/>\n<meta property=\"og:type\" content=\"article\" \/>\n<meta property=\"og:title\" content=\"Lavuj Retinol Serum 2er Pack\" \/>\n<meta property=\"og:description\" content=\"Retinol Serum gegen Falten. Erleben Sie den Unterschied mit Lavuj - Das Anti-Aging-Serum, das Retinol revolutioniert. Neu: Liposomale Formulierung!    Retinol  Liposomal  Fermentiert  Ohne Hormone  Dermatologisch getestet\" \/>\n<meta property=\"og:url\" content=\"https:\/\/lavuj.com\/hu\/produkt\/lavuj-retinol-serum-2\/\" \/>\n<meta property=\"og:site_name\" content=\"Lavuj\" \/>\n<meta property=\"article:modified_time\" content=\"2025-12-31T14:55:20+00:00\" \/>\n<meta property=\"og:image\" content=\"https:\/\/lavuj.com\/wp-content\/uploads\/2023\/06\/LAV00002.jpg\" \/>\n\t<meta property=\"og:image:width\" content=\"1000\" \/>\n\t<meta property=\"og:image:height\" content=\"1000\" \/>\n\t<meta property=\"og:image:type\" content=\"image\/jpeg\" \/>\n<meta name=\"twitter:card\" content=\"summary_large_image\" \/>\n<meta name=\"twitter:label1\" content=\"Becs\u00fclt olvas\u00e1si id\u0151\" \/>\n\t<meta name=\"twitter:data1\" content=\"3 perc\" \/>\n<script type=\"application\/ld+json\" class=\"yoast-schema-graph\">{\"@context\":\"https:\/\/schema.org\",\"@graph\":[{\"@type\":\"WebPage\",\"@id\":\"https:\/\/lavuj.com\/produkt\/lavuj-retinol-serum-2\/\",\"url\":\"https:\/\/lavuj.com\/produkt\/lavuj-retinol-serum-2\/\",\"name\":\"Lavuj Retinol Serum 2er Pack | Lavuj\",\"isPartOf\":{\"@id\":\"https:\/\/lavuj.com\/#website\"},\"primaryImageOfPage\":{\"@id\":\"https:\/\/lavuj.com\/produkt\/lavuj-retinol-serum-2\/#primaryimage\"},\"image\":{\"@id\":\"https:\/\/lavuj.com\/produkt\/lavuj-retinol-serum-2\/#primaryimage\"},\"thumbnailUrl\":\"https:\/\/lavuj.com\/wp-content\/uploads\/2023\/06\/LAV00002.jpg\",\"datePublished\":\"2023-06-06T13:10:03+00:00\",\"dateModified\":\"2025-12-31T14:55:20+00:00\",\"breadcrumb\":{\"@id\":\"https:\/\/lavuj.com\/produkt\/lavuj-retinol-serum-2\/#breadcrumb\"},\"inLanguage\":\"hu\",\"potentialAction\":[{\"@type\":\"ReadAction\",\"target\":[\"https:\/\/lavuj.com\/produkt\/lavuj-retinol-serum-2\/\"]}]},{\"@type\":\"ImageObject\",\"inLanguage\":\"hu\",\"@id\":\"https:\/\/lavuj.com\/produkt\/lavuj-retinol-serum-2\/#primaryimage\",\"url\":\"https:\/\/lavuj.com\/wp-content\/uploads\/2023\/06\/LAV00002.jpg\",\"contentUrl\":\"https:\/\/lavuj.com\/wp-content\/uploads\/2023\/06\/LAV00002.jpg\",\"width\":1000,\"height\":1000,\"caption\":\"Lavuj-2-Pack\"},{\"@type\":\"BreadcrumbList\",\"@id\":\"https:\/\/lavuj.com\/produkt\/lavuj-retinol-serum-2\/#breadcrumb\",\"itemListElement\":[{\"@type\":\"ListItem\",\"position\":1,\"name\":\"Lavuj\",\"item\":\"https:\/\/lavuj.com\/\"},{\"@type\":\"ListItem\",\"position\":2,\"name\":\"Shop\",\"item\":\"https:\/\/lavuj.com\/shop\/\"},{\"@type\":\"ListItem\",\"position\":3,\"name\":\"Lavuj Retinol Serum 2er Pack\"}]},{\"@type\":\"WebSite\",\"@id\":\"https:\/\/lavuj.com\/#website\",\"url\":\"https:\/\/lavuj.com\/\",\"name\":\"Lavuj\",\"description\":\"Retinol Serum\",\"publisher\":{\"@id\":\"https:\/\/lavuj.com\/#organization\"},\"potentialAction\":[{\"@type\":\"SearchAction\",\"target\":{\"@type\":\"EntryPoint\",\"urlTemplate\":\"https:\/\/lavuj.com\/?s={search_term_string}\"},\"query-input\":{\"@type\":\"PropertyValueSpecification\",\"valueRequired\":true,\"valueName\":\"search_term_string\"}}],\"inLanguage\":\"hu\"},{\"@type\":\"Organization\",\"@id\":\"https:\/\/lavuj.com\/#organization\",\"name\":\"Lavuj\",\"url\":\"https:\/\/lavuj.com\/\",\"logo\":{\"@type\":\"ImageObject\",\"inLanguage\":\"hu\",\"@id\":\"https:\/\/lavuj.com\/#\/schema\/logo\/image\/\",\"url\":\"https:\/\/lavuj.com\/wp-content\/uploads\/2021\/09\/cropped-LAVUJ-LOGO.png\",\"contentUrl\":\"https:\/\/lavuj.com\/wp-content\/uploads\/2021\/09\/cropped-LAVUJ-LOGO.png\",\"width\":191,\"height\":79,\"caption\":\"Lavuj\"},\"image\":{\"@id\":\"https:\/\/lavuj.com\/#\/schema\/logo\/image\/\"}}]}<\/script>\n<!-- \/ Yoast SEO Premium plugin. -->","yoast_head_json":{"title":"Lavuj Retinol Sz\u00e9rum, 2 darabos csomag","robots":{"index":"index","follow":"follow","max-snippet":"max-snippet:-1","max-image-preview":"max-image-preview:large","max-video-preview":"max-video-preview:-1"},"canonical":"https:\/\/lavuj.com\/hu\/produkt\/lavuj-retinol-serum-2\/","og_locale":"hu_HU","og_type":"article","og_title":"Lavuj Retinol Serum 2er Pack","og_description":"Retinol Serum gegen Falten. Erleben Sie den Unterschied mit Lavuj - Das Anti-Aging-Serum, das Retinol revolutioniert. Neu: Liposomale Formulierung!    Retinol  Liposomal  Fermentiert  Ohne Hormone  Dermatologisch getestet","og_url":"https:\/\/lavuj.com\/hu\/produkt\/lavuj-retinol-serum-2\/","og_site_name":"Lavuj","article_modified_time":"2025-12-31T14:55:20+00:00","og_image":[{"width":1000,"height":1000,"url":"https:\/\/lavuj.com\/wp-content\/uploads\/2023\/06\/LAV00002.jpg","type":"image\/jpeg"}],"twitter_card":"summary_large_image","twitter_misc":{"Becs\u00fclt olvas\u00e1si id\u0151":"3 perc"},"schema":{"@context":"https:\/\/schema.org","@graph":[{"@type":"WebPage","@id":"https:\/\/lavuj.com\/produkt\/lavuj-retinol-serum-2\/","url":"https:\/\/lavuj.com\/produkt\/lavuj-retinol-serum-2\/","name":"Lavuj Retinol Sz\u00e9rum, 2 darabos csomag","isPartOf":{"@id":"https:\/\/lavuj.com\/#website"},"primaryImageOfPage":{"@id":"https:\/\/lavuj.com\/produkt\/lavuj-retinol-serum-2\/#primaryimage"},"image":{"@id":"https:\/\/lavuj.com\/produkt\/lavuj-retinol-serum-2\/#primaryimage"},"thumbnailUrl":"https:\/\/lavuj.com\/wp-content\/uploads\/2023\/06\/LAV00002.jpg","datePublished":"2023-06-06T13:10:03+00:00","dateModified":"2025-12-31T14:55:20+00:00","breadcrumb":{"@id":"https:\/\/lavuj.com\/produkt\/lavuj-retinol-serum-2\/#breadcrumb"},"inLanguage":"hu","potentialAction":[{"@type":"ReadAction","target":["https:\/\/lavuj.com\/produkt\/lavuj-retinol-serum-2\/"]}]},{"@type":"ImageObject","inLanguage":"hu","@id":"https:\/\/lavuj.com\/produkt\/lavuj-retinol-serum-2\/#primaryimage","url":"https:\/\/lavuj.com\/wp-content\/uploads\/2023\/06\/LAV00002.jpg","contentUrl":"https:\/\/lavuj.com\/wp-content\/uploads\/2023\/06\/LAV00002.jpg","width":1000,"height":1000,"caption":"Lavuj-2-Pack"},{"@type":"BreadcrumbList","@id":"https:\/\/lavuj.com\/produkt\/lavuj-retinol-serum-2\/#breadcrumb","itemListElement":[{"@type":"ListItem","position":1,"name":"Lavuj","item":"https:\/\/lavuj.com\/"},{"@type":"ListItem","position":2,"name":"Shop","item":"https:\/\/lavuj.com\/shop\/"},{"@type":"ListItem","position":3,"name":"Lavuj Retinol Serum 2er Pack"}]},{"@type":"WebSite","@id":"https:\/\/lavuj.com\/#website","url":"https:\/\/lavuj.com\/","name":"Lavuj","description":"Retinol Sz\u00e9rum","publisher":{"@id":"https:\/\/lavuj.com\/#organization"},"potentialAction":[{"@type":"SearchAction","target":{"@type":"EntryPoint","urlTemplate":"https:\/\/lavuj.com\/?s={search_term_string}"},"query-input":{"@type":"PropertyValueSpecification","valueRequired":true,"valueName":"search_term_string"}}],"inLanguage":"hu"},{"@type":"Organization","@id":"https:\/\/lavuj.com\/#organization","name":"Lavuj","url":"https:\/\/lavuj.com\/","logo":{"@type":"ImageObject","inLanguage":"hu","@id":"https:\/\/lavuj.com\/#\/schema\/logo\/image\/","url":"https:\/\/lavuj.com\/wp-content\/uploads\/2021\/09\/cropped-LAVUJ-LOGO.png","contentUrl":"https:\/\/lavuj.com\/wp-content\/uploads\/2021\/09\/cropped-LAVUJ-LOGO.png","width":191,"height":79,"caption":"Lavuj"},"image":{"@id":"https:\/\/lavuj.com\/#\/schema\/logo\/image\/"}}]}},"uagb_featured_image_src":{"full":["https:\/\/lavuj.com\/wp-content\/uploads\/2023\/06\/LAV00002.jpg",1000,1000,false],"thumbnail":["https:\/\/lavuj.com\/wp-content\/uploads\/2023\/06\/LAV00002-150x150.jpg",150,150,true],"medium":["https:\/\/lavuj.com\/wp-content\/uploads\/2023\/06\/LAV00002-300x300.jpg",300,300,true],"medium_large":["https:\/\/lavuj.com\/wp-content\/uploads\/2023\/06\/LAV00002-768x768.jpg",768,768,true],"large":["https:\/\/lavuj.com\/wp-content\/uploads\/2023\/06\/LAV00002.jpg",1000,1000,false],"1536x1536":["https:\/\/lavuj.com\/wp-content\/uploads\/2023\/06\/LAV00002.jpg",1000,1000,false],"2048x2048":["https:\/\/lavuj.com\/wp-content\/uploads\/2023\/06\/LAV00002.jpg",1000,1000,false],"trp-custom-language-flag":["https:\/\/lavuj.com\/wp-content\/uploads\/2023\/06\/LAV00002.jpg",12,12,false],"woocommerce_thumbnail":["https:\/\/lavuj.com\/wp-content\/uploads\/2023\/06\/LAV00002-300x300.jpg",300,300,true],"woocommerce_single":["https:\/\/lavuj.com\/wp-content\/uploads\/2023\/06\/LAV00002-600x600.jpg",600,600,true],"woocommerce_gallery_thumbnail":["https:\/\/lavuj.com\/wp-content\/uploads\/2023\/06\/LAV00002-100x100.jpg",100,100,true]},"uagb_author_info":{"display_name":"Kerem085","author_link":"https:\/\/lavuj.com\/hu\/author\/kerem085\/"},"uagb_comment_info":0,"uagb_excerpt":"Retinol Serum gegen Falten. Erleben Sie den Unterschied mit Lavuj - Das Anti-Aging-Serum, das Retinol revolutioniert. Neu: Liposomale Formulierung! Retinol Liposomal Fermentiert Ohne Hormone Dermatologisch getestet","featured_img":"https:\/\/lavuj.com\/wp-content\/uploads\/2023\/06\/LAV00002.jpg","coauthors":[],"author_meta":{"author_link":"https:\/\/lavuj.com\/hu\/author\/kerem085\/","display_name":"Kerem085"},"relative_dates":{"created":"Posted 3 \u00e9v ago","modified":"Updated 4 h\u00f3nap ago"},"absolute_dates":{"created":"Posted on 6. j\u00fanius 2023","modified":"Updated on 31. december 2025"},"absolute_dates_time":{"created":"Posted on 6. j\u00fanius 2023 13:10","modified":"Updated on 31. december 2025 15:55"},"featured_img_caption":"Lavuj-2-Pack","tax_additional":{"product_brand":{"linked":[],"unlinked":[],"slug":"product_brand","name":"M\u00e1rk\u00e1k"},"product_type":{"linked":["<a href=\"https:\/\/lavuj.com\/hu\/?taxonomy=product_type&#038;term=simple\" class=\"advgb-post-tax-term\">simple<\/a>"],"unlinked":["<span class=\"advgb-post-tax-term\">simple<\/span>"],"slug":"product_type","name":"Term\u00e9k t\u00edpusa"},"product_visibility":{"linked":[],"unlinked":[],"slug":"product_visibility","name":"Term\u00e9k l\u00e1that\u00f3s\u00e1ga"},"product_cat":{"linked":["<a href=\"https:\/\/lavuj.com\/hu\/termekkategoria\/anti-aging\/\" class=\"advgb-post-tax-term\">Anti Aging<\/a>"],"unlinked":["<span class=\"advgb-post-tax-term\">Anti Aging<\/span>"],"slug":"product_cat","name":"Term\u00e9kkateg\u00f3ri\u00e1k"},"product_tag":{"linked":[],"unlinked":[],"slug":"product_tag","name":"Term\u00e9k c\u00edmk\u00e9k"},"product_shipping_class":{"linked":[],"unlinked":[],"slug":"product_shipping_class","name":"Term\u00e9k sz\u00e1ll\u00edt\u00e1si oszt\u00e1lyok"},"pa_brand":{"linked":[],"unlinked":[],"slug":"pa_brand","name":"Marke term\u00e9k"}},"series_order":"","_links":{"self":[{"href":"https:\/\/lavuj.com\/hu\/wp-json\/wp\/v2\/product\/438","targetHints":{"allow":["GET"]}}],"collection":[{"href":"https:\/\/lavuj.com\/hu\/wp-json\/wp\/v2\/product"}],"about":[{"href":"https:\/\/lavuj.com\/hu\/wp-json\/wp\/v2\/types\/product"}],"wp:featuredmedia":[{"embeddable":true,"href":"https:\/\/lavuj.com\/hu\/wp-json\/wp\/v2\/media\/447"}],"wp:attachment":[{"href":"https:\/\/lavuj.com\/hu\/wp-json\/wp\/v2\/media?parent=438"}],"wp:term":[{"taxonomy":"product_brand","embeddable":true,"href":"https:\/\/lavuj.com\/hu\/wp-json\/wp\/v2\/product_brand?post=438"},{"taxonomy":"product_cat","embeddable":true,"href":"https:\/\/lavuj.com\/hu\/wp-json\/wp\/v2\/product_cat?post=438"},{"taxonomy":"product_tag","embeddable":true,"href":"https:\/\/lavuj.com\/hu\/wp-json\/wp\/v2\/product_tag?post=438"}],"curies":[{"name":"wp","href":"https:\/\/api.w.org\/{rel}","templated":true}]}}