{"id":13,"date":"2021-09-27T05:23:22","date_gmt":"2021-09-27T05:23:22","guid":{"rendered":"https:\/\/lavuj.com\/?page_id=13"},"modified":"2023-07-14T11:03:21","modified_gmt":"2023-07-14T11:03:21","slug":"opdruk","status":"publish","type":"page","link":"https:\/\/lavuj.com\/nl\/opdruk\/","title":{"rendered":"Afdrukken"},"content":{"rendered":"<p><strong>Disclaimer<br><\/strong>De inhoud van deze website is met de grootst mogelijke zorg samengesteld. Laduti aanvaardt echter geen aansprakelijkheid voor de juistheid, volledigheid en actualiteit van de aangeboden inhoud. Het gebruik van de inhoud van de website is voor eigen risico van de gebruiker.<\/p>\n\n\n\n<p>1. Externe links:<br>In het geval van externe links naar websites van derden (\"externe links\") vallen deze websites onder de aansprakelijkheid van de respectieve exploitanten. Toen de externe links voor het eerst werden gemaakt, heeft de aanbieder de externe inhoud gecontroleerd op eventuele wetsovertredingen. Op dat moment waren er geen wettelijke overtredingen zichtbaar. De aanbieder heeft geen invloed op de actuele en toekomstige vormgeving en inhoud van de gelinkte pagina's. Het opnemen van externe links betekent niet dat de aanbieder de inhoud achter de verwijzing of link als zijn eigen inhoud overneemt. Het is niet redelijk voor de aanbieder om de externe links voortdurend te controleren zonder concrete aanwijzingen van wetsovertredingen. Als er echter wetsovertredingen bekend worden, worden dergelijke externe links onmiddellijk verwijderd.<\/p>\n\n\n\n<p>2. Auteursrecht en bijkomend auteursrecht | \u00a9 copyright:<br>De op deze website gepubliceerde inhoud is onderworpen aan het Duitse auteursrecht en aanverwante wetgeving. Voor elk gebruik dat niet is toegestaan volgens het Duitse auteurs- en aanverwante recht is de voorafgaande schriftelijke toestemming van de aanbieder of de respectieve rechthebbende vereist. Dit geldt in het bijzonder voor het kopi\u00ebren, bewerken, vertalen, opslaan, verwerken of reproduceren van inhoud in databases of andere elektronische media en systemen. Ongeoorloofde reproductie of overdracht van afzonderlijke inhoud of volledige pagina's is niet toegestaan en strafbaar. Alleen de productie van kopie\u00ebn en downloads voor persoonlijk, priv\u00e9- en niet-commercieel gebruik is toegestaan. De weergave van deze website in externe frames is alleen toegestaan met schriftelijke toestemming.<\/p>\n\n\n\n<p>3. Gegevensbescherming<br>Bij een bezoek aan de website van de aanbieder kan informatie over de toegang (datum, tijd, bekeken pagina) worden opgeslagen. Deze gegevens behoren niet tot persoonsgegevens, maar zijn geanonimiseerd. Ze worden uitsluitend voor statistische doeleinden ge\u00ebvalueerd. Ze worden niet doorgegeven aan derden voor commerci\u00eble of niet-commerci\u00eble doeleinden. De aanbieder wijst er uitdrukkelijk op dat de gegevensoverdracht op internet (bijv. communicatie per e-mail) onderhevig is aan veiligheidslekken en niet volledig kan worden beschermd tegen toegang door derden.<\/p>\n\n\n\n<p>Het gebruik van de contactgegevens van het impressum voor commerci\u00eble reclame is uitdrukkelijk niet gewenst, tenzij de aanbieder vooraf zijn schriftelijke toestemming heeft gegeven of er reeds een zakelijke relatie bestaat. De aanbieder en alle op deze website genoemde personen maken hierbij bezwaar tegen elk commercieel gebruik en openbaarmaking van hun gegevens.<\/p>\n\n\n\n<p>4. Speciale gebruiksvoorwaarden<br>Voor zover bijzondere voorwaarden voor individueel gebruik van deze website afwijken van de bovengenoemde nummers 1. tot en met 4., wordt dit uitdrukkelijk aangegeven op de betreffende plaats. In dat geval gelden de speciale gebruiksvoorwaarden voor het betreffende individuele geval.<\/p>\n\n\n\n<p>Lavuj is een merk van de:<\/p>\n\n\n\n<figure class=\"wp-block-image size-full is-resized\"><img loading=\"lazy\" decoding=\"async\" src=\"https:\/\/lavuj.com\/wp-content\/uploads\/2023\/05\/imp-03.jpg\" alt=\"\" class=\"wp-image-316\" width=\"251\" height=\"264\" srcset=\"https:\/\/lavuj.com\/wp-content\/uploads\/2023\/05\/imp-03.jpg 650w, https:\/\/lavuj.com\/wp-content\/uploads\/2023\/05\/imp-03-600x632.jpg 600w, https:\/\/lavuj.com\/wp-content\/uploads\/2023\/05\/imp-03-285x300.jpg 285w\" sizes=\"auto, (max-width: 251px) 100vw, 251px\" \/><\/figure>\n\n\n\n<p><strong>Alternatieve geschillenbeslechting:<\/strong><\/p>\n\n\n\n<p>De Europese Commissie biedt een platform voor buitengerechtelijke online geschillenbeslechting (ODR-platform), dat toegankelijk is op&nbsp;<a href=\"https:\/\/ec.europa.eu\/odr\" target=\"_blank\" rel=\"noreferrer noopener\">https:\/\/ec.europa.eu\/odr<\/a>.<\/p>","protected":false},"excerpt":{"rendered":"<p>HaftungsausschlussDie Inhalte dieser Website werden mit gr\u00f6\u00dftm\u00f6glicher Sorgfalt erstellt. Laduti \u00fcbernimmt jedoch keine Gew\u00e4hr f\u00fcr die Richtigkeit, Vollst\u00e4ndigkeit und Aktualit\u00e4t der bereitgestellten Inhalte. Die Nutzung der Inhalte der Website erfolgt [&hellip;]<\/p>","protected":false},"author":1,"featured_media":0,"parent":0,"menu_order":0,"comment_status":"closed","ping_status":"closed","template":"","meta":{"_uag_custom_page_level_css":"","advgb_blocks_editor_width":"","advgb_blocks_columns_visual_guide":"","site-sidebar-layout":"default","site-content-layout":"default","ast-site-content-layout":"default","site-content-style":"default","site-sidebar-style":"default","ast-global-header-display":"","ast-banner-title-visibility":"","ast-main-header-display":"","ast-hfb-above-header-display":"","ast-hfb-below-header-display":"","ast-hfb-mobile-header-display":"","site-post-title":"","ast-breadcrumbs-content":"","ast-featured-img":"","footer-sml-layout":"","ast-disable-related-posts":"","theme-transparent-header-meta":"default","adv-header-id-meta":"","stick-header-meta":"default","header-above-stick-meta":"","header-main-stick-meta":"","header-below-stick-meta":"","astra-migrate-meta-layouts":"default","ast-page-background-enabled":"default","ast-page-background-meta":{"desktop":{"background-color":"","background-image":"","background-repeat":"repeat","background-position":"center center","background-size":"auto","background-attachment":"scroll","background-type":"","background-media":"","overlay-type":"","overlay-color":"","overlay-opacity":"","overlay-gradient":""},"tablet":{"background-color":"","background-image":"","background-repeat":"repeat","background-position":"center center","background-size":"auto","background-attachment":"scroll","background-type":"","background-media":"","overlay-type":"","overlay-color":"","overlay-opacity":"","overlay-gradient":""},"mobile":{"background-color":"","background-image":"","background-repeat":"repeat","background-position":"center center","background-size":"auto","background-attachment":"scroll","background-type":"","background-media":"","overlay-type":"","overlay-color":"","overlay-opacity":"","overlay-gradient":""}},"ast-content-background-meta":{"desktop":{"background-color":"var(--ast-global-color-5)","background-image":"","background-repeat":"repeat","background-position":"center center","background-size":"auto","background-attachment":"scroll","background-type":"","background-media":"","overlay-type":"","overlay-color":"","overlay-opacity":"","overlay-gradient":""},"tablet":{"background-color":"var(--ast-global-color-5)","background-image":"","background-repeat":"repeat","background-position":"center center","background-size":"auto","background-attachment":"scroll","background-type":"","background-media":"","overlay-type":"","overlay-color":"","overlay-opacity":"","overlay-gradient":""},"mobile":{"background-color":"var(--ast-global-color-5)","background-image":"","background-repeat":"repeat","background-position":"center center","background-size":"auto","background-attachment":"scroll","background-type":"","background-media":"","overlay-type":"","overlay-color":"","overlay-opacity":"","overlay-gradient":""}},"footnotes":""},"class_list":["post-13","page","type-page","status-publish","hentry"],"yoast_head":"<!-- This site is optimized with the Yoast SEO Premium plugin v23.4 (Yoast SEO v26.6) - https:\/\/yoast.com\/wordpress\/plugins\/seo\/ -->\n<title>Impressum | Lavuj<\/title>\n<meta name=\"robots\" content=\"noindex, nofollow\" \/>\n<meta property=\"og:locale\" content=\"nl_NL\" \/>\n<meta property=\"og:type\" content=\"article\" \/>\n<meta property=\"og:title\" content=\"Impressum\" \/>\n<meta property=\"og:description\" content=\"HaftungsausschlussDie Inhalte dieser Website werden mit gr\u00f6\u00dftm\u00f6glicher Sorgfalt erstellt. Laduti \u00fcbernimmt jedoch keine Gew\u00e4hr f\u00fcr die Richtigkeit, Vollst\u00e4ndigkeit und Aktualit\u00e4t der bereitgestellten Inhalte. Die Nutzung der Inhalte der Website erfolgt [&hellip;]\" \/>\n<meta property=\"og:url\" content=\"https:\/\/lavuj.com\/nl\/opdruk\/\" \/>\n<meta property=\"og:site_name\" content=\"Lavuj\" \/>\n<meta property=\"article:modified_time\" content=\"2023-07-14T11:03:21+00:00\" \/>\n<meta property=\"og:image\" content=\"https:\/\/lavuj.com\/wp-content\/uploads\/2023\/05\/imp-03.jpg\" \/>\n<meta name=\"twitter:card\" content=\"summary_large_image\" \/>\n<meta name=\"twitter:label1\" content=\"Geschatte leestijd\" \/>\n\t<meta name=\"twitter:data1\" content=\"3 minuten\" \/>\n<script type=\"application\/ld+json\" class=\"yoast-schema-graph\">{\"@context\":\"https:\/\/schema.org\",\"@graph\":[{\"@type\":\"WebPage\",\"@id\":\"https:\/\/lavuj.com\/impressum\/\",\"url\":\"https:\/\/lavuj.com\/impressum\/\",\"name\":\"Impressum | Lavuj\",\"isPartOf\":{\"@id\":\"https:\/\/lavuj.com\/#website\"},\"primaryImageOfPage\":{\"@id\":\"https:\/\/lavuj.com\/impressum\/#primaryimage\"},\"image\":{\"@id\":\"https:\/\/lavuj.com\/impressum\/#primaryimage\"},\"thumbnailUrl\":\"https:\/\/lavuj.com\/wp-content\/uploads\/2023\/05\/imp-03.jpg\",\"datePublished\":\"2021-09-27T05:23:22+00:00\",\"dateModified\":\"2023-07-14T11:03:21+00:00\",\"breadcrumb\":{\"@id\":\"https:\/\/lavuj.com\/impressum\/#breadcrumb\"},\"inLanguage\":\"nl-NL\",\"potentialAction\":[{\"@type\":\"ReadAction\",\"target\":[\"https:\/\/lavuj.com\/impressum\/\"]}]},{\"@type\":\"ImageObject\",\"inLanguage\":\"nl-NL\",\"@id\":\"https:\/\/lavuj.com\/impressum\/#primaryimage\",\"url\":\"https:\/\/lavuj.com\/wp-content\/uploads\/2023\/05\/imp-03.jpg\",\"contentUrl\":\"https:\/\/lavuj.com\/wp-content\/uploads\/2023\/05\/imp-03.jpg\"},{\"@type\":\"BreadcrumbList\",\"@id\":\"https:\/\/lavuj.com\/impressum\/#breadcrumb\",\"itemListElement\":[{\"@type\":\"ListItem\",\"position\":1,\"name\":\"Lavuj\",\"item\":\"https:\/\/lavuj.com\/\"},{\"@type\":\"ListItem\",\"position\":2,\"name\":\"Impressum\"}]},{\"@type\":\"WebSite\",\"@id\":\"https:\/\/lavuj.com\/#website\",\"url\":\"https:\/\/lavuj.com\/\",\"name\":\"Lavuj\",\"description\":\"Retinol Serum\",\"publisher\":{\"@id\":\"https:\/\/lavuj.com\/#organization\"},\"potentialAction\":[{\"@type\":\"SearchAction\",\"target\":{\"@type\":\"EntryPoint\",\"urlTemplate\":\"https:\/\/lavuj.com\/?s={search_term_string}\"},\"query-input\":{\"@type\":\"PropertyValueSpecification\",\"valueRequired\":true,\"valueName\":\"search_term_string\"}}],\"inLanguage\":\"nl-NL\"},{\"@type\":\"Organization\",\"@id\":\"https:\/\/lavuj.com\/#organization\",\"name\":\"Lavuj\",\"url\":\"https:\/\/lavuj.com\/\",\"logo\":{\"@type\":\"ImageObject\",\"inLanguage\":\"nl-NL\",\"@id\":\"https:\/\/lavuj.com\/#\/schema\/logo\/image\/\",\"url\":\"https:\/\/lavuj.com\/wp-content\/uploads\/2021\/09\/cropped-LAVUJ-LOGO.png\",\"contentUrl\":\"https:\/\/lavuj.com\/wp-content\/uploads\/2021\/09\/cropped-LAVUJ-LOGO.png\",\"width\":191,\"height\":79,\"caption\":\"Lavuj\"},\"image\":{\"@id\":\"https:\/\/lavuj.com\/#\/schema\/logo\/image\/\"}}]}<\/script>\n<!-- \/ Yoast SEO Premium plugin. -->","yoast_head_json":{"title":"Afdruk | Lavuj","robots":{"index":"noindex","follow":"nofollow"},"og_locale":"nl_NL","og_type":"article","og_title":"Impressum","og_description":"HaftungsausschlussDie Inhalte dieser Website werden mit gr\u00f6\u00dftm\u00f6glicher Sorgfalt erstellt. Laduti \u00fcbernimmt jedoch keine Gew\u00e4hr f\u00fcr die Richtigkeit, Vollst\u00e4ndigkeit und Aktualit\u00e4t der bereitgestellten Inhalte. Die Nutzung der Inhalte der Website erfolgt [&hellip;]","og_url":"https:\/\/lavuj.com\/nl\/opdruk\/","og_site_name":"Lavuj","article_modified_time":"2023-07-14T11:03:21+00:00","og_image":[{"url":"https:\/\/lavuj.com\/wp-content\/uploads\/2023\/05\/imp-03.jpg","type":"","width":"","height":""}],"twitter_card":"summary_large_image","twitter_misc":{"Geschatte leestijd":"3 minuten"},"schema":{"@context":"https:\/\/schema.org","@graph":[{"@type":"WebPage","@id":"https:\/\/lavuj.com\/impressum\/","url":"https:\/\/lavuj.com\/impressum\/","name":"Afdruk | Lavuj","isPartOf":{"@id":"https:\/\/lavuj.com\/#website"},"primaryImageOfPage":{"@id":"https:\/\/lavuj.com\/impressum\/#primaryimage"},"image":{"@id":"https:\/\/lavuj.com\/impressum\/#primaryimage"},"thumbnailUrl":"https:\/\/lavuj.com\/wp-content\/uploads\/2023\/05\/imp-03.jpg","datePublished":"2021-09-27T05:23:22+00:00","dateModified":"2023-07-14T11:03:21+00:00","breadcrumb":{"@id":"https:\/\/lavuj.com\/impressum\/#breadcrumb"},"inLanguage":"nl-NL","potentialAction":[{"@type":"ReadAction","target":["https:\/\/lavuj.com\/impressum\/"]}]},{"@type":"ImageObject","inLanguage":"nl-NL","@id":"https:\/\/lavuj.com\/impressum\/#primaryimage","url":"https:\/\/lavuj.com\/wp-content\/uploads\/2023\/05\/imp-03.jpg","contentUrl":"https:\/\/lavuj.com\/wp-content\/uploads\/2023\/05\/imp-03.jpg"},{"@type":"BreadcrumbList","@id":"https:\/\/lavuj.com\/impressum\/#breadcrumb","itemListElement":[{"@type":"ListItem","position":1,"name":"Lavuj","item":"https:\/\/lavuj.com\/"},{"@type":"ListItem","position":2,"name":"Impressum"}]},{"@type":"WebSite","@id":"https:\/\/lavuj.com\/#website","url":"https:\/\/lavuj.com\/","name":"Lavuj","description":"Retinol Serum","publisher":{"@id":"https:\/\/lavuj.com\/#organization"},"potentialAction":[{"@type":"SearchAction","target":{"@type":"EntryPoint","urlTemplate":"https:\/\/lavuj.com\/?s={search_term_string}"},"query-input":{"@type":"PropertyValueSpecification","valueRequired":true,"valueName":"search_term_string"}}],"inLanguage":"nl-NL"},{"@type":"Organization","@id":"https:\/\/lavuj.com\/#organization","name":"Lavuj","url":"https:\/\/lavuj.com\/","logo":{"@type":"ImageObject","inLanguage":"nl-NL","@id":"https:\/\/lavuj.com\/#\/schema\/logo\/image\/","url":"https:\/\/lavuj.com\/wp-content\/uploads\/2021\/09\/cropped-LAVUJ-LOGO.png","contentUrl":"https:\/\/lavuj.com\/wp-content\/uploads\/2021\/09\/cropped-LAVUJ-LOGO.png","width":191,"height":79,"caption":"Lavuj"},"image":{"@id":"https:\/\/lavuj.com\/#\/schema\/logo\/image\/"}}]}},"uagb_featured_image_src":{"full":false,"thumbnail":false,"medium":false,"medium_large":false,"large":false,"1536x1536":false,"2048x2048":false,"trp-custom-language-flag":false,"woocommerce_thumbnail":false,"woocommerce_single":false,"woocommerce_gallery_thumbnail":false},"uagb_author_info":{"display_name":"Kerem085","author_link":"https:\/\/lavuj.com\/nl\/author\/kerem085\/"},"uagb_comment_info":0,"uagb_excerpt":"HaftungsausschlussDie Inhalte dieser Website werden mit gr\u00f6\u00dftm\u00f6glicher Sorgfalt erstellt. Laduti \u00fcbernimmt jedoch keine Gew\u00e4hr f\u00fcr die Richtigkeit, Vollst\u00e4ndigkeit und Aktualit\u00e4t der bereitgestellten Inhalte. Die Nutzung der Inhalte der Website erfolgt [&hellip;]","coauthors":[],"author_meta":{"author_link":"https:\/\/lavuj.com\/nl\/author\/kerem085\/","display_name":"Kerem085"},"relative_dates":{"created":"Posted 5 jaar ago","modified":"Updated 3 jaar ago"},"absolute_dates":{"created":"Posted on 27. september 2021","modified":"Updated on 14. juli 2023"},"absolute_dates_time":{"created":"Posted on 27. september 2021 5:23","modified":"Updated on 14. juli 2023 11:03"},"featured_img_caption":"","featured_img":false,"series_order":"","_links":{"self":[{"href":"https:\/\/lavuj.com\/nl\/wp-json\/wp\/v2\/pages\/13","targetHints":{"allow":["GET"]}}],"collection":[{"href":"https:\/\/lavuj.com\/nl\/wp-json\/wp\/v2\/pages"}],"about":[{"href":"https:\/\/lavuj.com\/nl\/wp-json\/wp\/v2\/types\/page"}],"author":[{"embeddable":true,"href":"https:\/\/lavuj.com\/nl\/wp-json\/wp\/v2\/users\/1"}],"replies":[{"embeddable":true,"href":"https:\/\/lavuj.com\/nl\/wp-json\/wp\/v2\/comments?post=13"}],"version-history":[{"count":9,"href":"https:\/\/lavuj.com\/nl\/wp-json\/wp\/v2\/pages\/13\/revisions"}],"predecessor-version":[{"id":619,"href":"https:\/\/lavuj.com\/nl\/wp-json\/wp\/v2\/pages\/13\/revisions\/619"}],"wp:attachment":[{"href":"https:\/\/lavuj.com\/nl\/wp-json\/wp\/v2\/media?parent=13"}],"curies":[{"name":"wp","href":"https:\/\/api.w.org\/{rel}","templated":true}]}}