{"id":14,"date":"2021-09-27T05:23:22","date_gmt":"2021-09-27T05:23:22","guid":{"rendered":"https:\/\/lavuj.com\/?page_id=14"},"modified":"2023-06-21T09:57:39","modified_gmt":"2023-06-21T09:57:39","slug":"agb","status":"publish","type":"page","link":"https:\/\/lavuj.com\/pl\/agb\/","title":{"rendered":"GT&amp;C"},"content":{"rendered":"<p><strong>Og\u00f3lne warunki i informacje dla klient\u00f3w<\/strong><\/p>\n\n\n\n<p>I. Og\u00f3lne warunki<\/p>\n\n\n\n<p>\u00a7 1 Postanowienia podstawowe<\/p>\n\n\n\n<p>(1) Poni\u017csze warunki maj\u0105 zastosowanie do wszystkich um\u00f3w, kt\u00f3re u\u017cytkownik zawiera z nami jako dostawc\u0105 (Lavuj) za po\u015brednictwem strony internetowej www.lavuj.com. O ile nie uzgodniono inaczej, sprzeciwiamy si\u0119 w\u0142\u0105czeniu jakichkolwiek w\u0142asnych warunk\u00f3w, z kt\u00f3rych mo\u017cesz korzysta\u0107.<\/p>\n\n\n\n<p>(2) Konsumentem w rozumieniu poni\u017cszych przepis\u00f3w jest ka\u017cda osoba fizyczna, kt\u00f3ra dokonuje czynno\u015bci prawnej w celach, kt\u00f3re w przewa\u017caj\u0105cej mierze nie mog\u0105 by\u0107 przypisane ani do jej dzia\u0142alno\u015bci gospodarczej, ani do jej niezale\u017cnej dzia\u0142alno\u015bci zawodowej. Przedsi\u0119biorc\u0105 jest ka\u017cda osoba fizyczna lub prawna lub sp\u00f3\u0142ka osobowa posiadaj\u0105ca zdolno\u015b\u0107 prawn\u0105, kt\u00f3ra zawieraj\u0105c czynno\u015b\u0107 prawn\u0105, dzia\u0142a w ramach wykonywania swojej niezale\u017cnej dzia\u0142alno\u015bci zawodowej lub handlowej.<\/p>\n\n\n\n<p>\u00a7 2 Zawarcie umowy<\/p>\n\n\n\n<p>(1) Przedmiotem umowy jest sprzeda\u017c towar\u00f3w.<\/p>\n\n\n\n<p>(2) Umieszczaj\u0105c dany produkt na naszej stronie internetowej, sk\u0142adamy u\u017cytkownikowi wi\u0105\u017c\u0105c\u0105 ofert\u0119 zawarcia umowy na warunkach okre\u015blonych w opisie przedmiotu.<\/p>\n\n\n\n<p>(3) Umowa jest zawierana za po\u015brednictwem systemu koszyka zakup\u00f3w online w nast\u0119puj\u0105cy spos\u00f3b:<br>Towary przeznaczone do zakupu s\u0105 umieszczane w \"koszyku\". Mo\u017cesz wywo\u0142a\u0107 \"koszyk\" za pomoc\u0105 odpowiedniego przycisku na pasku nawigacyjnym i dokona\u0107 w nim zmian w dowolnym momencie.<br>Po wywo\u0142aniu strony \"Checkout\" i wprowadzeniu danych osobowych, a tak\u017ce warunk\u00f3w p\u0142atno\u015bci i wysy\u0142ki, wszystkie dane zam\u00f3wienia s\u0105 ponownie wy\u015bwietlane na stronie przegl\u0105du zam\u00f3wienia.<br>Je\u015bli jako metody p\u0142atno\u015bci u\u017cywasz systemu p\u0142atno\u015bci natychmiastowych (np. PayPal \/ PayPal Express \/ PayPal Plus, Amazon Payments, Postpay, Sofort\u00fcberweisung), zostaniesz przeniesiony na stron\u0119 przegl\u0105du zam\u00f3wienia w naszym sklepie internetowym lub najpierw zostaniesz przekierowany na stron\u0119 internetow\u0105 dostawcy systemu p\u0142atno\u015bci natychmiastowych.<br>Je\u015bli zostaniesz przekierowany do odpowiedniego systemu p\u0142atno\u015bci natychmiastowych, dokonaj odpowiedniego wyboru lub wprowad\u017a tam swoje dane. Na koniec zostaniesz przekierowany z powrotem do naszego sklepu internetowego na stron\u0119 przegl\u0105du zam\u00f3wienia.<br>Przed z\u0142o\u017ceniem zam\u00f3wienia u\u017cytkownik ma mo\u017cliwo\u015b\u0107 ponownego sprawdzenia wszystkich szczeg\u00f3\u0142\u00f3w, ich zmiany (r\u00f3wnie\u017c za pomoc\u0105 funkcji \"wstecz\" przegl\u0105darki internetowej) lub anulowania zakupu.<br>Wysy\u0142aj\u0105c zam\u00f3wienie za pomoc\u0105 przycisku \"Kup teraz\", u\u017cytkownik deklaruje prawnie wi\u0105\u017c\u0105c\u0105 akceptacj\u0119 oferty, w wyniku czego umowa zostaje zawarta.<\/p>\n\n\n\n<p>(4) Twoje pro\u015bby o przygotowanie oferty nie s\u0105 dla Ciebie wi\u0105\u017c\u0105ce. Wi\u0105\u017c\u0105c\u0105 ofert\u0119 przedstawimy u\u017cytkownikowi w formie tekstowej (np. poczt\u0105 elektroniczn\u0105), kt\u00f3r\u0105 u\u017cytkownik mo\u017ce zaakceptowa\u0107 w ci\u0105gu 5 dni.<\/p>\n\n\n\n<p>(5) Przetwarzanie zam\u00f3wienia i przekazywanie wszystkich informacji wymaganych w zwi\u0105zku z zawarciem umowy odbywa si\u0119 za po\u015brednictwem poczty elektronicznej, cz\u0119\u015bciowo automatycznie. U\u017cytkownik musi zatem upewni\u0107 si\u0119, \u017ce podany przez niego adres e-mail jest prawid\u0142owy, \u017ce odbi\u00f3r wiadomo\u015bci e-mail jest technicznie zagwarantowany, a w szczeg\u00f3lno\u015bci, \u017ce nie jest on blokowany przez filtry SPAM.<\/p>\n\n\n\n<p>\u00a7 3 Okres obowi\u0105zywania umowy\/rozwi\u0105zanie umowy<\/p>\n\n\n\n<p>Je\u017celi umowa dotyczy us\u0142ug cyklicznych\/sta\u0142ych (abonament), umowa zawierana jest na czas nieokre\u015blony. Ka\u017cda ze stron umowy ma prawo do rozwi\u0105zania takiej umowy bez wypowiedzenia do nast\u0119pnego terminu dostawy bez podania przyczyn. Prawo do nadzwyczajnego rozwi\u0105zania umowy z wa\u017cnego powodu, w szczeg\u00f3lno\u015bci powtarzaj\u0105cego si\u0119 naruszenia g\u0142\u00f3wnych zobowi\u0105za\u0144 umownych, pozostaje nienaruszone.<\/p>\n\n\n\n<p>Anulowania mo\u017cna dokona\u0107 na koncie klienta w punkcie menu \"Subskrypcja\", a nast\u0119pnie w \"Formularzu anulowania\" lub w formie tekstowej (poczt\u0105 lub e-mailem).<\/p>\n\n\n\n<p>\u00a7 4 Prawo zatrzymania, zastrze\u017cenie w\u0142asno\u015bci<\/p>\n\n\n\n<p>(1) U\u017cytkownik mo\u017ce skorzysta\u0107 z prawa zatrzymania tylko w zakresie, w jakim dotyczy ono roszcze\u0144 z tego samego stosunku umownego.<\/p>\n\n\n\n<p>(2) Towary pozostaj\u0105 nasz\u0105 w\u0142asno\u015bci\u0105 do momentu ca\u0142kowitej zap\u0142aty ceny zakupu.<\/p>\n\n\n\n<p>\u00a7 5 Odpowiedzialno\u015b\u0107<\/p>\n\n\n\n<p>(1) W ka\u017cdym przypadku ponosimy nieograniczon\u0105 odpowiedzialno\u015b\u0107 za szkody wynikaj\u0105ce z uszczerbku na \u017cyciu, ciele lub zdrowiu. Ponadto ponosimy nieograniczon\u0105 odpowiedzialno\u015b\u0107 we wszystkich przypadkach umy\u015blnego dzia\u0142ania i ra\u017c\u0105cego niedbalstwa, w przypadku oszuka\u0144czego zatajenia wady, w przypadku przej\u0119cia gwarancji jako\u015bci przedmiotu zakupu oraz we wszystkich innych przypadkach regulowanych przez prawo.<\/p>\n\n\n\n<p>(2) Odpowiedzialno\u015b\u0107 za wady w ramach ustawowej gwarancji jest regulowana przez odpowiednie postanowienie w naszych informacjach dla klient\u00f3w (cz\u0119\u015b\u0107 II).<\/p>\n\n\n\n<p>(3) W zakresie, w jakim dotyczy to istotnych zobowi\u0105za\u0144 umownych, nasza odpowiedzialno\u015b\u0107 za niewielkie zaniedbanie jest ograniczona do przewidywalnej szkody typowej dla umowy. Istotne zobowi\u0105zania umowne to istotne zobowi\u0105zania, kt\u00f3re wynikaj\u0105 z charakteru umowy i kt\u00f3rych naruszenie zagrozi\u0142oby osi\u0105gni\u0119ciu celu umowy, a tak\u017ce zobowi\u0105zania, kt\u00f3re umowa nak\u0142ada na nas zgodnie z jej tre\u015bci\u0105 w celu osi\u0105gni\u0119cia celu umowy, kt\u00f3rych wype\u0142nienie umo\u017cliwia przede wszystkim prawid\u0142owe wykonanie umowy i na kt\u00f3rych przestrzeganiu mo\u017cna regularnie polega\u0107.<\/p>\n\n\n\n<p>(4) W przypadku naruszenia nieistotnych zobowi\u0105za\u0144 umownych odpowiedzialno\u015b\u0107 jest wykluczona w przypadku lekkiego zaniedbania obowi\u0105zk\u00f3w.<\/p>\n\n\n\n<p>(5) Nie mo\u017cna zagwarantowa\u0107, \u017ce transmisja danych przez Internet b\u0119dzie wolna od b\u0142\u0119d\u00f3w i\/lub dost\u0119pna przez ca\u0142y czas zgodnie z aktualnym stanem techniki. W zwi\u0105zku z tym nie ponosimy odpowiedzialno\u015bci za sta\u0142\u0105 lub nieprzerwan\u0105 dost\u0119pno\u015b\u0107 strony internetowej i oferowanych na niej us\u0142ug.<\/p>\n\n\n\n<p>\u00a7 6 Wyb\u00f3r prawa, miejsce wykonania, miejsce jurysdykcji<\/p>\n\n\n\n<p>(1) Zastosowanie ma prawo niemieckie. W przypadku konsument\u00f3w ten wyb\u00f3r prawa ma zastosowanie tylko w takim zakresie, w jakim ochrona przyznana przez bezwzgl\u0119dnie obowi\u0105zuj\u0105ce przepisy prawa pa\u0144stwa zwyk\u0142ego pobytu konsumenta nie zostanie w zwi\u0105zku z tym cofni\u0119ta (zasada przychylno\u015bci).<\/p>\n\n\n\n<p>(2) Miejscem wykonania wszystkich us\u0142ug wynikaj\u0105cych z istniej\u0105cych z nami stosunk\u00f3w handlowych, a tak\u017ce miejscem jurysdykcji jest nasza siedziba, o ile u\u017cytkownik nie jest konsumentem, ale handlowcem, osob\u0105 prawn\u0105 prawa publicznego lub specjalnym funduszem prawa publicznego. To samo dotyczy sytuacji, gdy u\u017cytkownik nie posiada og\u00f3lnej jurysdykcji w Niemczech lub UE lub gdy jego miejsce zamieszkania lub zwyk\u0142ego pobytu nie jest znane w momencie wniesienia pow\u00f3dztwa. Nie ma to wp\u0142ywu na prawo do wniesienia pow\u00f3dztwa do s\u0105du w innym ustawowym miejscu jurysdykcji.<\/p>\n\n\n\n<p>(3) Postanowienia Konwencji Narod\u00f3w Zjednoczonych o umowach mi\u0119dzynarodowej sprzeda\u017cy towar\u00f3w wyra\u017anie nie maj\u0105 zastosowania.<\/p>\n\n\n\n<p>_______<\/p>\n\n\n\n<p>II. Informacje o klientach<\/p>\n\n\n\n<p>1. To\u017csamo\u015b\u0107 sprzedawcy<\/p>\n\n\n\n<figure class=\"wp-block-image size-full is-resized\"><img loading=\"lazy\" decoding=\"async\" src=\"https:\/\/lavuj.com\/wp-content\/uploads\/2023\/06\/Press.png\" alt=\"\" class=\"wp-image-603\" width=\"229\" height=\"163\" srcset=\"https:\/\/lavuj.com\/wp-content\/uploads\/2023\/06\/Press.png 549w, https:\/\/lavuj.com\/wp-content\/uploads\/2023\/06\/Press-300x213.png 300w, https:\/\/lavuj.com\/wp-content\/uploads\/2023\/06\/Press-18x12.png 18w\" sizes=\"auto, (max-width: 229px) 100vw, 229px\" \/><\/figure>\n\n\n\n<p>Komisja Europejska zapewnia platform\u0119 do pozas\u0105dowego rozstrzygania spor\u00f3w online (platforma ODR), do kt\u00f3rej mo\u017cna uzyska\u0107 dost\u0119p pod adresem&nbsp;<a href=\"http:\/\/ec.europa.eu\/odr\" target=\"_blank\" rel=\"noreferrer noopener\">http:\/\/ec.europa.eu\/odr<\/a>.<\/p>\n\n\n\n<p>2. Informacje o zawarciu umowy<\/p>\n\n\n\n<p>Czynno\u015bci techniczne zwi\u0105zane z zawarciem umowy, samo zawarcie umowy oraz opcje korekty s\u0105 przeprowadzane zgodnie z \u00a7 2 naszych Og\u00f3lnych Warunk\u00f3w Handlowych (Cz\u0119\u015b\u0107 I.).<\/p>\n\n\n\n<p>3. J\u0119zyk umowy, przechowywanie tekstu umowy<\/p>\n\n\n\n<p>3.1. J\u0119zykiem umowy jest j\u0119zyk angielski.<\/p>\n\n\n\n<p>3.2 Pe\u0142ny tekst umowy nie b\u0119dzie przez nas przechowywany. Przed wys\u0142aniem zam\u00f3wienia za po\u015brednictwem systemu koszyka zakup\u00f3w online dane umowy mo\u017cna wydrukowa\u0107 lub zapisa\u0107 elektronicznie za pomoc\u0105 funkcji drukowania przegl\u0105darki. Po otrzymaniu przez nas zam\u00f3wienia, dane zam\u00f3wienia, wymagane prawem informacje dotycz\u0105ce um\u00f3w zawieranych na odleg\u0142o\u015b\u0107 oraz Og\u00f3lne Warunki Handlowe zostan\u0105 ponownie wys\u0142ane do u\u017cytkownika poczt\u0105 elektroniczn\u0105.<\/p>\n\n\n\n<p>3.3 W przypadku zapyta\u0144 ofertowych poza systemem koszyka zakup\u00f3w online, u\u017cytkownik otrzyma wszystkie dane umowy jako cz\u0119\u015b\u0107 wi\u0105\u017c\u0105cej oferty w formie tekstowej, np. poczt\u0105 elektroniczn\u0105, kt\u00f3r\u0105 mo\u017cna wydrukowa\u0107 lub zapisa\u0107 elektronicznie.<\/p>\n\n\n\n<p>4. Istotne cechy towar\u00f3w lub us\u0142ug<\/p>\n\n\n\n<p>Podstawowe cechy towar\u00f3w i\/lub us\u0142ug mo\u017cna znale\u017a\u0107 w odpowiedniej ofercie.<\/p>\n\n\n\n<p>5. Ceny i warunki p\u0142atno\u015bci<\/p>\n\n\n\n<p>5.1 Ceny podane w poszczeg\u00f3lnych ofertach oraz koszty wysy\u0142ki stanowi\u0105 ceny ca\u0142kowite. Obejmuj\u0105 one wszystkie sk\u0142adniki ceny, w tym wszystkie obowi\u0105zuj\u0105ce podatki.<\/p>\n\n\n\n<p>5.2 Poniesione koszty wysy\u0142ki nie s\u0105 wliczone w cen\u0119 zakupu. Mo\u017cna je wywo\u0142a\u0107 za pomoc\u0105 odpowiednio oznaczonego przycisku na naszej stronie internetowej lub w odpowiedniej ofercie, s\u0105 one wy\u015bwietlane osobno w trakcie procesu sk\u0142adania zam\u00f3wienia i s\u0105 dodatkowo ponoszone przez u\u017cytkownika, chyba \u017ce obiecano bezp\u0142atn\u0105 dostaw\u0119.<\/p>\n\n\n\n<p>5.3 Dost\u0119pne metody p\u0142atno\u015bci s\u0105 wy\u015bwietlane pod odpowiednio oznaczonym przyciskiem na naszej stronie internetowej lub w odpowiedniej ofercie.<\/p>\n\n\n\n<p>5.4 O ile nie okre\u015blono inaczej w poszczeg\u00f3lnych metodach p\u0142atno\u015bci, roszczenia o zap\u0142at\u0119 wynikaj\u0105ce z zawartej umowy s\u0105 wymagalne w trybie natychmiastowym.<\/p>\n\n\n\n<p>6. Warunki dostawy<\/p>\n\n\n\n<p>6.1 Warunki dostawy, termin dostawy i wszelkie istniej\u0105ce ograniczenia dostawy mo\u017cna znale\u017a\u0107 pod odpowiednio oznaczonym przyciskiem na naszej stronie internetowej lub w odpowiedniej ofercie.<\/p>\n\n\n\n<p>6.2 Je\u015bli u\u017cytkownik jest konsumentem, prawo stanowi, \u017ce ryzyko przypadkowej utraty i przypadkowego pogorszenia stanu rzeczy sprzedanej podczas wysy\u0142ki przechodzi na u\u017cytkownika dopiero w momencie przekazania towar\u00f3w, niezale\u017cnie od tego, czy przesy\u0142ka jest ubezpieczona czy nieubezpieczona. Nie dotyczy to sytuacji, w kt\u00f3rej u\u017cytkownik samodzielnie zleci\u0142 transport firmie przewozowej niewskazanej przez przedsi\u0119biorc\u0119 lub osobie w inny spos\u00f3b wyznaczonej do realizacji wysy\u0142ki.<\/p>\n\n\n\n<p>7. Ustawowa odpowiedzialno\u015b\u0107 za wady<\/p>\n\n\n\n<p>7.1 Zastosowanie maj\u0105 ustawowe prawa do odpowiedzialno\u015bci za wady.<\/p>\n\n\n\n<p>7.2 Jako konsument, u\u017cytkownik jest proszony o sprawdzenie towar\u00f3w natychmiast po ich dostarczeniu pod k\u0105tem kompletno\u015bci, oczywistych wad i uszkodze\u0144 transportowych oraz o jak najszybsze powiadomienie nas i przewo\u017anika o wszelkich reklamacjach. Niezastosowanie si\u0119 do tego wymogu nie b\u0119dzie mia\u0142o wp\u0142ywu na roszczenia z tytu\u0142u r\u0119kojmi.<\/p>","protected":false},"excerpt":{"rendered":"<p>Allgemeine Gesch\u00e4ftsbedingungen und Kundeninformationen I. Allgemeine Gesch\u00e4ftsbedingungen \u00a7 1 Grundlegende Bestimmungen (1) Die nachstehenden Gesch\u00e4ftsbedingungen gelten f\u00fcr alle Vertr\u00e4ge, die Sie mit uns als Anbieter (Lavuj) \u00fcber die Internetseite www.lavuj.com [&hellip;]<\/p>","protected":false},"author":1,"featured_media":0,"parent":0,"menu_order":0,"comment_status":"closed","ping_status":"closed","template":"","meta":{"_uag_custom_page_level_css":"","advgb_blocks_editor_width":"","advgb_blocks_columns_visual_guide":"","site-sidebar-layout":"default","site-content-layout":"default","ast-site-content-layout":"default","site-content-style":"default","site-sidebar-style":"default","ast-global-header-display":"","ast-banner-title-visibility":"","ast-main-header-display":"","ast-hfb-above-header-display":"","ast-hfb-below-header-display":"","ast-hfb-mobile-header-display":"","site-post-title":"","ast-breadcrumbs-content":"","ast-featured-img":"","footer-sml-layout":"","ast-disable-related-posts":"","theme-transparent-header-meta":"default","adv-header-id-meta":"","stick-header-meta":"default","header-above-stick-meta":"","header-main-stick-meta":"","header-below-stick-meta":"","astra-migrate-meta-layouts":"default","ast-page-background-enabled":"default","ast-page-background-meta":{"desktop":{"background-color":"","background-image":"","background-repeat":"repeat","background-position":"center center","background-size":"auto","background-attachment":"scroll","background-type":"","background-media":"","overlay-type":"","overlay-color":"","overlay-opacity":"","overlay-gradient":""},"tablet":{"background-color":"","background-image":"","background-repeat":"repeat","background-position":"center center","background-size":"auto","background-attachment":"scroll","background-type":"","background-media":"","overlay-type":"","overlay-color":"","overlay-opacity":"","overlay-gradient":""},"mobile":{"background-color":"","background-image":"","background-repeat":"repeat","background-position":"center center","background-size":"auto","background-attachment":"scroll","background-type":"","background-media":"","overlay-type":"","overlay-color":"","overlay-opacity":"","overlay-gradient":""}},"ast-content-background-meta":{"desktop":{"background-color":"var(--ast-global-color-5)","background-image":"","background-repeat":"repeat","background-position":"center center","background-size":"auto","background-attachment":"scroll","background-type":"","background-media":"","overlay-type":"","overlay-color":"","overlay-opacity":"","overlay-gradient":""},"tablet":{"background-color":"var(--ast-global-color-5)","background-image":"","background-repeat":"repeat","background-position":"center center","background-size":"auto","background-attachment":"scroll","background-type":"","background-media":"","overlay-type":"","overlay-color":"","overlay-opacity":"","overlay-gradient":""},"mobile":{"background-color":"var(--ast-global-color-5)","background-image":"","background-repeat":"repeat","background-position":"center center","background-size":"auto","background-attachment":"scroll","background-type":"","background-media":"","overlay-type":"","overlay-color":"","overlay-opacity":"","overlay-gradient":""}},"footnotes":""},"class_list":["post-14","page","type-page","status-publish","hentry"],"yoast_head":"<!-- This site is optimized with the Yoast SEO Premium plugin v23.4 (Yoast SEO v26.6) - https:\/\/yoast.com\/wordpress\/plugins\/seo\/ -->\n<title>AGB | Lavuj<\/title>\n<meta name=\"robots\" content=\"noindex, nofollow\" \/>\n<meta property=\"og:locale\" content=\"pl_PL\" \/>\n<meta property=\"og:type\" content=\"article\" \/>\n<meta property=\"og:title\" content=\"AGB\" \/>\n<meta property=\"og:description\" content=\"Allgemeine Gesch\u00e4ftsbedingungen und Kundeninformationen I. Allgemeine Gesch\u00e4ftsbedingungen \u00a7 1 Grundlegende Bestimmungen (1) Die nachstehenden Gesch\u00e4ftsbedingungen gelten f\u00fcr alle Vertr\u00e4ge, die Sie mit uns als Anbieter (Lavuj) \u00fcber die Internetseite www.lavuj.com [&hellip;]\" \/>\n<meta property=\"og:url\" content=\"https:\/\/lavuj.com\/pl\/agb\/\" \/>\n<meta property=\"og:site_name\" content=\"Lavuj\" \/>\n<meta property=\"article:modified_time\" content=\"2023-06-21T09:57:39+00:00\" \/>\n<meta property=\"og:image\" content=\"https:\/\/lavuj.com\/wp-content\/uploads\/2023\/06\/Press.png\" \/>\n<meta name=\"twitter:card\" content=\"summary_large_image\" \/>\n<meta name=\"twitter:label1\" content=\"Szacowany czas czytania\" \/>\n\t<meta name=\"twitter:data1\" content=\"8 minut\" \/>\n<script type=\"application\/ld+json\" class=\"yoast-schema-graph\">{\"@context\":\"https:\/\/schema.org\",\"@graph\":[{\"@type\":\"WebPage\",\"@id\":\"https:\/\/lavuj.com\/agb\/\",\"url\":\"https:\/\/lavuj.com\/agb\/\",\"name\":\"AGB | Lavuj\",\"isPartOf\":{\"@id\":\"https:\/\/lavuj.com\/#website\"},\"primaryImageOfPage\":{\"@id\":\"https:\/\/lavuj.com\/agb\/#primaryimage\"},\"image\":{\"@id\":\"https:\/\/lavuj.com\/agb\/#primaryimage\"},\"thumbnailUrl\":\"https:\/\/lavuj.com\/wp-content\/uploads\/2023\/06\/Press.png\",\"datePublished\":\"2021-09-27T05:23:22+00:00\",\"dateModified\":\"2023-06-21T09:57:39+00:00\",\"breadcrumb\":{\"@id\":\"https:\/\/lavuj.com\/agb\/#breadcrumb\"},\"inLanguage\":\"pl-PL\",\"potentialAction\":[{\"@type\":\"ReadAction\",\"target\":[\"https:\/\/lavuj.com\/agb\/\"]}]},{\"@type\":\"ImageObject\",\"inLanguage\":\"pl-PL\",\"@id\":\"https:\/\/lavuj.com\/agb\/#primaryimage\",\"url\":\"https:\/\/lavuj.com\/wp-content\/uploads\/2023\/06\/Press.png\",\"contentUrl\":\"https:\/\/lavuj.com\/wp-content\/uploads\/2023\/06\/Press.png\"},{\"@type\":\"BreadcrumbList\",\"@id\":\"https:\/\/lavuj.com\/agb\/#breadcrumb\",\"itemListElement\":[{\"@type\":\"ListItem\",\"position\":1,\"name\":\"Lavuj\",\"item\":\"https:\/\/lavuj.com\/\"},{\"@type\":\"ListItem\",\"position\":2,\"name\":\"AGB\"}]},{\"@type\":\"WebSite\",\"@id\":\"https:\/\/lavuj.com\/#website\",\"url\":\"https:\/\/lavuj.com\/\",\"name\":\"Lavuj\",\"description\":\"Retinol Serum\",\"publisher\":{\"@id\":\"https:\/\/lavuj.com\/#organization\"},\"potentialAction\":[{\"@type\":\"SearchAction\",\"target\":{\"@type\":\"EntryPoint\",\"urlTemplate\":\"https:\/\/lavuj.com\/?s={search_term_string}\"},\"query-input\":{\"@type\":\"PropertyValueSpecification\",\"valueRequired\":true,\"valueName\":\"search_term_string\"}}],\"inLanguage\":\"pl-PL\"},{\"@type\":\"Organization\",\"@id\":\"https:\/\/lavuj.com\/#organization\",\"name\":\"Lavuj\",\"url\":\"https:\/\/lavuj.com\/\",\"logo\":{\"@type\":\"ImageObject\",\"inLanguage\":\"pl-PL\",\"@id\":\"https:\/\/lavuj.com\/#\/schema\/logo\/image\/\",\"url\":\"https:\/\/lavuj.com\/wp-content\/uploads\/2021\/09\/cropped-LAVUJ-LOGO.png\",\"contentUrl\":\"https:\/\/lavuj.com\/wp-content\/uploads\/2021\/09\/cropped-LAVUJ-LOGO.png\",\"width\":191,\"height\":79,\"caption\":\"Lavuj\"},\"image\":{\"@id\":\"https:\/\/lavuj.com\/#\/schema\/logo\/image\/\"}}]}<\/script>\n<!-- \/ Yoast SEO Premium plugin. -->","yoast_head_json":{"title":"AGB | Lavuj","robots":{"index":"noindex","follow":"nofollow"},"og_locale":"pl_PL","og_type":"article","og_title":"AGB","og_description":"Allgemeine Gesch\u00e4ftsbedingungen und Kundeninformationen I. Allgemeine Gesch\u00e4ftsbedingungen \u00a7 1 Grundlegende Bestimmungen (1) Die nachstehenden Gesch\u00e4ftsbedingungen gelten f\u00fcr alle Vertr\u00e4ge, die Sie mit uns als Anbieter (Lavuj) \u00fcber die Internetseite www.lavuj.com [&hellip;]","og_url":"https:\/\/lavuj.com\/pl\/agb\/","og_site_name":"Lavuj","article_modified_time":"2023-06-21T09:57:39+00:00","og_image":[{"url":"https:\/\/lavuj.com\/wp-content\/uploads\/2023\/06\/Press.png","type":"","width":"","height":""}],"twitter_card":"summary_large_image","twitter_misc":{"Szacowany czas czytania":"8 minut"},"schema":{"@context":"https:\/\/schema.org","@graph":[{"@type":"WebPage","@id":"https:\/\/lavuj.com\/agb\/","url":"https:\/\/lavuj.com\/agb\/","name":"AGB | Lavuj","isPartOf":{"@id":"https:\/\/lavuj.com\/#website"},"primaryImageOfPage":{"@id":"https:\/\/lavuj.com\/agb\/#primaryimage"},"image":{"@id":"https:\/\/lavuj.com\/agb\/#primaryimage"},"thumbnailUrl":"https:\/\/lavuj.com\/wp-content\/uploads\/2023\/06\/Press.png","datePublished":"2021-09-27T05:23:22+00:00","dateModified":"2023-06-21T09:57:39+00:00","breadcrumb":{"@id":"https:\/\/lavuj.com\/agb\/#breadcrumb"},"inLanguage":"pl-PL","potentialAction":[{"@type":"ReadAction","target":["https:\/\/lavuj.com\/agb\/"]}]},{"@type":"ImageObject","inLanguage":"pl-PL","@id":"https:\/\/lavuj.com\/agb\/#primaryimage","url":"https:\/\/lavuj.com\/wp-content\/uploads\/2023\/06\/Press.png","contentUrl":"https:\/\/lavuj.com\/wp-content\/uploads\/2023\/06\/Press.png"},{"@type":"BreadcrumbList","@id":"https:\/\/lavuj.com\/agb\/#breadcrumb","itemListElement":[{"@type":"ListItem","position":1,"name":"Lavuj","item":"https:\/\/lavuj.com\/"},{"@type":"ListItem","position":2,"name":"AGB"}]},{"@type":"WebSite","@id":"https:\/\/lavuj.com\/#website","url":"https:\/\/lavuj.com\/","name":"Lavuj","description":"Serum z Retinolem","publisher":{"@id":"https:\/\/lavuj.com\/#organization"},"potentialAction":[{"@type":"SearchAction","target":{"@type":"EntryPoint","urlTemplate":"https:\/\/lavuj.com\/?s={search_term_string}"},"query-input":{"@type":"PropertyValueSpecification","valueRequired":true,"valueName":"search_term_string"}}],"inLanguage":"pl-PL"},{"@type":"Organization","@id":"https:\/\/lavuj.com\/#organization","name":"Lavuj","url":"https:\/\/lavuj.com\/","logo":{"@type":"ImageObject","inLanguage":"pl-PL","@id":"https:\/\/lavuj.com\/#\/schema\/logo\/image\/","url":"https:\/\/lavuj.com\/wp-content\/uploads\/2021\/09\/cropped-LAVUJ-LOGO.png","contentUrl":"https:\/\/lavuj.com\/wp-content\/uploads\/2021\/09\/cropped-LAVUJ-LOGO.png","width":191,"height":79,"caption":"Lavuj"},"image":{"@id":"https:\/\/lavuj.com\/#\/schema\/logo\/image\/"}}]}},"uagb_featured_image_src":{"full":false,"thumbnail":false,"medium":false,"medium_large":false,"large":false,"1536x1536":false,"2048x2048":false,"trp-custom-language-flag":false,"woocommerce_thumbnail":false,"woocommerce_single":false,"woocommerce_gallery_thumbnail":false},"uagb_author_info":{"display_name":"Kerem085","author_link":"https:\/\/lavuj.com\/pl\/author\/kerem085\/"},"uagb_comment_info":0,"uagb_excerpt":"Allgemeine Gesch\u00e4ftsbedingungen und Kundeninformationen I. Allgemeine Gesch\u00e4ftsbedingungen \u00a7 1 Grundlegende Bestimmungen (1) Die nachstehenden Gesch\u00e4ftsbedingungen gelten f\u00fcr alle Vertr\u00e4ge, die Sie mit uns als Anbieter (Lavuj) \u00fcber die Internetseite www.lavuj.com [&hellip;]","coauthors":[],"author_meta":{"author_link":"https:\/\/lavuj.com\/pl\/author\/kerem085\/","display_name":"Kerem085"},"relative_dates":{"created":"Posted 5 lat ago","modified":"Updated 3 lata ago"},"absolute_dates":{"created":"Posted on 27. wrze\u015bnia 2021","modified":"Updated on 21. czerwca 2023"},"absolute_dates_time":{"created":"Posted on 27. wrze\u015bnia 2021 5:23","modified":"Updated on 21. czerwca 2023 9:57"},"featured_img_caption":"","featured_img":false,"series_order":"","_links":{"self":[{"href":"https:\/\/lavuj.com\/pl\/wp-json\/wp\/v2\/pages\/14","targetHints":{"allow":["GET"]}}],"collection":[{"href":"https:\/\/lavuj.com\/pl\/wp-json\/wp\/v2\/pages"}],"about":[{"href":"https:\/\/lavuj.com\/pl\/wp-json\/wp\/v2\/types\/page"}],"author":[{"embeddable":true,"href":"https:\/\/lavuj.com\/pl\/wp-json\/wp\/v2\/users\/1"}],"replies":[{"embeddable":true,"href":"https:\/\/lavuj.com\/pl\/wp-json\/wp\/v2\/comments?post=14"}],"version-history":[{"count":4,"href":"https:\/\/lavuj.com\/pl\/wp-json\/wp\/v2\/pages\/14\/revisions"}],"predecessor-version":[{"id":604,"href":"https:\/\/lavuj.com\/pl\/wp-json\/wp\/v2\/pages\/14\/revisions\/604"}],"wp:attachment":[{"href":"https:\/\/lavuj.com\/pl\/wp-json\/wp\/v2\/media?parent=14"}],"curies":[{"name":"wp","href":"https:\/\/api.w.org\/{rel}","templated":true}]}}