{"id":438,"date":"2023-06-06T13:10:03","date_gmt":"2023-06-06T13:10:03","guid":{"rendered":"https:\/\/lavuj.com\/?post_type=product&#038;p=438"},"modified":"2025-12-31T15:55:20","modified_gmt":"2025-12-31T14:55:20","slug":"lavuj-retinol-serum-2","status":"publish","type":"product","link":"https:\/\/lavuj.com\/pl\/produkt\/lavuj-retinol-serum-2\/","title":{"rendered":"Lavuj Serum z Retinolem, zestaw 2 sztuk"},"content":{"rendered":"<h2>Zastosowanie:<\/h2>\n<p><span style=\"font-weight: 400;\">Nak\u0142ada\u0107 codziennie wieczorem 1-2 krople lub wi\u0119cej w zale\u017cno\u015bci od potrzeb na oczyszczon\u0105 sk\u00f3r\u0119. Delikatnie wmasowa\u0107 w sk\u00f3r\u0119 twarzy i szyi i pozostawi\u0107 do ca\u0142kowitego wch\u0142oni\u0119cia. Pocz\u0105tkuj\u0105cym u\u017cytkownikom retinol zalecamy stosowanie 2-3 razy w tygodniu i stopniowe zwi\u0119kszanie cz\u0119stotliwo\u015bci.<\/span><\/p>\n<h2><span style=\"color: #8a949c;\">Lavuj Serum z Retinolem: Transformuj\u0105ca piel\u0119gnacja sk\u00f3ry<br \/>\nz formu\u0142\u0105 liposomaln\u0105 i fermentowan\u0105<\/span><\/h2>\n<p><img loading=\"lazy\" decoding=\"async\" class=\"wp-image-297 size-full\" style=\"font-weight: inherit;\" src=\"https:\/\/lavuj.com\/wp-content\/uploads\/2023\/05\/Retinol-Serum-1.jpg\" alt=\"Serum z retinolem\" width=\"2000\" height=\"1080\" srcset=\"https:\/\/lavuj.com\/wp-content\/uploads\/2023\/05\/Retinol-Serum-1.jpg 2000w, https:\/\/lavuj.com\/wp-content\/uploads\/2023\/05\/Retinol-Serum-1-600x324.jpg 600w, https:\/\/lavuj.com\/wp-content\/uploads\/2023\/05\/Retinol-Serum-1-300x162.jpg 300w, https:\/\/lavuj.com\/wp-content\/uploads\/2023\/05\/Retinol-Serum-1-1024x553.jpg 1024w, https:\/\/lavuj.com\/wp-content\/uploads\/2023\/05\/Retinol-Serum-1-768x415.jpg 768w, https:\/\/lavuj.com\/wp-content\/uploads\/2023\/05\/Retinol-Serum-1-1536x829.jpg 1536w\" sizes=\"auto, (max-width: 2000px) 100vw, 2000px\" \/><\/p>\n<p>Odkryj sekret m\u0142odzie\u0144czej sk\u00f3ry z Lavuj Serum z Retinolem. Nasze Serum \u0142\u0105czy w sobie starannie wyselekcjonowane sk\u0142adniki, aby zapewni\u0107 Ci kompleksow\u0105 piel\u0119gnacj\u0119 sk\u00f3ry.<\/p>\n<p>Formu\u0142a opiera si\u0119 na dowodach naukowych i badaniach klinicznych, kt\u00f3re potwierdzaj\u0105 skuteczno\u015b\u0107 retinol w odm\u0142adzaniu sk\u00f3ry. Dzi\u0119ki skutecznemu st\u0119\u017ceniu retinol zmarszczki i drobne linie s\u0105 widocznie zredukowane. Ale Lavuj Serum z Retinolem to co\u015b wi\u0119cej ni\u017c tylko retinol.<\/p>\n<p>Wykorzystujemy liposomaln\u0105 technologi\u0119 produkcji, aby umo\u017cliwi\u0107 kontrolowane uwalnianie sk\u0142adnik\u00f3w. Pozwala to na stopniowe uwalnianie retinol do sk\u00f3ry, minimalizuj\u0105c ryzyko podra\u017cnie\u0144. Ta innowacyjna metoda zapewnia sk\u00f3rze maksymaln\u0105 skuteczno\u015b\u0107 retinol.<\/p>\n<p>Ponadto zintegrowali\u015bmy sfermentowane sk\u0142adniki, kt\u00f3re poprawiaj\u0105 wch\u0142anianie sk\u0142adnik\u00f3w aktywnych, a jednocze\u015bnie zwi\u0119kszaj\u0105 tolerancj\u0119. Fermentacja zwi\u0119ksza skuteczno\u015b\u0107 sk\u0142adnik\u00f3w i sprawia, \u017ce Lavuj Serum z Retinolem jest szczeg\u00f3lnie dobrze tolerowane, nawet przez wra\u017cliw\u0105 sk\u00f3r\u0119.<\/p>\n<p>Nasze serum zawiera r\u00f3wnie\u017c Smocz\u0105 Krew, cenny ekstrakt z drzewa smoczej krwi. Jest on bogaty w zwi\u0105zki fenolowe znane jako silne przeciwutleniacze. Przeciwutleniacze te chroni\u0105 kom\u00f3rki sk\u00f3ry przed szkodliwym dzia\u0142aniem stresu oksydacyjnego i wspomagaj\u0105 regeneracj\u0119 sk\u00f3ry. Poprawiaj\u0105 r\u00f3wnie\u017c interakcj\u0119 kom\u00f3rek sk\u00f3ry z ich \u015brodowiskiem i promuj\u0105 tworzenie kolagenu dla j\u0119drniejszej sk\u00f3ry.<\/p>\n<p>Po\u0142\u0105czenie Kwas Hialuronowy, Peptydy i Niacynamid  uzupe\u0142nia nasz\u0105 unikaln\u0105 formu\u0142\u0119. Wysokiej jako\u015bci niskocz\u0105steczkowy kwas hialuronowy wnika g\u0142\u0119boko w sk\u00f3r\u0119, intensywnie j\u0105 nawil\u017caj\u0105c i uj\u0119drniaj\u0105c. Peptydy stymuluj\u0105 produkcj\u0119 kolagenu i pomagaj\u0105 uj\u0119drni\u0107 sk\u00f3r\u0119. Niacynamid (witamina B3) dzia\u0142a przeciwzapalnie i poprawia wygl\u0105d sk\u00f3ry.<\/p>\n<p>Zanurz si\u0119 w \u015bwiecie zaawansowanej piel\u0119gnacji sk\u00f3ry z Lavuj Retinol Serum z Retinolem. Poczuj, jak Twoja sk\u00f3ra zmienia si\u0119 i nabiera m\u0142odzie\u0144czego blasku.<\/p>\n<h3><span style=\"color: #8a949c;\">Clean Beauty<\/span><\/h3>\n<p>Lavuj stawia na czyst\u0105 urod\u0119: w 100% wolny od formaldehydu, ftalan\u00f3w, siarczan\u00f3w, paraben\u00f3w, silikon\u00f3w, olej\u00f3w mineralnych i PEG. Ponadto, Lavuj jest wega\u0144ski i nie testowany na zwierz\u0119tach.<\/p>","protected":false},"excerpt":{"rendered":"<p class=\"p1\"><span class=\"s1\">Serum z Retinolem na Twarz. Poczuj r\u00f3\u017cnic\u0119 dzi\u0119ki Lavuj \u2013 Serum Anti Aging, kt\u00f3re zrewolucjonizowa\u0142o retinol.<br \/>\n<span style=\"color: #5bc98b;\"><strong>Nowo\u015b\u0107: Formu\u0142a liposomalna!<\/strong><\/span><\/span><\/p>\n<ul>\n<li>Retinol<\/li>\n<li>Liposomalny<\/li>\n<li>Sfermentowane<\/li>\n<li>Bez hormon\u00f3w<\/li>\n<li>Testowany dermatologicznie<\/li>\n<\/ul>\n<p><img loading=\"lazy\" decoding=\"async\" class=\"alignnone wp-image-42\" src=\"https:\/\/lavuj.com\/wp-content\/uploads\/2021\/09\/Lo-2.jpg\" alt=\"\" width=\"339\" height=\"30\" srcset=\"https:\/\/lavuj.com\/wp-content\/uploads\/2021\/09\/Lo-2.jpg 941w, https:\/\/lavuj.com\/wp-content\/uploads\/2021\/09\/Lo-2-600x53.jpg 600w, https:\/\/lavuj.com\/wp-content\/uploads\/2021\/09\/Lo-2-300x26.jpg 300w, https:\/\/lavuj.com\/wp-content\/uploads\/2021\/09\/Lo-2-768x68.jpg 768w\" sizes=\"auto, (max-width: 339px) 100vw, 339px\" \/><\/p>\n<p><img loading=\"lazy\" decoding=\"async\" class=\"wp-image-947\" src=\"https:\/\/lavuj.com\/wp-content\/uploads\/2023\/10\/Testsieger.jpg\" alt=\"Lavuj-Test\" width=\"152\" height=\"91\" srcset=\"https:\/\/lavuj.com\/wp-content\/uploads\/2023\/10\/Testsieger.jpg 1249w, https:\/\/lavuj.com\/wp-content\/uploads\/2023\/10\/Testsieger-300x179.jpg 300w, https:\/\/lavuj.com\/wp-content\/uploads\/2023\/10\/Testsieger-1024x610.jpg 1024w, https:\/\/lavuj.com\/wp-content\/uploads\/2023\/10\/Testsieger-768x457.jpg 768w, https:\/\/lavuj.com\/wp-content\/uploads\/2023\/10\/Testsieger-18x12.jpg 18w, https:\/\/lavuj.com\/wp-content\/uploads\/2023\/10\/Testsieger-600x357.jpg 600w\" sizes=\"auto, (max-width: 152px) 100vw, 152px\" \/><\/p>","protected":false},"author":1,"featured_media":447,"template":"","meta":{"_uag_custom_page_level_css":"","advgb_blocks_editor_width":"","advgb_blocks_columns_visual_guide":"","site-sidebar-layout":"default","site-content-layout":"default","ast-site-content-layout":"default","site-content-style":"default","site-sidebar-style":"default","ast-global-header-display":"","ast-banner-title-visibility":"","ast-main-header-display":"","ast-hfb-above-header-display":"","ast-hfb-below-header-display":"","ast-hfb-mobile-header-display":"","site-post-title":"","ast-breadcrumbs-content":"","ast-featured-img":"","footer-sml-layout":"","ast-disable-related-posts":"","theme-transparent-header-meta":"default","adv-header-id-meta":"","stick-header-meta":"default","header-above-stick-meta":"","header-main-stick-meta":"","header-below-stick-meta":"","astra-migrate-meta-layouts":"set","ast-page-background-enabled":"default","ast-page-background-meta":{"desktop":{"background-color":"","background-image":"","background-repeat":"repeat","background-position":"center center","background-size":"auto","background-attachment":"scroll","background-type":"","background-media":"","overlay-type":"","overlay-color":"","overlay-opacity":"","overlay-gradient":""},"tablet":{"background-color":"","background-image":"","background-repeat":"repeat","background-position":"center center","background-size":"auto","background-attachment":"scroll","background-type":"","background-media":"","overlay-type":"","overlay-color":"","overlay-opacity":"","overlay-gradient":""},"mobile":{"background-color":"","background-image":"","background-repeat":"repeat","background-position":"center center","background-size":"auto","background-attachment":"scroll","background-type":"","background-media":"","overlay-type":"","overlay-color":"","overlay-opacity":"","overlay-gradient":""}},"ast-content-background-meta":{"desktop":{"background-color":"var(--ast-global-color-5)","background-image":"","background-repeat":"repeat","background-position":"center center","background-size":"auto","background-attachment":"scroll","background-type":"","background-media":"","overlay-type":"","overlay-color":"","overlay-opacity":"","overlay-gradient":""},"tablet":{"background-color":"var(--ast-global-color-5)","background-image":"","background-repeat":"repeat","background-position":"center center","background-size":"auto","background-attachment":"scroll","background-type":"","background-media":"","overlay-type":"","overlay-color":"","overlay-opacity":"","overlay-gradient":""},"mobile":{"background-color":"var(--ast-global-color-5)","background-image":"","background-repeat":"repeat","background-position":"center center","background-size":"auto","background-attachment":"scroll","background-type":"","background-media":"","overlay-type":"","overlay-color":"","overlay-opacity":"","overlay-gradient":""}}},"product_brand":[],"product_cat":[39],"product_tag":[],"class_list":{"0":"post-438","1":"product","2":"type-product","3":"status-publish","4":"has-post-thumbnail","6":"product_cat-anti-aging","7":"desktop-align-left","8":"tablet-align-left","9":"mobile-align-left","10":"ast-product-gallery-layout-horizontal","11":"ast-magnify-disabled","12":"ast-product-tabs-layout-horizontal","13":"ast-qv-on-image","15":"first","16":"instock","17":"sale","18":"taxable","19":"shipping-taxable","20":"purchasable","21":"product-type-simple"},"yoast_head":"<!-- This site is optimized with the Yoast SEO Premium plugin v23.4 (Yoast SEO v26.6) - https:\/\/yoast.com\/wordpress\/plugins\/seo\/ -->\n<title>Lavuj Retinol Serum 2er Pack | Lavuj<\/title>\n<meta name=\"robots\" content=\"index, follow, max-snippet:-1, max-image-preview:large, max-video-preview:-1\" \/>\n<link rel=\"canonical\" href=\"https:\/\/lavuj.com\/pl\/produkt\/lavuj-retinol-serum-2\/\" \/>\n<meta property=\"og:locale\" content=\"pl_PL\" \/>\n<meta property=\"og:type\" content=\"article\" \/>\n<meta property=\"og:title\" content=\"Lavuj Retinol Serum 2er Pack\" \/>\n<meta property=\"og:description\" content=\"Retinol Serum gegen Falten. Erleben Sie den Unterschied mit Lavuj - Das Anti-Aging-Serum, das Retinol revolutioniert. Neu: Liposomale Formulierung!    Retinol  Liposomal  Fermentiert  Ohne Hormone  Dermatologisch getestet\" \/>\n<meta property=\"og:url\" content=\"https:\/\/lavuj.com\/pl\/produkt\/lavuj-retinol-serum-2\/\" \/>\n<meta property=\"og:site_name\" content=\"Lavuj\" \/>\n<meta property=\"article:modified_time\" content=\"2025-12-31T14:55:20+00:00\" \/>\n<meta property=\"og:image\" content=\"https:\/\/lavuj.com\/wp-content\/uploads\/2023\/06\/LAV00002.jpg\" \/>\n\t<meta property=\"og:image:width\" content=\"1000\" \/>\n\t<meta property=\"og:image:height\" content=\"1000\" \/>\n\t<meta property=\"og:image:type\" content=\"image\/jpeg\" \/>\n<meta name=\"twitter:card\" content=\"summary_large_image\" \/>\n<meta name=\"twitter:label1\" content=\"Szacowany czas czytania\" \/>\n\t<meta name=\"twitter:data1\" content=\"3 minuty\" \/>\n<script type=\"application\/ld+json\" class=\"yoast-schema-graph\">{\"@context\":\"https:\/\/schema.org\",\"@graph\":[{\"@type\":\"WebPage\",\"@id\":\"https:\/\/lavuj.com\/produkt\/lavuj-retinol-serum-2\/\",\"url\":\"https:\/\/lavuj.com\/produkt\/lavuj-retinol-serum-2\/\",\"name\":\"Lavuj Retinol Serum 2er Pack | Lavuj\",\"isPartOf\":{\"@id\":\"https:\/\/lavuj.com\/#website\"},\"primaryImageOfPage\":{\"@id\":\"https:\/\/lavuj.com\/produkt\/lavuj-retinol-serum-2\/#primaryimage\"},\"image\":{\"@id\":\"https:\/\/lavuj.com\/produkt\/lavuj-retinol-serum-2\/#primaryimage\"},\"thumbnailUrl\":\"https:\/\/lavuj.com\/wp-content\/uploads\/2023\/06\/LAV00002.jpg\",\"datePublished\":\"2023-06-06T13:10:03+00:00\",\"dateModified\":\"2025-12-31T14:55:20+00:00\",\"breadcrumb\":{\"@id\":\"https:\/\/lavuj.com\/produkt\/lavuj-retinol-serum-2\/#breadcrumb\"},\"inLanguage\":\"pl-PL\",\"potentialAction\":[{\"@type\":\"ReadAction\",\"target\":[\"https:\/\/lavuj.com\/produkt\/lavuj-retinol-serum-2\/\"]}]},{\"@type\":\"ImageObject\",\"inLanguage\":\"pl-PL\",\"@id\":\"https:\/\/lavuj.com\/produkt\/lavuj-retinol-serum-2\/#primaryimage\",\"url\":\"https:\/\/lavuj.com\/wp-content\/uploads\/2023\/06\/LAV00002.jpg\",\"contentUrl\":\"https:\/\/lavuj.com\/wp-content\/uploads\/2023\/06\/LAV00002.jpg\",\"width\":1000,\"height\":1000,\"caption\":\"Lavuj-2-Pack\"},{\"@type\":\"BreadcrumbList\",\"@id\":\"https:\/\/lavuj.com\/produkt\/lavuj-retinol-serum-2\/#breadcrumb\",\"itemListElement\":[{\"@type\":\"ListItem\",\"position\":1,\"name\":\"Lavuj\",\"item\":\"https:\/\/lavuj.com\/\"},{\"@type\":\"ListItem\",\"position\":2,\"name\":\"Shop\",\"item\":\"https:\/\/lavuj.com\/shop\/\"},{\"@type\":\"ListItem\",\"position\":3,\"name\":\"Lavuj Retinol Serum 2er Pack\"}]},{\"@type\":\"WebSite\",\"@id\":\"https:\/\/lavuj.com\/#website\",\"url\":\"https:\/\/lavuj.com\/\",\"name\":\"Lavuj\",\"description\":\"Retinol Serum\",\"publisher\":{\"@id\":\"https:\/\/lavuj.com\/#organization\"},\"potentialAction\":[{\"@type\":\"SearchAction\",\"target\":{\"@type\":\"EntryPoint\",\"urlTemplate\":\"https:\/\/lavuj.com\/?s={search_term_string}\"},\"query-input\":{\"@type\":\"PropertyValueSpecification\",\"valueRequired\":true,\"valueName\":\"search_term_string\"}}],\"inLanguage\":\"pl-PL\"},{\"@type\":\"Organization\",\"@id\":\"https:\/\/lavuj.com\/#organization\",\"name\":\"Lavuj\",\"url\":\"https:\/\/lavuj.com\/\",\"logo\":{\"@type\":\"ImageObject\",\"inLanguage\":\"pl-PL\",\"@id\":\"https:\/\/lavuj.com\/#\/schema\/logo\/image\/\",\"url\":\"https:\/\/lavuj.com\/wp-content\/uploads\/2021\/09\/cropped-LAVUJ-LOGO.png\",\"contentUrl\":\"https:\/\/lavuj.com\/wp-content\/uploads\/2021\/09\/cropped-LAVUJ-LOGO.png\",\"width\":191,\"height\":79,\"caption\":\"Lavuj\"},\"image\":{\"@id\":\"https:\/\/lavuj.com\/#\/schema\/logo\/image\/\"}}]}<\/script>\n<!-- \/ Yoast SEO Premium plugin. -->","yoast_head_json":{"title":"Lavuj Serum z Retinolem, zestaw 2 sztuk","robots":{"index":"index","follow":"follow","max-snippet":"max-snippet:-1","max-image-preview":"max-image-preview:large","max-video-preview":"max-video-preview:-1"},"canonical":"https:\/\/lavuj.com\/pl\/produkt\/lavuj-retinol-serum-2\/","og_locale":"pl_PL","og_type":"article","og_title":"Lavuj Retinol Serum 2er Pack","og_description":"Retinol Serum gegen Falten. Erleben Sie den Unterschied mit Lavuj - Das Anti-Aging-Serum, das Retinol revolutioniert. Neu: Liposomale Formulierung!    Retinol  Liposomal  Fermentiert  Ohne Hormone  Dermatologisch getestet","og_url":"https:\/\/lavuj.com\/pl\/produkt\/lavuj-retinol-serum-2\/","og_site_name":"Lavuj","article_modified_time":"2025-12-31T14:55:20+00:00","og_image":[{"width":1000,"height":1000,"url":"https:\/\/lavuj.com\/wp-content\/uploads\/2023\/06\/LAV00002.jpg","type":"image\/jpeg"}],"twitter_card":"summary_large_image","twitter_misc":{"Szacowany czas czytania":"3 minuty"},"schema":{"@context":"https:\/\/schema.org","@graph":[{"@type":"WebPage","@id":"https:\/\/lavuj.com\/produkt\/lavuj-retinol-serum-2\/","url":"https:\/\/lavuj.com\/produkt\/lavuj-retinol-serum-2\/","name":"Lavuj Serum z Retinolem, zestaw 2 sztuk","isPartOf":{"@id":"https:\/\/lavuj.com\/#website"},"primaryImageOfPage":{"@id":"https:\/\/lavuj.com\/produkt\/lavuj-retinol-serum-2\/#primaryimage"},"image":{"@id":"https:\/\/lavuj.com\/produkt\/lavuj-retinol-serum-2\/#primaryimage"},"thumbnailUrl":"https:\/\/lavuj.com\/wp-content\/uploads\/2023\/06\/LAV00002.jpg","datePublished":"2023-06-06T13:10:03+00:00","dateModified":"2025-12-31T14:55:20+00:00","breadcrumb":{"@id":"https:\/\/lavuj.com\/produkt\/lavuj-retinol-serum-2\/#breadcrumb"},"inLanguage":"pl-PL","potentialAction":[{"@type":"ReadAction","target":["https:\/\/lavuj.com\/produkt\/lavuj-retinol-serum-2\/"]}]},{"@type":"ImageObject","inLanguage":"pl-PL","@id":"https:\/\/lavuj.com\/produkt\/lavuj-retinol-serum-2\/#primaryimage","url":"https:\/\/lavuj.com\/wp-content\/uploads\/2023\/06\/LAV00002.jpg","contentUrl":"https:\/\/lavuj.com\/wp-content\/uploads\/2023\/06\/LAV00002.jpg","width":1000,"height":1000,"caption":"Lavuj-2-Pack"},{"@type":"BreadcrumbList","@id":"https:\/\/lavuj.com\/produkt\/lavuj-retinol-serum-2\/#breadcrumb","itemListElement":[{"@type":"ListItem","position":1,"name":"Lavuj","item":"https:\/\/lavuj.com\/"},{"@type":"ListItem","position":2,"name":"Shop","item":"https:\/\/lavuj.com\/shop\/"},{"@type":"ListItem","position":3,"name":"Lavuj Retinol Serum 2er Pack"}]},{"@type":"WebSite","@id":"https:\/\/lavuj.com\/#website","url":"https:\/\/lavuj.com\/","name":"Lavuj","description":"Serum z Retinolem","publisher":{"@id":"https:\/\/lavuj.com\/#organization"},"potentialAction":[{"@type":"SearchAction","target":{"@type":"EntryPoint","urlTemplate":"https:\/\/lavuj.com\/?s={search_term_string}"},"query-input":{"@type":"PropertyValueSpecification","valueRequired":true,"valueName":"search_term_string"}}],"inLanguage":"pl-PL"},{"@type":"Organization","@id":"https:\/\/lavuj.com\/#organization","name":"Lavuj","url":"https:\/\/lavuj.com\/","logo":{"@type":"ImageObject","inLanguage":"pl-PL","@id":"https:\/\/lavuj.com\/#\/schema\/logo\/image\/","url":"https:\/\/lavuj.com\/wp-content\/uploads\/2021\/09\/cropped-LAVUJ-LOGO.png","contentUrl":"https:\/\/lavuj.com\/wp-content\/uploads\/2021\/09\/cropped-LAVUJ-LOGO.png","width":191,"height":79,"caption":"Lavuj"},"image":{"@id":"https:\/\/lavuj.com\/#\/schema\/logo\/image\/"}}]}},"uagb_featured_image_src":{"full":["https:\/\/lavuj.com\/wp-content\/uploads\/2023\/06\/LAV00002.jpg",1000,1000,false],"thumbnail":["https:\/\/lavuj.com\/wp-content\/uploads\/2023\/06\/LAV00002-150x150.jpg",150,150,true],"medium":["https:\/\/lavuj.com\/wp-content\/uploads\/2023\/06\/LAV00002-300x300.jpg",300,300,true],"medium_large":["https:\/\/lavuj.com\/wp-content\/uploads\/2023\/06\/LAV00002-768x768.jpg",768,768,true],"large":["https:\/\/lavuj.com\/wp-content\/uploads\/2023\/06\/LAV00002.jpg",1000,1000,false],"1536x1536":["https:\/\/lavuj.com\/wp-content\/uploads\/2023\/06\/LAV00002.jpg",1000,1000,false],"2048x2048":["https:\/\/lavuj.com\/wp-content\/uploads\/2023\/06\/LAV00002.jpg",1000,1000,false],"trp-custom-language-flag":["https:\/\/lavuj.com\/wp-content\/uploads\/2023\/06\/LAV00002.jpg",12,12,false],"woocommerce_thumbnail":["https:\/\/lavuj.com\/wp-content\/uploads\/2023\/06\/LAV00002-300x300.jpg",300,300,true],"woocommerce_single":["https:\/\/lavuj.com\/wp-content\/uploads\/2023\/06\/LAV00002-600x600.jpg",600,600,true],"woocommerce_gallery_thumbnail":["https:\/\/lavuj.com\/wp-content\/uploads\/2023\/06\/LAV00002-100x100.jpg",100,100,true]},"uagb_author_info":{"display_name":"Kerem085","author_link":"https:\/\/lavuj.com\/pl\/author\/kerem085\/"},"uagb_comment_info":0,"uagb_excerpt":"Retinol Serum gegen Falten. Erleben Sie den Unterschied mit Lavuj - Das Anti-Aging-Serum, das Retinol revolutioniert. Neu: Liposomale Formulierung! Retinol Liposomal Fermentiert Ohne Hormone Dermatologisch getestet","featured_img":"https:\/\/lavuj.com\/wp-content\/uploads\/2023\/06\/LAV00002.jpg","coauthors":[],"author_meta":{"author_link":"https:\/\/lavuj.com\/pl\/author\/kerem085\/","display_name":"Kerem085"},"relative_dates":{"created":"Posted 3 lata ago","modified":"Updated 4 miesi\u0105ce ago"},"absolute_dates":{"created":"Posted on 6. czerwca 2023","modified":"Updated on 31. grudnia 2025"},"absolute_dates_time":{"created":"Posted on 6. czerwca 2023 13:10","modified":"Updated on 31. grudnia 2025 15:55"},"featured_img_caption":"Lavuj-2-Pack","tax_additional":{"product_brand":{"linked":[],"unlinked":[],"slug":"product_brand","name":"Marki"},"product_type":{"linked":["<a href=\"https:\/\/lavuj.com\/pl\/?taxonomy=product_type&#038;term=simple\" class=\"advgb-post-tax-term\">simple<\/a>"],"unlinked":["<span class=\"advgb-post-tax-term\">simple<\/span>"],"slug":"product_type","name":"Typ produktu"},"product_visibility":{"linked":[],"unlinked":[],"slug":"product_visibility","name":"Widoczno\u015b\u0107 produktu"},"product_cat":{"linked":["<a href=\"https:\/\/lavuj.com\/pl\/kategoria-produktu\/anti-aging\/\" class=\"advgb-post-tax-term\">Anti Aging<\/a>"],"unlinked":["<span class=\"advgb-post-tax-term\">Anti Aging<\/span>"],"slug":"product_cat","name":"Kategorie produkt\u00f3w"},"product_tag":{"linked":[],"unlinked":[],"slug":"product_tag","name":"Znaczniki produktu"},"product_shipping_class":{"linked":[],"unlinked":[],"slug":"product_shipping_class","name":"Klasy wysy\u0142kowe produktu"},"pa_brand":{"linked":[],"unlinked":[],"slug":"pa_brand","name":"Atrybut produktu: Marke"}},"series_order":"","_links":{"self":[{"href":"https:\/\/lavuj.com\/pl\/wp-json\/wp\/v2\/product\/438","targetHints":{"allow":["GET"]}}],"collection":[{"href":"https:\/\/lavuj.com\/pl\/wp-json\/wp\/v2\/product"}],"about":[{"href":"https:\/\/lavuj.com\/pl\/wp-json\/wp\/v2\/types\/product"}],"wp:featuredmedia":[{"embeddable":true,"href":"https:\/\/lavuj.com\/pl\/wp-json\/wp\/v2\/media\/447"}],"wp:attachment":[{"href":"https:\/\/lavuj.com\/pl\/wp-json\/wp\/v2\/media?parent=438"}],"wp:term":[{"taxonomy":"product_brand","embeddable":true,"href":"https:\/\/lavuj.com\/pl\/wp-json\/wp\/v2\/product_brand?post=438"},{"taxonomy":"product_cat","embeddable":true,"href":"https:\/\/lavuj.com\/pl\/wp-json\/wp\/v2\/product_cat?post=438"},{"taxonomy":"product_tag","embeddable":true,"href":"https:\/\/lavuj.com\/pl\/wp-json\/wp\/v2\/product_tag?post=438"}],"curies":[{"name":"wp","href":"https:\/\/api.w.org\/{rel}","templated":true}]}}