{"id":14,"date":"2021-09-27T05:23:22","date_gmt":"2021-09-27T05:23:22","guid":{"rendered":"https:\/\/lavuj.com\/?page_id=14"},"modified":"2023-06-21T09:57:39","modified_gmt":"2023-06-21T09:57:39","slug":"agb","status":"publish","type":"page","link":"https:\/\/lavuj.com\/pt\/agb\/","title":{"rendered":"GT&amp;C"},"content":{"rendered":"<p><strong>Termos e condi\u00e7\u00f5es gerais e informa\u00e7\u00f5es ao cliente<\/strong><\/p>\n\n\n\n<p>I. Termos e condi\u00e7\u00f5es gerais<\/p>\n\n\n\n<p>\u00a7 1 Disposi\u00e7\u00f5es de base<\/p>\n\n\n\n<p>(1) As seguintes condi\u00e7\u00f5es aplicam-se a todos os contratos celebrados entre o utilizador e o fornecedor (Lavuj) atrav\u00e9s do s\u00edtio Web www.lavuj.com. Salvo acordo em contr\u00e1rio, opomo-nos \u00e0 inclus\u00e3o de quaisquer termos e condi\u00e7\u00f5es pr\u00f3prios que o utilizador possa utilizar.<\/p>\n\n\n\n<p>(2) Um consumidor, na acep\u00e7\u00e3o das disposi\u00e7\u00f5es seguintes, \u00e9 qualquer pessoa singular que celebre um neg\u00f3cio jur\u00eddico para fins que n\u00e3o possam ser predominantemente atribu\u00eddos nem \u00e0 sua actividade comercial nem \u00e0 sua actividade profissional independente. Um empres\u00e1rio \u00e9 qualquer pessoa singular ou colectiva ou uma parceria com capacidade jur\u00eddica que, ao concluir um neg\u00f3cio jur\u00eddico, actue no exerc\u00edcio da sua actividade profissional ou comercial independente.<\/p>\n\n\n\n<p>\u00a7 2 Celebra\u00e7\u00e3o do contrato<\/p>\n\n\n\n<p>(1) O objecto do contrato \u00e9 a venda de bens.<\/p>\n\n\n\n<p>(2) Ao colocar o respectivo produto no nosso s\u00edtio Web, apresentamos-lhe uma proposta vinculativa para a celebra\u00e7\u00e3o de um contrato nas condi\u00e7\u00f5es indicadas na descri\u00e7\u00e3o do artigo.<\/p>\n\n\n\n<p>(3) O contrato \u00e9 celebrado atrav\u00e9s do sistema de cesto de compras em linha da seguinte forma:<br>Os produtos destinados \u00e0 compra s\u00e3o colocados no \"carrinho de compras\". Pode aceder ao \"carrinho de compras\" atrav\u00e9s do bot\u00e3o correspondente na barra de navega\u00e7\u00e3o e efectuar altera\u00e7\u00f5es em qualquer altura.<br>Depois de aceder \u00e0 p\u00e1gina \"Checkout\" e introduzir os dados pessoais, bem como as condi\u00e7\u00f5es de pagamento e de envio, todos os dados da encomenda s\u00e3o finalmente apresentados de novo na p\u00e1gina de s\u00edntese da encomenda.<br>Se utilizar um sistema de pagamento instant\u00e2neo (por exemplo, PayPal \/ PayPal Express \/ PayPal Plus, Amazon Payments, Postpay, Sofort\u00fcberweisung) como m\u00e9todo de pagamento, ser\u00e1 encaminhado para a p\u00e1gina de resumo da encomenda na nossa loja online ou ser\u00e1 primeiro redireccionado para o s\u00edtio Web do fornecedor do sistema de pagamento instant\u00e2neo.<br>Se for redireccionado para o respectivo sistema de pagamento instant\u00e2neo, fa\u00e7a a selec\u00e7\u00e3o correspondente ou introduza a\u00ed os seus dados. Finalmente, ser\u00e1 redireccionado para a nossa loja online para a p\u00e1gina de resumo da encomenda.<br>Antes de enviar a encomenda, tem a possibilidade de verificar novamente todos os dados, de os alterar (tamb\u00e9m atrav\u00e9s da fun\u00e7\u00e3o \"voltar\" do navegador Internet) ou de cancelar a compra.<br>Ao enviar a encomenda atrav\u00e9s do bot\u00e3o \"comprar agora\", declara a aceita\u00e7\u00e3o juridicamente vinculativa da oferta, pelo que o contrato \u00e9 celebrado.<\/p>\n\n\n\n<p>(4) Os seus pedidos de elabora\u00e7\u00e3o de uma proposta n\u00e3o s\u00e3o vinculativos para si. Apresentamos-lhe uma proposta vinculativa sob a forma de texto (por exemplo, por correio electr\u00f3nico), que pode aceitar no prazo de 5 dias.<\/p>\n\n\n\n<p>(5) O processamento da encomenda e a transmiss\u00e3o de todas as informa\u00e7\u00f5es necess\u00e1rias para a celebra\u00e7\u00e3o do contrato s\u00e3o efectuados por correio electr\u00f3nico, em parte automaticamente. Por conseguinte, deve certificar-se de que o endere\u00e7o de correio electr\u00f3nico que nos forneceu est\u00e1 correcto, que a recep\u00e7\u00e3o das mensagens de correio electr\u00f3nico est\u00e1 tecnicamente garantida e, em especial, que n\u00e3o \u00e9 impedida por filtros SPAM.<\/p>\n\n\n\n<p>\u00a7 3 Dura\u00e7\u00e3o do contrato \/ Rescis\u00e3o<\/p>\n\n\n\n<p>Se o contrato disser respeito a servi\u00e7os recorrentes\/permanentes (assinatura), o contrato \u00e9 celebrado por um per\u00edodo indeterminado. Cada uma das partes do contrato tem o direito de rescindir o contrato sem aviso pr\u00e9vio at\u00e9 \u00e0 data de entrega seguinte, sem necessidade de indicar os motivos. O direito de rescis\u00e3o extraordin\u00e1ria por justa causa, em especial por incumprimento reiterado das principais obriga\u00e7\u00f5es contratuais, mant\u00e9m-se inalterado.<\/p>\n\n\n\n<p>O cancelamento pode ser efectuado na conta do cliente atrav\u00e9s do item de menu \"Assinatura\" e a\u00ed atrav\u00e9s do \"Formul\u00e1rio de cancelamento\" ou em forma de texto (por correio ou e-mail).<\/p>\n\n\n\n<p>\u00a7 4 Direito de reten\u00e7\u00e3o, reserva de propriedade<\/p>\n\n\n\n<p>(1) S\u00f3 pode exercer um direito de reten\u00e7\u00e3o na medida em que este diga respeito a cr\u00e9ditos da mesma rela\u00e7\u00e3o contratual.<\/p>\n\n\n\n<p>(2) Os bens permanecem nossa propriedade at\u00e9 que o pre\u00e7o de compra tenha sido pago na totalidade.<\/p>\n\n\n\n<p>\u00a7 5 Responsabilidade civil<\/p>\n\n\n\n<p>(1) Somos respons\u00e1veis em todos os casos, sem limita\u00e7\u00e3o, por danos resultantes de les\u00f5es \u00e0 vida, \u00e0 integridade f\u00edsica ou \u00e0 sa\u00fade. Al\u00e9m disso, somos respons\u00e1veis, sem limita\u00e7\u00e3o, em todos os casos de dolo e neglig\u00eancia grave, em caso de oculta\u00e7\u00e3o fraudulenta de um defeito, em caso de assun\u00e7\u00e3o de uma garantia de qualidade do objecto de compra e em todos os outros casos regulados por lei.<\/p>\n\n\n\n<p>(2) A responsabilidade por defeitos no \u00e2mbito da garantia legal rege-se pela disposi\u00e7\u00e3o correspondente na nossa informa\u00e7\u00e3o ao cliente (Parte II).<\/p>\n\n\n\n<p>(3) Na medida em que sejam afectadas obriga\u00e7\u00f5es contratuais essenciais, a nossa responsabilidade por neglig\u00eancia ligeira limita-se aos danos previs\u00edveis t\u00edpicos do contrato. As obriga\u00e7\u00f5es contratuais essenciais s\u00e3o obriga\u00e7\u00f5es essenciais que decorrem da natureza do contrato e cujo incumprimento poria em risco a realiza\u00e7\u00e3o do objectivo do contrato, bem como as obriga\u00e7\u00f5es que o contrato nos imp\u00f5e, de acordo com o seu conte\u00fado, para a realiza\u00e7\u00e3o do objectivo do contrato, cujo cumprimento torna poss\u00edvel, em primeiro lugar, a boa execu\u00e7\u00e3o do contrato e em cujo cumprimento pode confiar regularmente.<\/p>\n\n\n\n<p>(4) Em caso de incumprimento de obriga\u00e7\u00f5es contratuais imateriais, a responsabilidade \u00e9 exclu\u00edda em caso de incumprimento ligeiramente negligente das obriga\u00e7\u00f5es.<\/p>\n\n\n\n<p>(5) N\u00e3o \u00e9 poss\u00edvel garantir que a comunica\u00e7\u00e3o de dados atrav\u00e9s da Internet esteja isenta de erros e\/ou dispon\u00edvel a todo o momento de acordo com o estado actual da t\u00e9cnica. A este respeito, n\u00e3o nos responsabilizamos pela disponibilidade constante ou ininterrupta do s\u00edtio Web e do servi\u00e7o a\u00ed oferecido.<\/p>\n\n\n\n<p>\u00a7 6 Escolha da lei, local de execu\u00e7\u00e3o, local de jurisdi\u00e7\u00e3o<\/p>\n\n\n\n<p>(1) \u00c9 aplic\u00e1vel o direito alem\u00e3o. No caso dos consumidores, esta escolha de lei s\u00f3 \u00e9 aplic\u00e1vel na medida em que a protec\u00e7\u00e3o concedida por disposi\u00e7\u00f5es imperativas da lei do Estado da resid\u00eancia habitual do consumidor n\u00e3o seja retirada em consequ\u00eancia (princ\u00edpio da favorabilidade).<\/p>\n\n\n\n<p>(2) O local de execu\u00e7\u00e3o de todos os servi\u00e7os decorrentes das rela\u00e7\u00f5es comerciais existentes connosco, bem como o local de jurisdi\u00e7\u00e3o, \u00e9 a nossa sede social, desde que n\u00e3o seja um consumidor, mas um comerciante, uma entidade jur\u00eddica de direito p\u00fablico ou um fundo especial de direito p\u00fablico. O mesmo se aplica se n\u00e3o tiver um local de jurisdi\u00e7\u00e3o geral na Alemanha ou na UE ou se o seu local de resid\u00eancia ou domic\u00edlio habitual for desconhecido no momento em que a ac\u00e7\u00e3o \u00e9 intentada. O direito de intentar tamb\u00e9m uma ac\u00e7\u00e3o perante o tribunal de outro local de jurisdi\u00e7\u00e3o legal n\u00e3o \u00e9 afectado por esta situa\u00e7\u00e3o.<\/p>\n\n\n\n<p>(3) As disposi\u00e7\u00f5es da Conven\u00e7\u00e3o das Na\u00e7\u00f5es Unidas sobre os Contratos de Compra e Venda Internacional de Mercadorias n\u00e3o s\u00e3o expressamente aplic\u00e1veis.<\/p>\n\n\n\n<p>_______<\/p>\n\n\n\n<p>II. Informa\u00e7\u00f5es sobre os clientes<\/p>\n\n\n\n<p>1. Identidade do vendedor<\/p>\n\n\n\n<figure class=\"wp-block-image size-full is-resized\"><img loading=\"lazy\" decoding=\"async\" src=\"https:\/\/lavuj.com\/wp-content\/uploads\/2023\/06\/Press.png\" alt=\"\" class=\"wp-image-603\" width=\"229\" height=\"163\" srcset=\"https:\/\/lavuj.com\/wp-content\/uploads\/2023\/06\/Press.png 549w, https:\/\/lavuj.com\/wp-content\/uploads\/2023\/06\/Press-300x213.png 300w, https:\/\/lavuj.com\/wp-content\/uploads\/2023\/06\/Press-18x12.png 18w\" sizes=\"auto, (max-width: 229px) 100vw, 229px\" \/><\/figure>\n\n\n\n<p>A Comiss\u00e3o Europeia disponibiliza uma plataforma para a resolu\u00e7\u00e3o extrajudicial de lit\u00edgios em linha (plataforma RLL), que pode ser acedida em&nbsp;<a href=\"http:\/\/ec.europa.eu\/odr\" target=\"_blank\" rel=\"noreferrer noopener\">http:\/\/ec.europa.eu\/odr<\/a>.<\/p>\n\n\n\n<p>2. Informa\u00e7\u00f5es sobre a celebra\u00e7\u00e3o do contrato<\/p>\n\n\n\n<p>As etapas t\u00e9cnicas para a celebra\u00e7\u00e3o do contrato, a celebra\u00e7\u00e3o do pr\u00f3prio contrato e as op\u00e7\u00f5es de correc\u00e7\u00e3o s\u00e3o realizadas em conformidade com o \u00a7 2 das nossas Condi\u00e7\u00f5es Gerais de Venda (Parte I.).<\/p>\n\n\n\n<p>3. Linguagem do contrato, armazenamento do texto do contrato<\/p>\n\n\n\n<p>3.1. A l\u00edngua contratual \u00e9 o ingl\u00eas.<\/p>\n\n\n\n<p>3.2 O texto completo do contrato n\u00e3o ser\u00e1 guardado por n\u00f3s. Antes de enviar a encomenda atrav\u00e9s do sistema de cesto de compras online, os dados do contrato podem ser impressos ou guardados electronicamente atrav\u00e9s da fun\u00e7\u00e3o de impress\u00e3o do browser. Ap\u00f3s a recep\u00e7\u00e3o da encomenda por n\u00f3s, os dados da encomenda, as informa\u00e7\u00f5es legalmente exigidas para os contratos \u00e0 dist\u00e2ncia e os Termos e Condi\u00e7\u00f5es Gerais ser-lhe-\u00e3o novamente enviados por correio electr\u00f3nico.<\/p>\n\n\n\n<p>3.3 No caso de pedidos de or\u00e7amento fora do sistema de cesto de compras online, receber\u00e1 todos os dados do contrato como parte de uma oferta vinculativa em forma de texto, por exemplo, por e-mail, que pode imprimir ou guardar electronicamente.<\/p>\n\n\n\n<p>4. Caracter\u00edsticas essenciais dos bens ou servi\u00e7os<\/p>\n\n\n\n<p>As caracter\u00edsticas essenciais dos bens e\/ou servi\u00e7os podem ser consultadas na respectiva oferta.<\/p>\n\n\n\n<p>5. Pre\u00e7os e modalidades de pagamento<\/p>\n\n\n\n<p>5.1 Os pre\u00e7os indicados nas respectivas ofertas, bem como os custos de envio, representam pre\u00e7os totais. Incluem todas as componentes do pre\u00e7o, incluindo todos os impostos aplic\u00e1veis.<\/p>\n\n\n\n<p>5.2 Os custos de envio incorridos n\u00e3o est\u00e3o inclu\u00eddos no pre\u00e7o de compra. Podem ser consultados atrav\u00e9s de um bot\u00e3o correspondente no nosso s\u00edtio Web ou na respectiva oferta, s\u00e3o indicados separadamente no decurso do processo de encomenda e devem ser suportados adicionalmente pelo cliente, a menos que tenha sido prometida uma entrega gratuita.<\/p>\n\n\n\n<p>5.3 Os m\u00e9todos de pagamento dispon\u00edveis s\u00e3o apresentados num bot\u00e3o correspondente no nosso s\u00edtio Web ou na respectiva oferta.<\/p>\n\n\n\n<p>5.4 Salvo indica\u00e7\u00e3o em contr\u00e1rio nos m\u00e9todos de pagamento individuais, os direitos de pagamento decorrentes do contrato celebrado devem ser pagos imediatamente.<\/p>\n\n\n\n<p>6. Condi\u00e7\u00f5es de entrega<\/p>\n\n\n\n<p>6.1 As condi\u00e7\u00f5es de entrega, a data de entrega e as eventuais restri\u00e7\u00f5es de entrega existentes podem ser consultadas num bot\u00e3o correspondente no nosso s\u00edtio Web ou na respectiva oferta.<\/p>\n\n\n\n<p>6.2 Se for consumidor, a lei estabelece que o risco de perda acidental e de deteriora\u00e7\u00e3o acidental do artigo vendido durante o transporte s\u00f3 \u00e9 transferido para si no momento da entrega da mercadoria, independentemente de o transporte ter ou n\u00e3o seguro. Isto n\u00e3o se aplica se tiver contratado de forma independente uma empresa de transportes n\u00e3o nomeada pelo empres\u00e1rio ou uma pessoa designada de outra forma para efectuar a expedi\u00e7\u00e3o.<\/p>\n\n\n\n<p>7. Responsabilidade legal por defeitos<\/p>\n\n\n\n<p>7.1 Aplicam-se os direitos legais de responsabilidade por defeitos.<\/p>\n\n\n\n<p>7.2 Como consumidor, o comprador deve verificar a mercadoria imediatamente ap\u00f3s a entrega quanto \u00e0 sua integridade, defeitos \u00f3bvios e danos de transporte e notificar-nos, bem como ao transportador, de quaisquer reclama\u00e7\u00f5es o mais rapidamente poss\u00edvel. O incumprimento deste requisito n\u00e3o tem qualquer efeito sobre os direitos legais de garantia.<\/p>","protected":false},"excerpt":{"rendered":"<p>Allgemeine Gesch\u00e4ftsbedingungen und Kundeninformationen I. Allgemeine Gesch\u00e4ftsbedingungen \u00a7 1 Grundlegende Bestimmungen (1) Die nachstehenden Gesch\u00e4ftsbedingungen gelten f\u00fcr alle Vertr\u00e4ge, die Sie mit uns als Anbieter (Lavuj) \u00fcber die Internetseite www.lavuj.com [&hellip;]<\/p>","protected":false},"author":1,"featured_media":0,"parent":0,"menu_order":0,"comment_status":"closed","ping_status":"closed","template":"","meta":{"_uag_custom_page_level_css":"","advgb_blocks_editor_width":"","advgb_blocks_columns_visual_guide":"","site-sidebar-layout":"default","site-content-layout":"default","ast-site-content-layout":"default","site-content-style":"default","site-sidebar-style":"default","ast-global-header-display":"","ast-banner-title-visibility":"","ast-main-header-display":"","ast-hfb-above-header-display":"","ast-hfb-below-header-display":"","ast-hfb-mobile-header-display":"","site-post-title":"","ast-breadcrumbs-content":"","ast-featured-img":"","footer-sml-layout":"","ast-disable-related-posts":"","theme-transparent-header-meta":"default","adv-header-id-meta":"","stick-header-meta":"default","header-above-stick-meta":"","header-main-stick-meta":"","header-below-stick-meta":"","astra-migrate-meta-layouts":"default","ast-page-background-enabled":"default","ast-page-background-meta":{"desktop":{"background-color":"","background-image":"","background-repeat":"repeat","background-position":"center center","background-size":"auto","background-attachment":"scroll","background-type":"","background-media":"","overlay-type":"","overlay-color":"","overlay-opacity":"","overlay-gradient":""},"tablet":{"background-color":"","background-image":"","background-repeat":"repeat","background-position":"center center","background-size":"auto","background-attachment":"scroll","background-type":"","background-media":"","overlay-type":"","overlay-color":"","overlay-opacity":"","overlay-gradient":""},"mobile":{"background-color":"","background-image":"","background-repeat":"repeat","background-position":"center center","background-size":"auto","background-attachment":"scroll","background-type":"","background-media":"","overlay-type":"","overlay-color":"","overlay-opacity":"","overlay-gradient":""}},"ast-content-background-meta":{"desktop":{"background-color":"var(--ast-global-color-5)","background-image":"","background-repeat":"repeat","background-position":"center center","background-size":"auto","background-attachment":"scroll","background-type":"","background-media":"","overlay-type":"","overlay-color":"","overlay-opacity":"","overlay-gradient":""},"tablet":{"background-color":"var(--ast-global-color-5)","background-image":"","background-repeat":"repeat","background-position":"center center","background-size":"auto","background-attachment":"scroll","background-type":"","background-media":"","overlay-type":"","overlay-color":"","overlay-opacity":"","overlay-gradient":""},"mobile":{"background-color":"var(--ast-global-color-5)","background-image":"","background-repeat":"repeat","background-position":"center center","background-size":"auto","background-attachment":"scroll","background-type":"","background-media":"","overlay-type":"","overlay-color":"","overlay-opacity":"","overlay-gradient":""}},"footnotes":""},"class_list":["post-14","page","type-page","status-publish","hentry"],"yoast_head":"<!-- This site is optimized with the Yoast SEO Premium plugin v23.4 (Yoast SEO v26.6) - https:\/\/yoast.com\/wordpress\/plugins\/seo\/ -->\n<title>AGB | Lavuj<\/title>\n<meta name=\"robots\" content=\"noindex, nofollow\" \/>\n<meta property=\"og:locale\" content=\"pt_PT\" \/>\n<meta property=\"og:type\" content=\"article\" \/>\n<meta property=\"og:title\" content=\"AGB\" \/>\n<meta property=\"og:description\" content=\"Allgemeine Gesch\u00e4ftsbedingungen und Kundeninformationen I. Allgemeine Gesch\u00e4ftsbedingungen \u00a7 1 Grundlegende Bestimmungen (1) Die nachstehenden Gesch\u00e4ftsbedingungen gelten f\u00fcr alle Vertr\u00e4ge, die Sie mit uns als Anbieter (Lavuj) \u00fcber die Internetseite www.lavuj.com [&hellip;]\" \/>\n<meta property=\"og:url\" content=\"https:\/\/lavuj.com\/pt\/agb\/\" \/>\n<meta property=\"og:site_name\" content=\"Lavuj\" \/>\n<meta property=\"article:modified_time\" content=\"2023-06-21T09:57:39+00:00\" \/>\n<meta property=\"og:image\" content=\"https:\/\/lavuj.com\/wp-content\/uploads\/2023\/06\/Press.png\" \/>\n<meta name=\"twitter:card\" content=\"summary_large_image\" \/>\n<meta name=\"twitter:label1\" content=\"Tempo estimado de leitura\" \/>\n\t<meta name=\"twitter:data1\" content=\"8 minutos\" \/>\n<script type=\"application\/ld+json\" class=\"yoast-schema-graph\">{\"@context\":\"https:\/\/schema.org\",\"@graph\":[{\"@type\":\"WebPage\",\"@id\":\"https:\/\/lavuj.com\/agb\/\",\"url\":\"https:\/\/lavuj.com\/agb\/\",\"name\":\"AGB | Lavuj\",\"isPartOf\":{\"@id\":\"https:\/\/lavuj.com\/#website\"},\"primaryImageOfPage\":{\"@id\":\"https:\/\/lavuj.com\/agb\/#primaryimage\"},\"image\":{\"@id\":\"https:\/\/lavuj.com\/agb\/#primaryimage\"},\"thumbnailUrl\":\"https:\/\/lavuj.com\/wp-content\/uploads\/2023\/06\/Press.png\",\"datePublished\":\"2021-09-27T05:23:22+00:00\",\"dateModified\":\"2023-06-21T09:57:39+00:00\",\"breadcrumb\":{\"@id\":\"https:\/\/lavuj.com\/agb\/#breadcrumb\"},\"inLanguage\":\"pt-PT\",\"potentialAction\":[{\"@type\":\"ReadAction\",\"target\":[\"https:\/\/lavuj.com\/agb\/\"]}]},{\"@type\":\"ImageObject\",\"inLanguage\":\"pt-PT\",\"@id\":\"https:\/\/lavuj.com\/agb\/#primaryimage\",\"url\":\"https:\/\/lavuj.com\/wp-content\/uploads\/2023\/06\/Press.png\",\"contentUrl\":\"https:\/\/lavuj.com\/wp-content\/uploads\/2023\/06\/Press.png\"},{\"@type\":\"BreadcrumbList\",\"@id\":\"https:\/\/lavuj.com\/agb\/#breadcrumb\",\"itemListElement\":[{\"@type\":\"ListItem\",\"position\":1,\"name\":\"Lavuj\",\"item\":\"https:\/\/lavuj.com\/\"},{\"@type\":\"ListItem\",\"position\":2,\"name\":\"AGB\"}]},{\"@type\":\"WebSite\",\"@id\":\"https:\/\/lavuj.com\/#website\",\"url\":\"https:\/\/lavuj.com\/\",\"name\":\"Lavuj\",\"description\":\"Retinol Serum\",\"publisher\":{\"@id\":\"https:\/\/lavuj.com\/#organization\"},\"potentialAction\":[{\"@type\":\"SearchAction\",\"target\":{\"@type\":\"EntryPoint\",\"urlTemplate\":\"https:\/\/lavuj.com\/?s={search_term_string}\"},\"query-input\":{\"@type\":\"PropertyValueSpecification\",\"valueRequired\":true,\"valueName\":\"search_term_string\"}}],\"inLanguage\":\"pt-PT\"},{\"@type\":\"Organization\",\"@id\":\"https:\/\/lavuj.com\/#organization\",\"name\":\"Lavuj\",\"url\":\"https:\/\/lavuj.com\/\",\"logo\":{\"@type\":\"ImageObject\",\"inLanguage\":\"pt-PT\",\"@id\":\"https:\/\/lavuj.com\/#\/schema\/logo\/image\/\",\"url\":\"https:\/\/lavuj.com\/wp-content\/uploads\/2021\/09\/cropped-LAVUJ-LOGO.png\",\"contentUrl\":\"https:\/\/lavuj.com\/wp-content\/uploads\/2021\/09\/cropped-LAVUJ-LOGO.png\",\"width\":191,\"height\":79,\"caption\":\"Lavuj\"},\"image\":{\"@id\":\"https:\/\/lavuj.com\/#\/schema\/logo\/image\/\"}}]}<\/script>\n<!-- \/ Yoast SEO Premium plugin. -->","yoast_head_json":{"title":"AGB | Lavuj","robots":{"index":"noindex","follow":"nofollow"},"og_locale":"pt_PT","og_type":"article","og_title":"AGB","og_description":"Allgemeine Gesch\u00e4ftsbedingungen und Kundeninformationen I. Allgemeine Gesch\u00e4ftsbedingungen \u00a7 1 Grundlegende Bestimmungen (1) Die nachstehenden Gesch\u00e4ftsbedingungen gelten f\u00fcr alle Vertr\u00e4ge, die Sie mit uns als Anbieter (Lavuj) \u00fcber die Internetseite www.lavuj.com [&hellip;]","og_url":"https:\/\/lavuj.com\/pt\/agb\/","og_site_name":"Lavuj","article_modified_time":"2023-06-21T09:57:39+00:00","og_image":[{"url":"https:\/\/lavuj.com\/wp-content\/uploads\/2023\/06\/Press.png","type":"","width":"","height":""}],"twitter_card":"summary_large_image","twitter_misc":{"Tempo estimado de leitura":"8 minutos"},"schema":{"@context":"https:\/\/schema.org","@graph":[{"@type":"WebPage","@id":"https:\/\/lavuj.com\/agb\/","url":"https:\/\/lavuj.com\/agb\/","name":"AGB | Lavuj","isPartOf":{"@id":"https:\/\/lavuj.com\/#website"},"primaryImageOfPage":{"@id":"https:\/\/lavuj.com\/agb\/#primaryimage"},"image":{"@id":"https:\/\/lavuj.com\/agb\/#primaryimage"},"thumbnailUrl":"https:\/\/lavuj.com\/wp-content\/uploads\/2023\/06\/Press.png","datePublished":"2021-09-27T05:23:22+00:00","dateModified":"2023-06-21T09:57:39+00:00","breadcrumb":{"@id":"https:\/\/lavuj.com\/agb\/#breadcrumb"},"inLanguage":"pt-PT","potentialAction":[{"@type":"ReadAction","target":["https:\/\/lavuj.com\/agb\/"]}]},{"@type":"ImageObject","inLanguage":"pt-PT","@id":"https:\/\/lavuj.com\/agb\/#primaryimage","url":"https:\/\/lavuj.com\/wp-content\/uploads\/2023\/06\/Press.png","contentUrl":"https:\/\/lavuj.com\/wp-content\/uploads\/2023\/06\/Press.png"},{"@type":"BreadcrumbList","@id":"https:\/\/lavuj.com\/agb\/#breadcrumb","itemListElement":[{"@type":"ListItem","position":1,"name":"Lavuj","item":"https:\/\/lavuj.com\/"},{"@type":"ListItem","position":2,"name":"AGB"}]},{"@type":"WebSite","@id":"https:\/\/lavuj.com\/#website","url":"https:\/\/lavuj.com\/","name":"Lavuj","description":"Retinol Serum","publisher":{"@id":"https:\/\/lavuj.com\/#organization"},"potentialAction":[{"@type":"SearchAction","target":{"@type":"EntryPoint","urlTemplate":"https:\/\/lavuj.com\/?s={search_term_string}"},"query-input":{"@type":"PropertyValueSpecification","valueRequired":true,"valueName":"search_term_string"}}],"inLanguage":"pt-PT"},{"@type":"Organization","@id":"https:\/\/lavuj.com\/#organization","name":"Lavuj","url":"https:\/\/lavuj.com\/","logo":{"@type":"ImageObject","inLanguage":"pt-PT","@id":"https:\/\/lavuj.com\/#\/schema\/logo\/image\/","url":"https:\/\/lavuj.com\/wp-content\/uploads\/2021\/09\/cropped-LAVUJ-LOGO.png","contentUrl":"https:\/\/lavuj.com\/wp-content\/uploads\/2021\/09\/cropped-LAVUJ-LOGO.png","width":191,"height":79,"caption":"Lavuj"},"image":{"@id":"https:\/\/lavuj.com\/#\/schema\/logo\/image\/"}}]}},"uagb_featured_image_src":{"full":false,"thumbnail":false,"medium":false,"medium_large":false,"large":false,"1536x1536":false,"2048x2048":false,"trp-custom-language-flag":false,"woocommerce_thumbnail":false,"woocommerce_single":false,"woocommerce_gallery_thumbnail":false},"uagb_author_info":{"display_name":"Kerem085","author_link":"https:\/\/lavuj.com\/pt\/author\/kerem085\/"},"uagb_comment_info":0,"uagb_excerpt":"Allgemeine Gesch\u00e4ftsbedingungen und Kundeninformationen I. Allgemeine Gesch\u00e4ftsbedingungen \u00a7 1 Grundlegende Bestimmungen (1) Die nachstehenden Gesch\u00e4ftsbedingungen gelten f\u00fcr alle Vertr\u00e4ge, die Sie mit uns als Anbieter (Lavuj) \u00fcber die Internetseite www.lavuj.com [&hellip;]","coauthors":[],"author_meta":{"author_link":"https:\/\/lavuj.com\/pt\/author\/kerem085\/","display_name":"Kerem085"},"relative_dates":{"created":"Posted 5 anos ago","modified":"Updated 3 anos ago"},"absolute_dates":{"created":"Posted on 27. Setembro 2021","modified":"Updated on 21. Junho 2023"},"absolute_dates_time":{"created":"Posted on 27. Setembro 2021 5:23","modified":"Updated on 21. Junho 2023 9:57"},"featured_img_caption":"","featured_img":false,"series_order":"","_links":{"self":[{"href":"https:\/\/lavuj.com\/pt\/wp-json\/wp\/v2\/pages\/14","targetHints":{"allow":["GET"]}}],"collection":[{"href":"https:\/\/lavuj.com\/pt\/wp-json\/wp\/v2\/pages"}],"about":[{"href":"https:\/\/lavuj.com\/pt\/wp-json\/wp\/v2\/types\/page"}],"author":[{"embeddable":true,"href":"https:\/\/lavuj.com\/pt\/wp-json\/wp\/v2\/users\/1"}],"replies":[{"embeddable":true,"href":"https:\/\/lavuj.com\/pt\/wp-json\/wp\/v2\/comments?post=14"}],"version-history":[{"count":4,"href":"https:\/\/lavuj.com\/pt\/wp-json\/wp\/v2\/pages\/14\/revisions"}],"predecessor-version":[{"id":604,"href":"https:\/\/lavuj.com\/pt\/wp-json\/wp\/v2\/pages\/14\/revisions\/604"}],"wp:attachment":[{"href":"https:\/\/lavuj.com\/pt\/wp-json\/wp\/v2\/media?parent=14"}],"curies":[{"name":"wp","href":"https:\/\/api.w.org\/{rel}","templated":true}]}}