{"id":72,"date":"2021-09-27T15:32:40","date_gmt":"2021-09-27T15:32:40","guid":{"rendered":"https:\/\/lavuj.com\/?page_id=72"},"modified":"2023-09-21T07:13:04","modified_gmt":"2023-09-21T05:13:04","slug":"experiencias","status":"publish","type":"page","link":"https:\/\/lavuj.com\/pt\/experiencias\/","title":{"rendered":"Experi\u00eancias"},"content":{"rendered":"<div class=\"wp-block-cover alignfull is-light has-custom-content-position is-position-bottom-center\" style=\"min-height:349px;aspect-ratio:unset;\"><span aria-hidden=\"true\" class=\"wp-block-cover__background has-background-dim-20 has-background-dim\"><\/span><img loading=\"lazy\" decoding=\"async\" width=\"2000\" height=\"1111\" class=\"wp-block-cover__image-background wp-image-140\" alt=\"\" src=\"https:\/\/lavuj.com\/wp-content\/uploads\/2021\/11\/Lavuj-Erfahrung.jpg\" style=\"object-position:49% 63%\" data-object-fit=\"cover\" data-object-position=\"49% 63%\" srcset=\"https:\/\/lavuj.com\/wp-content\/uploads\/2021\/11\/Lavuj-Erfahrung.jpg 2000w, https:\/\/lavuj.com\/wp-content\/uploads\/2021\/11\/Lavuj-Erfahrung-600x333.jpg 600w, https:\/\/lavuj.com\/wp-content\/uploads\/2021\/11\/Lavuj-Erfahrung-300x167.jpg 300w, https:\/\/lavuj.com\/wp-content\/uploads\/2021\/11\/Lavuj-Erfahrung-1024x569.jpg 1024w, https:\/\/lavuj.com\/wp-content\/uploads\/2021\/11\/Lavuj-Erfahrung-768x427.jpg 768w, https:\/\/lavuj.com\/wp-content\/uploads\/2021\/11\/Lavuj-Erfahrung-1536x853.jpg 1536w\" sizes=\"auto, (max-width: 2000px) 100vw, 2000px\" \/><div class=\"wp-block-cover__inner-container is-layout-flow wp-block-cover-is-layout-flow\">\n<h1 class=\"wp-block-heading has-text-align-center has-ast-global-color-5-color has-text-color\" id=\"h-lavuj-erfahrungen\">Experi\u00eancias Lavuj<\/h1>\n\n\n\n<p class=\"has-text-align-center has-ast-global-color-5-color has-text-color\">Antes \/ Depois<\/p>\n<\/div><\/div>\n\n\n\n<div style=\"height:49px\" aria-hidden=\"true\" class=\"wp-block-spacer\"><\/div>\n\n\n\n<p><em><strong>Antes \/ Depois<\/strong>&nbsp;Imagens abaixo.<\/em><\/p>\n\n\n\n<p style=\"font-size:15px\">Experi\u00eancia Lavuj: A transpar\u00eancia \u00e9 importante para n\u00f3s. \u00c9 por isso que pedimos aos nossos clientes que tirem fotografias antes\/depois.<\/p>\n\n\n\n<div style=\"height:21px\" aria-hidden=\"true\" class=\"wp-block-spacer\"><\/div>\n\n\n\n<figure class=\"wp-block-image size-full is-resized advgb-dyn-85e2a068\"><img loading=\"lazy\" decoding=\"async\" src=\"https:\/\/lavuj.com\/wp-content\/uploads\/2023\/08\/Lavuj-02.jpg\" alt=\"Lavuj\" class=\"wp-image-636\" style=\"width:348px;height:337px\" width=\"348\" height=\"337\" srcset=\"https:\/\/lavuj.com\/wp-content\/uploads\/2023\/08\/Lavuj-02.jpg 696w, https:\/\/lavuj.com\/wp-content\/uploads\/2023\/08\/Lavuj-02-300x290.jpg 300w, https:\/\/lavuj.com\/wp-content\/uploads\/2023\/08\/Lavuj-02-12x12.jpg 12w, https:\/\/lavuj.com\/wp-content\/uploads\/2023\/08\/Lavuj-02-600x580.jpg 600w\" sizes=\"auto, (max-width: 348px) 100vw, 348px\" \/><\/figure>\n\n\n\n<figure class=\"wp-block-image size-full is-resized advgb-dyn-4aa76420\"><img loading=\"lazy\" decoding=\"async\" src=\"https:\/\/lavuj.com\/wp-content\/uploads\/2021\/11\/Anti-Aging-2.jpg\" alt=\"\" class=\"wp-image-137\" style=\"width:348px;height:337px\" width=\"348\" height=\"337\" srcset=\"https:\/\/lavuj.com\/wp-content\/uploads\/2021\/11\/Anti-Aging-2.jpg 696w, https:\/\/lavuj.com\/wp-content\/uploads\/2021\/11\/Anti-Aging-2-600x580.jpg 600w, https:\/\/lavuj.com\/wp-content\/uploads\/2021\/11\/Anti-Aging-2-300x290.jpg 300w\" sizes=\"auto, (max-width: 348px) 100vw, 348px\" \/><\/figure>\n\n\n\n<figure class=\"wp-block-image size-full is-resized advgb-dyn-fc7a170c\"><img loading=\"lazy\" decoding=\"async\" src=\"https:\/\/lavuj.com\/wp-content\/uploads\/2023\/08\/Lavuj-01.jpg\" alt=\"Lavuj\" class=\"wp-image-634\" style=\"width:348px;height:337px\" width=\"348\" height=\"337\" srcset=\"https:\/\/lavuj.com\/wp-content\/uploads\/2023\/08\/Lavuj-01.jpg 696w, https:\/\/lavuj.com\/wp-content\/uploads\/2023\/08\/Lavuj-01-300x290.jpg 300w, https:\/\/lavuj.com\/wp-content\/uploads\/2023\/08\/Lavuj-01-12x12.jpg 12w, https:\/\/lavuj.com\/wp-content\/uploads\/2023\/08\/Lavuj-01-600x580.jpg 600w\" sizes=\"auto, (max-width: 348px) 100vw, 348px\" \/><\/figure>\n\n\n\n<figure class=\"wp-block-image size-full is-resized advgb-dyn-26d8115c\"><img loading=\"lazy\" decoding=\"async\" src=\"https:\/\/lavuj.com\/wp-content\/uploads\/2021\/11\/Anti-Aging-1.jpg\" alt=\"Experi\u00eancias Lavuj\" class=\"wp-image-142\" style=\"width:348px;height:337px\" width=\"348\" height=\"337\" srcset=\"https:\/\/lavuj.com\/wp-content\/uploads\/2021\/11\/Anti-Aging-1.jpg 696w, https:\/\/lavuj.com\/wp-content\/uploads\/2021\/11\/Anti-Aging-1-600x580.jpg 600w, https:\/\/lavuj.com\/wp-content\/uploads\/2021\/11\/Anti-Aging-1-300x290.jpg 300w\" sizes=\"auto, (max-width: 348px) 100vw, 348px\" \/><\/figure>\n\n\n\n<figure class=\"wp-block-image size-full is-resized advgb-dyn-b6650d97\"><img loading=\"lazy\" decoding=\"async\" src=\"https:\/\/lavuj.com\/wp-content\/uploads\/2021\/11\/Anti-Aging-5.jpg\" alt=\"Experi\u00eancia Lavuj\" class=\"wp-image-144\" style=\"width:348px;height:337px\" width=\"348\" height=\"337\" srcset=\"https:\/\/lavuj.com\/wp-content\/uploads\/2021\/11\/Anti-Aging-5.jpg 696w, https:\/\/lavuj.com\/wp-content\/uploads\/2021\/11\/Anti-Aging-5-600x580.jpg 600w, https:\/\/lavuj.com\/wp-content\/uploads\/2021\/11\/Anti-Aging-5-300x290.jpg 300w\" sizes=\"auto, (max-width: 348px) 100vw, 348px\" \/><\/figure>\n\n\n\n<figure class=\"wp-block-image size-full is-resized advgb-dyn-893ce403\"><img loading=\"lazy\" decoding=\"async\" src=\"https:\/\/lavuj.com\/wp-content\/uploads\/2023\/08\/Lavuj-03.jpg\" alt=\"Lavuj\" class=\"wp-image-635\" style=\"width:348px;height:337px\" width=\"348\" height=\"337\" srcset=\"https:\/\/lavuj.com\/wp-content\/uploads\/2023\/08\/Lavuj-03.jpg 696w, https:\/\/lavuj.com\/wp-content\/uploads\/2023\/08\/Lavuj-03-300x290.jpg 300w, https:\/\/lavuj.com\/wp-content\/uploads\/2023\/08\/Lavuj-03-12x12.jpg 12w, https:\/\/lavuj.com\/wp-content\/uploads\/2023\/08\/Lavuj-03-600x580.jpg 600w\" sizes=\"auto, (max-width: 348px) 100vw, 348px\" \/><\/figure>\n\n\n\n<p><\/p>\n\n\n\n<div class=\"wp-block-cover alignfull is-light\" style=\"min-height:489px;aspect-ratio:unset;\"><span aria-hidden=\"true\" class=\"wp-block-cover__background has-background-dim-100 has-background-dim\" style=\"background-color:#d1beb6\"><\/span><div class=\"wp-block-cover__inner-container is-layout-flow wp-block-cover-is-layout-flow\">\n<h2 class=\"wp-block-heading has-text-align-center has-black-color has-text-color\">Retinol Serum com Sangue de Drag\u00e3o<\/h2>\n\n\n\n<p class=\"has-text-align-center has-black-color has-text-color\">Encomendar online. <br>Tempo de entrega: 3-4 dias<\/p>\n\n\n\n<div class=\"wp-block-buttons is-horizontal is-content-justification-center is-layout-flex wp-container-core-buttons-is-layout-03627597 wp-block-buttons-is-layout-flex\">\n<div class=\"wp-block-button\"><a class=\"wp-block-button__link has-white-color has-black-background-color has-text-color has-background wp-element-button\" href=\"https:\/\/lavuj.com\/pt\/produtos\/\">Para a loja<\/a><\/div>\n<\/div>\n<\/div><\/div>\n\n\n\n<div style=\"height:76px\" aria-hidden=\"true\" class=\"wp-block-spacer\"><\/div>","protected":false},"excerpt":{"rendered":"<p>Vorher\/Nachher&nbsp;Bilder weiter unten. Lavuj Erfahrungen: Transparenz ist uns wichtig. Deshalb bitten wir unsere Kunden, Vorher\/Nachher Bilder zu machen.<\/p>","protected":false},"author":1,"featured_media":0,"parent":0,"menu_order":0,"comment_status":"closed","ping_status":"closed","template":"","meta":{"_uag_custom_page_level_css":"","advgb_blocks_editor_width":"","advgb_blocks_columns_visual_guide":"","site-sidebar-layout":"default","site-content-layout":"default","ast-site-content-layout":"default","site-content-style":"default","site-sidebar-style":"default","ast-global-header-display":"","ast-banner-title-visibility":"","ast-main-header-display":"","ast-hfb-above-header-display":"","ast-hfb-below-header-display":"","ast-hfb-mobile-header-display":"","site-post-title":"disabled","ast-breadcrumbs-content":"","ast-featured-img":"","footer-sml-layout":"","ast-disable-related-posts":"","theme-transparent-header-meta":"default","adv-header-id-meta":"","stick-header-meta":"default","header-above-stick-meta":"","header-main-stick-meta":"","header-below-stick-meta":"","astra-migrate-meta-layouts":"set","ast-page-background-enabled":"default","ast-page-background-meta":{"desktop":{"background-color":"","background-image":"","background-repeat":"repeat","background-position":"center center","background-size":"auto","background-attachment":"scroll","background-type":"","background-media":"","overlay-type":"","overlay-color":"","overlay-opacity":"","overlay-gradient":""},"tablet":{"background-color":"","background-image":"","background-repeat":"repeat","background-position":"center center","background-size":"auto","background-attachment":"scroll","background-type":"","background-media":"","overlay-type":"","overlay-color":"","overlay-opacity":"","overlay-gradient":""},"mobile":{"background-color":"","background-image":"","background-repeat":"repeat","background-position":"center center","background-size":"auto","background-attachment":"scroll","background-type":"","background-media":"","overlay-type":"","overlay-color":"","overlay-opacity":"","overlay-gradient":""}},"ast-content-background-meta":{"desktop":{"background-color":"var(--ast-global-color-5)","background-image":"","background-repeat":"repeat","background-position":"center center","background-size":"auto","background-attachment":"scroll","background-type":"","background-media":"","overlay-type":"","overlay-color":"","overlay-opacity":"","overlay-gradient":""},"tablet":{"background-color":"var(--ast-global-color-5)","background-image":"","background-repeat":"repeat","background-position":"center center","background-size":"auto","background-attachment":"scroll","background-type":"","background-media":"","overlay-type":"","overlay-color":"","overlay-opacity":"","overlay-gradient":""},"mobile":{"background-color":"var(--ast-global-color-5)","background-image":"","background-repeat":"repeat","background-position":"center center","background-size":"auto","background-attachment":"scroll","background-type":"","background-media":"","overlay-type":"","overlay-color":"","overlay-opacity":"","overlay-gradient":""}},"footnotes":""},"class_list":["post-72","page","type-page","status-publish","hentry"],"yoast_head":"<!-- This site is optimized with the Yoast SEO Premium plugin v23.4 (Yoast SEO v26.6) - https:\/\/yoast.com\/wordpress\/plugins\/seo\/ -->\n<title>Lavuj Erfahrungen: Bilder sagen mehr als W\u00f6rter!<\/title>\n<meta name=\"description\" content=\"Transparenz ist uns wichtig. Hier zu den Vorher Nachher Bildern mit dem Anti Aging Produkt Lavuj. Erfahrungen und Bilder.\" \/>\n<meta name=\"robots\" content=\"index, follow, max-snippet:-1, max-image-preview:large, max-video-preview:-1\" \/>\n<link rel=\"canonical\" href=\"https:\/\/lavuj.com\/pt\/experiencias\/\" \/>\n<meta property=\"og:locale\" content=\"pt_PT\" \/>\n<meta property=\"og:type\" content=\"article\" \/>\n<meta property=\"og:title\" content=\"Erfahrungen\" \/>\n<meta property=\"og:description\" content=\"Transparenz ist uns wichtig. Hier zu den Vorher Nachher Bildern mit dem Anti Aging Produkt Lavuj. Erfahrungen und Bilder.\" \/>\n<meta property=\"og:url\" content=\"https:\/\/lavuj.com\/pt\/experiencias\/\" \/>\n<meta property=\"og:site_name\" content=\"Lavuj\" \/>\n<meta property=\"article:modified_time\" content=\"2023-09-21T05:13:04+00:00\" \/>\n<meta property=\"og:image\" content=\"https:\/\/lavuj.com\/wp-content\/uploads\/2021\/11\/Lavuj-Erfahrung.jpg\" \/>\n<meta name=\"twitter:card\" content=\"summary_large_image\" \/>\n<meta name=\"twitter:label1\" content=\"Tempo estimado de leitura\" \/>\n\t<meta name=\"twitter:data1\" content=\"2 minutos\" \/>\n<script type=\"application\/ld+json\" class=\"yoast-schema-graph\">{\"@context\":\"https:\/\/schema.org\",\"@graph\":[{\"@type\":\"WebPage\",\"@id\":\"https:\/\/lavuj.com\/erfahrungen\/\",\"url\":\"https:\/\/lavuj.com\/erfahrungen\/\",\"name\":\"Lavuj Erfahrungen: Bilder sagen mehr als W\u00f6rter!\",\"isPartOf\":{\"@id\":\"https:\/\/lavuj.com\/#website\"},\"primaryImageOfPage\":{\"@id\":\"https:\/\/lavuj.com\/erfahrungen\/#primaryimage\"},\"image\":{\"@id\":\"https:\/\/lavuj.com\/erfahrungen\/#primaryimage\"},\"thumbnailUrl\":\"https:\/\/lavuj.com\/wp-content\/uploads\/2021\/11\/Lavuj-Erfahrung.jpg\",\"datePublished\":\"2021-09-27T15:32:40+00:00\",\"dateModified\":\"2023-09-21T05:13:04+00:00\",\"description\":\"Transparenz ist uns wichtig. Hier zu den Vorher Nachher Bildern mit dem Anti Aging Produkt Lavuj. Erfahrungen und Bilder.\",\"breadcrumb\":{\"@id\":\"https:\/\/lavuj.com\/erfahrungen\/#breadcrumb\"},\"inLanguage\":\"pt-PT\",\"potentialAction\":[{\"@type\":\"ReadAction\",\"target\":[\"https:\/\/lavuj.com\/erfahrungen\/\"]}]},{\"@type\":\"ImageObject\",\"inLanguage\":\"pt-PT\",\"@id\":\"https:\/\/lavuj.com\/erfahrungen\/#primaryimage\",\"url\":\"https:\/\/lavuj.com\/wp-content\/uploads\/2021\/11\/Lavuj-Erfahrung.jpg\",\"contentUrl\":\"https:\/\/lavuj.com\/wp-content\/uploads\/2021\/11\/Lavuj-Erfahrung.jpg\"},{\"@type\":\"BreadcrumbList\",\"@id\":\"https:\/\/lavuj.com\/erfahrungen\/#breadcrumb\",\"itemListElement\":[{\"@type\":\"ListItem\",\"position\":1,\"name\":\"Lavuj\",\"item\":\"https:\/\/lavuj.com\/\"},{\"@type\":\"ListItem\",\"position\":2,\"name\":\"Erfahrungen\"}]},{\"@type\":\"WebSite\",\"@id\":\"https:\/\/lavuj.com\/#website\",\"url\":\"https:\/\/lavuj.com\/\",\"name\":\"Lavuj\",\"description\":\"Retinol Serum\",\"publisher\":{\"@id\":\"https:\/\/lavuj.com\/#organization\"},\"potentialAction\":[{\"@type\":\"SearchAction\",\"target\":{\"@type\":\"EntryPoint\",\"urlTemplate\":\"https:\/\/lavuj.com\/?s={search_term_string}\"},\"query-input\":{\"@type\":\"PropertyValueSpecification\",\"valueRequired\":true,\"valueName\":\"search_term_string\"}}],\"inLanguage\":\"pt-PT\"},{\"@type\":\"Organization\",\"@id\":\"https:\/\/lavuj.com\/#organization\",\"name\":\"Lavuj\",\"url\":\"https:\/\/lavuj.com\/\",\"logo\":{\"@type\":\"ImageObject\",\"inLanguage\":\"pt-PT\",\"@id\":\"https:\/\/lavuj.com\/#\/schema\/logo\/image\/\",\"url\":\"https:\/\/lavuj.com\/wp-content\/uploads\/2021\/09\/cropped-LAVUJ-LOGO.png\",\"contentUrl\":\"https:\/\/lavuj.com\/wp-content\/uploads\/2021\/09\/cropped-LAVUJ-LOGO.png\",\"width\":191,\"height\":79,\"caption\":\"Lavuj\"},\"image\":{\"@id\":\"https:\/\/lavuj.com\/#\/schema\/logo\/image\/\"}}]}<\/script>\n<!-- \/ Yoast SEO Premium plugin. -->","yoast_head_json":{"title":"Experi\u00eancia Lavuj: As imagens dizem mais do que as palavras!","description":"A transpar\u00eancia \u00e9 importante para n\u00f3s. Aqui est\u00e3o as fotos de antes e depois com o produto anti aging Lavuj. Experi\u00eancias e fotos.","robots":{"index":"index","follow":"follow","max-snippet":"max-snippet:-1","max-image-preview":"max-image-preview:large","max-video-preview":"max-video-preview:-1"},"canonical":"https:\/\/lavuj.com\/pt\/experiencias\/","og_locale":"pt_PT","og_type":"article","og_title":"Erfahrungen","og_description":"Transparenz ist uns wichtig. Hier zu den Vorher Nachher Bildern mit dem Anti Aging Produkt Lavuj. Erfahrungen und Bilder.","og_url":"https:\/\/lavuj.com\/pt\/experiencias\/","og_site_name":"Lavuj","article_modified_time":"2023-09-21T05:13:04+00:00","og_image":[{"url":"https:\/\/lavuj.com\/wp-content\/uploads\/2021\/11\/Lavuj-Erfahrung.jpg","type":"","width":"","height":""}],"twitter_card":"summary_large_image","twitter_misc":{"Tempo estimado de leitura":"2 minutos"},"schema":{"@context":"https:\/\/schema.org","@graph":[{"@type":"WebPage","@id":"https:\/\/lavuj.com\/erfahrungen\/","url":"https:\/\/lavuj.com\/erfahrungen\/","name":"Experi\u00eancia Lavuj: As imagens dizem mais do que as palavras!","isPartOf":{"@id":"https:\/\/lavuj.com\/#website"},"primaryImageOfPage":{"@id":"https:\/\/lavuj.com\/erfahrungen\/#primaryimage"},"image":{"@id":"https:\/\/lavuj.com\/erfahrungen\/#primaryimage"},"thumbnailUrl":"https:\/\/lavuj.com\/wp-content\/uploads\/2021\/11\/Lavuj-Erfahrung.jpg","datePublished":"2021-09-27T15:32:40+00:00","dateModified":"2023-09-21T05:13:04+00:00","description":"A transpar\u00eancia \u00e9 importante para n\u00f3s. Aqui est\u00e3o as fotos de antes e depois com o produto anti aging Lavuj. Experi\u00eancias e fotos.","breadcrumb":{"@id":"https:\/\/lavuj.com\/erfahrungen\/#breadcrumb"},"inLanguage":"pt-PT","potentialAction":[{"@type":"ReadAction","target":["https:\/\/lavuj.com\/erfahrungen\/"]}]},{"@type":"ImageObject","inLanguage":"pt-PT","@id":"https:\/\/lavuj.com\/erfahrungen\/#primaryimage","url":"https:\/\/lavuj.com\/wp-content\/uploads\/2021\/11\/Lavuj-Erfahrung.jpg","contentUrl":"https:\/\/lavuj.com\/wp-content\/uploads\/2021\/11\/Lavuj-Erfahrung.jpg"},{"@type":"BreadcrumbList","@id":"https:\/\/lavuj.com\/erfahrungen\/#breadcrumb","itemListElement":[{"@type":"ListItem","position":1,"name":"Lavuj","item":"https:\/\/lavuj.com\/"},{"@type":"ListItem","position":2,"name":"Erfahrungen"}]},{"@type":"WebSite","@id":"https:\/\/lavuj.com\/#website","url":"https:\/\/lavuj.com\/","name":"Lavuj","description":"Retinol Serum","publisher":{"@id":"https:\/\/lavuj.com\/#organization"},"potentialAction":[{"@type":"SearchAction","target":{"@type":"EntryPoint","urlTemplate":"https:\/\/lavuj.com\/?s={search_term_string}"},"query-input":{"@type":"PropertyValueSpecification","valueRequired":true,"valueName":"search_term_string"}}],"inLanguage":"pt-PT"},{"@type":"Organization","@id":"https:\/\/lavuj.com\/#organization","name":"Lavuj","url":"https:\/\/lavuj.com\/","logo":{"@type":"ImageObject","inLanguage":"pt-PT","@id":"https:\/\/lavuj.com\/#\/schema\/logo\/image\/","url":"https:\/\/lavuj.com\/wp-content\/uploads\/2021\/09\/cropped-LAVUJ-LOGO.png","contentUrl":"https:\/\/lavuj.com\/wp-content\/uploads\/2021\/09\/cropped-LAVUJ-LOGO.png","width":191,"height":79,"caption":"Lavuj"},"image":{"@id":"https:\/\/lavuj.com\/#\/schema\/logo\/image\/"}}]}},"uagb_featured_image_src":{"full":false,"thumbnail":false,"medium":false,"medium_large":false,"large":false,"1536x1536":false,"2048x2048":false,"trp-custom-language-flag":false,"woocommerce_thumbnail":false,"woocommerce_single":false,"woocommerce_gallery_thumbnail":false},"uagb_author_info":{"display_name":"Kerem085","author_link":"https:\/\/lavuj.com\/pt\/author\/kerem085\/"},"uagb_comment_info":0,"uagb_excerpt":"Vorher\/Nachher&nbsp;Bilder weiter unten. Lavuj Erfahrungen: Transparenz ist uns wichtig. Deshalb bitten wir unsere Kunden, Vorher\/Nachher Bilder zu machen.","coauthors":[],"author_meta":{"author_link":"https:\/\/lavuj.com\/pt\/author\/kerem085\/","display_name":"Kerem085"},"relative_dates":{"created":"Posted 5 anos ago","modified":"Updated 3 anos ago"},"absolute_dates":{"created":"Posted on 27. Setembro 2021","modified":"Updated on 21. Setembro 2023"},"absolute_dates_time":{"created":"Posted on 27. Setembro 2021 15:32","modified":"Updated on 21. Setembro 2023 7:13"},"featured_img_caption":"","featured_img":false,"series_order":"","_links":{"self":[{"href":"https:\/\/lavuj.com\/pt\/wp-json\/wp\/v2\/pages\/72","targetHints":{"allow":["GET"]}}],"collection":[{"href":"https:\/\/lavuj.com\/pt\/wp-json\/wp\/v2\/pages"}],"about":[{"href":"https:\/\/lavuj.com\/pt\/wp-json\/wp\/v2\/types\/page"}],"author":[{"embeddable":true,"href":"https:\/\/lavuj.com\/pt\/wp-json\/wp\/v2\/users\/1"}],"replies":[{"embeddable":true,"href":"https:\/\/lavuj.com\/pt\/wp-json\/wp\/v2\/comments?post=72"}],"version-history":[{"count":11,"href":"https:\/\/lavuj.com\/pt\/wp-json\/wp\/v2\/pages\/72\/revisions"}],"predecessor-version":[{"id":775,"href":"https:\/\/lavuj.com\/pt\/wp-json\/wp\/v2\/pages\/72\/revisions\/775"}],"wp:attachment":[{"href":"https:\/\/lavuj.com\/pt\/wp-json\/wp\/v2\/media?parent=72"}],"curies":[{"name":"wp","href":"https:\/\/api.w.org\/{rel}","templated":true}]}}