{"id":13,"date":"2021-09-27T05:23:22","date_gmt":"2021-09-27T05:23:22","guid":{"rendered":"https:\/\/lavuj.com\/?page_id=13"},"modified":"2023-07-14T11:03:21","modified_gmt":"2023-07-14T11:03:21","slug":"odtlacok","status":"publish","type":"page","link":"https:\/\/lavuj.com\/sk\/odtlacok\/","title":{"rendered":"Odtla\u010dok"},"content":{"rendered":"<p><strong>Zrieknutie sa zodpovednosti<br><\/strong>Obsah tejto webovej str\u00e1nky je vytvoren\u00fd s maxim\u00e1lnou mo\u017enou starostlivos\u0165ou. Spolo\u010dnos\u0165 Laduti v\u0161ak nenesie \u017eiadnu zodpovednos\u0165 za presnos\u0165, \u00faplnos\u0165 a aktu\u00e1lnos\u0165 poskytnut\u00e9ho obsahu. Pou\u017e\u00edvanie obsahu webovej str\u00e1nky je na vlastn\u00e9 riziko pou\u017e\u00edvate\u013ea.<\/p>\n\n\n\n<p>1. Extern\u00e9 odkazy:<br>V pr\u00edpade extern\u00fdch odkazov na webov\u00e9 str\u00e1nky tret\u00edch str\u00e1n (\u010falej len \"extern\u00e9 odkazy\") za tieto webov\u00e9 str\u00e1nky zodpovedaj\u00fa ich prev\u00e1dzkovatelia. Pri prvom vytvoren\u00ed extern\u00fdch odkazov poskytovate\u013e skontroloval, \u010di extern\u00fd obsah neporu\u0161uje pr\u00e1vne predpisy. V tom \u010dase neboli zjavn\u00e9 \u017eiadne poru\u0161enia pr\u00e1vnych predpisov. Poskytovate\u013e nem\u00e1 \u017eiadny vplyv na s\u00fa\u010dasn\u00fa a bud\u00facu podobu a obsah odkazovan\u00fdch str\u00e1nok. Umiestnenie extern\u00fdch odkazov neznamen\u00e1, \u017ee poskytovate\u013e prij\u00edma obsah, ktor\u00fd sa nach\u00e1dza za odkazom alebo prepojen\u00edm, za svoj vlastn\u00fd. Nie je rozumn\u00e9, aby poskytovate\u013e neust\u00e1le monitoroval extern\u00e9 odkazy bez konkr\u00e9tnych n\u00e1znakov poru\u0161enia pr\u00e1vnych predpisov. Ak sa v\u0161ak zist\u00ed poru\u0161enie pr\u00e1vnych predpisov, tak\u00e9to extern\u00e9 odkazy bud\u00fa okam\u017eite odstr\u00e1nen\u00e9.<\/p>\n\n\n\n<p>2. Autorsk\u00e9 pr\u00e1va a ved\u013eaj\u0161ie autorsk\u00e9 pr\u00e1va | \u00a9 copyright:<br>Obsah uverejnen\u00fd na tejto webovej str\u00e1nke podlieha nemeck\u00e9mu autorsk\u00e9mu pr\u00e1vu a ved\u013eaj\u0161\u00edm autorsk\u00fdm pr\u00e1vam. Ak\u00e9ko\u013evek pou\u017eitie, ktor\u00e9 nie je povolen\u00e9 nemeck\u00fdm z\u00e1konom o autorsk\u00fdch pr\u00e1vach a ved\u013eaj\u0161\u00edch autorsk\u00fdch pr\u00e1vach, si vy\u017eaduje predch\u00e1dzaj\u00faci p\u00edsomn\u00fd s\u00fahlas poskytovate\u013ea alebo pr\u00edslu\u0161n\u00e9ho dr\u017eite\u013ea pr\u00e1v. To plat\u00ed najm\u00e4 pre kop\u00edrovanie, \u00fapravu, preklad, ukladanie, spracovanie alebo reprodukciu obsahu v datab\u00e1zach alebo in\u00fdch elektronick\u00fdch m\u00e9di\u00e1ch a syst\u00e9moch. Neopr\u00e1vnen\u00e1 reprodukcia alebo prenos jednotliv\u00fdch obsahov alebo cel\u00fdch str\u00e1nok nie je povolen\u00e1 a je trestn\u00e1 pod\u013ea z\u00e1kona. Povolen\u00e9 je len vyhotovovanie k\u00f3pi\u00ed a s\u0165ahovanie na osobn\u00e9, s\u00fakromn\u00e9 a nekomer\u010dn\u00e9 pou\u017eitie. Zobrazovanie tejto webovej str\u00e1nky v extern\u00fdch r\u00e1mcoch je povolen\u00e9 len s p\u00edsomn\u00fdm s\u00fahlasom.<\/p>\n\n\n\n<p>3. Ochrana \u00fadajov<br>Pri n\u00e1v\u0161teve webovej str\u00e1nky poskytovate\u013ea sa m\u00f4\u017eu uklada\u0165 inform\u00e1cie o pr\u00edstupe (d\u00e1tum, \u010das, zobrazen\u00e1 str\u00e1nka). Tieto \u00fadaje nepatria medzi osobn\u00e9 \u00fadaje, ale s\u00fa anonymizovan\u00e9. Vyhodnocuj\u00fa sa v\u00fdlu\u010dne na \u0161tatistick\u00e9 \u00fa\u010dely. Neposkytuj\u00fa sa tret\u00edm stran\u00e1m na komer\u010dn\u00e9 alebo nekomer\u010dn\u00e9 \u00fa\u010dely. Poskytovate\u013e v\u00fdslovne upozor\u0148uje, \u017ee prenos \u00fadajov na internete (napr. komunik\u00e1cia prostredn\u00edctvom e-mailu) podlieha bezpe\u010dnostn\u00fdm zranite\u013enostiam a nemo\u017eno ho \u00faplne ochr\u00e1ni\u0165 pred pr\u00edstupom tret\u00edch str\u00e1n.<\/p>\n\n\n\n<p>Pou\u017eitie kontaktn\u00fdch \u00fadajov z odtla\u010dku na komer\u010dn\u00fa reklamu nie je v\u00fdslovne \u017eiaduce, pokia\u013e poskytovate\u013e predt\u00fdm nedal p\u00edsomn\u00fd s\u00fahlas alebo pokia\u013e u\u017e existuje obchodn\u00fd vz\u0165ah. Poskytovate\u013e a v\u0161etky osoby uveden\u00e9 na tejto webovej str\u00e1nke t\u00fdmto vyjadruj\u00fa nes\u00fahlas s ak\u00fdmko\u013evek komer\u010dn\u00fdm pou\u017eit\u00edm a zverejnen\u00edm svojich \u00fadajov.<\/p>\n\n\n\n<p>4. Osobitn\u00e9 podmienky pou\u017e\u00edvania<br>Pokia\u013e sa osobitn\u00e9 podmienky pre jednotliv\u00e9 sp\u00f4soby pou\u017e\u00edvania tejto webovej str\u00e1nky odchy\u013euj\u00fa od vy\u0161\u0161ie uveden\u00fdch \u010d\u00edsel 1. a\u017e 4., bude to v\u00fdslovne uveden\u00e9 na pr\u00edslu\u0161nom mieste. V takom pr\u00edpade sa v pr\u00edslu\u0161nom individu\u00e1lnom pr\u00edpade uplat\u0148uj\u00fa osobitn\u00e9 podmienky pou\u017e\u00edvania.<\/p>\n\n\n\n<p>Lavuj je zna\u010dka spolo\u010dnosti:<\/p>\n\n\n\n<figure class=\"wp-block-image size-full is-resized\"><img loading=\"lazy\" decoding=\"async\" src=\"https:\/\/lavuj.com\/wp-content\/uploads\/2023\/05\/imp-03.jpg\" alt=\"\" class=\"wp-image-316\" width=\"251\" height=\"264\" srcset=\"https:\/\/lavuj.com\/wp-content\/uploads\/2023\/05\/imp-03.jpg 650w, https:\/\/lavuj.com\/wp-content\/uploads\/2023\/05\/imp-03-600x632.jpg 600w, https:\/\/lavuj.com\/wp-content\/uploads\/2023\/05\/imp-03-285x300.jpg 285w\" sizes=\"auto, (max-width: 251px) 100vw, 251px\" \/><\/figure>\n\n\n\n<p><strong>Alternat\u00edvne rie\u0161enie sporov:<\/strong><\/p>\n\n\n\n<p>Eur\u00f3pska komisia poskytuje platformu pre mimos\u00fadne rie\u0161enie sporov online (platforma ODR), ktor\u00e1 je dostupn\u00e1 na adrese&nbsp;<a href=\"https:\/\/ec.europa.eu\/odr\" target=\"_blank\" rel=\"noreferrer noopener\">https:\/\/ec.europa.eu\/odr<\/a>.<\/p>","protected":false},"excerpt":{"rendered":"<p>HaftungsausschlussDie Inhalte dieser Website werden mit gr\u00f6\u00dftm\u00f6glicher Sorgfalt erstellt. Laduti \u00fcbernimmt jedoch keine Gew\u00e4hr f\u00fcr die Richtigkeit, Vollst\u00e4ndigkeit und Aktualit\u00e4t der bereitgestellten Inhalte. Die Nutzung der Inhalte der Website erfolgt [&hellip;]<\/p>","protected":false},"author":1,"featured_media":0,"parent":0,"menu_order":0,"comment_status":"closed","ping_status":"closed","template":"","meta":{"_uag_custom_page_level_css":"","advgb_blocks_editor_width":"","advgb_blocks_columns_visual_guide":"","site-sidebar-layout":"default","site-content-layout":"default","ast-site-content-layout":"default","site-content-style":"default","site-sidebar-style":"default","ast-global-header-display":"","ast-banner-title-visibility":"","ast-main-header-display":"","ast-hfb-above-header-display":"","ast-hfb-below-header-display":"","ast-hfb-mobile-header-display":"","site-post-title":"","ast-breadcrumbs-content":"","ast-featured-img":"","footer-sml-layout":"","ast-disable-related-posts":"","theme-transparent-header-meta":"default","adv-header-id-meta":"","stick-header-meta":"default","header-above-stick-meta":"","header-main-stick-meta":"","header-below-stick-meta":"","astra-migrate-meta-layouts":"default","ast-page-background-enabled":"default","ast-page-background-meta":{"desktop":{"background-color":"","background-image":"","background-repeat":"repeat","background-position":"center center","background-size":"auto","background-attachment":"scroll","background-type":"","background-media":"","overlay-type":"","overlay-color":"","overlay-opacity":"","overlay-gradient":""},"tablet":{"background-color":"","background-image":"","background-repeat":"repeat","background-position":"center center","background-size":"auto","background-attachment":"scroll","background-type":"","background-media":"","overlay-type":"","overlay-color":"","overlay-opacity":"","overlay-gradient":""},"mobile":{"background-color":"","background-image":"","background-repeat":"repeat","background-position":"center center","background-size":"auto","background-attachment":"scroll","background-type":"","background-media":"","overlay-type":"","overlay-color":"","overlay-opacity":"","overlay-gradient":""}},"ast-content-background-meta":{"desktop":{"background-color":"var(--ast-global-color-5)","background-image":"","background-repeat":"repeat","background-position":"center center","background-size":"auto","background-attachment":"scroll","background-type":"","background-media":"","overlay-type":"","overlay-color":"","overlay-opacity":"","overlay-gradient":""},"tablet":{"background-color":"var(--ast-global-color-5)","background-image":"","background-repeat":"repeat","background-position":"center center","background-size":"auto","background-attachment":"scroll","background-type":"","background-media":"","overlay-type":"","overlay-color":"","overlay-opacity":"","overlay-gradient":""},"mobile":{"background-color":"var(--ast-global-color-5)","background-image":"","background-repeat":"repeat","background-position":"center center","background-size":"auto","background-attachment":"scroll","background-type":"","background-media":"","overlay-type":"","overlay-color":"","overlay-opacity":"","overlay-gradient":""}},"footnotes":""},"class_list":["post-13","page","type-page","status-publish","hentry"],"yoast_head":"<!-- This site is optimized with the Yoast SEO Premium plugin v23.4 (Yoast SEO v26.6) - https:\/\/yoast.com\/wordpress\/plugins\/seo\/ -->\n<title>Impressum | Lavuj<\/title>\n<meta name=\"robots\" content=\"noindex, nofollow\" \/>\n<meta property=\"og:locale\" content=\"sk_SK\" \/>\n<meta property=\"og:type\" content=\"article\" \/>\n<meta property=\"og:title\" content=\"Impressum\" \/>\n<meta property=\"og:description\" content=\"HaftungsausschlussDie Inhalte dieser Website werden mit gr\u00f6\u00dftm\u00f6glicher Sorgfalt erstellt. Laduti \u00fcbernimmt jedoch keine Gew\u00e4hr f\u00fcr die Richtigkeit, Vollst\u00e4ndigkeit und Aktualit\u00e4t der bereitgestellten Inhalte. Die Nutzung der Inhalte der Website erfolgt [&hellip;]\" \/>\n<meta property=\"og:url\" content=\"https:\/\/lavuj.com\/sk\/odtlacok\/\" \/>\n<meta property=\"og:site_name\" content=\"Lavuj\" \/>\n<meta property=\"article:modified_time\" content=\"2023-07-14T11:03:21+00:00\" \/>\n<meta property=\"og:image\" content=\"https:\/\/lavuj.com\/wp-content\/uploads\/2023\/05\/imp-03.jpg\" \/>\n<meta name=\"twitter:card\" content=\"summary_large_image\" \/>\n<meta name=\"twitter:label1\" content=\"Predpokladan\u00fd \u010das \u010d\u00edtania\" \/>\n\t<meta name=\"twitter:data1\" content=\"3 min\u00faty\" \/>\n<script type=\"application\/ld+json\" class=\"yoast-schema-graph\">{\"@context\":\"https:\/\/schema.org\",\"@graph\":[{\"@type\":\"WebPage\",\"@id\":\"https:\/\/lavuj.com\/impressum\/\",\"url\":\"https:\/\/lavuj.com\/impressum\/\",\"name\":\"Impressum | Lavuj\",\"isPartOf\":{\"@id\":\"https:\/\/lavuj.com\/#website\"},\"primaryImageOfPage\":{\"@id\":\"https:\/\/lavuj.com\/impressum\/#primaryimage\"},\"image\":{\"@id\":\"https:\/\/lavuj.com\/impressum\/#primaryimage\"},\"thumbnailUrl\":\"https:\/\/lavuj.com\/wp-content\/uploads\/2023\/05\/imp-03.jpg\",\"datePublished\":\"2021-09-27T05:23:22+00:00\",\"dateModified\":\"2023-07-14T11:03:21+00:00\",\"breadcrumb\":{\"@id\":\"https:\/\/lavuj.com\/impressum\/#breadcrumb\"},\"inLanguage\":\"sk-SK\",\"potentialAction\":[{\"@type\":\"ReadAction\",\"target\":[\"https:\/\/lavuj.com\/impressum\/\"]}]},{\"@type\":\"ImageObject\",\"inLanguage\":\"sk-SK\",\"@id\":\"https:\/\/lavuj.com\/impressum\/#primaryimage\",\"url\":\"https:\/\/lavuj.com\/wp-content\/uploads\/2023\/05\/imp-03.jpg\",\"contentUrl\":\"https:\/\/lavuj.com\/wp-content\/uploads\/2023\/05\/imp-03.jpg\"},{\"@type\":\"BreadcrumbList\",\"@id\":\"https:\/\/lavuj.com\/impressum\/#breadcrumb\",\"itemListElement\":[{\"@type\":\"ListItem\",\"position\":1,\"name\":\"Lavuj\",\"item\":\"https:\/\/lavuj.com\/\"},{\"@type\":\"ListItem\",\"position\":2,\"name\":\"Impressum\"}]},{\"@type\":\"WebSite\",\"@id\":\"https:\/\/lavuj.com\/#website\",\"url\":\"https:\/\/lavuj.com\/\",\"name\":\"Lavuj\",\"description\":\"Retinol Serum\",\"publisher\":{\"@id\":\"https:\/\/lavuj.com\/#organization\"},\"potentialAction\":[{\"@type\":\"SearchAction\",\"target\":{\"@type\":\"EntryPoint\",\"urlTemplate\":\"https:\/\/lavuj.com\/?s={search_term_string}\"},\"query-input\":{\"@type\":\"PropertyValueSpecification\",\"valueRequired\":true,\"valueName\":\"search_term_string\"}}],\"inLanguage\":\"sk-SK\"},{\"@type\":\"Organization\",\"@id\":\"https:\/\/lavuj.com\/#organization\",\"name\":\"Lavuj\",\"url\":\"https:\/\/lavuj.com\/\",\"logo\":{\"@type\":\"ImageObject\",\"inLanguage\":\"sk-SK\",\"@id\":\"https:\/\/lavuj.com\/#\/schema\/logo\/image\/\",\"url\":\"https:\/\/lavuj.com\/wp-content\/uploads\/2021\/09\/cropped-LAVUJ-LOGO.png\",\"contentUrl\":\"https:\/\/lavuj.com\/wp-content\/uploads\/2021\/09\/cropped-LAVUJ-LOGO.png\",\"width\":191,\"height\":79,\"caption\":\"Lavuj\"},\"image\":{\"@id\":\"https:\/\/lavuj.com\/#\/schema\/logo\/image\/\"}}]}<\/script>\n<!-- \/ Yoast SEO Premium plugin. -->","yoast_head_json":{"title":"Odtla\u010dok | Lavuj","robots":{"index":"noindex","follow":"nofollow"},"og_locale":"sk_SK","og_type":"article","og_title":"Impressum","og_description":"HaftungsausschlussDie Inhalte dieser Website werden mit gr\u00f6\u00dftm\u00f6glicher Sorgfalt erstellt. Laduti \u00fcbernimmt jedoch keine Gew\u00e4hr f\u00fcr die Richtigkeit, Vollst\u00e4ndigkeit und Aktualit\u00e4t der bereitgestellten Inhalte. Die Nutzung der Inhalte der Website erfolgt [&hellip;]","og_url":"https:\/\/lavuj.com\/sk\/odtlacok\/","og_site_name":"Lavuj","article_modified_time":"2023-07-14T11:03:21+00:00","og_image":[{"url":"https:\/\/lavuj.com\/wp-content\/uploads\/2023\/05\/imp-03.jpg","type":"","width":"","height":""}],"twitter_card":"summary_large_image","twitter_misc":{"Predpokladan\u00fd \u010das \u010d\u00edtania":"3 min\u00faty"},"schema":{"@context":"https:\/\/schema.org","@graph":[{"@type":"WebPage","@id":"https:\/\/lavuj.com\/impressum\/","url":"https:\/\/lavuj.com\/impressum\/","name":"Odtla\u010dok | Lavuj","isPartOf":{"@id":"https:\/\/lavuj.com\/#website"},"primaryImageOfPage":{"@id":"https:\/\/lavuj.com\/impressum\/#primaryimage"},"image":{"@id":"https:\/\/lavuj.com\/impressum\/#primaryimage"},"thumbnailUrl":"https:\/\/lavuj.com\/wp-content\/uploads\/2023\/05\/imp-03.jpg","datePublished":"2021-09-27T05:23:22+00:00","dateModified":"2023-07-14T11:03:21+00:00","breadcrumb":{"@id":"https:\/\/lavuj.com\/impressum\/#breadcrumb"},"inLanguage":"sk-SK","potentialAction":[{"@type":"ReadAction","target":["https:\/\/lavuj.com\/impressum\/"]}]},{"@type":"ImageObject","inLanguage":"sk-SK","@id":"https:\/\/lavuj.com\/impressum\/#primaryimage","url":"https:\/\/lavuj.com\/wp-content\/uploads\/2023\/05\/imp-03.jpg","contentUrl":"https:\/\/lavuj.com\/wp-content\/uploads\/2023\/05\/imp-03.jpg"},{"@type":"BreadcrumbList","@id":"https:\/\/lavuj.com\/impressum\/#breadcrumb","itemListElement":[{"@type":"ListItem","position":1,"name":"Lavuj","item":"https:\/\/lavuj.com\/"},{"@type":"ListItem","position":2,"name":"Impressum"}]},{"@type":"WebSite","@id":"https:\/\/lavuj.com\/#website","url":"https:\/\/lavuj.com\/","name":"Lavuj","description":"Retinol S\u00e9rum","publisher":{"@id":"https:\/\/lavuj.com\/#organization"},"potentialAction":[{"@type":"SearchAction","target":{"@type":"EntryPoint","urlTemplate":"https:\/\/lavuj.com\/?s={search_term_string}"},"query-input":{"@type":"PropertyValueSpecification","valueRequired":true,"valueName":"search_term_string"}}],"inLanguage":"sk-SK"},{"@type":"Organization","@id":"https:\/\/lavuj.com\/#organization","name":"Lavuj","url":"https:\/\/lavuj.com\/","logo":{"@type":"ImageObject","inLanguage":"sk-SK","@id":"https:\/\/lavuj.com\/#\/schema\/logo\/image\/","url":"https:\/\/lavuj.com\/wp-content\/uploads\/2021\/09\/cropped-LAVUJ-LOGO.png","contentUrl":"https:\/\/lavuj.com\/wp-content\/uploads\/2021\/09\/cropped-LAVUJ-LOGO.png","width":191,"height":79,"caption":"Lavuj"},"image":{"@id":"https:\/\/lavuj.com\/#\/schema\/logo\/image\/"}}]}},"uagb_featured_image_src":{"full":false,"thumbnail":false,"medium":false,"medium_large":false,"large":false,"1536x1536":false,"2048x2048":false,"trp-custom-language-flag":false,"woocommerce_thumbnail":false,"woocommerce_single":false,"woocommerce_gallery_thumbnail":false},"uagb_author_info":{"display_name":"Kerem085","author_link":"https:\/\/lavuj.com\/sk\/author\/kerem085\/"},"uagb_comment_info":0,"uagb_excerpt":"HaftungsausschlussDie Inhalte dieser Website werden mit gr\u00f6\u00dftm\u00f6glicher Sorgfalt erstellt. Laduti \u00fcbernimmt jedoch keine Gew\u00e4hr f\u00fcr die Richtigkeit, Vollst\u00e4ndigkeit und Aktualit\u00e4t der bereitgestellten Inhalte. Die Nutzung der Inhalte der Website erfolgt [&hellip;]","coauthors":[],"author_meta":{"author_link":"https:\/\/lavuj.com\/sk\/author\/kerem085\/","display_name":"Kerem085"},"relative_dates":{"created":"Posted 5 rokov ago","modified":"Updated 3 roky ago"},"absolute_dates":{"created":"Posted on 27. septembra 2021","modified":"Updated on 14. j\u00fala 2023"},"absolute_dates_time":{"created":"Posted on 27. septembra 2021 5:23","modified":"Updated on 14. j\u00fala 2023 11:03"},"featured_img_caption":"","featured_img":false,"series_order":"","_links":{"self":[{"href":"https:\/\/lavuj.com\/sk\/wp-json\/wp\/v2\/pages\/13","targetHints":{"allow":["GET"]}}],"collection":[{"href":"https:\/\/lavuj.com\/sk\/wp-json\/wp\/v2\/pages"}],"about":[{"href":"https:\/\/lavuj.com\/sk\/wp-json\/wp\/v2\/types\/page"}],"author":[{"embeddable":true,"href":"https:\/\/lavuj.com\/sk\/wp-json\/wp\/v2\/users\/1"}],"replies":[{"embeddable":true,"href":"https:\/\/lavuj.com\/sk\/wp-json\/wp\/v2\/comments?post=13"}],"version-history":[{"count":9,"href":"https:\/\/lavuj.com\/sk\/wp-json\/wp\/v2\/pages\/13\/revisions"}],"predecessor-version":[{"id":619,"href":"https:\/\/lavuj.com\/sk\/wp-json\/wp\/v2\/pages\/13\/revisions\/619"}],"wp:attachment":[{"href":"https:\/\/lavuj.com\/sk\/wp-json\/wp\/v2\/media?parent=13"}],"curies":[{"name":"wp","href":"https:\/\/api.w.org\/{rel}","templated":true}]}}