{"id":434,"date":"2023-06-06T12:49:28","date_gmt":"2023-06-06T12:49:28","guid":{"rendered":"https:\/\/lavuj.com\/?post_type=product&#038;p=434"},"modified":"2025-12-31T15:55:40","modified_gmt":"2025-12-31T14:55:40","slug":"lavuj-retinol-serum","status":"publish","type":"product","link":"https:\/\/lavuj.com\/sl\/produkt\/lavuj-retinol-serum\/","title":{"rendered":"Lavuj Retinol Serum"},"content":{"rendered":"<h2>Uporaba:<\/h2>\n<p><span style=\"font-weight: 400;\">Na o\u010di\u0161\u010deno ko\u017eo nanesite 1-2 kapljici dnevno zve\u010der ali ve\u010d po potrebi. Ne\u017eno vmasirajte v obraz in vrat ter po\u010dakajte, da se popolnoma vpije. Za za\u010detnike, ki uporabljajo retinol, priporo\u010damo uporabo 2-3-krat na teden in postopno pove\u010devanje pogostosti.<\/span><\/p>\n<h2><span style=\"color: #8a949c;\">Lavuj Retinol Serum: Transformativna nega ko\u017ee<br \/>\nz liposomsko in fermentirano formulo<\/span><\/h2>\n<p><img loading=\"lazy\" decoding=\"async\" class=\"wp-image-297 size-full\" style=\"font-weight: inherit;\" src=\"https:\/\/lavuj.com\/wp-content\/uploads\/2023\/05\/Retinol-Serum-1.jpg\" alt=\"Retinol serum\" width=\"2000\" height=\"1080\" srcset=\"https:\/\/lavuj.com\/wp-content\/uploads\/2023\/05\/Retinol-Serum-1.jpg 2000w, https:\/\/lavuj.com\/wp-content\/uploads\/2023\/05\/Retinol-Serum-1-600x324.jpg 600w, https:\/\/lavuj.com\/wp-content\/uploads\/2023\/05\/Retinol-Serum-1-300x162.jpg 300w, https:\/\/lavuj.com\/wp-content\/uploads\/2023\/05\/Retinol-Serum-1-1024x553.jpg 1024w, https:\/\/lavuj.com\/wp-content\/uploads\/2023\/05\/Retinol-Serum-1-768x415.jpg 768w, https:\/\/lavuj.com\/wp-content\/uploads\/2023\/05\/Retinol-Serum-1-1536x829.jpg 1536w\" sizes=\"auto, (max-width: 2000px) 100vw, 2000px\" \/><\/p>\n<p>Odkrijte skrivnost mladostne ko\u017ee z Lavuj Retinol Serum. Na\u0161 serum zdru\u017euje skrbno izbrane sestavine, ki vam zagotavljajo celovito nego ko\u017ee.<\/p>\n<p>Formula temelji na znanstvenih dokazih in klini\u010dnih \u0161tudijah, ki potrjujejo u\u010dinkovitost retinola pri pomlajevanju ko\u017ee. Z u\u010dinkovito koncentracijo retinol se gube in drobne linije vidno zmanj\u0161ajo. Toda Lavuj Retinol Serum je ve\u010d kot le retinol.<\/p>\n<p>Za nadzorovano spro\u0161\u010danje sestavin uporabljamo liposomsko proizvodno tehnologijo. Tako se retinol postopoma spro\u0161\u010da v ko\u017eo, kar zmanj\u0161uje tveganje dra\u017eenja. Ta inovativna metoda zagotavlja, da je va\u0161a ko\u017ea dele\u017ena najve\u010dje u\u010dinkovitosti retinol.<\/p>\n<p>Poleg tega smo vklju\u010dili fermentirane sestavine, ki izbolj\u0161ajo absorpcijo aktivnih sestavin in hkrati pove\u010dajo toleranco. Zaradi fermentacije se pove\u010da u\u010dinkovitost sestavin in Lavuj Retinol Serum \u0161e posebej dobro prena\u0161a tudi ob\u010dutljiva ko\u017ea.<\/p>\n<p>Na\u0161 serum vsebuje tudi zmajevo kri, dragocen izvle\u010dek iz drevesa zmajeve krvi. Bogata je s fenolnimi spojinami, za katere je znano, da so mo\u010dni antioksidanti. Ti antioksidanti lahko pomagajo za\u0161\u010dititi ko\u017ene celice pred \u0161kodljivimi u\u010dinki oksidativnega stresa in podpirajo obnavljanje ko\u017ee. Izbolj\u0161ajo tudi interakcijo ko\u017enih celic z okoljem in spodbujajo tvorbo kolagena za bolj \u010dvrsto ko\u017eo.<\/p>\n<p>Kombinacija hialuronske kisline, peptidov in niacinamida dopolnjuje na\u0161o edinstveno formulo. Visokokakovostna nizkomolekularna hialuronska kislina prodre globoko v ko\u017eo in jo intenzivno navla\u017ei ter napolni. Peptidi spodbujajo nastajanje kolagena in pomagajo u\u010dvrstiti ko\u017eo. Niacinamid (vitamin B3) deluje protivnetno in izbolj\u0161a videz ko\u017ee.<\/p>\n<p>Potopite se v svet napredne nege ko\u017ee z Lavuj Retinol Serum. Ob\u010dutite, kako se va\u0161a ko\u017ea spremeni in dobi mladosten sijaj.<\/p>\n<h3><span style=\"color: #8a949c;\">Clean Beauty<\/span><\/h3>\n<p>Lavuj stavi na \u010disto lepoto: 100% brez formaldehida, ftalatov, sulfatov, parabenov, silikonov, mineralnih olj in PEG-ov. Poleg tega je Lavuj veganski in ni testiran na \u017eivalih.<\/p>","protected":false},"excerpt":{"rendered":"<p class=\"p1\"><span class=\"s1\">Retinol Serum proti gubam. Do\u017eivite razliko z Lavuj \u2013 Retinol Serum Anti Aging, ki prina\u0161a revolucijo na podro\u010dju retinol.<br \/>\n<span style=\"color: #5bc98b;\"><strong>Novo: Liposomska formulacija!<\/strong><\/span><\/span><\/p>\n<ul>\n<li>Retinol<\/li>\n<li>Liposomski<\/li>\n<li>Fermentirani<\/li>\n<li>Brez hormonov<\/li>\n<li>Dermatolo\u0161ko testirano<\/li>\n<\/ul>\n<p><img loading=\"lazy\" decoding=\"async\" class=\"alignnone wp-image-42\" src=\"https:\/\/lavuj.com\/wp-content\/uploads\/2021\/09\/Lo-2.jpg\" alt=\"\" width=\"339\" height=\"30\" srcset=\"https:\/\/lavuj.com\/wp-content\/uploads\/2021\/09\/Lo-2.jpg 941w, https:\/\/lavuj.com\/wp-content\/uploads\/2021\/09\/Lo-2-600x53.jpg 600w, https:\/\/lavuj.com\/wp-content\/uploads\/2021\/09\/Lo-2-300x26.jpg 300w, https:\/\/lavuj.com\/wp-content\/uploads\/2021\/09\/Lo-2-768x68.jpg 768w\" sizes=\"auto, (max-width: 339px) 100vw, 339px\" \/><\/p>\n<p><img loading=\"lazy\" decoding=\"async\" class=\"wp-image-947\" src=\"https:\/\/lavuj.com\/wp-content\/uploads\/2023\/10\/Testsieger.jpg\" alt=\"Lavuj-Test\" width=\"151\" height=\"90\" srcset=\"https:\/\/lavuj.com\/wp-content\/uploads\/2023\/10\/Testsieger.jpg 1249w, https:\/\/lavuj.com\/wp-content\/uploads\/2023\/10\/Testsieger-300x179.jpg 300w, https:\/\/lavuj.com\/wp-content\/uploads\/2023\/10\/Testsieger-1024x610.jpg 1024w, https:\/\/lavuj.com\/wp-content\/uploads\/2023\/10\/Testsieger-768x457.jpg 768w, https:\/\/lavuj.com\/wp-content\/uploads\/2023\/10\/Testsieger-18x12.jpg 18w, https:\/\/lavuj.com\/wp-content\/uploads\/2023\/10\/Testsieger-600x357.jpg 600w\" sizes=\"auto, (max-width: 151px) 100vw, 151px\" \/><\/p>","protected":false},"author":1,"featured_media":436,"template":"","meta":{"_uag_custom_page_level_css":"","advgb_blocks_editor_width":"","advgb_blocks_columns_visual_guide":"","site-sidebar-layout":"default","site-content-layout":"default","ast-site-content-layout":"default","site-content-style":"default","site-sidebar-style":"default","ast-global-header-display":"","ast-banner-title-visibility":"","ast-main-header-display":"","ast-hfb-above-header-display":"","ast-hfb-below-header-display":"","ast-hfb-mobile-header-display":"","site-post-title":"","ast-breadcrumbs-content":"","ast-featured-img":"","footer-sml-layout":"","ast-disable-related-posts":"","theme-transparent-header-meta":"default","adv-header-id-meta":"","stick-header-meta":"default","header-above-stick-meta":"","header-main-stick-meta":"","header-below-stick-meta":"","astra-migrate-meta-layouts":"set","ast-page-background-enabled":"default","ast-page-background-meta":{"desktop":{"background-color":"","background-image":"","background-repeat":"repeat","background-position":"center center","background-size":"auto","background-attachment":"scroll","background-type":"","background-media":"","overlay-type":"","overlay-color":"","overlay-opacity":"","overlay-gradient":""},"tablet":{"background-color":"","background-image":"","background-repeat":"repeat","background-position":"center center","background-size":"auto","background-attachment":"scroll","background-type":"","background-media":"","overlay-type":"","overlay-color":"","overlay-opacity":"","overlay-gradient":""},"mobile":{"background-color":"","background-image":"","background-repeat":"repeat","background-position":"center center","background-size":"auto","background-attachment":"scroll","background-type":"","background-media":"","overlay-type":"","overlay-color":"","overlay-opacity":"","overlay-gradient":""}},"ast-content-background-meta":{"desktop":{"background-color":"var(--ast-global-color-5)","background-image":"","background-repeat":"repeat","background-position":"center center","background-size":"auto","background-attachment":"scroll","background-type":"","background-media":"","overlay-type":"","overlay-color":"","overlay-opacity":"","overlay-gradient":""},"tablet":{"background-color":"var(--ast-global-color-5)","background-image":"","background-repeat":"repeat","background-position":"center center","background-size":"auto","background-attachment":"scroll","background-type":"","background-media":"","overlay-type":"","overlay-color":"","overlay-opacity":"","overlay-gradient":""},"mobile":{"background-color":"var(--ast-global-color-5)","background-image":"","background-repeat":"repeat","background-position":"center center","background-size":"auto","background-attachment":"scroll","background-type":"","background-media":"","overlay-type":"","overlay-color":"","overlay-opacity":"","overlay-gradient":""}}},"product_brand":[],"product_cat":[39],"product_tag":[],"class_list":{"0":"post-434","1":"product","2":"type-product","3":"status-publish","4":"has-post-thumbnail","6":"product_cat-anti-aging","7":"desktop-align-left","8":"tablet-align-left","9":"mobile-align-left","10":"ast-product-gallery-layout-horizontal","11":"ast-magnify-disabled","12":"ast-product-tabs-layout-horizontal","13":"ast-qv-on-image","15":"first","16":"instock","17":"taxable","18":"shipping-taxable","19":"purchasable","20":"product-type-simple"},"yoast_head":"<!-- This site is optimized with the Yoast SEO Premium plugin v23.4 (Yoast SEO v26.6) - https:\/\/yoast.com\/wordpress\/plugins\/seo\/ -->\n<title>Lavuj Retinol Serum: Hier bestellen! Das Serum gegen Falten<\/title>\n<meta name=\"description\" content=\"Lavuj Retinol Serum: Professionelle Hautpflege f\u00fcr nachhaltige Ergebnisse und Verj\u00fcngung. Neue st\u00e4rkere Formel hier bestellen!\" \/>\n<meta name=\"robots\" content=\"index, follow, max-snippet:-1, max-image-preview:large, max-video-preview:-1\" \/>\n<link rel=\"canonical\" href=\"https:\/\/lavuj.com\/sl\/produkt\/lavuj-retinol-serum\/\" \/>\n<meta property=\"og:locale\" content=\"sl_SI\" \/>\n<meta property=\"og:type\" content=\"article\" \/>\n<meta property=\"og:title\" content=\"Lavuj Retinol Serum\" \/>\n<meta property=\"og:description\" content=\"Lavuj Retinol Serum: Professionelle Hautpflege f\u00fcr nachhaltige Ergebnisse und Verj\u00fcngung. Neue st\u00e4rkere Formel hier bestellen!\" \/>\n<meta property=\"og:url\" content=\"https:\/\/lavuj.com\/sl\/produkt\/lavuj-retinol-serum\/\" \/>\n<meta property=\"og:site_name\" content=\"Lavuj\" \/>\n<meta property=\"article:modified_time\" content=\"2025-12-31T14:55:40+00:00\" \/>\n<meta property=\"og:image\" content=\"https:\/\/lavuj.com\/wp-content\/uploads\/2023\/06\/LAV01-Lavuj.jpg\" \/>\n\t<meta property=\"og:image:width\" content=\"1000\" \/>\n\t<meta property=\"og:image:height\" content=\"1000\" \/>\n\t<meta property=\"og:image:type\" content=\"image\/jpeg\" \/>\n<meta name=\"twitter:card\" content=\"summary_large_image\" \/>\n<meta name=\"twitter:label1\" content=\"Est. reading time\" \/>\n\t<meta name=\"twitter:data1\" content=\"3 minute\" \/>\n<script type=\"application\/ld+json\" class=\"yoast-schema-graph\">{\"@context\":\"https:\/\/schema.org\",\"@graph\":[{\"@type\":\"WebPage\",\"@id\":\"https:\/\/lavuj.com\/produkt\/lavuj-retinol-serum\/\",\"url\":\"https:\/\/lavuj.com\/produkt\/lavuj-retinol-serum\/\",\"name\":\"Lavuj Retinol Serum: Hier bestellen! Das Serum gegen Falten\",\"isPartOf\":{\"@id\":\"https:\/\/lavuj.com\/#website\"},\"primaryImageOfPage\":{\"@id\":\"https:\/\/lavuj.com\/produkt\/lavuj-retinol-serum\/#primaryimage\"},\"image\":{\"@id\":\"https:\/\/lavuj.com\/produkt\/lavuj-retinol-serum\/#primaryimage\"},\"thumbnailUrl\":\"https:\/\/lavuj.com\/wp-content\/uploads\/2023\/06\/LAV01-Lavuj.jpg\",\"datePublished\":\"2023-06-06T12:49:28+00:00\",\"dateModified\":\"2025-12-31T14:55:40+00:00\",\"description\":\"Lavuj Retinol Serum: Professionelle Hautpflege f\u00fcr nachhaltige Ergebnisse und Verj\u00fcngung. Neue st\u00e4rkere Formel hier bestellen!\",\"breadcrumb\":{\"@id\":\"https:\/\/lavuj.com\/produkt\/lavuj-retinol-serum\/#breadcrumb\"},\"inLanguage\":\"sl-SI\",\"potentialAction\":[{\"@type\":\"ReadAction\",\"target\":[\"https:\/\/lavuj.com\/produkt\/lavuj-retinol-serum\/\"]}]},{\"@type\":\"ImageObject\",\"inLanguage\":\"sl-SI\",\"@id\":\"https:\/\/lavuj.com\/produkt\/lavuj-retinol-serum\/#primaryimage\",\"url\":\"https:\/\/lavuj.com\/wp-content\/uploads\/2023\/06\/LAV01-Lavuj.jpg\",\"contentUrl\":\"https:\/\/lavuj.com\/wp-content\/uploads\/2023\/06\/LAV01-Lavuj.jpg\",\"width\":1000,\"height\":1000,\"caption\":\"Lavuj\"},{\"@type\":\"BreadcrumbList\",\"@id\":\"https:\/\/lavuj.com\/produkt\/lavuj-retinol-serum\/#breadcrumb\",\"itemListElement\":[{\"@type\":\"ListItem\",\"position\":1,\"name\":\"Lavuj\",\"item\":\"https:\/\/lavuj.com\/\"},{\"@type\":\"ListItem\",\"position\":2,\"name\":\"Shop\",\"item\":\"https:\/\/lavuj.com\/shop\/\"},{\"@type\":\"ListItem\",\"position\":3,\"name\":\"Lavuj Retinol Serum\"}]},{\"@type\":\"WebSite\",\"@id\":\"https:\/\/lavuj.com\/#website\",\"url\":\"https:\/\/lavuj.com\/\",\"name\":\"Lavuj\",\"description\":\"Retinol Serum\",\"publisher\":{\"@id\":\"https:\/\/lavuj.com\/#organization\"},\"potentialAction\":[{\"@type\":\"SearchAction\",\"target\":{\"@type\":\"EntryPoint\",\"urlTemplate\":\"https:\/\/lavuj.com\/?s={search_term_string}\"},\"query-input\":{\"@type\":\"PropertyValueSpecification\",\"valueRequired\":true,\"valueName\":\"search_term_string\"}}],\"inLanguage\":\"sl-SI\"},{\"@type\":\"Organization\",\"@id\":\"https:\/\/lavuj.com\/#organization\",\"name\":\"Lavuj\",\"url\":\"https:\/\/lavuj.com\/\",\"logo\":{\"@type\":\"ImageObject\",\"inLanguage\":\"sl-SI\",\"@id\":\"https:\/\/lavuj.com\/#\/schema\/logo\/image\/\",\"url\":\"https:\/\/lavuj.com\/wp-content\/uploads\/2021\/09\/cropped-LAVUJ-LOGO.png\",\"contentUrl\":\"https:\/\/lavuj.com\/wp-content\/uploads\/2021\/09\/cropped-LAVUJ-LOGO.png\",\"width\":191,\"height\":79,\"caption\":\"Lavuj\"},\"image\":{\"@id\":\"https:\/\/lavuj.com\/#\/schema\/logo\/image\/\"}}]}<\/script>\n<!-- \/ Yoast SEO Premium plugin. -->","yoast_head_json":{"title":"Lavuj Retinol Serum: Naro\u010dite tukaj! Serum proti gubam","description":"Lavuj Retinol Serum: profesionalna nega ko\u017ee za trajne rezultate in pomlajevanje. Novo mo\u010dnej\u0161o formulo naro\u010dite tukaj!","robots":{"index":"index","follow":"follow","max-snippet":"max-snippet:-1","max-image-preview":"max-image-preview:large","max-video-preview":"max-video-preview:-1"},"canonical":"https:\/\/lavuj.com\/sl\/produkt\/lavuj-retinol-serum\/","og_locale":"sl_SI","og_type":"article","og_title":"Lavuj Retinol Serum","og_description":"Lavuj Retinol Serum: Professionelle Hautpflege f\u00fcr nachhaltige Ergebnisse und Verj\u00fcngung. Neue st\u00e4rkere Formel hier bestellen!","og_url":"https:\/\/lavuj.com\/sl\/produkt\/lavuj-retinol-serum\/","og_site_name":"Lavuj","article_modified_time":"2025-12-31T14:55:40+00:00","og_image":[{"width":1000,"height":1000,"url":"https:\/\/lavuj.com\/wp-content\/uploads\/2023\/06\/LAV01-Lavuj.jpg","type":"image\/jpeg"}],"twitter_card":"summary_large_image","twitter_misc":{"Est. reading time":"3 minute"},"schema":{"@context":"https:\/\/schema.org","@graph":[{"@type":"WebPage","@id":"https:\/\/lavuj.com\/produkt\/lavuj-retinol-serum\/","url":"https:\/\/lavuj.com\/produkt\/lavuj-retinol-serum\/","name":"Lavuj Retinol Serum: Naro\u010dite tukaj! Serum proti gubam","isPartOf":{"@id":"https:\/\/lavuj.com\/#website"},"primaryImageOfPage":{"@id":"https:\/\/lavuj.com\/produkt\/lavuj-retinol-serum\/#primaryimage"},"image":{"@id":"https:\/\/lavuj.com\/produkt\/lavuj-retinol-serum\/#primaryimage"},"thumbnailUrl":"https:\/\/lavuj.com\/wp-content\/uploads\/2023\/06\/LAV01-Lavuj.jpg","datePublished":"2023-06-06T12:49:28+00:00","dateModified":"2025-12-31T14:55:40+00:00","description":"Lavuj Retinol Serum: profesionalna nega ko\u017ee za trajne rezultate in pomlajevanje. Novo mo\u010dnej\u0161o formulo naro\u010dite tukaj!","breadcrumb":{"@id":"https:\/\/lavuj.com\/produkt\/lavuj-retinol-serum\/#breadcrumb"},"inLanguage":"sl-SI","potentialAction":[{"@type":"ReadAction","target":["https:\/\/lavuj.com\/produkt\/lavuj-retinol-serum\/"]}]},{"@type":"ImageObject","inLanguage":"sl-SI","@id":"https:\/\/lavuj.com\/produkt\/lavuj-retinol-serum\/#primaryimage","url":"https:\/\/lavuj.com\/wp-content\/uploads\/2023\/06\/LAV01-Lavuj.jpg","contentUrl":"https:\/\/lavuj.com\/wp-content\/uploads\/2023\/06\/LAV01-Lavuj.jpg","width":1000,"height":1000,"caption":"Lavuj"},{"@type":"BreadcrumbList","@id":"https:\/\/lavuj.com\/produkt\/lavuj-retinol-serum\/#breadcrumb","itemListElement":[{"@type":"ListItem","position":1,"name":"Lavuj","item":"https:\/\/lavuj.com\/"},{"@type":"ListItem","position":2,"name":"Shop","item":"https:\/\/lavuj.com\/shop\/"},{"@type":"ListItem","position":3,"name":"Lavuj Retinol Serum"}]},{"@type":"WebSite","@id":"https:\/\/lavuj.com\/#website","url":"https:\/\/lavuj.com\/","name":"Lavuj","description":"Retinol Serum","publisher":{"@id":"https:\/\/lavuj.com\/#organization"},"potentialAction":[{"@type":"SearchAction","target":{"@type":"EntryPoint","urlTemplate":"https:\/\/lavuj.com\/?s={search_term_string}"},"query-input":{"@type":"PropertyValueSpecification","valueRequired":true,"valueName":"search_term_string"}}],"inLanguage":"sl-SI"},{"@type":"Organization","@id":"https:\/\/lavuj.com\/#organization","name":"Lavuj","url":"https:\/\/lavuj.com\/","logo":{"@type":"ImageObject","inLanguage":"sl-SI","@id":"https:\/\/lavuj.com\/#\/schema\/logo\/image\/","url":"https:\/\/lavuj.com\/wp-content\/uploads\/2021\/09\/cropped-LAVUJ-LOGO.png","contentUrl":"https:\/\/lavuj.com\/wp-content\/uploads\/2021\/09\/cropped-LAVUJ-LOGO.png","width":191,"height":79,"caption":"Lavuj"},"image":{"@id":"https:\/\/lavuj.com\/#\/schema\/logo\/image\/"}}]}},"uagb_featured_image_src":{"full":["https:\/\/lavuj.com\/wp-content\/uploads\/2023\/06\/LAV01-Lavuj.jpg",1000,1000,false],"thumbnail":["https:\/\/lavuj.com\/wp-content\/uploads\/2023\/06\/LAV01-Lavuj-150x150.jpg",150,150,true],"medium":["https:\/\/lavuj.com\/wp-content\/uploads\/2023\/06\/LAV01-Lavuj-300x300.jpg",300,300,true],"medium_large":["https:\/\/lavuj.com\/wp-content\/uploads\/2023\/06\/LAV01-Lavuj-768x768.jpg",768,768,true],"large":["https:\/\/lavuj.com\/wp-content\/uploads\/2023\/06\/LAV01-Lavuj.jpg",1000,1000,false],"1536x1536":["https:\/\/lavuj.com\/wp-content\/uploads\/2023\/06\/LAV01-Lavuj.jpg",1000,1000,false],"2048x2048":["https:\/\/lavuj.com\/wp-content\/uploads\/2023\/06\/LAV01-Lavuj.jpg",1000,1000,false],"trp-custom-language-flag":["https:\/\/lavuj.com\/wp-content\/uploads\/2023\/06\/LAV01-Lavuj.jpg",12,12,false],"woocommerce_thumbnail":["https:\/\/lavuj.com\/wp-content\/uploads\/2023\/06\/LAV01-Lavuj-300x300.jpg",300,300,true],"woocommerce_single":["https:\/\/lavuj.com\/wp-content\/uploads\/2023\/06\/LAV01-Lavuj-600x600.jpg",600,600,true],"woocommerce_gallery_thumbnail":["https:\/\/lavuj.com\/wp-content\/uploads\/2023\/06\/LAV01-Lavuj-100x100.jpg",100,100,true]},"uagb_author_info":{"display_name":"Kerem085","author_link":"https:\/\/lavuj.com\/sl\/author\/kerem085\/"},"uagb_comment_info":0,"uagb_excerpt":"Retinol Serum gegen Falten. Erleben Sie den Unterschied mit Lavuj - Das Anti-Aging-Serum, das Retinol revolutioniert. Neu: Liposomale Formulierung! Retinol Liposomal Fermentiert Ohne Hormone Dermatologisch getestet","featured_img":"https:\/\/lavuj.com\/wp-content\/uploads\/2023\/06\/LAV01-Lavuj.jpg","coauthors":[],"author_meta":{"author_link":"https:\/\/lavuj.com\/sl\/author\/kerem085\/","display_name":"Kerem085"},"relative_dates":{"created":"Posted 3 leta ago","modified":"Updated 4 meseci ago"},"absolute_dates":{"created":"Posted on 6. junija 2023","modified":"Updated on 31. decembra 2025"},"absolute_dates_time":{"created":"Posted on 6. junija 2023 12:49","modified":"Updated on 31. decembra 2025 15:55"},"featured_img_caption":"Lavuj","tax_additional":{"product_brand":{"linked":[],"unlinked":[],"slug":"product_brand","name":"Blagovne znamke"},"product_type":{"linked":["<a href=\"https:\/\/lavuj.com\/sl\/?taxonomy=product_type&#038;term=simple\" class=\"advgb-post-tax-term\">simple<\/a>"],"unlinked":["<span class=\"advgb-post-tax-term\">simple<\/span>"],"slug":"product_type","name":"Vrsta izdelka"},"product_visibility":{"linked":[],"unlinked":[],"slug":"product_visibility","name":"Vidnost izdelka"},"product_cat":{"linked":["<a href=\"https:\/\/lavuj.com\/sl\/kategorija-izdelka\/anti-aging\/\" class=\"advgb-post-tax-term\">Anti Aging<\/a>"],"unlinked":["<span class=\"advgb-post-tax-term\">Anti Aging<\/span>"],"slug":"product_cat","name":"Kategorije izdelkov"},"product_tag":{"linked":[],"unlinked":[],"slug":"product_tag","name":"Oznake izdelkov"},"product_shipping_class":{"linked":[],"unlinked":[],"slug":"product_shipping_class","name":"Razredi dostave izdelkov"},"pa_brand":{"linked":[],"unlinked":[],"slug":"pa_brand","name":"Izdelek Marke"}},"series_order":"","_links":{"self":[{"href":"https:\/\/lavuj.com\/sl\/wp-json\/wp\/v2\/product\/434","targetHints":{"allow":["GET"]}}],"collection":[{"href":"https:\/\/lavuj.com\/sl\/wp-json\/wp\/v2\/product"}],"about":[{"href":"https:\/\/lavuj.com\/sl\/wp-json\/wp\/v2\/types\/product"}],"wp:featuredmedia":[{"embeddable":true,"href":"https:\/\/lavuj.com\/sl\/wp-json\/wp\/v2\/media\/436"}],"wp:attachment":[{"href":"https:\/\/lavuj.com\/sl\/wp-json\/wp\/v2\/media?parent=434"}],"wp:term":[{"taxonomy":"product_brand","embeddable":true,"href":"https:\/\/lavuj.com\/sl\/wp-json\/wp\/v2\/product_brand?post=434"},{"taxonomy":"product_cat","embeddable":true,"href":"https:\/\/lavuj.com\/sl\/wp-json\/wp\/v2\/product_cat?post=434"},{"taxonomy":"product_tag","embeddable":true,"href":"https:\/\/lavuj.com\/sl\/wp-json\/wp\/v2\/product_tag?post=434"}],"curies":[{"name":"wp","href":"https:\/\/api.w.org\/{rel}","templated":true}]}}