{"id":13,"date":"2021-09-27T05:23:22","date_gmt":"2021-09-27T05:23:22","guid":{"rendered":"https:\/\/lavuj.com\/?page_id=13"},"modified":"2023-07-14T11:03:21","modified_gmt":"2023-07-14T11:03:21","slug":"tryck","status":"publish","type":"page","link":"https:\/\/lavuj.com\/sv\/tryck\/","title":{"rendered":"Tryck"},"content":{"rendered":"<p><strong>Friskrivningsklausul<br><\/strong>Inneh\u00e5llet p\u00e5 denna webbplats har skapats med st\u00f6rsta m\u00f6jliga omsorg. Laduti tar dock inget ansvar f\u00f6r riktigheten, fullst\u00e4ndigheten och aktualiteten i det inneh\u00e5ll som tillhandah\u00e5lls. Anv\u00e4ndningen av inneh\u00e5llet p\u00e5 webbplatsen sker p\u00e5 anv\u00e4ndarens egen risk.<\/p>\n\n\n\n<p>1. Externa l\u00e4nkar:<br>N\u00e4r det g\u00e4ller externa l\u00e4nkar till tredje parts webbplatser (\"externa l\u00e4nkar\"). dessa webbplatser \u00e4r f\u00f6rem\u00e5l f\u00f6r respektive operat\u00f6rs ansvar. N\u00e4r de externa l\u00e4nkarna f\u00f6rst skapades kontrollerade leverant\u00f6ren det externa inneh\u00e5llet f\u00f6r eventuella lag\u00f6vertr\u00e4delser. Vid den tidpunkten var inga r\u00e4ttsliga \u00f6vertr\u00e4delser uppenbara. Leverant\u00f6ren har inget inflytande p\u00e5 den nuvarande och framtida utformningen och inneh\u00e5llet p\u00e5 de l\u00e4nkade sidorna. Angivandet av externa l\u00e4nkar inneb\u00e4r inte att leverant\u00f6ren g\u00f6r inneh\u00e5llet bakom h\u00e4nvisningen eller l\u00e4nken till sitt eget. Det \u00e4r inte rimligt att leverant\u00f6ren st\u00e4ndigt \u00f6vervakar de externa l\u00e4nkarna utan konkreta indikationer p\u00e5 lag\u00f6vertr\u00e4delser. Om r\u00e4ttsliga \u00f6vertr\u00e4delser blir k\u00e4nda kommer s\u00e5dana externa l\u00e4nkar dock att raderas omedelbart.<\/p>\n\n\n\n<p>2. Upphovsr\u00e4tt och n\u00e4rst\u00e5ende r\u00e4ttigheter | \u00a9 copyright:<br>Inneh\u00e5llet som publiceras p\u00e5 denna webbplats omfattas av tysk upphovsr\u00e4tt och kompletterande upphovsr\u00e4ttslagstiftning. All anv\u00e4ndning som inte \u00e4r till\u00e5ten enligt tysk upphovsr\u00e4tt och tillh\u00f6rande upphovsr\u00e4ttslag kr\u00e4ver f\u00f6reg\u00e5ende skriftligt medgivande fr\u00e5n leverant\u00f6ren eller respektive r\u00e4ttighetsinnehavare. Detta g\u00e4ller i synnerhet kopiering, redigering, \u00f6vers\u00e4ttning, lagring, bearbetning eller reproduktion av inneh\u00e5ll i databaser eller andra elektroniska medier och system. Otill\u00e5ten reproduktion eller \u00f6verf\u00f6ring av enskilda inneh\u00e5ll eller kompletta sidor \u00e4r inte till\u00e5tet och \u00e4r straffbart enligt lag. Endast framst\u00e4llning av kopior och nedladdningar f\u00f6r personligt, privat och icke-kommersiellt bruk \u00e4r till\u00e5tet. Visning av denna webbplats i externa ramar \u00e4r endast till\u00e5ten med skriftligt tillst\u00e5nd.<\/p>\n\n\n\n<p>3. Skydd av personuppgifter<br>N\u00e4r du bes\u00f6ker leverant\u00f6rens webbplats kan information om \u00e5tkomsten (datum, tid, visad sida) lagras. Dessa uppgifter h\u00f6r inte till personuppgifterna utan \u00e4r anonymiserade. De utv\u00e4rderas uteslutande f\u00f6r statistiska \u00e4ndam\u00e5l. De \u00f6verf\u00f6rs inte till tredje part f\u00f6r kommersiella eller icke-kommersiella \u00e4ndam\u00e5l. Leverant\u00f6ren p\u00e5pekar uttryckligen att data\u00f6verf\u00f6ring p\u00e5 Internet (t.ex. kommunikation via e-post) \u00e4r f\u00f6rem\u00e5l f\u00f6r s\u00e4kerhetsproblem och inte kan skyddas helt mot \u00e5tkomst fr\u00e5n tredje part.<\/p>\n\n\n\n<p>Anv\u00e4ndningen av kontaktuppgifterna f\u00f6r avtrycket f\u00f6r kommersiell reklam \u00e4r uttryckligen inte \u00f6nskad, s\u00e5vida inte leverant\u00f6ren tidigare hade gett sitt skriftliga samtycke eller en aff\u00e4rsrelation redan existerar. Leverant\u00f6ren och alla personer som n\u00e4mns p\u00e5 denna webbplats mots\u00e4tter sig h\u00e4rmed all kommersiell anv\u00e4ndning och avsl\u00f6jande av deras uppgifter.<\/p>\n\n\n\n<p>4. S\u00e4rskilda anv\u00e4ndarvillkor<br>I den m\u00e5n s\u00e4rskilda villkor f\u00f6r enskilda anv\u00e4ndningar av denna webbplats avviker fr\u00e5n de ovan n\u00e4mnda punkterna 1. till 4., kommer detta att uttryckligen anges p\u00e5 l\u00e4mplig plats. I detta fall ska de s\u00e4rskilda anv\u00e4ndarvillkoren g\u00e4lla i respektive enskilt fall.<\/p>\n\n\n\n<p>Lavuj \u00e4r ett varum\u00e4rke f\u00f6r:<\/p>\n\n\n\n<figure class=\"wp-block-image size-full is-resized\"><img loading=\"lazy\" decoding=\"async\" src=\"https:\/\/lavuj.com\/wp-content\/uploads\/2023\/05\/imp-03.jpg\" alt=\"\" class=\"wp-image-316\" width=\"251\" height=\"264\" srcset=\"https:\/\/lavuj.com\/wp-content\/uploads\/2023\/05\/imp-03.jpg 650w, https:\/\/lavuj.com\/wp-content\/uploads\/2023\/05\/imp-03-600x632.jpg 600w, https:\/\/lavuj.com\/wp-content\/uploads\/2023\/05\/imp-03-285x300.jpg 285w\" sizes=\"auto, (max-width: 251px) 100vw, 251px\" \/><\/figure>\n\n\n\n<p><strong>Alternativ tvistl\u00f6sning:<\/strong><\/p>\n\n\n\n<p>Europeiska kommissionen tillhandah\u00e5ller en plattform f\u00f6r tvistl\u00f6sning utanf\u00f6r domstol online (ODR-plattform), tillg\u00e4nglig p\u00e5&nbsp;<a href=\"https:\/\/ec.europa.eu\/odr\" target=\"_blank\" rel=\"noreferrer noopener\">https:\/\/ec.europa.eu\/odr<\/a>.<\/p>","protected":false},"excerpt":{"rendered":"<p>HaftungsausschlussDie Inhalte dieser Website werden mit gr\u00f6\u00dftm\u00f6glicher Sorgfalt erstellt. Laduti \u00fcbernimmt jedoch keine Gew\u00e4hr f\u00fcr die Richtigkeit, Vollst\u00e4ndigkeit und Aktualit\u00e4t der bereitgestellten Inhalte. Die Nutzung der Inhalte der Website erfolgt [&hellip;]<\/p>","protected":false},"author":1,"featured_media":0,"parent":0,"menu_order":0,"comment_status":"closed","ping_status":"closed","template":"","meta":{"_uag_custom_page_level_css":"","advgb_blocks_editor_width":"","advgb_blocks_columns_visual_guide":"","site-sidebar-layout":"default","site-content-layout":"default","ast-site-content-layout":"default","site-content-style":"default","site-sidebar-style":"default","ast-global-header-display":"","ast-banner-title-visibility":"","ast-main-header-display":"","ast-hfb-above-header-display":"","ast-hfb-below-header-display":"","ast-hfb-mobile-header-display":"","site-post-title":"","ast-breadcrumbs-content":"","ast-featured-img":"","footer-sml-layout":"","ast-disable-related-posts":"","theme-transparent-header-meta":"default","adv-header-id-meta":"","stick-header-meta":"default","header-above-stick-meta":"","header-main-stick-meta":"","header-below-stick-meta":"","astra-migrate-meta-layouts":"default","ast-page-background-enabled":"default","ast-page-background-meta":{"desktop":{"background-color":"","background-image":"","background-repeat":"repeat","background-position":"center center","background-size":"auto","background-attachment":"scroll","background-type":"","background-media":"","overlay-type":"","overlay-color":"","overlay-opacity":"","overlay-gradient":""},"tablet":{"background-color":"","background-image":"","background-repeat":"repeat","background-position":"center center","background-size":"auto","background-attachment":"scroll","background-type":"","background-media":"","overlay-type":"","overlay-color":"","overlay-opacity":"","overlay-gradient":""},"mobile":{"background-color":"","background-image":"","background-repeat":"repeat","background-position":"center center","background-size":"auto","background-attachment":"scroll","background-type":"","background-media":"","overlay-type":"","overlay-color":"","overlay-opacity":"","overlay-gradient":""}},"ast-content-background-meta":{"desktop":{"background-color":"var(--ast-global-color-5)","background-image":"","background-repeat":"repeat","background-position":"center center","background-size":"auto","background-attachment":"scroll","background-type":"","background-media":"","overlay-type":"","overlay-color":"","overlay-opacity":"","overlay-gradient":""},"tablet":{"background-color":"var(--ast-global-color-5)","background-image":"","background-repeat":"repeat","background-position":"center center","background-size":"auto","background-attachment":"scroll","background-type":"","background-media":"","overlay-type":"","overlay-color":"","overlay-opacity":"","overlay-gradient":""},"mobile":{"background-color":"var(--ast-global-color-5)","background-image":"","background-repeat":"repeat","background-position":"center center","background-size":"auto","background-attachment":"scroll","background-type":"","background-media":"","overlay-type":"","overlay-color":"","overlay-opacity":"","overlay-gradient":""}},"footnotes":""},"class_list":["post-13","page","type-page","status-publish","hentry"],"yoast_head":"<!-- This site is optimized with the Yoast SEO Premium plugin v23.4 (Yoast SEO v26.6) - https:\/\/yoast.com\/wordpress\/plugins\/seo\/ -->\n<title>Impressum | Lavuj<\/title>\n<meta name=\"robots\" content=\"noindex, nofollow\" \/>\n<meta property=\"og:locale\" content=\"sv_SE\" \/>\n<meta property=\"og:type\" content=\"article\" \/>\n<meta property=\"og:title\" content=\"Impressum\" \/>\n<meta property=\"og:description\" content=\"HaftungsausschlussDie Inhalte dieser Website werden mit gr\u00f6\u00dftm\u00f6glicher Sorgfalt erstellt. Laduti \u00fcbernimmt jedoch keine Gew\u00e4hr f\u00fcr die Richtigkeit, Vollst\u00e4ndigkeit und Aktualit\u00e4t der bereitgestellten Inhalte. Die Nutzung der Inhalte der Website erfolgt [&hellip;]\" \/>\n<meta property=\"og:url\" content=\"https:\/\/lavuj.com\/sv\/tryck\/\" \/>\n<meta property=\"og:site_name\" content=\"Lavuj\" \/>\n<meta property=\"article:modified_time\" content=\"2023-07-14T11:03:21+00:00\" \/>\n<meta property=\"og:image\" content=\"https:\/\/lavuj.com\/wp-content\/uploads\/2023\/05\/imp-03.jpg\" \/>\n<meta name=\"twitter:card\" content=\"summary_large_image\" \/>\n<meta name=\"twitter:label1\" content=\"Ber\u00e4knad l\u00e4stid\" \/>\n\t<meta name=\"twitter:data1\" content=\"3 minuter\" \/>\n<script type=\"application\/ld+json\" class=\"yoast-schema-graph\">{\"@context\":\"https:\/\/schema.org\",\"@graph\":[{\"@type\":\"WebPage\",\"@id\":\"https:\/\/lavuj.com\/impressum\/\",\"url\":\"https:\/\/lavuj.com\/impressum\/\",\"name\":\"Impressum | Lavuj\",\"isPartOf\":{\"@id\":\"https:\/\/lavuj.com\/#website\"},\"primaryImageOfPage\":{\"@id\":\"https:\/\/lavuj.com\/impressum\/#primaryimage\"},\"image\":{\"@id\":\"https:\/\/lavuj.com\/impressum\/#primaryimage\"},\"thumbnailUrl\":\"https:\/\/lavuj.com\/wp-content\/uploads\/2023\/05\/imp-03.jpg\",\"datePublished\":\"2021-09-27T05:23:22+00:00\",\"dateModified\":\"2023-07-14T11:03:21+00:00\",\"breadcrumb\":{\"@id\":\"https:\/\/lavuj.com\/impressum\/#breadcrumb\"},\"inLanguage\":\"sv-SE\",\"potentialAction\":[{\"@type\":\"ReadAction\",\"target\":[\"https:\/\/lavuj.com\/impressum\/\"]}]},{\"@type\":\"ImageObject\",\"inLanguage\":\"sv-SE\",\"@id\":\"https:\/\/lavuj.com\/impressum\/#primaryimage\",\"url\":\"https:\/\/lavuj.com\/wp-content\/uploads\/2023\/05\/imp-03.jpg\",\"contentUrl\":\"https:\/\/lavuj.com\/wp-content\/uploads\/2023\/05\/imp-03.jpg\"},{\"@type\":\"BreadcrumbList\",\"@id\":\"https:\/\/lavuj.com\/impressum\/#breadcrumb\",\"itemListElement\":[{\"@type\":\"ListItem\",\"position\":1,\"name\":\"Lavuj\",\"item\":\"https:\/\/lavuj.com\/\"},{\"@type\":\"ListItem\",\"position\":2,\"name\":\"Impressum\"}]},{\"@type\":\"WebSite\",\"@id\":\"https:\/\/lavuj.com\/#website\",\"url\":\"https:\/\/lavuj.com\/\",\"name\":\"Lavuj\",\"description\":\"Retinol Serum\",\"publisher\":{\"@id\":\"https:\/\/lavuj.com\/#organization\"},\"potentialAction\":[{\"@type\":\"SearchAction\",\"target\":{\"@type\":\"EntryPoint\",\"urlTemplate\":\"https:\/\/lavuj.com\/?s={search_term_string}\"},\"query-input\":{\"@type\":\"PropertyValueSpecification\",\"valueRequired\":true,\"valueName\":\"search_term_string\"}}],\"inLanguage\":\"sv-SE\"},{\"@type\":\"Organization\",\"@id\":\"https:\/\/lavuj.com\/#organization\",\"name\":\"Lavuj\",\"url\":\"https:\/\/lavuj.com\/\",\"logo\":{\"@type\":\"ImageObject\",\"inLanguage\":\"sv-SE\",\"@id\":\"https:\/\/lavuj.com\/#\/schema\/logo\/image\/\",\"url\":\"https:\/\/lavuj.com\/wp-content\/uploads\/2021\/09\/cropped-LAVUJ-LOGO.png\",\"contentUrl\":\"https:\/\/lavuj.com\/wp-content\/uploads\/2021\/09\/cropped-LAVUJ-LOGO.png\",\"width\":191,\"height\":79,\"caption\":\"Lavuj\"},\"image\":{\"@id\":\"https:\/\/lavuj.com\/#\/schema\/logo\/image\/\"}}]}<\/script>\n<!-- \/ Yoast SEO Premium plugin. -->","yoast_head_json":{"title":"Avtryck | Lavuj","robots":{"index":"noindex","follow":"nofollow"},"og_locale":"sv_SE","og_type":"article","og_title":"Impressum","og_description":"HaftungsausschlussDie Inhalte dieser Website werden mit gr\u00f6\u00dftm\u00f6glicher Sorgfalt erstellt. Laduti \u00fcbernimmt jedoch keine Gew\u00e4hr f\u00fcr die Richtigkeit, Vollst\u00e4ndigkeit und Aktualit\u00e4t der bereitgestellten Inhalte. Die Nutzung der Inhalte der Website erfolgt [&hellip;]","og_url":"https:\/\/lavuj.com\/sv\/tryck\/","og_site_name":"Lavuj","article_modified_time":"2023-07-14T11:03:21+00:00","og_image":[{"url":"https:\/\/lavuj.com\/wp-content\/uploads\/2023\/05\/imp-03.jpg","type":"","width":"","height":""}],"twitter_card":"summary_large_image","twitter_misc":{"Ber\u00e4knad l\u00e4stid":"3 minuter"},"schema":{"@context":"https:\/\/schema.org","@graph":[{"@type":"WebPage","@id":"https:\/\/lavuj.com\/impressum\/","url":"https:\/\/lavuj.com\/impressum\/","name":"Avtryck | Lavuj","isPartOf":{"@id":"https:\/\/lavuj.com\/#website"},"primaryImageOfPage":{"@id":"https:\/\/lavuj.com\/impressum\/#primaryimage"},"image":{"@id":"https:\/\/lavuj.com\/impressum\/#primaryimage"},"thumbnailUrl":"https:\/\/lavuj.com\/wp-content\/uploads\/2023\/05\/imp-03.jpg","datePublished":"2021-09-27T05:23:22+00:00","dateModified":"2023-07-14T11:03:21+00:00","breadcrumb":{"@id":"https:\/\/lavuj.com\/impressum\/#breadcrumb"},"inLanguage":"sv-SE","potentialAction":[{"@type":"ReadAction","target":["https:\/\/lavuj.com\/impressum\/"]}]},{"@type":"ImageObject","inLanguage":"sv-SE","@id":"https:\/\/lavuj.com\/impressum\/#primaryimage","url":"https:\/\/lavuj.com\/wp-content\/uploads\/2023\/05\/imp-03.jpg","contentUrl":"https:\/\/lavuj.com\/wp-content\/uploads\/2023\/05\/imp-03.jpg"},{"@type":"BreadcrumbList","@id":"https:\/\/lavuj.com\/impressum\/#breadcrumb","itemListElement":[{"@type":"ListItem","position":1,"name":"Lavuj","item":"https:\/\/lavuj.com\/"},{"@type":"ListItem","position":2,"name":"Impressum"}]},{"@type":"WebSite","@id":"https:\/\/lavuj.com\/#website","url":"https:\/\/lavuj.com\/","name":"Lavuj","description":"Retinol Serum","publisher":{"@id":"https:\/\/lavuj.com\/#organization"},"potentialAction":[{"@type":"SearchAction","target":{"@type":"EntryPoint","urlTemplate":"https:\/\/lavuj.com\/?s={search_term_string}"},"query-input":{"@type":"PropertyValueSpecification","valueRequired":true,"valueName":"search_term_string"}}],"inLanguage":"sv-SE"},{"@type":"Organization","@id":"https:\/\/lavuj.com\/#organization","name":"Lavuj","url":"https:\/\/lavuj.com\/","logo":{"@type":"ImageObject","inLanguage":"sv-SE","@id":"https:\/\/lavuj.com\/#\/schema\/logo\/image\/","url":"https:\/\/lavuj.com\/wp-content\/uploads\/2021\/09\/cropped-LAVUJ-LOGO.png","contentUrl":"https:\/\/lavuj.com\/wp-content\/uploads\/2021\/09\/cropped-LAVUJ-LOGO.png","width":191,"height":79,"caption":"Lavuj"},"image":{"@id":"https:\/\/lavuj.com\/#\/schema\/logo\/image\/"}}]}},"uagb_featured_image_src":{"full":false,"thumbnail":false,"medium":false,"medium_large":false,"large":false,"1536x1536":false,"2048x2048":false,"trp-custom-language-flag":false,"woocommerce_thumbnail":false,"woocommerce_single":false,"woocommerce_gallery_thumbnail":false},"uagb_author_info":{"display_name":"Kerem085","author_link":"https:\/\/lavuj.com\/sv\/author\/kerem085\/"},"uagb_comment_info":0,"uagb_excerpt":"HaftungsausschlussDie Inhalte dieser Website werden mit gr\u00f6\u00dftm\u00f6glicher Sorgfalt erstellt. Laduti \u00fcbernimmt jedoch keine Gew\u00e4hr f\u00fcr die Richtigkeit, Vollst\u00e4ndigkeit und Aktualit\u00e4t der bereitgestellten Inhalte. Die Nutzung der Inhalte der Website erfolgt [&hellip;]","coauthors":[],"author_meta":{"author_link":"https:\/\/lavuj.com\/sv\/author\/kerem085\/","display_name":"Kerem085"},"relative_dates":{"created":"Publicerad 5 \u00e5r sedan","modified":"Uppdaterad 3 \u00e5r sedan"},"absolute_dates":{"created":"Publicerat den 27. september 2021","modified":"Uppdaterad den 14. juli 2023"},"absolute_dates_time":{"created":"Publicerat den 27. september 2021 5:23","modified":"Uppdaterad den 14. juli 2023 11:03"},"featured_img_caption":"","featured_img":false,"series_order":"","_links":{"self":[{"href":"https:\/\/lavuj.com\/sv\/wp-json\/wp\/v2\/pages\/13","targetHints":{"allow":["GET"]}}],"collection":[{"href":"https:\/\/lavuj.com\/sv\/wp-json\/wp\/v2\/pages"}],"about":[{"href":"https:\/\/lavuj.com\/sv\/wp-json\/wp\/v2\/types\/page"}],"author":[{"embeddable":true,"href":"https:\/\/lavuj.com\/sv\/wp-json\/wp\/v2\/users\/1"}],"replies":[{"embeddable":true,"href":"https:\/\/lavuj.com\/sv\/wp-json\/wp\/v2\/comments?post=13"}],"version-history":[{"count":9,"href":"https:\/\/lavuj.com\/sv\/wp-json\/wp\/v2\/pages\/13\/revisions"}],"predecessor-version":[{"id":619,"href":"https:\/\/lavuj.com\/sv\/wp-json\/wp\/v2\/pages\/13\/revisions\/619"}],"wp:attachment":[{"href":"https:\/\/lavuj.com\/sv\/wp-json\/wp\/v2\/media?parent=13"}],"curies":[{"name":"wp","href":"https:\/\/api.w.org\/{rel}","templated":true}]}}