{"id":434,"date":"2023-06-06T12:49:28","date_gmt":"2023-06-06T12:49:28","guid":{"rendered":"https:\/\/lavuj.com\/?post_type=product&#038;p=434"},"modified":"2025-12-31T15:55:40","modified_gmt":"2025-12-31T14:55:40","slug":"lavuj-retinol-serum","status":"publish","type":"product","link":"https:\/\/lavuj.com\/sv\/produkt\/lavuj-retinol-serum\/","title":{"rendered":"Lavuj Retinol Serum"},"content":{"rendered":"<h2>Till\u00e4mpning:<\/h2>\n<p><span style=\"font-weight: 400;\">Applicera dagligen p\u00e5 kv\u00e4llen ca 1-2 droppar eller mer efter behov p\u00e5 rengjord hud. Massera f\u00f6rsiktigt in i ansiktet och p\u00e5 halsen och l\u00e5t absorbera helt. F\u00f6r nyb\u00f6rjare inom retinol rekommenderar vi 2-3 g\u00e5nger per vecka och gradvis \u00f6kad appliceringsfrekvens.<\/span><\/p>\n<h2><span style=\"color: #8a949c;\">Lavuj Retinol Serum: Omv\u00e4lvande hudv\u00e5rd<br \/>\nmed liposomal och fermenterad formel<\/span><\/h2>\n<p><img loading=\"lazy\" decoding=\"async\" class=\"wp-image-297 size-full\" style=\"font-weight: inherit;\" src=\"https:\/\/lavuj.com\/wp-content\/uploads\/2023\/05\/Retinol-Serum-1.jpg\" alt=\"Retinol-serum\" width=\"2000\" height=\"1080\" srcset=\"https:\/\/lavuj.com\/wp-content\/uploads\/2023\/05\/Retinol-Serum-1.jpg 2000w, https:\/\/lavuj.com\/wp-content\/uploads\/2023\/05\/Retinol-Serum-1-600x324.jpg 600w, https:\/\/lavuj.com\/wp-content\/uploads\/2023\/05\/Retinol-Serum-1-300x162.jpg 300w, https:\/\/lavuj.com\/wp-content\/uploads\/2023\/05\/Retinol-Serum-1-1024x553.jpg 1024w, https:\/\/lavuj.com\/wp-content\/uploads\/2023\/05\/Retinol-Serum-1-768x415.jpg 768w, https:\/\/lavuj.com\/wp-content\/uploads\/2023\/05\/Retinol-Serum-1-1536x829.jpg 1536w\" sizes=\"auto, (max-width: 2000px) 100vw, 2000px\" \/><\/p>\n<p>Uppt\u00e4ck hemligheten bakom en ungdomlig hud med Lavuj Retinol Serum. V\u00e5rt Serum kombinerar noggrant utvalda ingredienser f\u00f6r att ge dig helt\u00e4ckande hudv\u00e5rd.<\/p>\n<p>Formeln \u00e4r baserad p\u00e5 vetenskapliga bevis och kliniska studier som bekr\u00e4ftar effektiviteten av retinol vid hudf\u00f6ryngring. Med en effektiv koncentration av Retinol reduceras rynkor och fina linjer synligt. Men Lavuj Retinol Serum \u00e4r mer \u00e4n bara retinol.<\/p>\n<p>Vi anv\u00e4nder en liposomal tillverkningsteknik f\u00f6r att m\u00f6jligg\u00f6ra en kontrollerad fris\u00e4ttning av ingredienserna. Detta g\u00f6r att retinolen gradvis frig\u00f6rs i huden, vilket minimerar risken f\u00f6r irritation. Denna innovativa metod s\u00e4kerst\u00e4ller att din hud f\u00e5r maximal effekt av retinolen.<\/p>\n<p>Dessutom har vi integrerat fermenterade ingredienser som f\u00f6rb\u00e4ttrar absorptionen av de aktiva ingredienserna och samtidigt \u00f6kar toleransen. Fermentering f\u00f6rb\u00e4ttrar ingrediensernas effektivitet och g\u00f6r Lavuj Retinol Serum s\u00e4rskilt v\u00e4l tolererat, \u00e4ven av k\u00e4nslig hud.<\/p>\n<p>V\u00e5rt Serum inneh\u00e5ller ocks\u00e5 drakblod, ett v\u00e4rdefullt extrakt fr\u00e5n drakblodstr\u00e4det. Det \u00e4r rikt p\u00e5 fenolf\u00f6reningar som \u00e4r k\u00e4nda f\u00f6r att vara kraftfulla antioxidanter. Dessa antioxidanter kan bidra till att skydda hudcellerna fr\u00e5n de skadliga effekterna av oxidativ stress och st\u00f6dja hudens f\u00f6rnyelse. De f\u00f6rb\u00e4ttrar ocks\u00e5 hudcellernas interaktion med sin omgivning och fr\u00e4mjar bildandet av kollagen f\u00f6r fastare hud.<\/p>\n<p>Kombinationen av Hyaluronsyra, Peptider och Niacinamid full\u00e4ndar v\u00e5r unika formula. H\u00f6gkvalitativ, l\u00e5gmolekyl\u00e4r hyaluronsyra tr\u00e4nger djupt in i huden f\u00f6r att intensivt \u00e5terfukta och plumpa ut den. Peptider stimulerar kollagenproduktionen och hj\u00e4lper till att g\u00f6ra huden fastare. Niacinamid (vitamin B3) har en antiinflammatorisk effekt och f\u00f6rb\u00e4ttrar hudens utseende.<\/p>\n<p>Dyk ner i en v\u00e4rld av avancerad hudv\u00e5rd med Lavuj Retinol Serum. K\u00e4nn hur din hud f\u00f6rvandlas och f\u00e5r en ungdomlig lyster.<\/p>\n<h3><span style=\"color: #8a949c;\">Clean Beauty<\/span><\/h3>\n<p>Lavuj satsar p\u00e5 ren sk\u00f6nhet: 100% fri fr\u00e5n formaldehyd, ftalater, sulfater, parabener, silikoner, mineraloljor och PEG. Dessutom \u00e4r Lavuj vegansk och cruelty-free.<\/p>","protected":false},"excerpt":{"rendered":"<p class=\"p1\"><span class=\"s1\">Retinol Serum mot rynkor. Upplev skillnaden med Lavuj \u2013 Serum Anti Aging som revolutionerar retinol.<br \/>\n<span style=\"color: #5bc98b;\"><strong>Nytt: Liposomal formulering!<\/strong><\/span><\/span><\/p>\n<ul>\n<li>Retinol<\/li>\n<li>Liposomal<\/li>\n<li>Fermenterad<\/li>\n<li>Utan hormoner<\/li>\n<li>Dermatologiskt testad<\/li>\n<\/ul>\n<p><img loading=\"lazy\" decoding=\"async\" class=\"alignnone wp-image-42\" src=\"https:\/\/lavuj.com\/wp-content\/uploads\/2021\/09\/Lo-2.jpg\" alt=\"\" width=\"339\" height=\"30\" srcset=\"https:\/\/lavuj.com\/wp-content\/uploads\/2021\/09\/Lo-2.jpg 941w, https:\/\/lavuj.com\/wp-content\/uploads\/2021\/09\/Lo-2-600x53.jpg 600w, https:\/\/lavuj.com\/wp-content\/uploads\/2021\/09\/Lo-2-300x26.jpg 300w, https:\/\/lavuj.com\/wp-content\/uploads\/2021\/09\/Lo-2-768x68.jpg 768w\" sizes=\"auto, (max-width: 339px) 100vw, 339px\" \/><\/p>\n<p><img loading=\"lazy\" decoding=\"async\" class=\"wp-image-947\" src=\"https:\/\/lavuj.com\/wp-content\/uploads\/2023\/10\/Testsieger.jpg\" alt=\"Lavuj-Test\" width=\"151\" height=\"90\" srcset=\"https:\/\/lavuj.com\/wp-content\/uploads\/2023\/10\/Testsieger.jpg 1249w, https:\/\/lavuj.com\/wp-content\/uploads\/2023\/10\/Testsieger-300x179.jpg 300w, https:\/\/lavuj.com\/wp-content\/uploads\/2023\/10\/Testsieger-1024x610.jpg 1024w, https:\/\/lavuj.com\/wp-content\/uploads\/2023\/10\/Testsieger-768x457.jpg 768w, https:\/\/lavuj.com\/wp-content\/uploads\/2023\/10\/Testsieger-18x12.jpg 18w, https:\/\/lavuj.com\/wp-content\/uploads\/2023\/10\/Testsieger-600x357.jpg 600w\" sizes=\"auto, (max-width: 151px) 100vw, 151px\" \/><\/p>","protected":false},"author":1,"featured_media":436,"template":"","meta":{"_uag_custom_page_level_css":"","advgb_blocks_editor_width":"","advgb_blocks_columns_visual_guide":"","site-sidebar-layout":"default","site-content-layout":"default","ast-site-content-layout":"default","site-content-style":"default","site-sidebar-style":"default","ast-global-header-display":"","ast-banner-title-visibility":"","ast-main-header-display":"","ast-hfb-above-header-display":"","ast-hfb-below-header-display":"","ast-hfb-mobile-header-display":"","site-post-title":"","ast-breadcrumbs-content":"","ast-featured-img":"","footer-sml-layout":"","ast-disable-related-posts":"","theme-transparent-header-meta":"default","adv-header-id-meta":"","stick-header-meta":"default","header-above-stick-meta":"","header-main-stick-meta":"","header-below-stick-meta":"","astra-migrate-meta-layouts":"set","ast-page-background-enabled":"default","ast-page-background-meta":{"desktop":{"background-color":"","background-image":"","background-repeat":"repeat","background-position":"center center","background-size":"auto","background-attachment":"scroll","background-type":"","background-media":"","overlay-type":"","overlay-color":"","overlay-opacity":"","overlay-gradient":""},"tablet":{"background-color":"","background-image":"","background-repeat":"repeat","background-position":"center center","background-size":"auto","background-attachment":"scroll","background-type":"","background-media":"","overlay-type":"","overlay-color":"","overlay-opacity":"","overlay-gradient":""},"mobile":{"background-color":"","background-image":"","background-repeat":"repeat","background-position":"center center","background-size":"auto","background-attachment":"scroll","background-type":"","background-media":"","overlay-type":"","overlay-color":"","overlay-opacity":"","overlay-gradient":""}},"ast-content-background-meta":{"desktop":{"background-color":"var(--ast-global-color-5)","background-image":"","background-repeat":"repeat","background-position":"center center","background-size":"auto","background-attachment":"scroll","background-type":"","background-media":"","overlay-type":"","overlay-color":"","overlay-opacity":"","overlay-gradient":""},"tablet":{"background-color":"var(--ast-global-color-5)","background-image":"","background-repeat":"repeat","background-position":"center center","background-size":"auto","background-attachment":"scroll","background-type":"","background-media":"","overlay-type":"","overlay-color":"","overlay-opacity":"","overlay-gradient":""},"mobile":{"background-color":"var(--ast-global-color-5)","background-image":"","background-repeat":"repeat","background-position":"center center","background-size":"auto","background-attachment":"scroll","background-type":"","background-media":"","overlay-type":"","overlay-color":"","overlay-opacity":"","overlay-gradient":""}}},"product_brand":[],"product_cat":[39],"product_tag":[],"class_list":{"0":"post-434","1":"product","2":"type-product","3":"status-publish","4":"has-post-thumbnail","6":"product_cat-anti-aging","7":"desktop-align-left","8":"tablet-align-left","9":"mobile-align-left","10":"ast-product-gallery-layout-horizontal","11":"ast-magnify-disabled","12":"ast-product-tabs-layout-horizontal","13":"ast-qv-on-image","15":"first","16":"instock","17":"taxable","18":"shipping-taxable","19":"purchasable","20":"product-type-simple"},"yoast_head":"<!-- This site is optimized with the Yoast SEO Premium plugin v23.4 (Yoast SEO v26.6) - https:\/\/yoast.com\/wordpress\/plugins\/seo\/ -->\n<title>Lavuj Retinol Serum: Hier bestellen! Das Serum gegen Falten<\/title>\n<meta name=\"description\" content=\"Lavuj Retinol Serum: Professionelle Hautpflege f\u00fcr nachhaltige Ergebnisse und Verj\u00fcngung. Neue st\u00e4rkere Formel hier bestellen!\" \/>\n<meta name=\"robots\" content=\"index, follow, max-snippet:-1, max-image-preview:large, max-video-preview:-1\" \/>\n<link rel=\"canonical\" href=\"https:\/\/lavuj.com\/sv\/produkt\/lavuj-retinol-serum\/\" \/>\n<meta property=\"og:locale\" content=\"sv_SE\" \/>\n<meta property=\"og:type\" content=\"article\" \/>\n<meta property=\"og:title\" content=\"Lavuj Retinol Serum\" \/>\n<meta property=\"og:description\" content=\"Lavuj Retinol Serum: Professionelle Hautpflege f\u00fcr nachhaltige Ergebnisse und Verj\u00fcngung. Neue st\u00e4rkere Formel hier bestellen!\" \/>\n<meta property=\"og:url\" content=\"https:\/\/lavuj.com\/sv\/produkt\/lavuj-retinol-serum\/\" \/>\n<meta property=\"og:site_name\" content=\"Lavuj\" \/>\n<meta property=\"article:modified_time\" content=\"2025-12-31T14:55:40+00:00\" \/>\n<meta property=\"og:image\" content=\"https:\/\/lavuj.com\/wp-content\/uploads\/2023\/06\/LAV01-Lavuj.jpg\" \/>\n\t<meta property=\"og:image:width\" content=\"1000\" \/>\n\t<meta property=\"og:image:height\" content=\"1000\" \/>\n\t<meta property=\"og:image:type\" content=\"image\/jpeg\" \/>\n<meta name=\"twitter:card\" content=\"summary_large_image\" \/>\n<meta name=\"twitter:label1\" content=\"Ber\u00e4knad l\u00e4stid\" \/>\n\t<meta name=\"twitter:data1\" content=\"3 minuter\" \/>\n<script type=\"application\/ld+json\" class=\"yoast-schema-graph\">{\"@context\":\"https:\/\/schema.org\",\"@graph\":[{\"@type\":\"WebPage\",\"@id\":\"https:\/\/lavuj.com\/produkt\/lavuj-retinol-serum\/\",\"url\":\"https:\/\/lavuj.com\/produkt\/lavuj-retinol-serum\/\",\"name\":\"Lavuj Retinol Serum: Hier bestellen! Das Serum gegen Falten\",\"isPartOf\":{\"@id\":\"https:\/\/lavuj.com\/#website\"},\"primaryImageOfPage\":{\"@id\":\"https:\/\/lavuj.com\/produkt\/lavuj-retinol-serum\/#primaryimage\"},\"image\":{\"@id\":\"https:\/\/lavuj.com\/produkt\/lavuj-retinol-serum\/#primaryimage\"},\"thumbnailUrl\":\"https:\/\/lavuj.com\/wp-content\/uploads\/2023\/06\/LAV01-Lavuj.jpg\",\"datePublished\":\"2023-06-06T12:49:28+00:00\",\"dateModified\":\"2025-12-31T14:55:40+00:00\",\"description\":\"Lavuj Retinol Serum: Professionelle Hautpflege f\u00fcr nachhaltige Ergebnisse und Verj\u00fcngung. Neue st\u00e4rkere Formel hier bestellen!\",\"breadcrumb\":{\"@id\":\"https:\/\/lavuj.com\/produkt\/lavuj-retinol-serum\/#breadcrumb\"},\"inLanguage\":\"sv-SE\",\"potentialAction\":[{\"@type\":\"ReadAction\",\"target\":[\"https:\/\/lavuj.com\/produkt\/lavuj-retinol-serum\/\"]}]},{\"@type\":\"ImageObject\",\"inLanguage\":\"sv-SE\",\"@id\":\"https:\/\/lavuj.com\/produkt\/lavuj-retinol-serum\/#primaryimage\",\"url\":\"https:\/\/lavuj.com\/wp-content\/uploads\/2023\/06\/LAV01-Lavuj.jpg\",\"contentUrl\":\"https:\/\/lavuj.com\/wp-content\/uploads\/2023\/06\/LAV01-Lavuj.jpg\",\"width\":1000,\"height\":1000,\"caption\":\"Lavuj\"},{\"@type\":\"BreadcrumbList\",\"@id\":\"https:\/\/lavuj.com\/produkt\/lavuj-retinol-serum\/#breadcrumb\",\"itemListElement\":[{\"@type\":\"ListItem\",\"position\":1,\"name\":\"Lavuj\",\"item\":\"https:\/\/lavuj.com\/\"},{\"@type\":\"ListItem\",\"position\":2,\"name\":\"Shop\",\"item\":\"https:\/\/lavuj.com\/shop\/\"},{\"@type\":\"ListItem\",\"position\":3,\"name\":\"Lavuj Retinol Serum\"}]},{\"@type\":\"WebSite\",\"@id\":\"https:\/\/lavuj.com\/#website\",\"url\":\"https:\/\/lavuj.com\/\",\"name\":\"Lavuj\",\"description\":\"Retinol Serum\",\"publisher\":{\"@id\":\"https:\/\/lavuj.com\/#organization\"},\"potentialAction\":[{\"@type\":\"SearchAction\",\"target\":{\"@type\":\"EntryPoint\",\"urlTemplate\":\"https:\/\/lavuj.com\/?s={search_term_string}\"},\"query-input\":{\"@type\":\"PropertyValueSpecification\",\"valueRequired\":true,\"valueName\":\"search_term_string\"}}],\"inLanguage\":\"sv-SE\"},{\"@type\":\"Organization\",\"@id\":\"https:\/\/lavuj.com\/#organization\",\"name\":\"Lavuj\",\"url\":\"https:\/\/lavuj.com\/\",\"logo\":{\"@type\":\"ImageObject\",\"inLanguage\":\"sv-SE\",\"@id\":\"https:\/\/lavuj.com\/#\/schema\/logo\/image\/\",\"url\":\"https:\/\/lavuj.com\/wp-content\/uploads\/2021\/09\/cropped-LAVUJ-LOGO.png\",\"contentUrl\":\"https:\/\/lavuj.com\/wp-content\/uploads\/2021\/09\/cropped-LAVUJ-LOGO.png\",\"width\":191,\"height\":79,\"caption\":\"Lavuj\"},\"image\":{\"@id\":\"https:\/\/lavuj.com\/#\/schema\/logo\/image\/\"}}]}<\/script>\n<!-- \/ Yoast SEO Premium plugin. -->","yoast_head_json":{"title":"Lavuj Retinol Serum: Best\u00e4ll h\u00e4r! Serum Anti Aging","description":"Lavuj Retinol Serum: Professionell hudv\u00e5rd f\u00f6r best\u00e5ende resultat och f\u00f6ryngring. Best\u00e4ll ny starkare formula h\u00e4r!","robots":{"index":"index","follow":"follow","max-snippet":"max-snippet:-1","max-image-preview":"max-image-preview:large","max-video-preview":"max-video-preview:-1"},"canonical":"https:\/\/lavuj.com\/sv\/produkt\/lavuj-retinol-serum\/","og_locale":"sv_SE","og_type":"article","og_title":"Lavuj Retinol Serum","og_description":"Lavuj Retinol Serum: Professionelle Hautpflege f\u00fcr nachhaltige Ergebnisse und Verj\u00fcngung. Neue st\u00e4rkere Formel hier bestellen!","og_url":"https:\/\/lavuj.com\/sv\/produkt\/lavuj-retinol-serum\/","og_site_name":"Lavuj","article_modified_time":"2025-12-31T14:55:40+00:00","og_image":[{"width":1000,"height":1000,"url":"https:\/\/lavuj.com\/wp-content\/uploads\/2023\/06\/LAV01-Lavuj.jpg","type":"image\/jpeg"}],"twitter_card":"summary_large_image","twitter_misc":{"Ber\u00e4knad l\u00e4stid":"3 minuter"},"schema":{"@context":"https:\/\/schema.org","@graph":[{"@type":"WebPage","@id":"https:\/\/lavuj.com\/produkt\/lavuj-retinol-serum\/","url":"https:\/\/lavuj.com\/produkt\/lavuj-retinol-serum\/","name":"Lavuj Retinol Serum: Best\u00e4ll h\u00e4r! Serum Anti Aging","isPartOf":{"@id":"https:\/\/lavuj.com\/#website"},"primaryImageOfPage":{"@id":"https:\/\/lavuj.com\/produkt\/lavuj-retinol-serum\/#primaryimage"},"image":{"@id":"https:\/\/lavuj.com\/produkt\/lavuj-retinol-serum\/#primaryimage"},"thumbnailUrl":"https:\/\/lavuj.com\/wp-content\/uploads\/2023\/06\/LAV01-Lavuj.jpg","datePublished":"2023-06-06T12:49:28+00:00","dateModified":"2025-12-31T14:55:40+00:00","description":"Lavuj Retinol Serum: Professionell hudv\u00e5rd f\u00f6r best\u00e5ende resultat och f\u00f6ryngring. Best\u00e4ll ny starkare formula h\u00e4r!","breadcrumb":{"@id":"https:\/\/lavuj.com\/produkt\/lavuj-retinol-serum\/#breadcrumb"},"inLanguage":"sv-SE","potentialAction":[{"@type":"ReadAction","target":["https:\/\/lavuj.com\/produkt\/lavuj-retinol-serum\/"]}]},{"@type":"ImageObject","inLanguage":"sv-SE","@id":"https:\/\/lavuj.com\/produkt\/lavuj-retinol-serum\/#primaryimage","url":"https:\/\/lavuj.com\/wp-content\/uploads\/2023\/06\/LAV01-Lavuj.jpg","contentUrl":"https:\/\/lavuj.com\/wp-content\/uploads\/2023\/06\/LAV01-Lavuj.jpg","width":1000,"height":1000,"caption":"Lavuj"},{"@type":"BreadcrumbList","@id":"https:\/\/lavuj.com\/produkt\/lavuj-retinol-serum\/#breadcrumb","itemListElement":[{"@type":"ListItem","position":1,"name":"Lavuj","item":"https:\/\/lavuj.com\/"},{"@type":"ListItem","position":2,"name":"Shop","item":"https:\/\/lavuj.com\/shop\/"},{"@type":"ListItem","position":3,"name":"Lavuj Retinol Serum"}]},{"@type":"WebSite","@id":"https:\/\/lavuj.com\/#website","url":"https:\/\/lavuj.com\/","name":"Lavuj","description":"Retinol Serum","publisher":{"@id":"https:\/\/lavuj.com\/#organization"},"potentialAction":[{"@type":"SearchAction","target":{"@type":"EntryPoint","urlTemplate":"https:\/\/lavuj.com\/?s={search_term_string}"},"query-input":{"@type":"PropertyValueSpecification","valueRequired":true,"valueName":"search_term_string"}}],"inLanguage":"sv-SE"},{"@type":"Organization","@id":"https:\/\/lavuj.com\/#organization","name":"Lavuj","url":"https:\/\/lavuj.com\/","logo":{"@type":"ImageObject","inLanguage":"sv-SE","@id":"https:\/\/lavuj.com\/#\/schema\/logo\/image\/","url":"https:\/\/lavuj.com\/wp-content\/uploads\/2021\/09\/cropped-LAVUJ-LOGO.png","contentUrl":"https:\/\/lavuj.com\/wp-content\/uploads\/2021\/09\/cropped-LAVUJ-LOGO.png","width":191,"height":79,"caption":"Lavuj"},"image":{"@id":"https:\/\/lavuj.com\/#\/schema\/logo\/image\/"}}]}},"uagb_featured_image_src":{"full":["https:\/\/lavuj.com\/wp-content\/uploads\/2023\/06\/LAV01-Lavuj.jpg",1000,1000,false],"thumbnail":["https:\/\/lavuj.com\/wp-content\/uploads\/2023\/06\/LAV01-Lavuj-150x150.jpg",150,150,true],"medium":["https:\/\/lavuj.com\/wp-content\/uploads\/2023\/06\/LAV01-Lavuj-300x300.jpg",300,300,true],"medium_large":["https:\/\/lavuj.com\/wp-content\/uploads\/2023\/06\/LAV01-Lavuj-768x768.jpg",768,768,true],"large":["https:\/\/lavuj.com\/wp-content\/uploads\/2023\/06\/LAV01-Lavuj.jpg",1000,1000,false],"1536x1536":["https:\/\/lavuj.com\/wp-content\/uploads\/2023\/06\/LAV01-Lavuj.jpg",1000,1000,false],"2048x2048":["https:\/\/lavuj.com\/wp-content\/uploads\/2023\/06\/LAV01-Lavuj.jpg",1000,1000,false],"trp-custom-language-flag":["https:\/\/lavuj.com\/wp-content\/uploads\/2023\/06\/LAV01-Lavuj.jpg",12,12,false],"woocommerce_thumbnail":["https:\/\/lavuj.com\/wp-content\/uploads\/2023\/06\/LAV01-Lavuj-300x300.jpg",300,300,true],"woocommerce_single":["https:\/\/lavuj.com\/wp-content\/uploads\/2023\/06\/LAV01-Lavuj-600x600.jpg",600,600,true],"woocommerce_gallery_thumbnail":["https:\/\/lavuj.com\/wp-content\/uploads\/2023\/06\/LAV01-Lavuj-100x100.jpg",100,100,true]},"uagb_author_info":{"display_name":"Kerem085","author_link":"https:\/\/lavuj.com\/sv\/author\/kerem085\/"},"uagb_comment_info":0,"uagb_excerpt":"Retinol Serum gegen Falten. Erleben Sie den Unterschied mit Lavuj - Das Anti-Aging-Serum, das Retinol revolutioniert. Neu: Liposomale Formulierung! Retinol Liposomal Fermentiert Ohne Hormone Dermatologisch getestet","featured_img":"https:\/\/lavuj.com\/wp-content\/uploads\/2023\/06\/LAV01-Lavuj.jpg","coauthors":[],"author_meta":{"author_link":"https:\/\/lavuj.com\/sv\/author\/kerem085\/","display_name":"Kerem085"},"relative_dates":{"created":"Publicerad 3 \u00e5r sedan","modified":"Uppdaterad 4 m\u00e5nader sedan"},"absolute_dates":{"created":"Publicerat den 6. juni 2023","modified":"Uppdaterad den 31. december 2025"},"absolute_dates_time":{"created":"Publicerat den 6. juni 2023 12:49","modified":"Uppdaterad den 31. december 2025 15:55"},"featured_img_caption":"Lavuj","tax_additional":{"product_brand":{"linked":[],"unlinked":[],"slug":"product_brand","name":"Varum\u00e4rken"},"product_type":{"linked":["<a href=\"https:\/\/lavuj.com\/sv\/?taxonomy=product_type&#038;term=simple\" class=\"advgb-post-tax-term\">simple<\/a>"],"unlinked":["<span class=\"advgb-post-tax-term\">simple<\/span>"],"slug":"product_type","name":"Produkttyp"},"product_visibility":{"linked":[],"unlinked":[],"slug":"product_visibility","name":"Produktsynlighet"},"product_cat":{"linked":["<a href=\"https:\/\/lavuj.com\/sv\/produkt-kategori\/anti-aging\/\" class=\"advgb-post-tax-term\">Anti Aging<\/a>"],"unlinked":["<span class=\"advgb-post-tax-term\">Anti Aging<\/span>"],"slug":"product_cat","name":"Produktkategorier"},"product_tag":{"linked":[],"unlinked":[],"slug":"product_tag","name":"Produktetiketter"},"product_shipping_class":{"linked":[],"unlinked":[],"slug":"product_shipping_class","name":"Fraktklasser f\u00f6r produkt"},"pa_brand":{"linked":[],"unlinked":[],"slug":"pa_brand","name":"Produkt Marke"}},"series_order":"","_links":{"self":[{"href":"https:\/\/lavuj.com\/sv\/wp-json\/wp\/v2\/product\/434","targetHints":{"allow":["GET"]}}],"collection":[{"href":"https:\/\/lavuj.com\/sv\/wp-json\/wp\/v2\/product"}],"about":[{"href":"https:\/\/lavuj.com\/sv\/wp-json\/wp\/v2\/types\/product"}],"wp:featuredmedia":[{"embeddable":true,"href":"https:\/\/lavuj.com\/sv\/wp-json\/wp\/v2\/media\/436"}],"wp:attachment":[{"href":"https:\/\/lavuj.com\/sv\/wp-json\/wp\/v2\/media?parent=434"}],"wp:term":[{"taxonomy":"product_brand","embeddable":true,"href":"https:\/\/lavuj.com\/sv\/wp-json\/wp\/v2\/product_brand?post=434"},{"taxonomy":"product_cat","embeddable":true,"href":"https:\/\/lavuj.com\/sv\/wp-json\/wp\/v2\/product_cat?post=434"},{"taxonomy":"product_tag","embeddable":true,"href":"https:\/\/lavuj.com\/sv\/wp-json\/wp\/v2\/product_tag?post=434"}],"curies":[{"name":"wp","href":"https:\/\/api.w.org\/{rel}","templated":true}]}}